{"id":2074,"date":"2019-06-04T11:21:25","date_gmt":"2019-06-04T09:21:25","guid":{"rendered":"https:\/\/edizionilalinea.it\/nuovosito\/?page_id=2074"},"modified":"2019-06-04T12:07:22","modified_gmt":"2019-06-04T10:07:22","slug":"koala","status":"publish","type":"page","link":"http:\/\/edizionilalinea.it\/nuovosito\/it_it\/koala\/","title":{"rendered":"Koala"},"content":{"rendered":"<h2 style=\"text-align: center;\"><strong>Koala<\/strong> \u00e8 il nuovo marchio di Edizioni La Linea per i pi\u00f9 piccoli.<\/h2>\n<h2 style=\"text-align: center;\"><strong>Albi da colorare<\/strong> con grandi tavole, disegni semplici e dal tratto chiaro, creati per far divertire i bambini a scatenare la loro creativit\u00e0!<\/h2>\n<p>\t\t\t\t\t\t\t\t\t\t<img loading=\"lazy\" decoding=\"async\" width=\"1024\" height=\"695\" src=\"https:\/\/edizionilalinea.it\/nuovosito\/wp-content\/uploads\/2019\/06\/Koala_logo_grigio-1024x695.png\" alt=\"Logo Koala\" srcset=\"https:\/\/edizionilalinea.it\/nuovosito\/wp-content\/uploads\/2019\/06\/Koala_logo_grigio-1024x695.png 1024w, https:\/\/edizionilalinea.it\/nuovosito\/wp-content\/uploads\/2019\/06\/Koala_logo_grigio-300x204.png 300w, https:\/\/edizionilalinea.it\/nuovosito\/wp-content\/uploads\/2019\/06\/Koala_logo_grigio-768x521.png 768w, https:\/\/edizionilalinea.it\/nuovosito\/wp-content\/uploads\/2019\/06\/Koala_logo_grigio-578x392.png 578w\" sizes=\"auto, (max-width: 1024px) 100vw, 1024px\" \/>\t\t\t\t\t\t\t\t\t\t\t<\/p>\n<h2>Il primo albo Koala&#8230;<br \/>\nBRIOCHINA un viaggio da colorare<\/h2>\n<p>\t\t<div style=\"width: 640px;\" class=\"wp-video\"><video class=\"wp-video-shortcode\" id=\"video-2074-1\" width=\"640\" height=\"360\" preload=\"metadata\" controls=\"controls\"><source type=\"video\/mp4\" src=\"https:\/\/edizionilalinea.it\/nuovosito\/wp-content\/uploads\/2019\/06\/Something-is-COMING-SOON-4-Send.mp4?_=1\" \/><a href=\"https:\/\/edizionilalinea.it\/nuovosito\/wp-content\/uploads\/2019\/06\/Something-is-COMING-SOON-4-Send.mp4\">https:\/\/edizionilalinea.it\/nuovosito\/wp-content\/uploads\/2019\/06\/Something-is-COMING-SOON-4-Send.mp4<\/a><\/video><\/div><br \/>\n\t\t\t\t\t\t\t\t\t\t<img loading=\"lazy\" decoding=\"async\" width=\"578\" height=\"641\" src=\"https:\/\/edizionilalinea.it\/nuovosito\/wp-content\/uploads\/2019\/06\/Cover-578x641.jpg\" alt=\"Briochina un viaggio da colorare\" srcset=\"https:\/\/edizionilalinea.it\/nuovosito\/wp-content\/uploads\/2019\/06\/Cover-578x641.jpg 578w, https:\/\/edizionilalinea.it\/nuovosito\/wp-content\/uploads\/2019\/06\/Cover-270x300.jpg 270w, https:\/\/edizionilalinea.it\/nuovosito\/wp-content\/uploads\/2019\/06\/Cover-768x852.jpg 768w, https:\/\/edizionilalinea.it\/nuovosito\/wp-content\/uploads\/2019\/06\/Cover.jpg 876w\" sizes=\"auto, (max-width: 578px) 100vw, 578px\" \/>\t\t\t\t\t\t\t\t\t\t\t<\/p>\n<p style=\"text-align: center;\"><strong>BRIOCHINA un viaggio da colorare\u00a0<\/strong><br \/>Illustrazioni di Nazir Sharifian<\/p>\n<p style=\"text-align: center;\">Formato 21\u00d723<br \/>Pagine 16<br \/>\u20ac 3,50<br \/>isbn: 978-88-97462-66-8<\/p>\n<p style=\"text-align: center;\">Dai 3 anni<\/p>\n<p>Briochina, appena sfornata, si mette in viaggio alla ricerca dell&#8217;anima gemella. Riuscir\u00e0 a trovarla? Forse, ma dovr\u00e0 prima sconfiggere un&#8217;accanita schiera di nemici: zollette di zucchero, caramelle e bibite gassate.<\/p>\n<p>Trova il colore pi\u00f9 adatto alle sue avventure e, alla fine della storia, divertiti a risolvere i giochi!<\/p>\n<p>\t\t\t<a href=\"https:\/\/edizionilalinea.it\/nuovosito\/prodotto\/briochina-un-viaggio-da-colorare\/\" role=\"button\"><br \/>\n\t\t\t\t\t\tACQUISTA QUI LA TUA COPIA<br \/>\n\t\t\t\t\t<\/a><br \/>\n\t\t\t\t\t\t\t\t\t\t<img loading=\"lazy\" decoding=\"async\" width=\"768\" height=\"419\" src=\"https:\/\/edizionilalinea.it\/nuovosito\/wp-content\/uploads\/2019\/06\/prova-libro2-768x419.jpg\" alt=\"Albo da colorare\" srcset=\"https:\/\/edizionilalinea.it\/nuovosito\/wp-content\/uploads\/2019\/06\/prova-libro2-768x419.jpg 768w, https:\/\/edizionilalinea.it\/nuovosito\/wp-content\/uploads\/2019\/06\/prova-libro2-300x164.jpg 300w, https:\/\/edizionilalinea.it\/nuovosito\/wp-content\/uploads\/2019\/06\/prova-libro2-1024x558.jpg 1024w, https:\/\/edizionilalinea.it\/nuovosito\/wp-content\/uploads\/2019\/06\/prova-libro2-578x315.jpg 578w\" sizes=\"auto, (max-width: 768px) 100vw, 768px\" \/><\/p>\n","protected":false},"excerpt":{"rendered":"<p>Koala \u00e8 il nuovo marchio di Edizioni La Linea per i pi\u00f9 piccoli. Albi da colorare con grandi tavole, disegni semplici e dal tratto chiaro, creati per far divertire i bambini a scatenare la loro creativit\u00e0! Il primo albo Koala&#8230; BRIOCHINA un viaggio da colorare https:\/\/edizionilalinea.it\/nuovosito\/wp-content\/uploads\/2019\/06\/Something-is-COMING-SOON-4-Send.mp4 BRIOCHINA un viaggio da colorare\u00a0Illustrazioni di Nazir Sharifian Formato&#8230;<\/p>\n<p class=\"more-link\"><a href=\"http:\/\/edizionilalinea.it\/nuovosito\/it_it\/koala\/\"><span>Read More<\/span><i>&#43;<\/i><\/a><\/p>\n","protected":false},"author":3,"featured_media":0,"parent":0,"menu_order":0,"comment_status":"closed","ping_status":"closed","template":"","meta":{"footnotes":""},"class_list":["post-2074","page","type-page","status-publish","hentry"],"yoast_head":"<!-- This site is optimized with the Yoast SEO plugin v27.4 - https:\/\/yoast.com\/product\/yoast-seo-wordpress\/ -->\n<title>Koala - Albi da colorare per i pi\u00f9 piccoli (dai 3 anni)<\/title>\n<meta name=\"description\" content=\"Koala \u00e8 il nuovo marchio di Edizioni La Linea: un raccoglitore di titoli per i pi\u00f9 piccoli. Scopri il nuovo albo da colorare!\" \/>\n<meta name=\"robots\" content=\"index, follow, max-snippet:-1, max-image-preview:large, max-video-preview:-1\" \/>\n<link rel=\"canonical\" href=\"https:\/\/edizionilalinea.it\/nuovosito\/it_it\/koala\/\" \/>\n<meta property=\"og:locale\" content=\"it_IT\" \/>\n<meta property=\"og:type\" content=\"article\" \/>\n<meta property=\"og:title\" content=\"Koala - Albi da colorare per i pi\u00f9 piccoli (dai 3 anni)\" \/>\n<meta property=\"og:description\" content=\"Koala \u00e8 il nuovo marchio di Edizioni La Linea: un raccoglitore di titoli per i pi\u00f9 piccoli. Scopri il nuovo albo da colorare!\" \/>\n<meta property=\"og:url\" content=\"https:\/\/edizionilalinea.it\/nuovosito\/it_it\/koala\/\" \/>\n<meta property=\"og:site_name\" content=\"Edizioni La Linea\" \/>\n<meta property=\"article:publisher\" content=\"https:\/\/www.facebook.com\/edizionilalinea\" \/>\n<meta property=\"article:modified_time\" content=\"2019-06-04T10:07:22+00:00\" \/>\n<meta property=\"og:image\" content=\"https:\/\/edizionilalinea.it\/nuovosito\/wp-content\/uploads\/2019\/06\/Koala_logo_grigio-1024x695.png\" \/>\n<meta name=\"twitter:card\" content=\"summary_large_image\" \/>\n<meta name=\"twitter:site\" content=\"@EdizioniLaLinea\" \/>\n<meta name=\"twitter:label1\" content=\"Tempo di lettura stimato\" \/>\n\t<meta name=\"twitter:data1\" content=\"1 minuto\" \/>\n<script type=\"application\/ld+json\" class=\"yoast-schema-graph\">{\"@context\":\"https:\\\/\\\/schema.org\",\"@graph\":[{\"@type\":\"WebPage\",\"@id\":\"https:\\\/\\\/edizionilalinea.it\\\/nuovosito\\\/it_it\\\/koala\\\/\",\"url\":\"https:\\\/\\\/edizionilalinea.it\\\/nuovosito\\\/it_it\\\/koala\\\/\",\"name\":\"Koala - Albi da colorare per i pi\u00f9 piccoli (dai 3 anni)\",\"isPartOf\":{\"@id\":\"https:\\\/\\\/edizionilalinea.it\\\/nuovosito\\\/#website\"},\"primaryImageOfPage\":{\"@id\":\"https:\\\/\\\/edizionilalinea.it\\\/nuovosito\\\/it_it\\\/koala\\\/#primaryimage\"},\"image\":{\"@id\":\"https:\\\/\\\/edizionilalinea.it\\\/nuovosito\\\/it_it\\\/koala\\\/#primaryimage\"},\"thumbnailUrl\":\"https:\\\/\\\/edizionilalinea.it\\\/nuovosito\\\/wp-content\\\/uploads\\\/2019\\\/06\\\/Koala_logo_grigio-1024x695.png\",\"datePublished\":\"2019-06-04T09:21:25+00:00\",\"dateModified\":\"2019-06-04T10:07:22+00:00\",\"description\":\"Koala \u00e8 il nuovo marchio di Edizioni La Linea: un raccoglitore di titoli per i pi\u00f9 piccoli. Scopri il nuovo albo da colorare!\",\"breadcrumb\":{\"@id\":\"https:\\\/\\\/edizionilalinea.it\\\/nuovosito\\\/it_it\\\/koala\\\/#breadcrumb\"},\"inLanguage\":\"it-IT\",\"potentialAction\":[{\"@type\":\"ReadAction\",\"target\":[\"https:\\\/\\\/edizionilalinea.it\\\/nuovosito\\\/it_it\\\/koala\\\/\"]}]},{\"@type\":\"ImageObject\",\"inLanguage\":\"it-IT\",\"@id\":\"https:\\\/\\\/edizionilalinea.it\\\/nuovosito\\\/it_it\\\/koala\\\/#primaryimage\",\"url\":\"https:\\\/\\\/edizionilalinea.it\\\/nuovosito\\\/wp-content\\\/uploads\\\/2019\\\/06\\\/Koala_logo_grigio-1024x695.png\",\"contentUrl\":\"https:\\\/\\\/edizionilalinea.it\\\/nuovosito\\\/wp-content\\\/uploads\\\/2019\\\/06\\\/Koala_logo_grigio-1024x695.png\"},{\"@type\":\"BreadcrumbList\",\"@id\":\"https:\\\/\\\/edizionilalinea.it\\\/nuovosito\\\/it_it\\\/koala\\\/#breadcrumb\",\"itemListElement\":[{\"@type\":\"ListItem\",\"position\":1,\"name\":\"Home\",\"item\":\"https:\\\/\\\/edizionilalinea.it\\\/nuovosito\\\/\"},{\"@type\":\"ListItem\",\"position\":2,\"name\":\"Koala\"}]},{\"@type\":\"WebSite\",\"@id\":\"https:\\\/\\\/edizionilalinea.it\\\/nuovosito\\\/#website\",\"url\":\"https:\\\/\\\/edizionilalinea.it\\\/nuovosito\\\/\",\"name\":\"Edizioni La Linea\",\"description\":\"\",\"publisher\":{\"@id\":\"https:\\\/\\\/edizionilalinea.it\\\/nuovosito\\\/#organization\"},\"potentialAction\":[{\"@type\":\"SearchAction\",\"target\":{\"@type\":\"EntryPoint\",\"urlTemplate\":\"https:\\\/\\\/edizionilalinea.it\\\/nuovosito\\\/?s={search_term_string}\"},\"query-input\":{\"@type\":\"PropertyValueSpecification\",\"valueRequired\":true,\"valueName\":\"search_term_string\"}}],\"inLanguage\":\"it-IT\"},{\"@type\":\"Organization\",\"@id\":\"https:\\\/\\\/edizionilalinea.it\\\/nuovosito\\\/#organization\",\"name\":\"Edizioni La Linea\",\"url\":\"https:\\\/\\\/edizionilalinea.it\\\/nuovosito\\\/\",\"logo\":{\"@type\":\"ImageObject\",\"inLanguage\":\"it-IT\",\"@id\":\"https:\\\/\\\/edizionilalinea.it\\\/nuovosito\\\/#\\\/schema\\\/logo\\\/image\\\/\",\"url\":\"https:\\\/\\\/edizionilalinea.it\\\/nuovosito\\\/wp-content\\\/uploads\\\/2018\\\/10\\\/La-Linea_loghino.jpg\",\"contentUrl\":\"https:\\\/\\\/edizionilalinea.it\\\/nuovosito\\\/wp-content\\\/uploads\\\/2018\\\/10\\\/La-Linea_loghino.jpg\",\"width\":214,\"height\":210,\"caption\":\"Edizioni La Linea\"},\"image\":{\"@id\":\"https:\\\/\\\/edizionilalinea.it\\\/nuovosito\\\/#\\\/schema\\\/logo\\\/image\\\/\"},\"sameAs\":[\"https:\\\/\\\/www.facebook.com\\\/edizionilalinea\",\"https:\\\/\\\/x.com\\\/EdizioniLaLinea\",\"https:\\\/\\\/www.youtube.com\\\/user\\\/EdizioniLaLinea\"]}]}<\/script>\n<!-- \/ Yoast SEO plugin. -->","yoast_head_json":{"title":"Koala - Albi da colorare per i pi\u00f9 piccoli (dai 3 anni)","description":"Koala \u00e8 il nuovo marchio di Edizioni La Linea: un raccoglitore di titoli per i pi\u00f9 piccoli. Scopri il nuovo albo da colorare!","robots":{"index":"index","follow":"follow","max-snippet":"max-snippet:-1","max-image-preview":"max-image-preview:large","max-video-preview":"max-video-preview:-1"},"canonical":"https:\/\/edizionilalinea.it\/nuovosito\/it_it\/koala\/","og_locale":"it_IT","og_type":"article","og_title":"Koala - Albi da colorare per i pi\u00f9 piccoli (dai 3 anni)","og_description":"Koala \u00e8 il nuovo marchio di Edizioni La Linea: un raccoglitore di titoli per i pi\u00f9 piccoli. Scopri il nuovo albo da colorare!","og_url":"https:\/\/edizionilalinea.it\/nuovosito\/it_it\/koala\/","og_site_name":"Edizioni La Linea","article_publisher":"https:\/\/www.facebook.com\/edizionilalinea","article_modified_time":"2019-06-04T10:07:22+00:00","og_image":[{"url":"https:\/\/edizionilalinea.it\/nuovosito\/wp-content\/uploads\/2019\/06\/Koala_logo_grigio-1024x695.png","type":"","width":"","height":""}],"twitter_card":"summary_large_image","twitter_site":"@EdizioniLaLinea","twitter_misc":{"Tempo di lettura stimato":"1 minuto"},"schema":{"@context":"https:\/\/schema.org","@graph":[{"@type":"WebPage","@id":"https:\/\/edizionilalinea.it\/nuovosito\/it_it\/koala\/","url":"https:\/\/edizionilalinea.it\/nuovosito\/it_it\/koala\/","name":"Koala - Albi da colorare per i pi\u00f9 piccoli (dai 3 anni)","isPartOf":{"@id":"https:\/\/edizionilalinea.it\/nuovosito\/#website"},"primaryImageOfPage":{"@id":"https:\/\/edizionilalinea.it\/nuovosito\/it_it\/koala\/#primaryimage"},"image":{"@id":"https:\/\/edizionilalinea.it\/nuovosito\/it_it\/koala\/#primaryimage"},"thumbnailUrl":"https:\/\/edizionilalinea.it\/nuovosito\/wp-content\/uploads\/2019\/06\/Koala_logo_grigio-1024x695.png","datePublished":"2019-06-04T09:21:25+00:00","dateModified":"2019-06-04T10:07:22+00:00","description":"Koala \u00e8 il nuovo marchio di Edizioni La Linea: un raccoglitore di titoli per i pi\u00f9 piccoli. Scopri il nuovo albo da colorare!","breadcrumb":{"@id":"https:\/\/edizionilalinea.it\/nuovosito\/it_it\/koala\/#breadcrumb"},"inLanguage":"it-IT","potentialAction":[{"@type":"ReadAction","target":["https:\/\/edizionilalinea.it\/nuovosito\/it_it\/koala\/"]}]},{"@type":"ImageObject","inLanguage":"it-IT","@id":"https:\/\/edizionilalinea.it\/nuovosito\/it_it\/koala\/#primaryimage","url":"https:\/\/edizionilalinea.it\/nuovosito\/wp-content\/uploads\/2019\/06\/Koala_logo_grigio-1024x695.png","contentUrl":"https:\/\/edizionilalinea.it\/nuovosito\/wp-content\/uploads\/2019\/06\/Koala_logo_grigio-1024x695.png"},{"@type":"BreadcrumbList","@id":"https:\/\/edizionilalinea.it\/nuovosito\/it_it\/koala\/#breadcrumb","itemListElement":[{"@type":"ListItem","position":1,"name":"Home","item":"https:\/\/edizionilalinea.it\/nuovosito\/"},{"@type":"ListItem","position":2,"name":"Koala"}]},{"@type":"WebSite","@id":"https:\/\/edizionilalinea.it\/nuovosito\/#website","url":"https:\/\/edizionilalinea.it\/nuovosito\/","name":"Edizioni La Linea","description":"","publisher":{"@id":"https:\/\/edizionilalinea.it\/nuovosito\/#organization"},"potentialAction":[{"@type":"SearchAction","target":{"@type":"EntryPoint","urlTemplate":"https:\/\/edizionilalinea.it\/nuovosito\/?s={search_term_string}"},"query-input":{"@type":"PropertyValueSpecification","valueRequired":true,"valueName":"search_term_string"}}],"inLanguage":"it-IT"},{"@type":"Organization","@id":"https:\/\/edizionilalinea.it\/nuovosito\/#organization","name":"Edizioni La Linea","url":"https:\/\/edizionilalinea.it\/nuovosito\/","logo":{"@type":"ImageObject","inLanguage":"it-IT","@id":"https:\/\/edizionilalinea.it\/nuovosito\/#\/schema\/logo\/image\/","url":"https:\/\/edizionilalinea.it\/nuovosito\/wp-content\/uploads\/2018\/10\/La-Linea_loghino.jpg","contentUrl":"https:\/\/edizionilalinea.it\/nuovosito\/wp-content\/uploads\/2018\/10\/La-Linea_loghino.jpg","width":214,"height":210,"caption":"Edizioni La Linea"},"image":{"@id":"https:\/\/edizionilalinea.it\/nuovosito\/#\/schema\/logo\/image\/"},"sameAs":["https:\/\/www.facebook.com\/edizionilalinea","https:\/\/x.com\/EdizioniLaLinea","https:\/\/www.youtube.com\/user\/EdizioniLaLinea"]}]}},"_links":{"self":[{"href":"http:\/\/edizionilalinea.it\/nuovosito\/it_it\/wp-json\/wp\/v2\/pages\/2074","targetHints":{"allow":["GET"]}}],"collection":[{"href":"http:\/\/edizionilalinea.it\/nuovosito\/it_it\/wp-json\/wp\/v2\/pages"}],"about":[{"href":"http:\/\/edizionilalinea.it\/nuovosito\/it_it\/wp-json\/wp\/v2\/types\/page"}],"author":[{"embeddable":true,"href":"http:\/\/edizionilalinea.it\/nuovosito\/it_it\/wp-json\/wp\/v2\/users\/3"}],"replies":[{"embeddable":true,"href":"http:\/\/edizionilalinea.it\/nuovosito\/it_it\/wp-json\/wp\/v2\/comments?post=2074"}],"version-history":[{"count":18,"href":"http:\/\/edizionilalinea.it\/nuovosito\/it_it\/wp-json\/wp\/v2\/pages\/2074\/revisions"}],"predecessor-version":[{"id":2114,"href":"http:\/\/edizionilalinea.it\/nuovosito\/it_it\/wp-json\/wp\/v2\/pages\/2074\/revisions\/2114"}],"wp:attachment":[{"href":"http:\/\/edizionilalinea.it\/nuovosito\/it_it\/wp-json\/wp\/v2\/media?parent=2074"}],"curies":[{"name":"wp","href":"https:\/\/api.w.org\/{rel}","templated":true}]}}