{"id":10090,"date":"2023-02-21T13:20:39","date_gmt":"2023-02-21T12:20:39","guid":{"rendered":"https:\/\/edizionilalinea.it\/nuovosito\/?page_id=10090"},"modified":"2024-01-22T16:00:13","modified_gmt":"2024-01-22T15:00:13","slug":"spiegazione-al-poema","status":"publish","type":"page","link":"https:\/\/edizionilalinea.it\/nuovosito\/en\/spiegazione-al-poema\/","title":{"rendered":"SPIEGAZIONE AL POEMA"},"content":{"rendered":"<p><a href=\"https:\/\/edizionilalinea.it\/nuovosito\/en\/\"><br \/>\n\t\t\t\t\t\tPer tornare al menu principale CLICCA QUI<br \/>\n\t\t\t\t\t<\/a><\/p>\n<p>\u00a0<\/p>\n<p><em><strong>&#8220;Chi sono i codardi?<\/strong><\/em><\/p>\n<p><em><strong>Perch\u00e9 tu lo capisca bene, poeta, prendiamo tutte le occasioni che hai avuto per parlare durante questi mesi e anni di restrizioni delle libert\u00e0. <\/strong><\/em><\/p>\n<p><em><strong>Potevi prendere la parola, esporti. <\/strong><\/em><\/p>\n<p><em><strong>Ma sei stato zitto&#8221;.<\/strong><\/em><\/p>\n<p><em><strong>Aar\u00f3n Garc\u00eda Pe\u00f1a<\/strong> (1978) \u00e8 un poeta, saggista e drammaturgo spagnolo. \u00c8 presidente della Sezione di letteratura dell\u2019Ateneo di Madrid, coordinatore della Fiera del libro di Vallecas e presidente della giuria del premio Nicol\u00e1s Salmer\u00f3n de Derechos Humanos.<\/em><\/p>\n<p><em><strong>Miguel Hern\u00e1ndez<\/strong> (1910 \u2013 1942) \u00e8 stato un poeta e drammaturgo spagnolo. Arruolato tra i repubblicani, alla fine della Guerra civile fu arrestato e incarcerato. Mor\u00ec in prigione.<\/em><\/p>\n<p>\t\t\t\t\t\t\t\t\t\t\t\t\t\t\t<img decoding=\"async\" width=\"700\" height=\"992\" src=\"https:\/\/edizionilalinea.it\/nuovosito\/wp-content\/uploads\/2023\/02\/Cover-Spiegazione-del-poema-700x992.jpg\" alt=\"\" loading=\"lazy\" srcset=\"https:\/\/edizionilalinea.it\/nuovosito\/wp-content\/uploads\/2023\/02\/Cover-Spiegazione-del-poema-700x992.jpg 700w, https:\/\/edizionilalinea.it\/nuovosito\/wp-content\/uploads\/2023\/02\/Cover-Spiegazione-del-poema-212x300.jpg 212w, https:\/\/edizionilalinea.it\/nuovosito\/wp-content\/uploads\/2023\/02\/Cover-Spiegazione-del-poema-768x1089.jpg 768w, https:\/\/edizionilalinea.it\/nuovosito\/wp-content\/uploads\/2023\/02\/Cover-Spiegazione-del-poema-1084x1536.jpg 1084w, https:\/\/edizionilalinea.it\/nuovosito\/wp-content\/uploads\/2023\/02\/Cover-Spiegazione-del-poema-1445x2048.jpg 1445w, https:\/\/edizionilalinea.it\/nuovosito\/wp-content\/uploads\/2023\/02\/Cover-Spiegazione-del-poema-8x12.jpg 8w, https:\/\/edizionilalinea.it\/nuovosito\/wp-content\/uploads\/2023\/02\/Cover-Spiegazione-del-poema-578x819.jpg 578w, https:\/\/edizionilalinea.it\/nuovosito\/wp-content\/uploads\/2023\/02\/Cover-Spiegazione-del-poema-scaled.jpg 1806w\" sizes=\"auto, (max-width: 700px) 100vw, 700px\" \/><br \/>\n\t\t\t<a href=\"https:\/\/edizionilalinea.it\/nuovosito\/en\/product\/spiegazione-del-poema-i-codardi-di-miguel-hernandez\/\"><br \/>\n\t\t\t\t\t\tVai allo shop<br \/>\n\t\t\t\t\t<\/a><\/p>","protected":false},"excerpt":{"rendered":"<p>Per tornare al menu principale CLICCA QUI \u00a0 &#8220;Chi sono i codardi? Perch\u00e9 tu lo capisca bene, poeta, prendiamo tutte le occasioni che hai avuto per parlare durante questi mesi e anni di restrizioni delle libert\u00e0. Potevi prendere la parola, esporti. Ma sei stato zitto&#8221;. Aar\u00f3n Garc\u00eda Pe\u00f1a (1978) \u00e8 un poeta, saggista e drammaturgo&#8230;<\/p>\n<p class=\"more-link\"><a href=\"https:\/\/edizionilalinea.it\/nuovosito\/en\/spiegazione-al-poema\/\"><span>Read More<\/span><i>&#43;<\/i><\/a><\/p>","protected":false},"author":3,"featured_media":0,"parent":0,"menu_order":0,"comment_status":"closed","ping_status":"closed","template":"","meta":{"footnotes":""},"class_list":["post-10090","page","type-page","status-publish","hentry"],"yoast_head":"<!-- This site is optimized with the Yoast SEO plugin v27.5 - https:\/\/yoast.com\/product\/yoast-seo-wordpress\/ -->\n<title>SPIEGAZIONE AL POEMA &#8211; Edizioni La Linea<\/title>\n<meta name=\"robots\" content=\"index, follow, max-snippet:-1, max-image-preview:large, max-video-preview:-1\" \/>\n<link rel=\"canonical\" href=\"https:\/\/edizionilalinea.it\/nuovosito\/en\/spiegazione-al-poema\/\" \/>\n<meta property=\"og:locale\" content=\"en_GB\" \/>\n<meta property=\"og:type\" content=\"article\" \/>\n<meta property=\"og:title\" content=\"SPIEGAZIONE AL POEMA &#8211; Edizioni La Linea\" \/>\n<meta property=\"og:description\" content=\"Per tornare al menu principale CLICCA QUI \u00a0 &#8220;Chi sono i codardi? Perch\u00e9 tu lo capisca bene, poeta, prendiamo tutte le occasioni che hai avuto per parlare durante questi mesi e anni di restrizioni delle libert\u00e0. Potevi prendere la parola, esporti. Ma sei stato zitto&#8221;. Aar\u00f3n Garc\u00eda Pe\u00f1a (1978) \u00e8 un poeta, saggista e drammaturgo&#8230;Read More&#043;\" \/>\n<meta property=\"og:url\" content=\"https:\/\/edizionilalinea.it\/nuovosito\/en\/spiegazione-al-poema\/\" \/>\n<meta property=\"og:site_name\" content=\"Edizioni La Linea\" \/>\n<meta property=\"article:publisher\" content=\"https:\/\/www.facebook.com\/edizionilalinea\" \/>\n<meta property=\"article:modified_time\" content=\"2024-01-22T15:00:13+00:00\" \/>\n<meta property=\"og:image\" content=\"https:\/\/edizionilalinea.it\/nuovosito\/wp-content\/uploads\/2023\/02\/Cover-Spiegazione-del-poema-700x992.jpg\" \/>\n<meta name=\"twitter:card\" content=\"summary_large_image\" \/>\n<meta name=\"twitter:site\" content=\"@EdizioniLaLinea\" \/>\n<meta name=\"twitter:label1\" content=\"Estimated reading time\" \/>\n\t<meta name=\"twitter:data1\" content=\"1 minute\" \/>\n<script type=\"application\/ld+json\" class=\"yoast-schema-graph\">{\"@context\":\"https:\\\/\\\/schema.org\",\"@graph\":[{\"@type\":\"WebPage\",\"@id\":\"https:\\\/\\\/edizionilalinea.it\\\/nuovosito\\\/spiegazione-al-poema\\\/\",\"url\":\"https:\\\/\\\/edizionilalinea.it\\\/nuovosito\\\/spiegazione-al-poema\\\/\",\"name\":\"SPIEGAZIONE AL POEMA &#8211; Edizioni La Linea\",\"isPartOf\":{\"@id\":\"https:\\\/\\\/edizionilalinea.it\\\/nuovosito\\\/#website\"},\"primaryImageOfPage\":{\"@id\":\"https:\\\/\\\/edizionilalinea.it\\\/nuovosito\\\/spiegazione-al-poema\\\/#primaryimage\"},\"image\":{\"@id\":\"https:\\\/\\\/edizionilalinea.it\\\/nuovosito\\\/spiegazione-al-poema\\\/#primaryimage\"},\"thumbnailUrl\":\"https:\\\/\\\/edizionilalinea.it\\\/nuovosito\\\/wp-content\\\/uploads\\\/2023\\\/02\\\/Cover-Spiegazione-del-poema-700x992.jpg\",\"datePublished\":\"2023-02-21T12:20:39+00:00\",\"dateModified\":\"2024-01-22T15:00:13+00:00\",\"breadcrumb\":{\"@id\":\"https:\\\/\\\/edizionilalinea.it\\\/nuovosito\\\/spiegazione-al-poema\\\/#breadcrumb\"},\"inLanguage\":\"en-GB\",\"potentialAction\":[{\"@type\":\"ReadAction\",\"target\":[\"https:\\\/\\\/edizionilalinea.it\\\/nuovosito\\\/spiegazione-al-poema\\\/\"]}]},{\"@type\":\"ImageObject\",\"inLanguage\":\"en-GB\",\"@id\":\"https:\\\/\\\/edizionilalinea.it\\\/nuovosito\\\/spiegazione-al-poema\\\/#primaryimage\",\"url\":\"https:\\\/\\\/edizionilalinea.it\\\/nuovosito\\\/wp-content\\\/uploads\\\/2023\\\/02\\\/Cover-Spiegazione-del-poema-700x992.jpg\",\"contentUrl\":\"https:\\\/\\\/edizionilalinea.it\\\/nuovosito\\\/wp-content\\\/uploads\\\/2023\\\/02\\\/Cover-Spiegazione-del-poema-700x992.jpg\"},{\"@type\":\"BreadcrumbList\",\"@id\":\"https:\\\/\\\/edizionilalinea.it\\\/nuovosito\\\/spiegazione-al-poema\\\/#breadcrumb\",\"itemListElement\":[{\"@type\":\"ListItem\",\"position\":1,\"name\":\"Home\",\"item\":\"https:\\\/\\\/edizionilalinea.it\\\/nuovosito\\\/\"},{\"@type\":\"ListItem\",\"position\":2,\"name\":\"SPIEGAZIONE AL POEMA\"}]},{\"@type\":\"WebSite\",\"@id\":\"https:\\\/\\\/edizionilalinea.it\\\/nuovosito\\\/#website\",\"url\":\"https:\\\/\\\/edizionilalinea.it\\\/nuovosito\\\/\",\"name\":\"Edizioni La Linea\",\"description\":\"\",\"publisher\":{\"@id\":\"https:\\\/\\\/edizionilalinea.it\\\/nuovosito\\\/#organization\"},\"potentialAction\":[{\"@type\":\"SearchAction\",\"target\":{\"@type\":\"EntryPoint\",\"urlTemplate\":\"https:\\\/\\\/edizionilalinea.it\\\/nuovosito\\\/?s={search_term_string}\"},\"query-input\":{\"@type\":\"PropertyValueSpecification\",\"valueRequired\":true,\"valueName\":\"search_term_string\"}}],\"inLanguage\":\"en-GB\"},{\"@type\":\"Organization\",\"@id\":\"https:\\\/\\\/edizionilalinea.it\\\/nuovosito\\\/#organization\",\"name\":\"Edizioni La Linea\",\"url\":\"https:\\\/\\\/edizionilalinea.it\\\/nuovosito\\\/\",\"logo\":{\"@type\":\"ImageObject\",\"inLanguage\":\"en-GB\",\"@id\":\"https:\\\/\\\/edizionilalinea.it\\\/nuovosito\\\/#\\\/schema\\\/logo\\\/image\\\/\",\"url\":\"https:\\\/\\\/edizionilalinea.it\\\/nuovosito\\\/wp-content\\\/uploads\\\/2018\\\/10\\\/La-Linea_loghino.jpg\",\"contentUrl\":\"https:\\\/\\\/edizionilalinea.it\\\/nuovosito\\\/wp-content\\\/uploads\\\/2018\\\/10\\\/La-Linea_loghino.jpg\",\"width\":214,\"height\":210,\"caption\":\"Edizioni La Linea\"},\"image\":{\"@id\":\"https:\\\/\\\/edizionilalinea.it\\\/nuovosito\\\/#\\\/schema\\\/logo\\\/image\\\/\"},\"sameAs\":[\"https:\\\/\\\/www.facebook.com\\\/edizionilalinea\",\"https:\\\/\\\/x.com\\\/EdizioniLaLinea\",\"https:\\\/\\\/www.youtube.com\\\/user\\\/EdizioniLaLinea\"]}]}<\/script>\n<!-- \/ Yoast SEO plugin. -->","yoast_head_json":{"title":"SPIEGAZIONE AL POEMA &#8211; Edizioni La Linea","robots":{"index":"index","follow":"follow","max-snippet":"max-snippet:-1","max-image-preview":"max-image-preview:large","max-video-preview":"max-video-preview:-1"},"canonical":"https:\/\/edizionilalinea.it\/nuovosito\/en\/spiegazione-al-poema\/","og_locale":"en_GB","og_type":"article","og_title":"SPIEGAZIONE AL POEMA &#8211; Edizioni La Linea","og_description":"Per tornare al menu principale CLICCA QUI \u00a0 &#8220;Chi sono i codardi? Perch\u00e9 tu lo capisca bene, poeta, prendiamo tutte le occasioni che hai avuto per parlare durante questi mesi e anni di restrizioni delle libert\u00e0. Potevi prendere la parola, esporti. Ma sei stato zitto&#8221;. Aar\u00f3n Garc\u00eda Pe\u00f1a (1978) \u00e8 un poeta, saggista e drammaturgo&#8230;Read More&#43;","og_url":"https:\/\/edizionilalinea.it\/nuovosito\/en\/spiegazione-al-poema\/","og_site_name":"Edizioni La Linea","article_publisher":"https:\/\/www.facebook.com\/edizionilalinea","article_modified_time":"2024-01-22T15:00:13+00:00","og_image":[{"url":"https:\/\/edizionilalinea.it\/nuovosito\/wp-content\/uploads\/2023\/02\/Cover-Spiegazione-del-poema-700x992.jpg","type":"","width":"","height":""}],"twitter_card":"summary_large_image","twitter_site":"@EdizioniLaLinea","twitter_misc":{"Estimated reading time":"1 minute"},"schema":{"@context":"https:\/\/schema.org","@graph":[{"@type":"WebPage","@id":"https:\/\/edizionilalinea.it\/nuovosito\/spiegazione-al-poema\/","url":"https:\/\/edizionilalinea.it\/nuovosito\/spiegazione-al-poema\/","name":"SPIEGAZIONE AL POEMA &#8211; Edizioni La Linea","isPartOf":{"@id":"https:\/\/edizionilalinea.it\/nuovosito\/#website"},"primaryImageOfPage":{"@id":"https:\/\/edizionilalinea.it\/nuovosito\/spiegazione-al-poema\/#primaryimage"},"image":{"@id":"https:\/\/edizionilalinea.it\/nuovosito\/spiegazione-al-poema\/#primaryimage"},"thumbnailUrl":"https:\/\/edizionilalinea.it\/nuovosito\/wp-content\/uploads\/2023\/02\/Cover-Spiegazione-del-poema-700x992.jpg","datePublished":"2023-02-21T12:20:39+00:00","dateModified":"2024-01-22T15:00:13+00:00","breadcrumb":{"@id":"https:\/\/edizionilalinea.it\/nuovosito\/spiegazione-al-poema\/#breadcrumb"},"inLanguage":"en-GB","potentialAction":[{"@type":"ReadAction","target":["https:\/\/edizionilalinea.it\/nuovosito\/spiegazione-al-poema\/"]}]},{"@type":"ImageObject","inLanguage":"en-GB","@id":"https:\/\/edizionilalinea.it\/nuovosito\/spiegazione-al-poema\/#primaryimage","url":"https:\/\/edizionilalinea.it\/nuovosito\/wp-content\/uploads\/2023\/02\/Cover-Spiegazione-del-poema-700x992.jpg","contentUrl":"https:\/\/edizionilalinea.it\/nuovosito\/wp-content\/uploads\/2023\/02\/Cover-Spiegazione-del-poema-700x992.jpg"},{"@type":"BreadcrumbList","@id":"https:\/\/edizionilalinea.it\/nuovosito\/spiegazione-al-poema\/#breadcrumb","itemListElement":[{"@type":"ListItem","position":1,"name":"Home","item":"https:\/\/edizionilalinea.it\/nuovosito\/"},{"@type":"ListItem","position":2,"name":"SPIEGAZIONE AL POEMA"}]},{"@type":"WebSite","@id":"https:\/\/edizionilalinea.it\/nuovosito\/#website","url":"https:\/\/edizionilalinea.it\/nuovosito\/","name":"Edizioni La Linea","description":"","publisher":{"@id":"https:\/\/edizionilalinea.it\/nuovosito\/#organization"},"potentialAction":[{"@type":"SearchAction","target":{"@type":"EntryPoint","urlTemplate":"https:\/\/edizionilalinea.it\/nuovosito\/?s={search_term_string}"},"query-input":{"@type":"PropertyValueSpecification","valueRequired":true,"valueName":"search_term_string"}}],"inLanguage":"en-GB"},{"@type":"Organization","@id":"https:\/\/edizionilalinea.it\/nuovosito\/#organization","name":"Edizioni La Linea","url":"https:\/\/edizionilalinea.it\/nuovosito\/","logo":{"@type":"ImageObject","inLanguage":"en-GB","@id":"https:\/\/edizionilalinea.it\/nuovosito\/#\/schema\/logo\/image\/","url":"https:\/\/edizionilalinea.it\/nuovosito\/wp-content\/uploads\/2018\/10\/La-Linea_loghino.jpg","contentUrl":"https:\/\/edizionilalinea.it\/nuovosito\/wp-content\/uploads\/2018\/10\/La-Linea_loghino.jpg","width":214,"height":210,"caption":"Edizioni La Linea"},"image":{"@id":"https:\/\/edizionilalinea.it\/nuovosito\/#\/schema\/logo\/image\/"},"sameAs":["https:\/\/www.facebook.com\/edizionilalinea","https:\/\/x.com\/EdizioniLaLinea","https:\/\/www.youtube.com\/user\/EdizioniLaLinea"]}]}},"_links":{"self":[{"href":"https:\/\/edizionilalinea.it\/nuovosito\/en\/wp-json\/wp\/v2\/pages\/10090","targetHints":{"allow":["GET"]}}],"collection":[{"href":"https:\/\/edizionilalinea.it\/nuovosito\/en\/wp-json\/wp\/v2\/pages"}],"about":[{"href":"https:\/\/edizionilalinea.it\/nuovosito\/en\/wp-json\/wp\/v2\/types\/page"}],"author":[{"embeddable":true,"href":"https:\/\/edizionilalinea.it\/nuovosito\/en\/wp-json\/wp\/v2\/users\/3"}],"replies":[{"embeddable":true,"href":"https:\/\/edizionilalinea.it\/nuovosito\/en\/wp-json\/wp\/v2\/comments?post=10090"}],"version-history":[{"count":24,"href":"https:\/\/edizionilalinea.it\/nuovosito\/en\/wp-json\/wp\/v2\/pages\/10090\/revisions"}],"predecessor-version":[{"id":12862,"href":"https:\/\/edizionilalinea.it\/nuovosito\/en\/wp-json\/wp\/v2\/pages\/10090\/revisions\/12862"}],"wp:attachment":[{"href":"https:\/\/edizionilalinea.it\/nuovosito\/en\/wp-json\/wp\/v2\/media?parent=10090"}],"curies":[{"name":"wp","href":"https:\/\/api.w.org\/{rel}","templated":true}]}}