{"id":10342,"date":"2024-01-19T12:44:42","date_gmt":"2024-01-19T11:44:42","guid":{"rendered":"https:\/\/edizionilalinea.it\/nuovosito\/?page_id=10342"},"modified":"2025-09-19T11:32:18","modified_gmt":"2025-09-19T09:32:18","slug":"missioni-possibili","status":"publish","type":"page","link":"https:\/\/edizionilalinea.it\/nuovosito\/en\/missioni-possibili\/","title":{"rendered":"missioni possibili"},"content":{"rendered":"<p><a href=\"https:\/\/edizionilalinea.it\/nuovosito\/en\/product\/missioni-possibili-manuale-studente\/\"><br \/>\n\t\t\t\t\t\t\t<img loading=\"lazy\" decoding=\"async\" width=\"224\" height=\"300\" src=\"https:\/\/edizionilalinea.it\/nuovosito\/wp-content\/uploads\/2024\/01\/missioni-2-cover2-224x300.jpg\" alt=\"\" srcset=\"https:\/\/edizionilalinea.it\/nuovosito\/wp-content\/uploads\/2024\/01\/missioni-2-cover2-224x300.jpg 224w, https:\/\/edizionilalinea.it\/nuovosito\/wp-content\/uploads\/2024\/01\/missioni-2-cover2-9x12.jpg 9w, https:\/\/edizionilalinea.it\/nuovosito\/wp-content\/uploads\/2024\/01\/missioni-2-cover2-578x775.jpg 578w, https:\/\/edizionilalinea.it\/nuovosito\/wp-content\/uploads\/2024\/01\/missioni-2-cover2.jpg 649w\" sizes=\"auto, (max-width: 224px) 100vw, 224px\" \/>\t\t\t\t\t\t\t\t<\/a><br \/>\n\t\t\t\t\t\t\t\t\t\t\t\t\t\t\t\t<a href=\"https:\/\/edizionilalinea.it\/nuovosito\/en\/product\/missioni-possibili-guida\/\"><br \/>\n\t\t\t\t\t\t\t<img loading=\"lazy\" decoding=\"async\" width=\"222\" height=\"300\" src=\"https:\/\/edizionilalinea.it\/nuovosito\/wp-content\/uploads\/2024\/01\/missioni-1-cover-1-222x300.jpg\" alt=\"\" srcset=\"https:\/\/edizionilalinea.it\/nuovosito\/wp-content\/uploads\/2024\/01\/missioni-1-cover-1-222x300.jpg 222w, https:\/\/edizionilalinea.it\/nuovosito\/wp-content\/uploads\/2024\/01\/missioni-1-cover-1-9x12.jpg 9w, https:\/\/edizionilalinea.it\/nuovosito\/wp-content\/uploads\/2024\/01\/missioni-1-cover-1-578x780.jpg 578w, https:\/\/edizionilalinea.it\/nuovosito\/wp-content\/uploads\/2024\/01\/missioni-1-cover-1.jpg 651w\" sizes=\"auto, (max-width: 222px) 100vw, 222px\" \/>\t\t\t\t\t\t\t\t<\/a><\/p>\n<p><strong>Missioni possibili<\/strong> pone attenzione alle necessit\u00e0 linguistiche che la vita di tutti i giorni richiede a \u00a0un parlante non italofono, proponendo \u00a0un <strong>percorso didattico basato sui TBLL (<em>Task Based Language Learning<\/em>)<\/strong> e combina efficacemente i vantaggi dell\u2019acquisizione spontanea con quelli dell\u2019apprendimento guidato.<\/p>\n<p>Nella didattica dei <strong><em>task<\/em> <\/strong>il significato \u00e8 primario, gli apprendenti non devono ripetere contenuti altrui, ma esprimere proprie idee o opinioni, il compito riproduce attivit\u00e0 del mondo reale, il raggiungimento dell\u2019obiettivo \u00e8 prioritario e la valutazione si riferisce al risultato finale. La lingua viene insegnata e appresa attraverso lo svolgimento di <strong>attivit\u00e0 <\/strong>elaborate appositamente dall\u2019insegnante per permettere agli studenti di esercitare il pi\u00f9 possibile le capacit\u00e0 comunicative: la didattica del <em>task<\/em> <strong>insegna a comunicare attraverso la lingua<\/strong>. In altri termini, il TBLL induce l\u2019apprendente a <strong>riflettere prima sul significato della lingua e in seguito sulla sua forma<\/strong>. Gli studenti, per lo svolgimento del <em>task <\/em>che viene loro assegnato, usano la lingua, utilizzando tutte le conoscenze e le competenze a loro disposizione. \u00c8 noto che <strong>impariamo pi\u00f9 facilmente<\/strong> ci\u00f2 per cui siamo pronti, impariamo pi\u00f9 facilmente la lingua usandola nella sua funzione primaria, cio\u00e8 per veicolare significati e notiamo pi\u00f9 facilmente un\u2019assenza quando abbiamo bisogno di ci\u00f2 che manca.<\/p>\n<p><strong>Lo sviluppo della lingua \u00e8 basato sull\u2019uso<\/strong>, l\u2019aspetto centrale \u00e8 lo scambio di significati e lo studio delle forme gioca un ruolo di secondo piano. Il risultato pu\u00f2 consistere in uno scambio di informazioni in forma scritta o parlata, al fine di risolvere un problema, dare istruzioni, fare confronti, ecc. In ciascuno di questi casi, l\u2019obiettivo dell\u2019attivit\u00e0 \u00e8 indipendente dalla lingua usata per raggiungerlo. Ciascun apprendente adotta strategie differenti e differenti forme linguistiche per raggiungere uno stesso scopo a seconda delle sue competenze, del grado di coinvolgimento nel compito da risolvere, degli stimoli cognitivi che il <em>task <\/em>presenta. In questo modo gli studenti avvertono la mancanza della struttura o la necessit\u00e0 di saperla usare meglio e quindi cresce la motivazione.<\/p>\n<p><strong>Missioni possibili, <\/strong>con materiali e attivit\u00e0, un uso della lingua con <strong>obiettivi pragmatici<\/strong>, la messa in atto di processi quotidiani e l\u2019impiego di pi\u00f9 abilit\u00e0 linguistiche coinvolge attivamente gli studenti attraverso tre fasi: la prima ha l\u2019obiettivo di far emergere \u00a0le conoscenze pregresse e offrire un input lessicale, poi si affronta la realizzazione del task con attivit\u00e0 di coppia e di gruppo e, nella terza, si giunge alla riflessione metalinguistica \u00a0con esercizi variegati e pratici. L\u2019insegnante non forza il processo naturale di sviluppo dell\u2019interlingua e contribuisce, senza essere troppo direttivo, a portare lo studente verso la competenza grammaticale. \u00a0Si pu\u00f2 quindi essere certi che l\u2019apprendimento della lingua italiana con questo testo \u00e8 proprio una missione possibile che gli autori hanno sperimentato con successo nei loro corsi. E ci\u00f2 rappresenta un plusvalore didattico.<\/p>","protected":false},"excerpt":{"rendered":"<p>Missioni possibili pone attenzione alle necessit\u00e0 linguistiche che la vita di tutti i giorni richiede a \u00a0un parlante non italofono, proponendo \u00a0un percorso didattico basato sui TBLL (Task Based Language Learning) e combina efficacemente i vantaggi dell\u2019acquisizione spontanea con quelli dell\u2019apprendimento guidato. Nella didattica dei task il significato \u00e8 primario, gli apprendenti non devono ripetere&#8230;<\/p>\n<p class=\"more-link\"><a href=\"https:\/\/edizionilalinea.it\/nuovosito\/en\/missioni-possibili\/\"><span>Read More<\/span><i>&#43;<\/i><\/a><\/p>","protected":false},"author":3,"featured_media":0,"parent":0,"menu_order":0,"comment_status":"closed","ping_status":"closed","template":"","meta":{"footnotes":""},"class_list":["post-10342","page","type-page","status-publish","hentry"],"yoast_head":"<!-- This site is optimized with the Yoast SEO plugin v27.4 - https:\/\/yoast.com\/product\/yoast-seo-wordpress\/ -->\n<title>missioni possibili &#8211; Edizioni La Linea<\/title>\n<meta name=\"robots\" content=\"index, follow, max-snippet:-1, max-image-preview:large, max-video-preview:-1\" \/>\n<link rel=\"canonical\" href=\"https:\/\/edizionilalinea.it\/nuovosito\/en\/missioni-possibili\/\" \/>\n<meta property=\"og:locale\" content=\"en_GB\" \/>\n<meta property=\"og:type\" content=\"article\" \/>\n<meta property=\"og:title\" content=\"missioni possibili &#8211; Edizioni La Linea\" \/>\n<meta property=\"og:description\" content=\"Missioni possibili pone attenzione alle necessit\u00e0 linguistiche che la vita di tutti i giorni richiede a \u00a0un parlante non italofono, proponendo \u00a0un percorso didattico basato sui TBLL (Task Based Language Learning) e combina efficacemente i vantaggi dell\u2019acquisizione spontanea con quelli dell\u2019apprendimento guidato. Nella didattica dei task il significato \u00e8 primario, gli apprendenti non devono ripetere&#8230;Read More&#043;\" \/>\n<meta property=\"og:url\" content=\"https:\/\/edizionilalinea.it\/nuovosito\/en\/missioni-possibili\/\" \/>\n<meta property=\"og:site_name\" content=\"Edizioni La Linea\" \/>\n<meta property=\"article:publisher\" content=\"https:\/\/www.facebook.com\/edizionilalinea\" \/>\n<meta property=\"article:modified_time\" content=\"2025-09-19T09:32:18+00:00\" \/>\n<meta property=\"og:image\" content=\"https:\/\/edizionilalinea.it\/nuovosito\/wp-content\/uploads\/2024\/01\/missioni-2-cover2.jpg\" \/>\n\t<meta property=\"og:image:width\" content=\"649\" \/>\n\t<meta property=\"og:image:height\" content=\"870\" \/>\n\t<meta property=\"og:image:type\" content=\"image\/jpeg\" \/>\n<meta name=\"twitter:card\" content=\"summary_large_image\" \/>\n<meta name=\"twitter:site\" content=\"@EdizioniLaLinea\" \/>\n<meta name=\"twitter:label1\" content=\"Estimated reading time\" \/>\n\t<meta name=\"twitter:data1\" content=\"3 minutes\" \/>\n<script type=\"application\/ld+json\" class=\"yoast-schema-graph\">{\"@context\":\"https:\\\/\\\/schema.org\",\"@graph\":[{\"@type\":\"WebPage\",\"@id\":\"https:\\\/\\\/edizionilalinea.it\\\/nuovosito\\\/missioni-possibili\\\/\",\"url\":\"https:\\\/\\\/edizionilalinea.it\\\/nuovosito\\\/missioni-possibili\\\/\",\"name\":\"missioni possibili &#8211; Edizioni La Linea\",\"isPartOf\":{\"@id\":\"https:\\\/\\\/edizionilalinea.it\\\/nuovosito\\\/#website\"},\"primaryImageOfPage\":{\"@id\":\"https:\\\/\\\/edizionilalinea.it\\\/nuovosito\\\/missioni-possibili\\\/#primaryimage\"},\"image\":{\"@id\":\"https:\\\/\\\/edizionilalinea.it\\\/nuovosito\\\/missioni-possibili\\\/#primaryimage\"},\"thumbnailUrl\":\"https:\\\/\\\/edizionilalinea.it\\\/nuovosito\\\/wp-content\\\/uploads\\\/2024\\\/01\\\/missioni-2-cover2-224x300.jpg\",\"datePublished\":\"2024-01-19T11:44:42+00:00\",\"dateModified\":\"2025-09-19T09:32:18+00:00\",\"breadcrumb\":{\"@id\":\"https:\\\/\\\/edizionilalinea.it\\\/nuovosito\\\/missioni-possibili\\\/#breadcrumb\"},\"inLanguage\":\"en-GB\",\"potentialAction\":[{\"@type\":\"ReadAction\",\"target\":[\"https:\\\/\\\/edizionilalinea.it\\\/nuovosito\\\/missioni-possibili\\\/\"]}]},{\"@type\":\"ImageObject\",\"inLanguage\":\"en-GB\",\"@id\":\"https:\\\/\\\/edizionilalinea.it\\\/nuovosito\\\/missioni-possibili\\\/#primaryimage\",\"url\":\"https:\\\/\\\/edizionilalinea.it\\\/nuovosito\\\/wp-content\\\/uploads\\\/2024\\\/01\\\/missioni-2-cover2-224x300.jpg\",\"contentUrl\":\"https:\\\/\\\/edizionilalinea.it\\\/nuovosito\\\/wp-content\\\/uploads\\\/2024\\\/01\\\/missioni-2-cover2-224x300.jpg\"},{\"@type\":\"BreadcrumbList\",\"@id\":\"https:\\\/\\\/edizionilalinea.it\\\/nuovosito\\\/missioni-possibili\\\/#breadcrumb\",\"itemListElement\":[{\"@type\":\"ListItem\",\"position\":1,\"name\":\"Home\",\"item\":\"https:\\\/\\\/edizionilalinea.it\\\/nuovosito\\\/\"},{\"@type\":\"ListItem\",\"position\":2,\"name\":\"missioni possibili\"}]},{\"@type\":\"WebSite\",\"@id\":\"https:\\\/\\\/edizionilalinea.it\\\/nuovosito\\\/#website\",\"url\":\"https:\\\/\\\/edizionilalinea.it\\\/nuovosito\\\/\",\"name\":\"Edizioni La Linea\",\"description\":\"\",\"publisher\":{\"@id\":\"https:\\\/\\\/edizionilalinea.it\\\/nuovosito\\\/#organization\"},\"potentialAction\":[{\"@type\":\"SearchAction\",\"target\":{\"@type\":\"EntryPoint\",\"urlTemplate\":\"https:\\\/\\\/edizionilalinea.it\\\/nuovosito\\\/?s={search_term_string}\"},\"query-input\":{\"@type\":\"PropertyValueSpecification\",\"valueRequired\":true,\"valueName\":\"search_term_string\"}}],\"inLanguage\":\"en-GB\"},{\"@type\":\"Organization\",\"@id\":\"https:\\\/\\\/edizionilalinea.it\\\/nuovosito\\\/#organization\",\"name\":\"Edizioni La Linea\",\"url\":\"https:\\\/\\\/edizionilalinea.it\\\/nuovosito\\\/\",\"logo\":{\"@type\":\"ImageObject\",\"inLanguage\":\"en-GB\",\"@id\":\"https:\\\/\\\/edizionilalinea.it\\\/nuovosito\\\/#\\\/schema\\\/logo\\\/image\\\/\",\"url\":\"https:\\\/\\\/edizionilalinea.it\\\/nuovosito\\\/wp-content\\\/uploads\\\/2018\\\/10\\\/La-Linea_loghino.jpg\",\"contentUrl\":\"https:\\\/\\\/edizionilalinea.it\\\/nuovosito\\\/wp-content\\\/uploads\\\/2018\\\/10\\\/La-Linea_loghino.jpg\",\"width\":214,\"height\":210,\"caption\":\"Edizioni La Linea\"},\"image\":{\"@id\":\"https:\\\/\\\/edizionilalinea.it\\\/nuovosito\\\/#\\\/schema\\\/logo\\\/image\\\/\"},\"sameAs\":[\"https:\\\/\\\/www.facebook.com\\\/edizionilalinea\",\"https:\\\/\\\/x.com\\\/EdizioniLaLinea\",\"https:\\\/\\\/www.youtube.com\\\/user\\\/EdizioniLaLinea\"]}]}<\/script>\n<!-- \/ Yoast SEO plugin. -->","yoast_head_json":{"title":"missioni possibili &#8211; Edizioni La Linea","robots":{"index":"index","follow":"follow","max-snippet":"max-snippet:-1","max-image-preview":"max-image-preview:large","max-video-preview":"max-video-preview:-1"},"canonical":"https:\/\/edizionilalinea.it\/nuovosito\/en\/missioni-possibili\/","og_locale":"en_GB","og_type":"article","og_title":"missioni possibili &#8211; Edizioni La Linea","og_description":"Missioni possibili pone attenzione alle necessit\u00e0 linguistiche che la vita di tutti i giorni richiede a \u00a0un parlante non italofono, proponendo \u00a0un percorso didattico basato sui TBLL (Task Based Language Learning) e combina efficacemente i vantaggi dell\u2019acquisizione spontanea con quelli dell\u2019apprendimento guidato. Nella didattica dei task il significato \u00e8 primario, gli apprendenti non devono ripetere&#8230;Read More&#43;","og_url":"https:\/\/edizionilalinea.it\/nuovosito\/en\/missioni-possibili\/","og_site_name":"Edizioni La Linea","article_publisher":"https:\/\/www.facebook.com\/edizionilalinea","article_modified_time":"2025-09-19T09:32:18+00:00","og_image":[{"width":649,"height":870,"url":"https:\/\/edizionilalinea.it\/nuovosito\/wp-content\/uploads\/2024\/01\/missioni-2-cover2.jpg","type":"image\/jpeg"}],"twitter_card":"summary_large_image","twitter_site":"@EdizioniLaLinea","twitter_misc":{"Estimated reading time":"3 minutes"},"schema":{"@context":"https:\/\/schema.org","@graph":[{"@type":"WebPage","@id":"https:\/\/edizionilalinea.it\/nuovosito\/missioni-possibili\/","url":"https:\/\/edizionilalinea.it\/nuovosito\/missioni-possibili\/","name":"missioni possibili &#8211; Edizioni La Linea","isPartOf":{"@id":"https:\/\/edizionilalinea.it\/nuovosito\/#website"},"primaryImageOfPage":{"@id":"https:\/\/edizionilalinea.it\/nuovosito\/missioni-possibili\/#primaryimage"},"image":{"@id":"https:\/\/edizionilalinea.it\/nuovosito\/missioni-possibili\/#primaryimage"},"thumbnailUrl":"https:\/\/edizionilalinea.it\/nuovosito\/wp-content\/uploads\/2024\/01\/missioni-2-cover2-224x300.jpg","datePublished":"2024-01-19T11:44:42+00:00","dateModified":"2025-09-19T09:32:18+00:00","breadcrumb":{"@id":"https:\/\/edizionilalinea.it\/nuovosito\/missioni-possibili\/#breadcrumb"},"inLanguage":"en-GB","potentialAction":[{"@type":"ReadAction","target":["https:\/\/edizionilalinea.it\/nuovosito\/missioni-possibili\/"]}]},{"@type":"ImageObject","inLanguage":"en-GB","@id":"https:\/\/edizionilalinea.it\/nuovosito\/missioni-possibili\/#primaryimage","url":"https:\/\/edizionilalinea.it\/nuovosito\/wp-content\/uploads\/2024\/01\/missioni-2-cover2-224x300.jpg","contentUrl":"https:\/\/edizionilalinea.it\/nuovosito\/wp-content\/uploads\/2024\/01\/missioni-2-cover2-224x300.jpg"},{"@type":"BreadcrumbList","@id":"https:\/\/edizionilalinea.it\/nuovosito\/missioni-possibili\/#breadcrumb","itemListElement":[{"@type":"ListItem","position":1,"name":"Home","item":"https:\/\/edizionilalinea.it\/nuovosito\/"},{"@type":"ListItem","position":2,"name":"missioni possibili"}]},{"@type":"WebSite","@id":"https:\/\/edizionilalinea.it\/nuovosito\/#website","url":"https:\/\/edizionilalinea.it\/nuovosito\/","name":"Edizioni La Linea","description":"","publisher":{"@id":"https:\/\/edizionilalinea.it\/nuovosito\/#organization"},"potentialAction":[{"@type":"SearchAction","target":{"@type":"EntryPoint","urlTemplate":"https:\/\/edizionilalinea.it\/nuovosito\/?s={search_term_string}"},"query-input":{"@type":"PropertyValueSpecification","valueRequired":true,"valueName":"search_term_string"}}],"inLanguage":"en-GB"},{"@type":"Organization","@id":"https:\/\/edizionilalinea.it\/nuovosito\/#organization","name":"Edizioni La Linea","url":"https:\/\/edizionilalinea.it\/nuovosito\/","logo":{"@type":"ImageObject","inLanguage":"en-GB","@id":"https:\/\/edizionilalinea.it\/nuovosito\/#\/schema\/logo\/image\/","url":"https:\/\/edizionilalinea.it\/nuovosito\/wp-content\/uploads\/2018\/10\/La-Linea_loghino.jpg","contentUrl":"https:\/\/edizionilalinea.it\/nuovosito\/wp-content\/uploads\/2018\/10\/La-Linea_loghino.jpg","width":214,"height":210,"caption":"Edizioni La Linea"},"image":{"@id":"https:\/\/edizionilalinea.it\/nuovosito\/#\/schema\/logo\/image\/"},"sameAs":["https:\/\/www.facebook.com\/edizionilalinea","https:\/\/x.com\/EdizioniLaLinea","https:\/\/www.youtube.com\/user\/EdizioniLaLinea"]}]}},"_links":{"self":[{"href":"https:\/\/edizionilalinea.it\/nuovosito\/en\/wp-json\/wp\/v2\/pages\/10342","targetHints":{"allow":["GET"]}}],"collection":[{"href":"https:\/\/edizionilalinea.it\/nuovosito\/en\/wp-json\/wp\/v2\/pages"}],"about":[{"href":"https:\/\/edizionilalinea.it\/nuovosito\/en\/wp-json\/wp\/v2\/types\/page"}],"author":[{"embeddable":true,"href":"https:\/\/edizionilalinea.it\/nuovosito\/en\/wp-json\/wp\/v2\/users\/3"}],"replies":[{"embeddable":true,"href":"https:\/\/edizionilalinea.it\/nuovosito\/en\/wp-json\/wp\/v2\/comments?post=10342"}],"version-history":[{"count":19,"href":"https:\/\/edizionilalinea.it\/nuovosito\/en\/wp-json\/wp\/v2\/pages\/10342\/revisions"}],"predecessor-version":[{"id":14605,"href":"https:\/\/edizionilalinea.it\/nuovosito\/en\/wp-json\/wp\/v2\/pages\/10342\/revisions\/14605"}],"wp:attachment":[{"href":"https:\/\/edizionilalinea.it\/nuovosito\/en\/wp-json\/wp\/v2\/media?parent=10342"}],"curies":[{"name":"wp","href":"https:\/\/api.w.org\/{rel}","templated":true}]}}