{"id":13346,"date":"2024-02-26T13:56:17","date_gmt":"2024-02-26T12:56:17","guid":{"rendered":"https:\/\/edizionilalinea.it\/nuovosito\/?page_id=13346"},"modified":"2024-02-26T15:13:47","modified_gmt":"2024-02-26T14:13:47","slug":"arci","status":"publish","type":"page","link":"https:\/\/edizionilalinea.it\/nuovosito\/en\/arci\/","title":{"rendered":"ARCI"},"content":{"rendered":"<p style=\"text-align: center;\"><strong>MISSIONE 2 &#8211; IL CALENDARIO<\/strong><\/p>\n<p style=\"text-align: center;\">a cura di <strong>Tiziana Serafini e Valentina Bruno<\/strong><\/p>\n<p>\t\t\t\t\t\t\t\t\t\t\t\t\t\t\t<img decoding=\"async\" width=\"700\" height=\"933\" src=\"https:\/\/edizionilalinea.it\/nuovosito\/wp-content\/uploads\/2024\/02\/CALENDARIO_ARCI_SOLIDARIETa_VITERBO-1-700x933.jpg\" alt=\"\" loading=\"lazy\" srcset=\"https:\/\/edizionilalinea.it\/nuovosito\/wp-content\/uploads\/2024\/02\/CALENDARIO_ARCI_SOLIDARIETa_VITERBO-1-700x933.jpg 700w, https:\/\/edizionilalinea.it\/nuovosito\/wp-content\/uploads\/2024\/02\/CALENDARIO_ARCI_SOLIDARIETa_VITERBO-1-225x300.jpg 225w, https:\/\/edizionilalinea.it\/nuovosito\/wp-content\/uploads\/2024\/02\/CALENDARIO_ARCI_SOLIDARIETa_VITERBO-1-768x1024.jpg 768w, https:\/\/edizionilalinea.it\/nuovosito\/wp-content\/uploads\/2024\/02\/CALENDARIO_ARCI_SOLIDARIETa_VITERBO-1-1152x1536.jpg 1152w, https:\/\/edizionilalinea.it\/nuovosito\/wp-content\/uploads\/2024\/02\/CALENDARIO_ARCI_SOLIDARIETa_VITERBO-1-9x12.jpg 9w, https:\/\/edizionilalinea.it\/nuovosito\/wp-content\/uploads\/2024\/02\/CALENDARIO_ARCI_SOLIDARIETa_VITERBO-1-578x771.jpg 578w, https:\/\/edizionilalinea.it\/nuovosito\/wp-content\/uploads\/2024\/02\/CALENDARIO_ARCI_SOLIDARIETa_VITERBO-1.jpg 1200w\" sizes=\"auto, (max-width: 700px) 100vw, 700px\" \/><br \/>\n\t\t\t\t\t\t\t\t\t\t\t\t\t\t\t<img decoding=\"async\" width=\"700\" height=\"933\" src=\"https:\/\/edizionilalinea.it\/nuovosito\/wp-content\/uploads\/2024\/02\/CALENDARIO_ARCI_SOLIDARIETa_VITERBO-2-700x933.jpg\" alt=\"\" loading=\"lazy\" srcset=\"https:\/\/edizionilalinea.it\/nuovosito\/wp-content\/uploads\/2024\/02\/CALENDARIO_ARCI_SOLIDARIETa_VITERBO-2-700x933.jpg 700w, https:\/\/edizionilalinea.it\/nuovosito\/wp-content\/uploads\/2024\/02\/CALENDARIO_ARCI_SOLIDARIETa_VITERBO-2-225x300.jpg 225w, https:\/\/edizionilalinea.it\/nuovosito\/wp-content\/uploads\/2024\/02\/CALENDARIO_ARCI_SOLIDARIETa_VITERBO-2-768x1024.jpg 768w, https:\/\/edizionilalinea.it\/nuovosito\/wp-content\/uploads\/2024\/02\/CALENDARIO_ARCI_SOLIDARIETa_VITERBO-2.jpg 1200w\" sizes=\"auto, (max-width: 700px) 100vw, 700px\" \/><br \/>\n\t\t\t\t\t\t\t\t\t\t\t\t\t\t\t<img decoding=\"async\" width=\"700\" height=\"933\" src=\"https:\/\/edizionilalinea.it\/nuovosito\/wp-content\/uploads\/2024\/02\/CALENDARIO_ARCI_SOLIDARIETa_VITERBO-3-1-700x933.jpg\" alt=\"\" loading=\"lazy\" srcset=\"https:\/\/edizionilalinea.it\/nuovosito\/wp-content\/uploads\/2024\/02\/CALENDARIO_ARCI_SOLIDARIETa_VITERBO-3-1-700x933.jpg 700w, https:\/\/edizionilalinea.it\/nuovosito\/wp-content\/uploads\/2024\/02\/CALENDARIO_ARCI_SOLIDARIETa_VITERBO-3-1-225x300.jpg 225w, https:\/\/edizionilalinea.it\/nuovosito\/wp-content\/uploads\/2024\/02\/CALENDARIO_ARCI_SOLIDARIETa_VITERBO-3-1-768x1024.jpg 768w, https:\/\/edizionilalinea.it\/nuovosito\/wp-content\/uploads\/2024\/02\/CALENDARIO_ARCI_SOLIDARIETa_VITERBO-3-1-1152x1536.jpg 1152w, https:\/\/edizionilalinea.it\/nuovosito\/wp-content\/uploads\/2024\/02\/CALENDARIO_ARCI_SOLIDARIETa_VITERBO-3-1-9x12.jpg 9w, https:\/\/edizionilalinea.it\/nuovosito\/wp-content\/uploads\/2024\/02\/CALENDARIO_ARCI_SOLIDARIETa_VITERBO-3-1-578x771.jpg 578w, https:\/\/edizionilalinea.it\/nuovosito\/wp-content\/uploads\/2024\/02\/CALENDARIO_ARCI_SOLIDARIETa_VITERBO-3-1.jpg 1200w\" sizes=\"auto, (max-width: 700px) 100vw, 700px\" \/><br \/>\n\t\t\t\t\t\t\t\t\t\t\t\t\t\t\t<img decoding=\"async\" width=\"700\" height=\"525\" src=\"https:\/\/edizionilalinea.it\/nuovosito\/wp-content\/uploads\/2024\/02\/CALENDARIO_ARCI_SOLIDARIETa_VITERBO-9-700x525.jpg\" alt=\"\" loading=\"lazy\" srcset=\"https:\/\/edizionilalinea.it\/nuovosito\/wp-content\/uploads\/2024\/02\/CALENDARIO_ARCI_SOLIDARIETa_VITERBO-9-700x525.jpg 700w, https:\/\/edizionilalinea.it\/nuovosito\/wp-content\/uploads\/2024\/02\/CALENDARIO_ARCI_SOLIDARIETa_VITERBO-9-300x225.jpg 300w, https:\/\/edizionilalinea.it\/nuovosito\/wp-content\/uploads\/2024\/02\/CALENDARIO_ARCI_SOLIDARIETa_VITERBO-9-768x576.jpg 768w, https:\/\/edizionilalinea.it\/nuovosito\/wp-content\/uploads\/2024\/02\/CALENDARIO_ARCI_SOLIDARIETa_VITERBO-9-1536x1152.jpg 1536w, https:\/\/edizionilalinea.it\/nuovosito\/wp-content\/uploads\/2024\/02\/CALENDARIO_ARCI_SOLIDARIETa_VITERBO-9-16x12.jpg 16w, https:\/\/edizionilalinea.it\/nuovosito\/wp-content\/uploads\/2024\/02\/CALENDARIO_ARCI_SOLIDARIETa_VITERBO-9-578x434.jpg 578w, https:\/\/edizionilalinea.it\/nuovosito\/wp-content\/uploads\/2024\/02\/CALENDARIO_ARCI_SOLIDARIETa_VITERBO-9.jpg 1600w\" sizes=\"auto, (max-width: 700px) 100vw, 700px\" \/><br \/>\n\t\t\t\t\t\t\t\t\t\t\t\t\t\t\t<img decoding=\"async\" width=\"700\" height=\"933\" src=\"https:\/\/edizionilalinea.it\/nuovosito\/wp-content\/uploads\/2024\/02\/CALENDARIO_ARCI_SOLIDARIETa_VITERBO-6-1-700x933.jpg\" alt=\"\" loading=\"lazy\" srcset=\"https:\/\/edizionilalinea.it\/nuovosito\/wp-content\/uploads\/2024\/02\/CALENDARIO_ARCI_SOLIDARIETa_VITERBO-6-1-700x933.jpg 700w, https:\/\/edizionilalinea.it\/nuovosito\/wp-content\/uploads\/2024\/02\/CALENDARIO_ARCI_SOLIDARIETa_VITERBO-6-1-225x300.jpg 225w, https:\/\/edizionilalinea.it\/nuovosito\/wp-content\/uploads\/2024\/02\/CALENDARIO_ARCI_SOLIDARIETa_VITERBO-6-1-768x1024.jpg 768w, https:\/\/edizionilalinea.it\/nuovosito\/wp-content\/uploads\/2024\/02\/CALENDARIO_ARCI_SOLIDARIETa_VITERBO-6-1-1152x1536.jpg 1152w, https:\/\/edizionilalinea.it\/nuovosito\/wp-content\/uploads\/2024\/02\/CALENDARIO_ARCI_SOLIDARIETa_VITERBO-6-1-9x12.jpg 9w, https:\/\/edizionilalinea.it\/nuovosito\/wp-content\/uploads\/2024\/02\/CALENDARIO_ARCI_SOLIDARIETa_VITERBO-6-1-578x771.jpg 578w, https:\/\/edizionilalinea.it\/nuovosito\/wp-content\/uploads\/2024\/02\/CALENDARIO_ARCI_SOLIDARIETa_VITERBO-6-1.jpg 1200w\" sizes=\"auto, (max-width: 700px) 100vw, 700px\" \/><br \/>\n\t\t\t\t\t\t\t\t\t\t\t\t\t\t\t<img decoding=\"async\" width=\"700\" height=\"525\" src=\"https:\/\/edizionilalinea.it\/nuovosito\/wp-content\/uploads\/2024\/02\/CALENDARIO_ARCI_SOLIDARIETa_VITERBO-7-700x525.jpg\" alt=\"\" loading=\"lazy\" srcset=\"https:\/\/edizionilalinea.it\/nuovosito\/wp-content\/uploads\/2024\/02\/CALENDARIO_ARCI_SOLIDARIETa_VITERBO-7-700x525.jpg 700w, https:\/\/edizionilalinea.it\/nuovosito\/wp-content\/uploads\/2024\/02\/CALENDARIO_ARCI_SOLIDARIETa_VITERBO-7-300x225.jpg 300w, https:\/\/edizionilalinea.it\/nuovosito\/wp-content\/uploads\/2024\/02\/CALENDARIO_ARCI_SOLIDARIETa_VITERBO-7-768x576.jpg 768w, https:\/\/edizionilalinea.it\/nuovosito\/wp-content\/uploads\/2024\/02\/CALENDARIO_ARCI_SOLIDARIETa_VITERBO-7-1536x1152.jpg 1536w, https:\/\/edizionilalinea.it\/nuovosito\/wp-content\/uploads\/2024\/02\/CALENDARIO_ARCI_SOLIDARIETa_VITERBO-7-16x12.jpg 16w, https:\/\/edizionilalinea.it\/nuovosito\/wp-content\/uploads\/2024\/02\/CALENDARIO_ARCI_SOLIDARIETa_VITERBO-7-578x434.jpg 578w, https:\/\/edizionilalinea.it\/nuovosito\/wp-content\/uploads\/2024\/02\/CALENDARIO_ARCI_SOLIDARIETa_VITERBO-7.jpg 1600w\" sizes=\"auto, (max-width: 700px) 100vw, 700px\" \/><br \/>\n\t\t\t\t\t\t\t\t\t\t\t\t\t\t\t<img decoding=\"async\" width=\"700\" height=\"525\" src=\"https:\/\/edizionilalinea.it\/nuovosito\/wp-content\/uploads\/2024\/02\/CALENDARIO_ARCI_SOLIDARIETa_VITERBO-5-700x525.jpg\" alt=\"\" loading=\"lazy\" srcset=\"https:\/\/edizionilalinea.it\/nuovosito\/wp-content\/uploads\/2024\/02\/CALENDARIO_ARCI_SOLIDARIETa_VITERBO-5-700x525.jpg 700w, https:\/\/edizionilalinea.it\/nuovosito\/wp-content\/uploads\/2024\/02\/CALENDARIO_ARCI_SOLIDARIETa_VITERBO-5-300x225.jpg 300w, https:\/\/edizionilalinea.it\/nuovosito\/wp-content\/uploads\/2024\/02\/CALENDARIO_ARCI_SOLIDARIETa_VITERBO-5-768x576.jpg 768w, https:\/\/edizionilalinea.it\/nuovosito\/wp-content\/uploads\/2024\/02\/CALENDARIO_ARCI_SOLIDARIETa_VITERBO-5-1536x1152.jpg 1536w, https:\/\/edizionilalinea.it\/nuovosito\/wp-content\/uploads\/2024\/02\/CALENDARIO_ARCI_SOLIDARIETa_VITERBO-5-16x12.jpg 16w, https:\/\/edizionilalinea.it\/nuovosito\/wp-content\/uploads\/2024\/02\/CALENDARIO_ARCI_SOLIDARIETa_VITERBO-5-578x434.jpg 578w, https:\/\/edizionilalinea.it\/nuovosito\/wp-content\/uploads\/2024\/02\/CALENDARIO_ARCI_SOLIDARIETa_VITERBO-5.jpg 1600w\" sizes=\"auto, (max-width: 700px) 100vw, 700px\" \/>\t\t\t\t\t\t\t\t\t\t\t\t\t\t\t<\/p>\n<p><strong>MISSIONE 2 &#8211; IL CALENDARIO<\/strong><\/p>\n<p>Nome della scuola:\u00a0 <strong>ARCI Solidariet\u00e0 Viterbo <\/strong><\/p>\n<p>Insegnanti: <strong>Tiziana Serafini e Valentina Bruno<\/strong><\/p>\n<p>Abbiamo svolto il laboratorio come attivit\u00e0 multilivello, con studentesse e studenti del gruppo di Alfabetizzazione, Pre-A1, A1 e A2 ognuno con un contributo: dalla copiatura di parole alla ricerca di immagini su internet. L&#8217;attivit\u00e0 \u00e8 stata preceduta da un lavoro di gruppo di ricerca del significato dell&#8217;attivit\u00e0, di eventi significativi nei vari Paesi, di ricerca di immagini ecc &#8230;<\/p>\n<p>Insieme alle studentesse e studenti abbiamo deciso di fare questa attivit\u00e0 che abbiamo chiamato &#8221; il nostro calendario&#8221; mese per mese.<\/p>\n<p>A febbraio abbiamo parlato di seminare, potare, carnevale, San Valentino e come far crescere un germoglio e i nostri progetti. \u00c8 iscritto fuori che ci vuole: sole, acqua, attenzione, protezione, amore e&#8230;.fortuna!<\/p>\n<p>\u00a0<\/p>","protected":false},"excerpt":{"rendered":"<p>MISSIONE 2 &#8211; IL CALENDARIO a cura di Tiziana Serafini e Valentina Bruno MISSIONE 2 &#8211; IL CALENDARIO Nome della scuola:\u00a0 ARCI Solidariet\u00e0 Viterbo Insegnanti: Tiziana Serafini e Valentina Bruno Abbiamo svolto il laboratorio come attivit\u00e0 multilivello, con studentesse e studenti del gruppo di Alfabetizzazione, Pre-A1, A1 e A2 ognuno con un contributo: dalla copiatura&#8230;<\/p>\n<p class=\"more-link\"><a href=\"https:\/\/edizionilalinea.it\/nuovosito\/en\/arci\/\"><span>Read More<\/span><i>&#43;<\/i><\/a><\/p>","protected":false},"author":3,"featured_media":0,"parent":0,"menu_order":0,"comment_status":"closed","ping_status":"closed","template":"","meta":{"footnotes":""},"class_list":["post-13346","page","type-page","status-publish","hentry"],"yoast_head":"<!-- This site is optimized with the Yoast SEO plugin v27.4 - https:\/\/yoast.com\/product\/yoast-seo-wordpress\/ -->\n<title>ARCI &#8211; Edizioni La Linea<\/title>\n<meta name=\"robots\" content=\"index, follow, max-snippet:-1, max-image-preview:large, max-video-preview:-1\" \/>\n<link rel=\"canonical\" href=\"https:\/\/edizionilalinea.it\/nuovosito\/en\/arci\/\" \/>\n<meta property=\"og:locale\" content=\"en_GB\" \/>\n<meta property=\"og:type\" content=\"article\" \/>\n<meta property=\"og:title\" content=\"ARCI &#8211; Edizioni La Linea\" \/>\n<meta property=\"og:description\" content=\"MISSIONE 2 &#8211; IL CALENDARIO a cura di Tiziana Serafini e Valentina Bruno MISSIONE 2 &#8211; IL CALENDARIO Nome della scuola:\u00a0 ARCI Solidariet\u00e0 Viterbo Insegnanti: Tiziana Serafini e Valentina Bruno Abbiamo svolto il laboratorio come attivit\u00e0 multilivello, con studentesse e studenti del gruppo di Alfabetizzazione, Pre-A1, A1 e A2 ognuno con un contributo: dalla copiatura&#8230;Read More&#043;\" \/>\n<meta property=\"og:url\" content=\"https:\/\/edizionilalinea.it\/nuovosito\/en\/arci\/\" \/>\n<meta property=\"og:site_name\" content=\"Edizioni La Linea\" \/>\n<meta property=\"article:publisher\" content=\"https:\/\/www.facebook.com\/edizionilalinea\" \/>\n<meta property=\"article:modified_time\" content=\"2024-02-26T14:13:47+00:00\" \/>\n<meta property=\"og:image\" content=\"https:\/\/edizionilalinea.it\/nuovosito\/wp-content\/uploads\/2024\/02\/CALENDARIO_ARCI_SOLIDARIETa_VITERBO-1-700x933.jpg\" \/>\n<meta name=\"twitter:card\" content=\"summary_large_image\" \/>\n<meta name=\"twitter:site\" content=\"@EdizioniLaLinea\" \/>\n<meta name=\"twitter:label1\" content=\"Estimated reading time\" \/>\n\t<meta name=\"twitter:data1\" content=\"3 minutes\" \/>\n<script type=\"application\/ld+json\" class=\"yoast-schema-graph\">{\"@context\":\"https:\\\/\\\/schema.org\",\"@graph\":[{\"@type\":\"WebPage\",\"@id\":\"https:\\\/\\\/edizionilalinea.it\\\/nuovosito\\\/it_it\\\/arci\\\/\",\"url\":\"https:\\\/\\\/edizionilalinea.it\\\/nuovosito\\\/it_it\\\/arci\\\/\",\"name\":\"ARCI &#8211; Edizioni La Linea\",\"isPartOf\":{\"@id\":\"https:\\\/\\\/edizionilalinea.it\\\/nuovosito\\\/#website\"},\"primaryImageOfPage\":{\"@id\":\"https:\\\/\\\/edizionilalinea.it\\\/nuovosito\\\/it_it\\\/arci\\\/#primaryimage\"},\"image\":{\"@id\":\"https:\\\/\\\/edizionilalinea.it\\\/nuovosito\\\/it_it\\\/arci\\\/#primaryimage\"},\"thumbnailUrl\":\"https:\\\/\\\/edizionilalinea.it\\\/nuovosito\\\/wp-content\\\/uploads\\\/2024\\\/02\\\/CALENDARIO_ARCI_SOLIDARIETa_VITERBO-1-700x933.jpg\",\"datePublished\":\"2024-02-26T12:56:17+00:00\",\"dateModified\":\"2024-02-26T14:13:47+00:00\",\"breadcrumb\":{\"@id\":\"https:\\\/\\\/edizionilalinea.it\\\/nuovosito\\\/it_it\\\/arci\\\/#breadcrumb\"},\"inLanguage\":\"en-GB\",\"potentialAction\":[{\"@type\":\"ReadAction\",\"target\":[\"https:\\\/\\\/edizionilalinea.it\\\/nuovosito\\\/it_it\\\/arci\\\/\"]}]},{\"@type\":\"ImageObject\",\"inLanguage\":\"en-GB\",\"@id\":\"https:\\\/\\\/edizionilalinea.it\\\/nuovosito\\\/it_it\\\/arci\\\/#primaryimage\",\"url\":\"https:\\\/\\\/edizionilalinea.it\\\/nuovosito\\\/wp-content\\\/uploads\\\/2024\\\/02\\\/CALENDARIO_ARCI_SOLIDARIETa_VITERBO-1-700x933.jpg\",\"contentUrl\":\"https:\\\/\\\/edizionilalinea.it\\\/nuovosito\\\/wp-content\\\/uploads\\\/2024\\\/02\\\/CALENDARIO_ARCI_SOLIDARIETa_VITERBO-1-700x933.jpg\"},{\"@type\":\"BreadcrumbList\",\"@id\":\"https:\\\/\\\/edizionilalinea.it\\\/nuovosito\\\/it_it\\\/arci\\\/#breadcrumb\",\"itemListElement\":[{\"@type\":\"ListItem\",\"position\":1,\"name\":\"Home\",\"item\":\"https:\\\/\\\/edizionilalinea.it\\\/nuovosito\\\/\"},{\"@type\":\"ListItem\",\"position\":2,\"name\":\"ARCI\"}]},{\"@type\":\"WebSite\",\"@id\":\"https:\\\/\\\/edizionilalinea.it\\\/nuovosito\\\/#website\",\"url\":\"https:\\\/\\\/edizionilalinea.it\\\/nuovosito\\\/\",\"name\":\"Edizioni La Linea\",\"description\":\"\",\"publisher\":{\"@id\":\"https:\\\/\\\/edizionilalinea.it\\\/nuovosito\\\/#organization\"},\"potentialAction\":[{\"@type\":\"SearchAction\",\"target\":{\"@type\":\"EntryPoint\",\"urlTemplate\":\"https:\\\/\\\/edizionilalinea.it\\\/nuovosito\\\/?s={search_term_string}\"},\"query-input\":{\"@type\":\"PropertyValueSpecification\",\"valueRequired\":true,\"valueName\":\"search_term_string\"}}],\"inLanguage\":\"en-GB\"},{\"@type\":\"Organization\",\"@id\":\"https:\\\/\\\/edizionilalinea.it\\\/nuovosito\\\/#organization\",\"name\":\"Edizioni La Linea\",\"url\":\"https:\\\/\\\/edizionilalinea.it\\\/nuovosito\\\/\",\"logo\":{\"@type\":\"ImageObject\",\"inLanguage\":\"en-GB\",\"@id\":\"https:\\\/\\\/edizionilalinea.it\\\/nuovosito\\\/#\\\/schema\\\/logo\\\/image\\\/\",\"url\":\"https:\\\/\\\/edizionilalinea.it\\\/nuovosito\\\/wp-content\\\/uploads\\\/2018\\\/10\\\/La-Linea_loghino.jpg\",\"contentUrl\":\"https:\\\/\\\/edizionilalinea.it\\\/nuovosito\\\/wp-content\\\/uploads\\\/2018\\\/10\\\/La-Linea_loghino.jpg\",\"width\":214,\"height\":210,\"caption\":\"Edizioni La Linea\"},\"image\":{\"@id\":\"https:\\\/\\\/edizionilalinea.it\\\/nuovosito\\\/#\\\/schema\\\/logo\\\/image\\\/\"},\"sameAs\":[\"https:\\\/\\\/www.facebook.com\\\/edizionilalinea\",\"https:\\\/\\\/x.com\\\/EdizioniLaLinea\",\"https:\\\/\\\/www.youtube.com\\\/user\\\/EdizioniLaLinea\"]}]}<\/script>\n<!-- \/ Yoast SEO plugin. -->","yoast_head_json":{"title":"ARCI &#8211; Edizioni La Linea","robots":{"index":"index","follow":"follow","max-snippet":"max-snippet:-1","max-image-preview":"max-image-preview:large","max-video-preview":"max-video-preview:-1"},"canonical":"https:\/\/edizionilalinea.it\/nuovosito\/en\/arci\/","og_locale":"en_GB","og_type":"article","og_title":"ARCI &#8211; Edizioni La Linea","og_description":"MISSIONE 2 &#8211; IL CALENDARIO a cura di Tiziana Serafini e Valentina Bruno MISSIONE 2 &#8211; IL CALENDARIO Nome della scuola:\u00a0 ARCI Solidariet\u00e0 Viterbo Insegnanti: Tiziana Serafini e Valentina Bruno Abbiamo svolto il laboratorio come attivit\u00e0 multilivello, con studentesse e studenti del gruppo di Alfabetizzazione, Pre-A1, A1 e A2 ognuno con un contributo: dalla copiatura&#8230;Read More&#43;","og_url":"https:\/\/edizionilalinea.it\/nuovosito\/en\/arci\/","og_site_name":"Edizioni La Linea","article_publisher":"https:\/\/www.facebook.com\/edizionilalinea","article_modified_time":"2024-02-26T14:13:47+00:00","og_image":[{"url":"https:\/\/edizionilalinea.it\/nuovosito\/wp-content\/uploads\/2024\/02\/CALENDARIO_ARCI_SOLIDARIETa_VITERBO-1-700x933.jpg","type":"","width":"","height":""}],"twitter_card":"summary_large_image","twitter_site":"@EdizioniLaLinea","twitter_misc":{"Estimated reading time":"3 minutes"},"schema":{"@context":"https:\/\/schema.org","@graph":[{"@type":"WebPage","@id":"https:\/\/edizionilalinea.it\/nuovosito\/it_it\/arci\/","url":"https:\/\/edizionilalinea.it\/nuovosito\/it_it\/arci\/","name":"ARCI &#8211; Edizioni La Linea","isPartOf":{"@id":"https:\/\/edizionilalinea.it\/nuovosito\/#website"},"primaryImageOfPage":{"@id":"https:\/\/edizionilalinea.it\/nuovosito\/it_it\/arci\/#primaryimage"},"image":{"@id":"https:\/\/edizionilalinea.it\/nuovosito\/it_it\/arci\/#primaryimage"},"thumbnailUrl":"https:\/\/edizionilalinea.it\/nuovosito\/wp-content\/uploads\/2024\/02\/CALENDARIO_ARCI_SOLIDARIETa_VITERBO-1-700x933.jpg","datePublished":"2024-02-26T12:56:17+00:00","dateModified":"2024-02-26T14:13:47+00:00","breadcrumb":{"@id":"https:\/\/edizionilalinea.it\/nuovosito\/it_it\/arci\/#breadcrumb"},"inLanguage":"en-GB","potentialAction":[{"@type":"ReadAction","target":["https:\/\/edizionilalinea.it\/nuovosito\/it_it\/arci\/"]}]},{"@type":"ImageObject","inLanguage":"en-GB","@id":"https:\/\/edizionilalinea.it\/nuovosito\/it_it\/arci\/#primaryimage","url":"https:\/\/edizionilalinea.it\/nuovosito\/wp-content\/uploads\/2024\/02\/CALENDARIO_ARCI_SOLIDARIETa_VITERBO-1-700x933.jpg","contentUrl":"https:\/\/edizionilalinea.it\/nuovosito\/wp-content\/uploads\/2024\/02\/CALENDARIO_ARCI_SOLIDARIETa_VITERBO-1-700x933.jpg"},{"@type":"BreadcrumbList","@id":"https:\/\/edizionilalinea.it\/nuovosito\/it_it\/arci\/#breadcrumb","itemListElement":[{"@type":"ListItem","position":1,"name":"Home","item":"https:\/\/edizionilalinea.it\/nuovosito\/"},{"@type":"ListItem","position":2,"name":"ARCI"}]},{"@type":"WebSite","@id":"https:\/\/edizionilalinea.it\/nuovosito\/#website","url":"https:\/\/edizionilalinea.it\/nuovosito\/","name":"Edizioni La Linea","description":"","publisher":{"@id":"https:\/\/edizionilalinea.it\/nuovosito\/#organization"},"potentialAction":[{"@type":"SearchAction","target":{"@type":"EntryPoint","urlTemplate":"https:\/\/edizionilalinea.it\/nuovosito\/?s={search_term_string}"},"query-input":{"@type":"PropertyValueSpecification","valueRequired":true,"valueName":"search_term_string"}}],"inLanguage":"en-GB"},{"@type":"Organization","@id":"https:\/\/edizionilalinea.it\/nuovosito\/#organization","name":"Edizioni La Linea","url":"https:\/\/edizionilalinea.it\/nuovosito\/","logo":{"@type":"ImageObject","inLanguage":"en-GB","@id":"https:\/\/edizionilalinea.it\/nuovosito\/#\/schema\/logo\/image\/","url":"https:\/\/edizionilalinea.it\/nuovosito\/wp-content\/uploads\/2018\/10\/La-Linea_loghino.jpg","contentUrl":"https:\/\/edizionilalinea.it\/nuovosito\/wp-content\/uploads\/2018\/10\/La-Linea_loghino.jpg","width":214,"height":210,"caption":"Edizioni La Linea"},"image":{"@id":"https:\/\/edizionilalinea.it\/nuovosito\/#\/schema\/logo\/image\/"},"sameAs":["https:\/\/www.facebook.com\/edizionilalinea","https:\/\/x.com\/EdizioniLaLinea","https:\/\/www.youtube.com\/user\/EdizioniLaLinea"]}]}},"_links":{"self":[{"href":"https:\/\/edizionilalinea.it\/nuovosito\/en\/wp-json\/wp\/v2\/pages\/13346","targetHints":{"allow":["GET"]}}],"collection":[{"href":"https:\/\/edizionilalinea.it\/nuovosito\/en\/wp-json\/wp\/v2\/pages"}],"about":[{"href":"https:\/\/edizionilalinea.it\/nuovosito\/en\/wp-json\/wp\/v2\/types\/page"}],"author":[{"embeddable":true,"href":"https:\/\/edizionilalinea.it\/nuovosito\/en\/wp-json\/wp\/v2\/users\/3"}],"replies":[{"embeddable":true,"href":"https:\/\/edizionilalinea.it\/nuovosito\/en\/wp-json\/wp\/v2\/comments?post=13346"}],"version-history":[{"count":7,"href":"https:\/\/edizionilalinea.it\/nuovosito\/en\/wp-json\/wp\/v2\/pages\/13346\/revisions"}],"predecessor-version":[{"id":13362,"href":"https:\/\/edizionilalinea.it\/nuovosito\/en\/wp-json\/wp\/v2\/pages\/13346\/revisions\/13362"}],"wp:attachment":[{"href":"https:\/\/edizionilalinea.it\/nuovosito\/en\/wp-json\/wp\/v2\/media?parent=13346"}],"curies":[{"name":"wp","href":"https:\/\/api.w.org\/{rel}","templated":true}]}}