{"id":1662,"date":"2019-03-12T10:48:40","date_gmt":"2019-03-12T09:48:40","guid":{"rendered":"https:\/\/edizionilalinea.it\/nuovosito\/?page_id=1662"},"modified":"2025-09-19T11:58:06","modified_gmt":"2025-09-19T09:58:06","slug":"intervista-rossella-vigneri","status":"publish","type":"page","link":"https:\/\/edizionilalinea.it\/nuovosito\/en\/intervista-rossella-vigneri\/","title":{"rendered":"Il sistema di accoglienza a Bologna ai tempi del \u201cDecreto Salvini\u201d"},"content":{"rendered":"<p style=\"text-align: left;\">Con l\u2019approvazione del c.d. \u201cDecreto Salvini\u201d, il sistema di accoglienza e integrazione del territorio bolognese subisce una decisa trasformazione. <strong>Rossella Vigneri<\/strong>\u00a0ci racconta in che modo, spiegandoci che cosa cambia con la nuova normativa e qual \u00e8 l\u2019esperienza della rete Bologna Accoglie.<\/p>\n<figure><img loading=\"lazy\" decoding=\"async\" width=\"1728\" height=\"1152\" src=\"https:\/\/edizionilalinea.it\/nuovosito\/wp-content\/uploads\/2019\/03\/foto-Vigneri.jpg\" alt=\"Rossella Vigneri\" \/><\/figure>\n<p>Rossella Vigneri \u00e8 giornalista specializzata in tematiche sociali, da aprile 2018 Presidente del Comitato metropolitano Arci di Bologna<\/p>\n<h3>La conversione in legge del c.d. \u201cDecreto Salvini\u201d introduce modifiche che ridisegnano il sistema dei servizi di accoglienza. Che cosa accade al sistema di accoglienza diffusa di Bologna? <\/h3>\n<p>Il modello bolognese si fonda sulla pratica dell\u2019accoglienza diffusa, che favorisce i processi di inclusione e soprattutto di interazione e dialogo con la comunit\u00e0.<\/p>\n<p>I richiedenti asilo e rifugiati vivono in piccoli centri o in appartamento e questo accelera naturalmente il percorso di autonomia: gestire la vita domestica, dover interagire con il vicino di casa, orientarsi tra i servizi del quartiere o di un piccolo comune\u2026 sono tutte azioni che possono innescare incontri, alle volte scontri, ma pur sempre occasioni di relazione e confronto con gli abitanti. Senza considerare il diverso impatto che i centri di accoglienza di piccole dimensioni hanno sui cittadini e sui territori rispetto a strutture che ospitano centinaia di persone, di pi\u00f9 complessa gestione e percepite spesso come spazi estranei al contesto e insicuri.<\/p>\n<p>C\u2019\u00e8 \u2013 o meglio c\u2019era \u2013 un altro punto di forza del modello bolognese: fino a un paio di mesi fa gli enti gestori, insieme a Prefettura, Comune, Asl, operavano avendo come orizzonte di riferimento lo SPRAR, il Sistema di Protezione per Richiedenti Asilo e Rifugiati gestito direttamente dai Comuni, che provava a costruire insieme ai migranti un progetto di vita: accompagnati da operatori e in sinergia con i servizi del territorio, le persone accolte negli SPRAR accedevano alle scuole di italiano, a percorsi di inserimento lavorativo e di orientamento, avevano cio\u00e8 maggiori possibilit\u00e0 di integrarsi nel tessuto sociale ed economico della citt\u00e0. Invece di puntare su questo sistema provando a superarne i limiti, il cosiddetto \u201cDecreto Salvini\u201d lo svuota di senso e potenzialit\u00e0, limitandone l\u2019accesso solo a chi \u00e8 gi\u00e0 in possesso dello status di rifugiato o di protezione sussidiaria \u2013 una parte minoritaria rispetto ai richiedenti asilo attualmente presenti negli SPRAR \u2013 e ai minori non accompagnati, escludendo i titolari di protezione umanitaria, tipo di permesso cancellato per legge.<\/p>\n<p>Il sistema di accoglienza torna ad essere gestito secondo una logica unicamente emergenziale e assistenziale attraverso lo strumento dei CAS (Centri di Accoglienza Straordinaria) stabilendo una quota pro capite che passa dai 35 ai 18 euro giornalieri. Chi parteciper\u00e0 ai prossimi bandi indetti dalla Prefettura \u2013 l\u2019Arci non sar\u00e0 tra questi \u2013 sar\u00e0 in grado di offrire un posto letto e qualche pasto, niente di pi\u00f9, preferibilmente in centri di accoglienza di medie e grandi dimensioni e con un numero ridotto di operatori impiegati. Le conseguenze sono drammatiche, per i migranti innanzitutto, che subiscono un\u2019ennesima limitazione dei loro diritti; per i Comuni, che dovranno inevitabilmente farsi carico di chi sar\u00e0 escluso dall\u2019accoglienza e dei servizi non pi\u00f9 garantiti; per i lavoratori, che in questi anni hanno acquisito competenze e professionalit\u00e0 destinate a disperdersi, e per tutta la collettivit\u00e0, attraversata da nuovi conflitti e paure.<\/p>\n<h3>A luglio \u00e8 nata la Rete Bologna Accoglie, un insieme di associazioni fra cui Refugees Welcome Italia, Arci Bologna, Percorsi di Pace, Anpi Bologna, Cgil, Cisl, Uil. Pu\u00f2 raccontarci come \u00e8 nata questa iniziativa e quali sono gli obbiettivi che perseguite?<\/h3>\n<p>Bologna Accoglie \u00e8 una rete aperta e in divenire che sceglie di non restare indifferente di fronte a quanto sta avvenendo nel nostro Paese perch\u00e9 \u00abl\u2019indifferenza alle ingiustizie \u00e8 il male pi\u00f9 grande\u00bb, diceva Primo Levi. \u00c8 un luogo di discussione e confronto in cui dare spazio a quella comunit\u00e0 solidale che si muove in citt\u00e0 e che ogni giorno sceglie di resistere all\u2019odio con atti concreti, informando, parlando nelle scuole, nei circoli, nei luoghi di lavoro, costruendo dal basso reti di accoglienza e gesti di umanit\u00e0, respingendo le politiche razziste messe in atto da questo Governo. \u00c8 nostro dovere raccontare ai cittadini quali sono i veri effetti del cosiddetto \u201cDecreto Salvini\u201d, una legge che viola i diritti dei migranti mettendo in atto tutta una serie di dispositivi discriminatori che paradossalmente, invece di garantire maggiore sicurezza, produrranno pi\u00f9 insicurezza, pi\u00f9 disagio, pi\u00f9 ingiustizie e diseguaglianze. Ma \u00e8 altrettanto importante spingere il nostro sguardo al Mediterraneo, ridotto ormai a un cimitero a cielo aperto, a un deserto che in questo momento nessuna nave di soccorso riesce ad attraversare. Il Governo chiude i porti e annuncia che gli sbarchi nell\u2019ultimo anno sono diminuiti ed \u00e8 vero: sempre meno persone riescono a raggiungere le coste europee, ma, ci siamo domandati, a quale prezzo? 2.275 morti solo nel 2018; una persona ogni 14 arrivate in Europa lungo la rotta libica \u00e8 morta in mare, e altre migliaia di persone sono ricondotte in Libia e rinchiuse nei centri di detenzione.<\/p>\n<p>Mai come in questo momento serve unit\u00e0 e mobilitazione per chiedere al nostro governo e a tutta l\u2019Europa politiche in grado di regolare il fenomeno migratorio rimettendo al centro libert\u00e0 e dignit\u00e0 umana, invece di cercare consensi sulla pelle delle persone.<\/p>\n<h3>La Rete Bologna Accoglie ha rivolto al Sindaco della citt\u00e0 di Bologna alcune richieste circa la disapplicazione di alcune norme contenute nel Decreto Sicurezza e Immigrazione. Quali sono state tali richieste? Quali le reazioni?<\/h3>\n<p>L\u2019obiettivo della rete \u00e8 anche quello di dialogare con le istituzioni e gli altri attori coinvolti \u2013 prefettura, enti gestori, terzo settore \u2013 per rispondere nell\u2019immediato ai bisogni dei richiedenti asilo e dei rifugiati e per chiedere di mettere in atto tutte le misure in grado di ridurre gli effetti del Decreto Salvini. In collaborazione con ASGI, abbiamo elaborato alcune proposte da sottoporre al Comune di Bologna. La prima richiesta \u00e8 quella di garantire l\u2019accesso a tutti i servizi, dall\u2019istruzione alla sanit\u00e0, dai servizi privati, come l\u2019apertura dei conti correnti, ai servizi pubblici, come quelli per il lavoro, anche senza iscrizione anagrafica (con la nuova Legge negata ai richiedenti asilo) e sulla base del semplice domicilio. Il Comune si \u00e8 mostrato disponibile a impegnarsi su questo fronte ma resta il fatto che una fascia di persone viene privata del diritto alla residenza per via delle sue origini: \u00e8 un atto discriminatorio che per noi pu\u00f2 essere risolto soltanto garantendo ai richiedenti asilo l\u2019iscrizione all\u2019anagrafe, un punto non risolto su cui continueremo a batterci. La seconda proposta riguarda i minori stranieri non accompagnati per cui va ribadita \u2013 secondo quanto previsto dalla legge Zampa \u2013 la possibilit\u00e0 di avvalersi del cosiddetto \u201cprosieguo amministrativo\u201d, per assistere i neomaggiorenni fino ai 21 anni di et\u00e0 qualora ci sia bisogno di un percorso pi\u00f9 lungo di integrazione in Italia.\u00a0 C\u2019\u00e8 poi la questione degli spazi di accoglienza: fermo restando la nostra opposizione all\u2019apertura di un CPR \u2013 Centro per il Rimpatrio \u2013 nella nostra citt\u00e0, che consideriamo veri e propri luoghi di privazione di libert\u00e0 e diritti, \u00e8 fondamentale che il Comune si impegni ad aprire luoghi in grado di accogliere persone titolari di permessi umanitari, che oggi sono a rischio di allontanamento immediato dai Centri di Accoglienza Straordinari. Servono spazi ma anche interventi concreti per continuare a garantire un\u2019accoglienza dignitosa a chi arriva nella nostra citt\u00e0 e che rischia di essere respinto ai margini, alimentando nuove povert\u00e0 e soprattutto atti di intolleranza e razzismo. Il percorso \u00e8 appena iniziato e la nostra attenzione su questi temi e sugli impegni presi rester\u00e0 alta.<\/p>","protected":false},"excerpt":{"rendered":"<p>Con l\u2019approvazione del c.d. \u201cDecreto Salvini\u201d, il sistema di accoglienza e integrazione del territorio bolognese subisce una decisa trasformazione. Rossella Vigneri\u00a0ci racconta in che modo, spiegandoci che cosa cambia con la nuova normativa e qual \u00e8 l\u2019esperienza della rete Bologna Accoglie. Rossella Vigneri \u00e8 giornalista specializzata in tematiche sociali, da aprile 2018 Presidente del Comitato&#8230;<\/p>\n<p class=\"more-link\"><a href=\"https:\/\/edizionilalinea.it\/nuovosito\/en\/intervista-rossella-vigneri\/\"><span>Read More<\/span><i>&#43;<\/i><\/a><\/p>","protected":false},"author":3,"featured_media":0,"parent":0,"menu_order":0,"comment_status":"closed","ping_status":"closed","template":"","meta":{"footnotes":""},"class_list":["post-1662","page","type-page","status-publish","hentry"],"yoast_head":"<!-- This site is optimized with the Yoast SEO plugin v27.3 - https:\/\/yoast.com\/product\/yoast-seo-wordpress\/ -->\n<title>Bologna: accoglienza e Decreto Salvini - Intervista a Rossella Vigneri<\/title>\n<meta name=\"description\" content=\"Il sistema di accoglienza del territorio bolognese dopo il Decreto Salvini: i cambiamenti e l&#039;esperienza della rete Bologna Accoglie.\" \/>\n<meta name=\"robots\" content=\"index, follow, max-snippet:-1, max-image-preview:large, max-video-preview:-1\" \/>\n<link rel=\"canonical\" href=\"https:\/\/edizionilalinea.it\/nuovosito\/en\/intervista-rossella-vigneri\/\" \/>\n<meta property=\"og:locale\" content=\"en_GB\" \/>\n<meta property=\"og:type\" content=\"article\" \/>\n<meta property=\"og:title\" content=\"Bologna: accoglienza e Decreto Salvini - Intervista a Rossella Vigneri\" \/>\n<meta property=\"og:description\" content=\"Il sistema di accoglienza del territorio bolognese dopo il Decreto Salvini: i cambiamenti e l&#039;esperienza della rete Bologna Accoglie.\" \/>\n<meta property=\"og:url\" content=\"https:\/\/edizionilalinea.it\/nuovosito\/en\/intervista-rossella-vigneri\/\" \/>\n<meta property=\"og:site_name\" content=\"Edizioni La Linea\" \/>\n<meta property=\"article:publisher\" content=\"https:\/\/www.facebook.com\/edizionilalinea\" \/>\n<meta property=\"article:modified_time\" content=\"2025-09-19T09:58:06+00:00\" \/>\n<meta property=\"og:image\" content=\"https:\/\/edizionilalinea.it\/nuovosito\/wp-content\/uploads\/2019\/03\/foto-Vigneri.jpg\" \/>\n\t<meta property=\"og:image:width\" content=\"1728\" \/>\n\t<meta property=\"og:image:height\" content=\"1152\" \/>\n\t<meta property=\"og:image:type\" content=\"image\/jpeg\" \/>\n<meta name=\"twitter:card\" content=\"summary_large_image\" \/>\n<meta name=\"twitter:site\" content=\"@EdizioniLaLinea\" \/>\n<meta name=\"twitter:label1\" content=\"Estimated reading time\" \/>\n\t<meta name=\"twitter:data1\" content=\"7 minutes\" \/>\n<script type=\"application\/ld+json\" class=\"yoast-schema-graph\">{\"@context\":\"https:\\\/\\\/schema.org\",\"@graph\":[{\"@type\":\"WebPage\",\"@id\":\"https:\\\/\\\/edizionilalinea.it\\\/nuovosito\\\/it_it\\\/intervista-rossella-vigneri\\\/\",\"url\":\"https:\\\/\\\/edizionilalinea.it\\\/nuovosito\\\/it_it\\\/intervista-rossella-vigneri\\\/\",\"name\":\"Bologna: accoglienza e Decreto Salvini - Intervista a Rossella Vigneri\",\"isPartOf\":{\"@id\":\"https:\\\/\\\/edizionilalinea.it\\\/nuovosito\\\/#website\"},\"primaryImageOfPage\":{\"@id\":\"https:\\\/\\\/edizionilalinea.it\\\/nuovosito\\\/it_it\\\/intervista-rossella-vigneri\\\/#primaryimage\"},\"image\":{\"@id\":\"https:\\\/\\\/edizionilalinea.it\\\/nuovosito\\\/it_it\\\/intervista-rossella-vigneri\\\/#primaryimage\"},\"thumbnailUrl\":\"https:\\\/\\\/edizionilalinea.it\\\/nuovosito\\\/wp-content\\\/uploads\\\/2019\\\/03\\\/foto-Vigneri.jpg\",\"datePublished\":\"2019-03-12T09:48:40+00:00\",\"dateModified\":\"2025-09-19T09:58:06+00:00\",\"description\":\"Il sistema di accoglienza del territorio bolognese dopo il Decreto Salvini: i cambiamenti e l'esperienza della rete Bologna Accoglie.\",\"breadcrumb\":{\"@id\":\"https:\\\/\\\/edizionilalinea.it\\\/nuovosito\\\/it_it\\\/intervista-rossella-vigneri\\\/#breadcrumb\"},\"inLanguage\":\"en-GB\",\"potentialAction\":[{\"@type\":\"ReadAction\",\"target\":[\"https:\\\/\\\/edizionilalinea.it\\\/nuovosito\\\/it_it\\\/intervista-rossella-vigneri\\\/\"]}]},{\"@type\":\"ImageObject\",\"inLanguage\":\"en-GB\",\"@id\":\"https:\\\/\\\/edizionilalinea.it\\\/nuovosito\\\/it_it\\\/intervista-rossella-vigneri\\\/#primaryimage\",\"url\":\"https:\\\/\\\/edizionilalinea.it\\\/nuovosito\\\/wp-content\\\/uploads\\\/2019\\\/03\\\/foto-Vigneri.jpg\",\"contentUrl\":\"https:\\\/\\\/edizionilalinea.it\\\/nuovosito\\\/wp-content\\\/uploads\\\/2019\\\/03\\\/foto-Vigneri.jpg\"},{\"@type\":\"BreadcrumbList\",\"@id\":\"https:\\\/\\\/edizionilalinea.it\\\/nuovosito\\\/it_it\\\/intervista-rossella-vigneri\\\/#breadcrumb\",\"itemListElement\":[{\"@type\":\"ListItem\",\"position\":1,\"name\":\"Home\",\"item\":\"https:\\\/\\\/edizionilalinea.it\\\/nuovosito\\\/\"},{\"@type\":\"ListItem\",\"position\":2,\"name\":\"Il sistema di accoglienza a Bologna ai tempi del \u201cDecreto Salvini\u201d\"}]},{\"@type\":\"WebSite\",\"@id\":\"https:\\\/\\\/edizionilalinea.it\\\/nuovosito\\\/#website\",\"url\":\"https:\\\/\\\/edizionilalinea.it\\\/nuovosito\\\/\",\"name\":\"Edizioni La Linea\",\"description\":\"\",\"publisher\":{\"@id\":\"https:\\\/\\\/edizionilalinea.it\\\/nuovosito\\\/#organization\"},\"potentialAction\":[{\"@type\":\"SearchAction\",\"target\":{\"@type\":\"EntryPoint\",\"urlTemplate\":\"https:\\\/\\\/edizionilalinea.it\\\/nuovosito\\\/?s={search_term_string}\"},\"query-input\":{\"@type\":\"PropertyValueSpecification\",\"valueRequired\":true,\"valueName\":\"search_term_string\"}}],\"inLanguage\":\"en-GB\"},{\"@type\":\"Organization\",\"@id\":\"https:\\\/\\\/edizionilalinea.it\\\/nuovosito\\\/#organization\",\"name\":\"Edizioni La Linea\",\"url\":\"https:\\\/\\\/edizionilalinea.it\\\/nuovosito\\\/\",\"logo\":{\"@type\":\"ImageObject\",\"inLanguage\":\"en-GB\",\"@id\":\"https:\\\/\\\/edizionilalinea.it\\\/nuovosito\\\/#\\\/schema\\\/logo\\\/image\\\/\",\"url\":\"https:\\\/\\\/edizionilalinea.it\\\/nuovosito\\\/wp-content\\\/uploads\\\/2018\\\/10\\\/La-Linea_loghino.jpg\",\"contentUrl\":\"https:\\\/\\\/edizionilalinea.it\\\/nuovosito\\\/wp-content\\\/uploads\\\/2018\\\/10\\\/La-Linea_loghino.jpg\",\"width\":214,\"height\":210,\"caption\":\"Edizioni La Linea\"},\"image\":{\"@id\":\"https:\\\/\\\/edizionilalinea.it\\\/nuovosito\\\/#\\\/schema\\\/logo\\\/image\\\/\"},\"sameAs\":[\"https:\\\/\\\/www.facebook.com\\\/edizionilalinea\",\"https:\\\/\\\/x.com\\\/EdizioniLaLinea\",\"https:\\\/\\\/www.youtube.com\\\/user\\\/EdizioniLaLinea\"]}]}<\/script>\n<!-- \/ Yoast SEO plugin. -->","yoast_head_json":{"title":"Bologna: accoglienza e Decreto Salvini - Intervista a Rossella Vigneri","description":"Il sistema di accoglienza del territorio bolognese dopo il Decreto Salvini: i cambiamenti e l'esperienza della rete Bologna Accoglie.","robots":{"index":"index","follow":"follow","max-snippet":"max-snippet:-1","max-image-preview":"max-image-preview:large","max-video-preview":"max-video-preview:-1"},"canonical":"https:\/\/edizionilalinea.it\/nuovosito\/en\/intervista-rossella-vigneri\/","og_locale":"en_GB","og_type":"article","og_title":"Bologna: accoglienza e Decreto Salvini - Intervista a Rossella Vigneri","og_description":"Il sistema di accoglienza del territorio bolognese dopo il Decreto Salvini: i cambiamenti e l'esperienza della rete Bologna Accoglie.","og_url":"https:\/\/edizionilalinea.it\/nuovosito\/en\/intervista-rossella-vigneri\/","og_site_name":"Edizioni La Linea","article_publisher":"https:\/\/www.facebook.com\/edizionilalinea","article_modified_time":"2025-09-19T09:58:06+00:00","og_image":[{"width":1728,"height":1152,"url":"https:\/\/edizionilalinea.it\/nuovosito\/wp-content\/uploads\/2019\/03\/foto-Vigneri.jpg","type":"image\/jpeg"}],"twitter_card":"summary_large_image","twitter_site":"@EdizioniLaLinea","twitter_misc":{"Estimated reading time":"7 minutes"},"schema":{"@context":"https:\/\/schema.org","@graph":[{"@type":"WebPage","@id":"https:\/\/edizionilalinea.it\/nuovosito\/it_it\/intervista-rossella-vigneri\/","url":"https:\/\/edizionilalinea.it\/nuovosito\/it_it\/intervista-rossella-vigneri\/","name":"Bologna: accoglienza e Decreto Salvini - Intervista a Rossella Vigneri","isPartOf":{"@id":"https:\/\/edizionilalinea.it\/nuovosito\/#website"},"primaryImageOfPage":{"@id":"https:\/\/edizionilalinea.it\/nuovosito\/it_it\/intervista-rossella-vigneri\/#primaryimage"},"image":{"@id":"https:\/\/edizionilalinea.it\/nuovosito\/it_it\/intervista-rossella-vigneri\/#primaryimage"},"thumbnailUrl":"https:\/\/edizionilalinea.it\/nuovosito\/wp-content\/uploads\/2019\/03\/foto-Vigneri.jpg","datePublished":"2019-03-12T09:48:40+00:00","dateModified":"2025-09-19T09:58:06+00:00","description":"Il sistema di accoglienza del territorio bolognese dopo il Decreto Salvini: i cambiamenti e l'esperienza della rete Bologna Accoglie.","breadcrumb":{"@id":"https:\/\/edizionilalinea.it\/nuovosito\/it_it\/intervista-rossella-vigneri\/#breadcrumb"},"inLanguage":"en-GB","potentialAction":[{"@type":"ReadAction","target":["https:\/\/edizionilalinea.it\/nuovosito\/it_it\/intervista-rossella-vigneri\/"]}]},{"@type":"ImageObject","inLanguage":"en-GB","@id":"https:\/\/edizionilalinea.it\/nuovosito\/it_it\/intervista-rossella-vigneri\/#primaryimage","url":"https:\/\/edizionilalinea.it\/nuovosito\/wp-content\/uploads\/2019\/03\/foto-Vigneri.jpg","contentUrl":"https:\/\/edizionilalinea.it\/nuovosito\/wp-content\/uploads\/2019\/03\/foto-Vigneri.jpg"},{"@type":"BreadcrumbList","@id":"https:\/\/edizionilalinea.it\/nuovosito\/it_it\/intervista-rossella-vigneri\/#breadcrumb","itemListElement":[{"@type":"ListItem","position":1,"name":"Home","item":"https:\/\/edizionilalinea.it\/nuovosito\/"},{"@type":"ListItem","position":2,"name":"Il sistema di accoglienza a Bologna ai tempi del \u201cDecreto Salvini\u201d"}]},{"@type":"WebSite","@id":"https:\/\/edizionilalinea.it\/nuovosito\/#website","url":"https:\/\/edizionilalinea.it\/nuovosito\/","name":"Edizioni La Linea","description":"","publisher":{"@id":"https:\/\/edizionilalinea.it\/nuovosito\/#organization"},"potentialAction":[{"@type":"SearchAction","target":{"@type":"EntryPoint","urlTemplate":"https:\/\/edizionilalinea.it\/nuovosito\/?s={search_term_string}"},"query-input":{"@type":"PropertyValueSpecification","valueRequired":true,"valueName":"search_term_string"}}],"inLanguage":"en-GB"},{"@type":"Organization","@id":"https:\/\/edizionilalinea.it\/nuovosito\/#organization","name":"Edizioni La Linea","url":"https:\/\/edizionilalinea.it\/nuovosito\/","logo":{"@type":"ImageObject","inLanguage":"en-GB","@id":"https:\/\/edizionilalinea.it\/nuovosito\/#\/schema\/logo\/image\/","url":"https:\/\/edizionilalinea.it\/nuovosito\/wp-content\/uploads\/2018\/10\/La-Linea_loghino.jpg","contentUrl":"https:\/\/edizionilalinea.it\/nuovosito\/wp-content\/uploads\/2018\/10\/La-Linea_loghino.jpg","width":214,"height":210,"caption":"Edizioni La Linea"},"image":{"@id":"https:\/\/edizionilalinea.it\/nuovosito\/#\/schema\/logo\/image\/"},"sameAs":["https:\/\/www.facebook.com\/edizionilalinea","https:\/\/x.com\/EdizioniLaLinea","https:\/\/www.youtube.com\/user\/EdizioniLaLinea"]}]}},"_links":{"self":[{"href":"https:\/\/edizionilalinea.it\/nuovosito\/en\/wp-json\/wp\/v2\/pages\/1662","targetHints":{"allow":["GET"]}}],"collection":[{"href":"https:\/\/edizionilalinea.it\/nuovosito\/en\/wp-json\/wp\/v2\/pages"}],"about":[{"href":"https:\/\/edizionilalinea.it\/nuovosito\/en\/wp-json\/wp\/v2\/types\/page"}],"author":[{"embeddable":true,"href":"https:\/\/edizionilalinea.it\/nuovosito\/en\/wp-json\/wp\/v2\/users\/3"}],"replies":[{"embeddable":true,"href":"https:\/\/edizionilalinea.it\/nuovosito\/en\/wp-json\/wp\/v2\/comments?post=1662"}],"version-history":[{"count":21,"href":"https:\/\/edizionilalinea.it\/nuovosito\/en\/wp-json\/wp\/v2\/pages\/1662\/revisions"}],"predecessor-version":[{"id":14658,"href":"https:\/\/edizionilalinea.it\/nuovosito\/en\/wp-json\/wp\/v2\/pages\/1662\/revisions\/14658"}],"wp:attachment":[{"href":"https:\/\/edizionilalinea.it\/nuovosito\/en\/wp-json\/wp\/v2\/media?parent=1662"}],"curies":[{"name":"wp","href":"https:\/\/api.w.org\/{rel}","templated":true}]}}