{"id":13284,"date":"2024-02-16T12:14:03","date_gmt":"2024-02-16T11:14:03","guid":{"rendered":"https:\/\/edizionilalinea.it\/nuovosito\/?post_type=product&#038;p=13284"},"modified":"2025-11-17T11:47:53","modified_gmt":"2025-11-17T10:47:53","slug":"italiano-in-corso","status":"publish","type":"product","link":"https:\/\/edizionilalinea.it\/nuovosito\/en\/product\/italiano-in-corso\/","title":{"rendered":"Italiano in corso A1"},"content":{"rendered":"<p><strong><em>Italiano in corso<\/em><\/strong><strong>\u00a0\u00e8 un corso di lingua italiana L2 per studenti adulti e\/o giovani adulti che copre i livelli A1 (e A2 con un successivo volume in uscita a fine 2024) del Quadro Comune Europeo di Riferimento per le lingue.<\/strong><\/p>\n<p>Italiano in corso A1 \u00e8 composto da\u00a0<strong>due volumi<\/strong>:<\/p>\n<p>&gt; un\u00a0<strong>manuale didattico (<em>Manuale di italiano L2<\/em>) suddiviso in 9 unit\u00e0<\/strong>, per sviluppare le quattro abilit\u00e0 di base, affrontando tematiche legate alla quotidianit\u00e0 e al soddisfacimento dei bisogni comunicativi primari degli apprendenti.<\/p>\n<p>&gt; un\u00a0<strong>manualetto accessorio, e non obbligatorio, (<em>Attivit\u00e0 comunicative, ludiche e task based per la classe<\/em> in uscita a marzo 2024) interamente composto da attivit\u00e0 ludiche aggiuntive<\/strong>, di\u00a0<strong>produzione orale<\/strong>\u00a0and\u00a0<strong>per compiti comunicativi<\/strong>\u00a0(<em>task<\/em>) collegate alle diverse unit\u00e0 del manuale di riferimento.<\/p>\n<p>&nbsp;<\/p>\n<p>Nel manuale ogni unit\u00e0 didattica \u00e8 composta da attivit\u00e0 volte al potenziamento di:<\/p>\n<p>\u2013 Lessico<\/p>\n<p>\u2013 Comprensione scritta e orale<\/p>\n<p>\u2013 Produzione e interazione scritta e orale<\/p>\n<p>\u2013 Grammatica<\/p>\n<p>\u2013 Testualit\u00e0<\/p>\n<p>\u2013 Riflessione autonoma sugli apprendimenti<\/p>\n<p>\u2013 Fonetica (solo volume A1)<\/p>\n<p>Ogni 3 unit\u00e0 una doppia pagina \u00e8 dedicata ad attivit\u00e0 sui <strong>video<\/strong> collegati agli argomenti trattati.<\/p>\n<p>Dopo le 9 unit\u00e0 trova spazio un\u2019ampia sezione dedicata all\u2018<strong>Educazione Civica\u00a0<\/strong>con l\u2019obiettivo di promuovere la partecipazione piena e consapevole degli studenti alla vita civica, sociale e culturale nella societ\u00e0 italiana.<\/p>\n<p>A corredo dell\u2019opera una\u00a0<strong>webapp\u00a0<\/strong>totalmente open con tutti i materiali accessori all\u2019opera.<\/p>\n<p><em>\u00a0<\/em><\/p>\n<p><em>Italiano in Corso<\/em>\u00a0\u00e8 particolarmente indicato per gli studenti dei corsi di lingua italiana dei CPIA.<\/p>\n<p>&nbsp;<\/p>\n<p>&nbsp;<\/p>\n<p>&nbsp;<\/p>\n<p>&nbsp;<\/p>\n<p>&nbsp;<\/p>\n<p>&nbsp;<\/p>","protected":false},"excerpt":{"rendered":"<p><strong><span style=\"font-family: 'trebuchet ms', geneva, sans-serif; font-size: 18pt;\">\u00a0<\/span><\/strong><\/p>\n<p><span style=\"font-family: 'trebuchet ms', geneva, sans-serif; font-size: 14pt;\">di Valentina Mussi e Martina Mambelli<strong><br \/>\n<\/strong><\/span><\/p>\n<p><strong><span style=\"color: #ff0000;\">IN RISTAMPA E ACQUISTABILE DAL 6 NOVEMBRE 2025. PER PRENOTAZIONI SCRIVERE A: ordini@edizionilalinea.it<\/span><\/strong><\/p>\n<p><span style=\"font-family: 'trebuchet ms', geneva, sans-serif; font-size: 10pt;\">pp.152<\/span><br \/>\n<span style=\"font-family: 'trebuchet ms', geneva, sans-serif; font-size: 10pt;\">Confezione: brossura<\/span><br \/>\n<span style=\"font-family: 'trebuchet ms', geneva, sans-serif; font-size: 10pt;\">Pubblicazione: febbraio 2024<\/span><br \/>\n<span style=\"font-family: trebuchet ms, geneva, sans-serif; font-size: 10pt;\">ISBN: 979-12-81640-00-9<\/span><\/p>\n<p><span style=\"font-family: 'trebuchet ms', geneva, sans-serif; font-size: 10pt;\">\u00a0<\/span><\/p>\n<p>&nbsp;<\/p>","protected":false},"featured_media":12605,"comment_status":"open","ping_status":"closed","template":"","meta":[],"product_brand":[],"product_cat":[48],"product_tag":[],"class_list":{"0":"post-13284","1":"product","2":"type-product","3":"status-publish","4":"has-post-thumbnail","6":"product_cat-la-linea-edu","8":"first","9":"instock","10":"shipping-taxable","11":"purchasable","12":"product-type-simple"},"yoast_head":"<!-- This site is optimized with the Yoast SEO plugin v27.3 - https:\/\/yoast.com\/product\/yoast-seo-wordpress\/ -->\n<title>Italiano in corso A1 &#8211; Edizioni La Linea<\/title>\n<meta name=\"robots\" content=\"index, follow, max-snippet:-1, max-image-preview:large, max-video-preview:-1\" \/>\n<link rel=\"canonical\" href=\"https:\/\/edizionilalinea.it\/nuovosito\/en\/product\/italiano-in-corso\/\" \/>\n<meta property=\"og:locale\" content=\"en_GB\" \/>\n<meta property=\"og:type\" content=\"article\" \/>\n<meta property=\"og:title\" content=\"Italiano in corso A1 &#8211; Edizioni La Linea\" \/>\n<meta property=\"og:description\" content=\"\u00a0  di Valentina Mussi e Martina Mambelli   IN RISTAMPA E ACQUISTABILE DAL 6 NOVEMBRE 2025. PER PRENOTAZIONI SCRIVERE A: ordini@edizionilalinea.it  pp.152 Confezione: brossura Pubblicazione: febbraio 2024 ISBN: 979-12-81640-00-9  \u00a0  &nbsp;\" \/>\n<meta property=\"og:url\" content=\"https:\/\/edizionilalinea.it\/nuovosito\/en\/product\/italiano-in-corso\/\" \/>\n<meta property=\"og:site_name\" content=\"Edizioni La Linea\" \/>\n<meta property=\"article:publisher\" content=\"https:\/\/www.facebook.com\/edizionilalinea\" \/>\n<meta property=\"article:modified_time\" content=\"2025-11-17T10:47:53+00:00\" \/>\n<meta property=\"og:image\" content=\"https:\/\/edizionilalinea.it\/nuovosito\/wp-content\/uploads\/2024\/01\/cover-italiano-in-corso-1.jpg\" \/>\n\t<meta property=\"og:image:width\" content=\"680\" \/>\n\t<meta property=\"og:image:height\" content=\"897\" \/>\n\t<meta property=\"og:image:type\" content=\"image\/jpeg\" \/>\n<meta name=\"twitter:card\" content=\"summary_large_image\" \/>\n<meta name=\"twitter:site\" content=\"@EdizioniLaLinea\" \/>\n<meta name=\"twitter:label1\" content=\"Estimated reading time\" \/>\n\t<meta name=\"twitter:data1\" content=\"2 minutes\" \/>\n<script type=\"application\/ld+json\" class=\"yoast-schema-graph\">{\"@context\":\"https:\\\/\\\/schema.org\",\"@graph\":[{\"@type\":\"WebPage\",\"@id\":\"https:\\\/\\\/edizionilalinea.it\\\/nuovosito\\\/prodotto\\\/italiano-in-corso\\\/\",\"url\":\"https:\\\/\\\/edizionilalinea.it\\\/nuovosito\\\/prodotto\\\/italiano-in-corso\\\/\",\"name\":\"Italiano in corso A1 &#8211; Edizioni La Linea\",\"isPartOf\":{\"@id\":\"https:\\\/\\\/edizionilalinea.it\\\/nuovosito\\\/#website\"},\"primaryImageOfPage\":{\"@id\":\"https:\\\/\\\/edizionilalinea.it\\\/nuovosito\\\/prodotto\\\/italiano-in-corso\\\/#primaryimage\"},\"image\":{\"@id\":\"https:\\\/\\\/edizionilalinea.it\\\/nuovosito\\\/prodotto\\\/italiano-in-corso\\\/#primaryimage\"},\"thumbnailUrl\":\"https:\\\/\\\/edizionilalinea.it\\\/nuovosito\\\/wp-content\\\/uploads\\\/2024\\\/01\\\/cover-italiano-in-corso-1.jpg\",\"datePublished\":\"2024-02-16T11:14:03+00:00\",\"dateModified\":\"2025-11-17T10:47:53+00:00\",\"breadcrumb\":{\"@id\":\"https:\\\/\\\/edizionilalinea.it\\\/nuovosito\\\/prodotto\\\/italiano-in-corso\\\/#breadcrumb\"},\"inLanguage\":\"en-GB\",\"potentialAction\":[{\"@type\":\"ReadAction\",\"target\":[\"https:\\\/\\\/edizionilalinea.it\\\/nuovosito\\\/prodotto\\\/italiano-in-corso\\\/\"]}]},{\"@type\":\"ImageObject\",\"inLanguage\":\"en-GB\",\"@id\":\"https:\\\/\\\/edizionilalinea.it\\\/nuovosito\\\/prodotto\\\/italiano-in-corso\\\/#primaryimage\",\"url\":\"https:\\\/\\\/edizionilalinea.it\\\/nuovosito\\\/wp-content\\\/uploads\\\/2024\\\/01\\\/cover-italiano-in-corso-1.jpg\",\"contentUrl\":\"https:\\\/\\\/edizionilalinea.it\\\/nuovosito\\\/wp-content\\\/uploads\\\/2024\\\/01\\\/cover-italiano-in-corso-1.jpg\",\"width\":680,\"height\":897},{\"@type\":\"BreadcrumbList\",\"@id\":\"https:\\\/\\\/edizionilalinea.it\\\/nuovosito\\\/prodotto\\\/italiano-in-corso\\\/#breadcrumb\",\"itemListElement\":[{\"@type\":\"ListItem\",\"position\":1,\"name\":\"Home\",\"item\":\"https:\\\/\\\/edizionilalinea.it\\\/nuovosito\\\/\"},{\"@type\":\"ListItem\",\"position\":2,\"name\":\"Shop\",\"item\":\"https:\\\/\\\/edizionilalinea.it\\\/nuovosito\\\/negozio\\\/\"},{\"@type\":\"ListItem\",\"position\":3,\"name\":\"Italiano in corso A1\"}]},{\"@type\":\"WebSite\",\"@id\":\"https:\\\/\\\/edizionilalinea.it\\\/nuovosito\\\/#website\",\"url\":\"https:\\\/\\\/edizionilalinea.it\\\/nuovosito\\\/\",\"name\":\"Edizioni La Linea\",\"description\":\"\",\"publisher\":{\"@id\":\"https:\\\/\\\/edizionilalinea.it\\\/nuovosito\\\/#organization\"},\"potentialAction\":[{\"@type\":\"SearchAction\",\"target\":{\"@type\":\"EntryPoint\",\"urlTemplate\":\"https:\\\/\\\/edizionilalinea.it\\\/nuovosito\\\/?s={search_term_string}\"},\"query-input\":{\"@type\":\"PropertyValueSpecification\",\"valueRequired\":true,\"valueName\":\"search_term_string\"}}],\"inLanguage\":\"en-GB\"},{\"@type\":\"Organization\",\"@id\":\"https:\\\/\\\/edizionilalinea.it\\\/nuovosito\\\/#organization\",\"name\":\"Edizioni La Linea\",\"url\":\"https:\\\/\\\/edizionilalinea.it\\\/nuovosito\\\/\",\"logo\":{\"@type\":\"ImageObject\",\"inLanguage\":\"en-GB\",\"@id\":\"https:\\\/\\\/edizionilalinea.it\\\/nuovosito\\\/#\\\/schema\\\/logo\\\/image\\\/\",\"url\":\"https:\\\/\\\/edizionilalinea.it\\\/nuovosito\\\/wp-content\\\/uploads\\\/2018\\\/10\\\/La-Linea_loghino.jpg\",\"contentUrl\":\"https:\\\/\\\/edizionilalinea.it\\\/nuovosito\\\/wp-content\\\/uploads\\\/2018\\\/10\\\/La-Linea_loghino.jpg\",\"width\":214,\"height\":210,\"caption\":\"Edizioni La Linea\"},\"image\":{\"@id\":\"https:\\\/\\\/edizionilalinea.it\\\/nuovosito\\\/#\\\/schema\\\/logo\\\/image\\\/\"},\"sameAs\":[\"https:\\\/\\\/www.facebook.com\\\/edizionilalinea\",\"https:\\\/\\\/x.com\\\/EdizioniLaLinea\",\"https:\\\/\\\/www.youtube.com\\\/user\\\/EdizioniLaLinea\"]}]}<\/script>\n<!-- \/ Yoast SEO plugin. -->","yoast_head_json":{"title":"Italiano in corso A1 &#8211; Edizioni La Linea","robots":{"index":"index","follow":"follow","max-snippet":"max-snippet:-1","max-image-preview":"max-image-preview:large","max-video-preview":"max-video-preview:-1"},"canonical":"https:\/\/edizionilalinea.it\/nuovosito\/en\/product\/italiano-in-corso\/","og_locale":"en_GB","og_type":"article","og_title":"Italiano in corso A1 &#8211; Edizioni La Linea","og_description":"\u00a0  di Valentina Mussi e Martina Mambelli   IN RISTAMPA E ACQUISTABILE DAL 6 NOVEMBRE 2025. PER PRENOTAZIONI SCRIVERE A: ordini@edizionilalinea.it  pp.152 Confezione: brossura Pubblicazione: febbraio 2024 ISBN: 979-12-81640-00-9  \u00a0  &nbsp;","og_url":"https:\/\/edizionilalinea.it\/nuovosito\/en\/product\/italiano-in-corso\/","og_site_name":"Edizioni La Linea","article_publisher":"https:\/\/www.facebook.com\/edizionilalinea","article_modified_time":"2025-11-17T10:47:53+00:00","og_image":[{"width":680,"height":897,"url":"https:\/\/edizionilalinea.it\/nuovosito\/wp-content\/uploads\/2024\/01\/cover-italiano-in-corso-1.jpg","type":"image\/jpeg"}],"twitter_card":"summary_large_image","twitter_site":"@EdizioniLaLinea","twitter_misc":{"Estimated reading time":"2 minutes"},"schema":{"@context":"https:\/\/schema.org","@graph":[{"@type":"WebPage","@id":"https:\/\/edizionilalinea.it\/nuovosito\/prodotto\/italiano-in-corso\/","url":"https:\/\/edizionilalinea.it\/nuovosito\/prodotto\/italiano-in-corso\/","name":"Italiano in corso A1 &#8211; Edizioni La Linea","isPartOf":{"@id":"https:\/\/edizionilalinea.it\/nuovosito\/#website"},"primaryImageOfPage":{"@id":"https:\/\/edizionilalinea.it\/nuovosito\/prodotto\/italiano-in-corso\/#primaryimage"},"image":{"@id":"https:\/\/edizionilalinea.it\/nuovosito\/prodotto\/italiano-in-corso\/#primaryimage"},"thumbnailUrl":"https:\/\/edizionilalinea.it\/nuovosito\/wp-content\/uploads\/2024\/01\/cover-italiano-in-corso-1.jpg","datePublished":"2024-02-16T11:14:03+00:00","dateModified":"2025-11-17T10:47:53+00:00","breadcrumb":{"@id":"https:\/\/edizionilalinea.it\/nuovosito\/prodotto\/italiano-in-corso\/#breadcrumb"},"inLanguage":"en-GB","potentialAction":[{"@type":"ReadAction","target":["https:\/\/edizionilalinea.it\/nuovosito\/prodotto\/italiano-in-corso\/"]}]},{"@type":"ImageObject","inLanguage":"en-GB","@id":"https:\/\/edizionilalinea.it\/nuovosito\/prodotto\/italiano-in-corso\/#primaryimage","url":"https:\/\/edizionilalinea.it\/nuovosito\/wp-content\/uploads\/2024\/01\/cover-italiano-in-corso-1.jpg","contentUrl":"https:\/\/edizionilalinea.it\/nuovosito\/wp-content\/uploads\/2024\/01\/cover-italiano-in-corso-1.jpg","width":680,"height":897},{"@type":"BreadcrumbList","@id":"https:\/\/edizionilalinea.it\/nuovosito\/prodotto\/italiano-in-corso\/#breadcrumb","itemListElement":[{"@type":"ListItem","position":1,"name":"Home","item":"https:\/\/edizionilalinea.it\/nuovosito\/"},{"@type":"ListItem","position":2,"name":"Shop","item":"https:\/\/edizionilalinea.it\/nuovosito\/negozio\/"},{"@type":"ListItem","position":3,"name":"Italiano in corso A1"}]},{"@type":"WebSite","@id":"https:\/\/edizionilalinea.it\/nuovosito\/#website","url":"https:\/\/edizionilalinea.it\/nuovosito\/","name":"Edizioni La Linea","description":"","publisher":{"@id":"https:\/\/edizionilalinea.it\/nuovosito\/#organization"},"potentialAction":[{"@type":"SearchAction","target":{"@type":"EntryPoint","urlTemplate":"https:\/\/edizionilalinea.it\/nuovosito\/?s={search_term_string}"},"query-input":{"@type":"PropertyValueSpecification","valueRequired":true,"valueName":"search_term_string"}}],"inLanguage":"en-GB"},{"@type":"Organization","@id":"https:\/\/edizionilalinea.it\/nuovosito\/#organization","name":"Edizioni La Linea","url":"https:\/\/edizionilalinea.it\/nuovosito\/","logo":{"@type":"ImageObject","inLanguage":"en-GB","@id":"https:\/\/edizionilalinea.it\/nuovosito\/#\/schema\/logo\/image\/","url":"https:\/\/edizionilalinea.it\/nuovosito\/wp-content\/uploads\/2018\/10\/La-Linea_loghino.jpg","contentUrl":"https:\/\/edizionilalinea.it\/nuovosito\/wp-content\/uploads\/2018\/10\/La-Linea_loghino.jpg","width":214,"height":210,"caption":"Edizioni La Linea"},"image":{"@id":"https:\/\/edizionilalinea.it\/nuovosito\/#\/schema\/logo\/image\/"},"sameAs":["https:\/\/www.facebook.com\/edizionilalinea","https:\/\/x.com\/EdizioniLaLinea","https:\/\/www.youtube.com\/user\/EdizioniLaLinea"]}]}},"_links":{"self":[{"href":"https:\/\/edizionilalinea.it\/nuovosito\/en\/wp-json\/wp\/v2\/product\/13284","targetHints":{"allow":["GET"]}}],"collection":[{"href":"https:\/\/edizionilalinea.it\/nuovosito\/en\/wp-json\/wp\/v2\/product"}],"about":[{"href":"https:\/\/edizionilalinea.it\/nuovosito\/en\/wp-json\/wp\/v2\/types\/product"}],"replies":[{"embeddable":true,"href":"https:\/\/edizionilalinea.it\/nuovosito\/en\/wp-json\/wp\/v2\/comments?post=13284"}],"wp:featuredmedia":[{"embeddable":true,"href":"https:\/\/edizionilalinea.it\/nuovosito\/en\/wp-json\/wp\/v2\/media\/12605"}],"wp:attachment":[{"href":"https:\/\/edizionilalinea.it\/nuovosito\/en\/wp-json\/wp\/v2\/media?parent=13284"}],"wp:term":[{"taxonomy":"product_brand","embeddable":true,"href":"https:\/\/edizionilalinea.it\/nuovosito\/en\/wp-json\/wp\/v2\/product_brand?post=13284"},{"taxonomy":"product_cat","embeddable":true,"href":"https:\/\/edizionilalinea.it\/nuovosito\/en\/wp-json\/wp\/v2\/product_cat?post=13284"},{"taxonomy":"product_tag","embeddable":true,"href":"https:\/\/edizionilalinea.it\/nuovosito\/en\/wp-json\/wp\/v2\/product_tag?post=13284"}],"curies":[{"name":"wp","href":"https:\/\/api.w.org\/{rel}","templated":true}]}}