{"id":15045,"date":"2025-11-20T11:30:25","date_gmt":"2025-11-20T10:30:25","guid":{"rendered":"https:\/\/edizionilalinea.it\/nuovosito\/?post_type=product&#038;p=15045"},"modified":"2025-11-20T11:34:38","modified_gmt":"2025-11-20T10:34:38","slug":"italiano-in-corso-a2-attivita-comunicative-ludiche-e-task-based-per-la-classe","status":"publish","type":"product","link":"https:\/\/edizionilalinea.it\/nuovosito\/en\/product\/italiano-in-corso-a2-attivita-comunicative-ludiche-e-task-based-per-la-classe\/","title":{"rendered":"Italiano in corso A2 &#8211; Attivit\u00e0 comunicative, ludiche e task based per la classe"},"content":{"rendered":"<p><strong><em>Italiano in corso<\/em><\/strong><strong>\u00a0\u00e8 un corso di lingua italiana L2 per studenti adulti e\/o giovani adulti che copre i livelli A1 (e A2 con un successivo volume in uscita a fine 2024) del Quadro Comune Europeo di Riferimento per le lingue.<\/strong><\/p>\n<p>Italiano in corso A2 \u00e8 composto da <strong>due volumi<\/strong>:<\/p>\n<blockquote><p>&gt; un <strong>manuale didattico (<em>Manuale di italiano L2<\/em>) suddiviso in 9 unit\u00e0<\/strong>, per sviluppare le quattro abilit\u00e0 di base, affrontando tematiche legate alla quotidianit\u00e0 e al soddisfacimento dei bisogni comunicativi primari degli apprendenti.<\/p>\n<p>&gt; un <strong>manualetto accessorio, e non obbligatorio, (<em>Attivit\u00e0 comunicative, ludiche e task based per la classe<\/em> ) interamente composto da attivit\u00e0 ludiche aggiuntive<\/strong>, di\u00a0<strong>produzione orale<\/strong>\u00a0and\u00a0<strong>per compiti comunicativi<\/strong>\u00a0(<em>task<\/em>) collegate alle diverse unit\u00e0 del manuale di riferimento. Il fascicolo di Attivit\u00e0 comunicative, ludiche e task based per la classe, che pu\u00f2 essere impiegato insieme al Manuale o in maniera autonoma, \u00e8 suddiviso in 9 unit\u00e0 tematiche che presentano attivit\u00e0 ludiche, di produzione orale e per compiti comunicativi (task) ideali per esercitare le competenze linguistiche in modo divertente e collaborativo. In particolare:<\/p>\n<p>&#8211; <strong>38 attivit\u00e0<\/strong>, originali e varie, che permettono di esercitare e sviluppare le capacit\u00e0 linguistiche e comunicative del livello A2.<br \/>\n&#8211; <strong>Flessibilit\u00e0 e adattabilit\u00e0<\/strong> alle diverse fasi della lezione, ai differenti livelli di competenza d\u2019uso della lingua, ai differenti stili di apprendimento e alle diverse composizioni del lavoro di classe (in coppia, in gruppo, a classe intera).<br \/>\n&#8211; <strong>Indicazioni per l\u2019insegnante<\/strong> in pagina.<br \/>\n&#8211; <strong>Chiari esempi<\/strong> di realizzazione delle attivit\u00e0.<br \/>\n&#8211; <strong>Materiali stampabili<\/strong>, guida docente e risorse integrative a portata di click (su computer o smartphone).<\/p><\/blockquote>\n<p>&nbsp;<\/p>\n<p>A corredo dell\u2019opera una <strong>webapp\u00a0<\/strong>totalmente open con tutti i materiali accessori all\u2019opera.<\/p>\n<p><em>\u00a0<\/em><\/p>\n<p><em>\u00a0\u00a0\u00a0\u00a0\u00a0\u00a0\u00a0\u00a0\u00a0 Italiano in Corso<\/em>\u00a0\u00e8 particolarmente indicato per gli studenti dei corsi di lingua italiana dei CPIA.<\/p>\n<p>&nbsp;<\/p>\n<p>&nbsp;<\/p>\n<p>&nbsp;<\/p>\n<p>&nbsp;<\/p>\n<p>&nbsp;<\/p>\n<p>&nbsp;<\/p>","protected":false},"excerpt":{"rendered":"<p><strong><span style=\"font-family: 'trebuchet ms', geneva, sans-serif; font-size: 18pt;\">\u00a0<\/span><\/strong><\/p>\n<p><span style=\"font-family: 'trebuchet ms', geneva, sans-serif; font-size: 14pt;\">di Valentina Mussi e Martina Mambelli<strong><br \/>\n<\/strong><\/span><\/p>\n<p>&nbsp;<\/p>\n<p><span style=\"font-family: 'trebuchet ms', geneva, sans-serif; font-size: 10pt;\">pp.48<\/span><br \/>\n<span style=\"font-family: 'trebuchet ms', geneva, sans-serif; font-size: 10pt;\">Confezione: punto metallico<\/span><br \/>\n<span style=\"font-family: 'trebuchet ms', geneva, sans-serif; font-size: 10pt;\">Pubblicazione: settembre 2025<\/span><br \/>\n<span style=\"font-family: trebuchet ms, geneva, sans-serif; font-size: 10pt;\">ISBN: 979-12-81640-03-0<\/span><\/p>\n<p><span style=\"font-family: 'trebuchet ms', geneva, sans-serif; font-size: 10pt;\">\u00a0<\/span><\/p>\n<p>&nbsp;<\/p>","protected":false},"featured_media":15046,"comment_status":"open","ping_status":"closed","template":"","meta":[],"product_brand":[],"product_cat":[48],"product_tag":[],"class_list":{"0":"post-15045","1":"product","2":"type-product","3":"status-publish","4":"has-post-thumbnail","6":"product_cat-la-linea-edu","8":"first","9":"instock","10":"shipping-taxable","11":"purchasable","12":"product-type-simple"},"yoast_head":"<!-- This site is optimized with the Yoast SEO plugin v27.3 - https:\/\/yoast.com\/product\/yoast-seo-wordpress\/ -->\n<title>Italiano in corso A2 - Attivit\u00e0 comunicative, ludiche e task based per la classe &#8211; Edizioni La Linea<\/title>\n<meta name=\"robots\" content=\"index, follow, max-snippet:-1, max-image-preview:large, max-video-preview:-1\" \/>\n<link rel=\"canonical\" href=\"https:\/\/edizionilalinea.it\/nuovosito\/en\/product\/italiano-in-corso-a2-attivita-comunicative-ludiche-e-task-based-per-la-classe\/\" \/>\n<meta property=\"og:locale\" content=\"en_GB\" \/>\n<meta property=\"og:type\" content=\"article\" \/>\n<meta property=\"og:title\" content=\"Italiano in corso A2 - Attivit\u00e0 comunicative, ludiche e task based per la classe &#8211; Edizioni La Linea\" \/>\n<meta property=\"og:description\" content=\"\u00a0  di Valentina Mussi e Martina Mambelli   &nbsp;  pp.48 Confezione: punto metallico Pubblicazione: settembre 2025 ISBN: 979-12-81640-03-0  \u00a0  &nbsp;\" \/>\n<meta property=\"og:url\" content=\"https:\/\/edizionilalinea.it\/nuovosito\/en\/product\/italiano-in-corso-a2-attivita-comunicative-ludiche-e-task-based-per-la-classe\/\" \/>\n<meta property=\"og:site_name\" content=\"Edizioni La Linea\" \/>\n<meta property=\"article:publisher\" content=\"https:\/\/www.facebook.com\/edizionilalinea\" \/>\n<meta property=\"article:modified_time\" content=\"2025-11-20T10:34:38+00:00\" \/>\n<meta property=\"og:image\" content=\"https:\/\/edizionilalinea.it\/nuovosito\/wp-content\/uploads\/2025\/11\/cover-task-a2.jpg\" \/>\n\t<meta property=\"og:image:width\" content=\"646\" \/>\n\t<meta property=\"og:image:height\" content=\"899\" \/>\n\t<meta property=\"og:image:type\" content=\"image\/jpeg\" \/>\n<meta name=\"twitter:card\" content=\"summary_large_image\" \/>\n<meta name=\"twitter:site\" content=\"@EdizioniLaLinea\" \/>\n<meta name=\"twitter:label1\" content=\"Estimated reading time\" \/>\n\t<meta name=\"twitter:data1\" content=\"1 minute\" \/>\n<script type=\"application\/ld+json\" class=\"yoast-schema-graph\">{\"@context\":\"https:\\\/\\\/schema.org\",\"@graph\":[{\"@type\":\"WebPage\",\"@id\":\"https:\\\/\\\/edizionilalinea.it\\\/nuovosito\\\/prodotto\\\/italiano-in-corso-a2-attivita-comunicative-ludiche-e-task-based-per-la-classe\\\/\",\"url\":\"https:\\\/\\\/edizionilalinea.it\\\/nuovosito\\\/prodotto\\\/italiano-in-corso-a2-attivita-comunicative-ludiche-e-task-based-per-la-classe\\\/\",\"name\":\"Italiano in corso A2 - Attivit\u00e0 comunicative, ludiche e task based per la classe &#8211; Edizioni La Linea\",\"isPartOf\":{\"@id\":\"https:\\\/\\\/edizionilalinea.it\\\/nuovosito\\\/#website\"},\"primaryImageOfPage\":{\"@id\":\"https:\\\/\\\/edizionilalinea.it\\\/nuovosito\\\/prodotto\\\/italiano-in-corso-a2-attivita-comunicative-ludiche-e-task-based-per-la-classe\\\/#primaryimage\"},\"image\":{\"@id\":\"https:\\\/\\\/edizionilalinea.it\\\/nuovosito\\\/prodotto\\\/italiano-in-corso-a2-attivita-comunicative-ludiche-e-task-based-per-la-classe\\\/#primaryimage\"},\"thumbnailUrl\":\"https:\\\/\\\/edizionilalinea.it\\\/nuovosito\\\/wp-content\\\/uploads\\\/2025\\\/11\\\/cover-task-a2.jpg\",\"datePublished\":\"2025-11-20T10:30:25+00:00\",\"dateModified\":\"2025-11-20T10:34:38+00:00\",\"breadcrumb\":{\"@id\":\"https:\\\/\\\/edizionilalinea.it\\\/nuovosito\\\/prodotto\\\/italiano-in-corso-a2-attivita-comunicative-ludiche-e-task-based-per-la-classe\\\/#breadcrumb\"},\"inLanguage\":\"en-GB\",\"potentialAction\":[{\"@type\":\"ReadAction\",\"target\":[\"https:\\\/\\\/edizionilalinea.it\\\/nuovosito\\\/prodotto\\\/italiano-in-corso-a2-attivita-comunicative-ludiche-e-task-based-per-la-classe\\\/\"]}]},{\"@type\":\"ImageObject\",\"inLanguage\":\"en-GB\",\"@id\":\"https:\\\/\\\/edizionilalinea.it\\\/nuovosito\\\/prodotto\\\/italiano-in-corso-a2-attivita-comunicative-ludiche-e-task-based-per-la-classe\\\/#primaryimage\",\"url\":\"https:\\\/\\\/edizionilalinea.it\\\/nuovosito\\\/wp-content\\\/uploads\\\/2025\\\/11\\\/cover-task-a2.jpg\",\"contentUrl\":\"https:\\\/\\\/edizionilalinea.it\\\/nuovosito\\\/wp-content\\\/uploads\\\/2025\\\/11\\\/cover-task-a2.jpg\",\"width\":646,\"height\":899},{\"@type\":\"BreadcrumbList\",\"@id\":\"https:\\\/\\\/edizionilalinea.it\\\/nuovosito\\\/prodotto\\\/italiano-in-corso-a2-attivita-comunicative-ludiche-e-task-based-per-la-classe\\\/#breadcrumb\",\"itemListElement\":[{\"@type\":\"ListItem\",\"position\":1,\"name\":\"Home\",\"item\":\"https:\\\/\\\/edizionilalinea.it\\\/nuovosito\\\/\"},{\"@type\":\"ListItem\",\"position\":2,\"name\":\"Shop\",\"item\":\"https:\\\/\\\/edizionilalinea.it\\\/nuovosito\\\/negozio\\\/\"},{\"@type\":\"ListItem\",\"position\":3,\"name\":\"Italiano in corso A2 &#8211; Attivit\u00e0 comunicative, ludiche e task based per la classe\"}]},{\"@type\":\"WebSite\",\"@id\":\"https:\\\/\\\/edizionilalinea.it\\\/nuovosito\\\/#website\",\"url\":\"https:\\\/\\\/edizionilalinea.it\\\/nuovosito\\\/\",\"name\":\"Edizioni La Linea\",\"description\":\"\",\"publisher\":{\"@id\":\"https:\\\/\\\/edizionilalinea.it\\\/nuovosito\\\/#organization\"},\"potentialAction\":[{\"@type\":\"SearchAction\",\"target\":{\"@type\":\"EntryPoint\",\"urlTemplate\":\"https:\\\/\\\/edizionilalinea.it\\\/nuovosito\\\/?s={search_term_string}\"},\"query-input\":{\"@type\":\"PropertyValueSpecification\",\"valueRequired\":true,\"valueName\":\"search_term_string\"}}],\"inLanguage\":\"en-GB\"},{\"@type\":\"Organization\",\"@id\":\"https:\\\/\\\/edizionilalinea.it\\\/nuovosito\\\/#organization\",\"name\":\"Edizioni La Linea\",\"url\":\"https:\\\/\\\/edizionilalinea.it\\\/nuovosito\\\/\",\"logo\":{\"@type\":\"ImageObject\",\"inLanguage\":\"en-GB\",\"@id\":\"https:\\\/\\\/edizionilalinea.it\\\/nuovosito\\\/#\\\/schema\\\/logo\\\/image\\\/\",\"url\":\"https:\\\/\\\/edizionilalinea.it\\\/nuovosito\\\/wp-content\\\/uploads\\\/2018\\\/10\\\/La-Linea_loghino.jpg\",\"contentUrl\":\"https:\\\/\\\/edizionilalinea.it\\\/nuovosito\\\/wp-content\\\/uploads\\\/2018\\\/10\\\/La-Linea_loghino.jpg\",\"width\":214,\"height\":210,\"caption\":\"Edizioni La Linea\"},\"image\":{\"@id\":\"https:\\\/\\\/edizionilalinea.it\\\/nuovosito\\\/#\\\/schema\\\/logo\\\/image\\\/\"},\"sameAs\":[\"https:\\\/\\\/www.facebook.com\\\/edizionilalinea\",\"https:\\\/\\\/x.com\\\/EdizioniLaLinea\",\"https:\\\/\\\/www.youtube.com\\\/user\\\/EdizioniLaLinea\"]}]}<\/script>\n<!-- \/ Yoast SEO plugin. -->","yoast_head_json":{"title":"Italiano in corso A2 - Attivit\u00e0 comunicative, ludiche e task based per la classe &#8211; Edizioni La Linea","robots":{"index":"index","follow":"follow","max-snippet":"max-snippet:-1","max-image-preview":"max-image-preview:large","max-video-preview":"max-video-preview:-1"},"canonical":"https:\/\/edizionilalinea.it\/nuovosito\/en\/product\/italiano-in-corso-a2-attivita-comunicative-ludiche-e-task-based-per-la-classe\/","og_locale":"en_GB","og_type":"article","og_title":"Italiano in corso A2 - Attivit\u00e0 comunicative, ludiche e task based per la classe &#8211; Edizioni La Linea","og_description":"\u00a0  di Valentina Mussi e Martina Mambelli   &nbsp;  pp.48 Confezione: punto metallico Pubblicazione: settembre 2025 ISBN: 979-12-81640-03-0  \u00a0  &nbsp;","og_url":"https:\/\/edizionilalinea.it\/nuovosito\/en\/product\/italiano-in-corso-a2-attivita-comunicative-ludiche-e-task-based-per-la-classe\/","og_site_name":"Edizioni La Linea","article_publisher":"https:\/\/www.facebook.com\/edizionilalinea","article_modified_time":"2025-11-20T10:34:38+00:00","og_image":[{"width":646,"height":899,"url":"https:\/\/edizionilalinea.it\/nuovosito\/wp-content\/uploads\/2025\/11\/cover-task-a2.jpg","type":"image\/jpeg"}],"twitter_card":"summary_large_image","twitter_site":"@EdizioniLaLinea","twitter_misc":{"Estimated reading time":"1 minute"},"schema":{"@context":"https:\/\/schema.org","@graph":[{"@type":"WebPage","@id":"https:\/\/edizionilalinea.it\/nuovosito\/prodotto\/italiano-in-corso-a2-attivita-comunicative-ludiche-e-task-based-per-la-classe\/","url":"https:\/\/edizionilalinea.it\/nuovosito\/prodotto\/italiano-in-corso-a2-attivita-comunicative-ludiche-e-task-based-per-la-classe\/","name":"Italiano in corso A2 - Attivit\u00e0 comunicative, ludiche e task based per la classe &#8211; Edizioni La Linea","isPartOf":{"@id":"https:\/\/edizionilalinea.it\/nuovosito\/#website"},"primaryImageOfPage":{"@id":"https:\/\/edizionilalinea.it\/nuovosito\/prodotto\/italiano-in-corso-a2-attivita-comunicative-ludiche-e-task-based-per-la-classe\/#primaryimage"},"image":{"@id":"https:\/\/edizionilalinea.it\/nuovosito\/prodotto\/italiano-in-corso-a2-attivita-comunicative-ludiche-e-task-based-per-la-classe\/#primaryimage"},"thumbnailUrl":"https:\/\/edizionilalinea.it\/nuovosito\/wp-content\/uploads\/2025\/11\/cover-task-a2.jpg","datePublished":"2025-11-20T10:30:25+00:00","dateModified":"2025-11-20T10:34:38+00:00","breadcrumb":{"@id":"https:\/\/edizionilalinea.it\/nuovosito\/prodotto\/italiano-in-corso-a2-attivita-comunicative-ludiche-e-task-based-per-la-classe\/#breadcrumb"},"inLanguage":"en-GB","potentialAction":[{"@type":"ReadAction","target":["https:\/\/edizionilalinea.it\/nuovosito\/prodotto\/italiano-in-corso-a2-attivita-comunicative-ludiche-e-task-based-per-la-classe\/"]}]},{"@type":"ImageObject","inLanguage":"en-GB","@id":"https:\/\/edizionilalinea.it\/nuovosito\/prodotto\/italiano-in-corso-a2-attivita-comunicative-ludiche-e-task-based-per-la-classe\/#primaryimage","url":"https:\/\/edizionilalinea.it\/nuovosito\/wp-content\/uploads\/2025\/11\/cover-task-a2.jpg","contentUrl":"https:\/\/edizionilalinea.it\/nuovosito\/wp-content\/uploads\/2025\/11\/cover-task-a2.jpg","width":646,"height":899},{"@type":"BreadcrumbList","@id":"https:\/\/edizionilalinea.it\/nuovosito\/prodotto\/italiano-in-corso-a2-attivita-comunicative-ludiche-e-task-based-per-la-classe\/#breadcrumb","itemListElement":[{"@type":"ListItem","position":1,"name":"Home","item":"https:\/\/edizionilalinea.it\/nuovosito\/"},{"@type":"ListItem","position":2,"name":"Shop","item":"https:\/\/edizionilalinea.it\/nuovosito\/negozio\/"},{"@type":"ListItem","position":3,"name":"Italiano in corso A2 &#8211; Attivit\u00e0 comunicative, ludiche e task based per la classe"}]},{"@type":"WebSite","@id":"https:\/\/edizionilalinea.it\/nuovosito\/#website","url":"https:\/\/edizionilalinea.it\/nuovosito\/","name":"Edizioni La Linea","description":"","publisher":{"@id":"https:\/\/edizionilalinea.it\/nuovosito\/#organization"},"potentialAction":[{"@type":"SearchAction","target":{"@type":"EntryPoint","urlTemplate":"https:\/\/edizionilalinea.it\/nuovosito\/?s={search_term_string}"},"query-input":{"@type":"PropertyValueSpecification","valueRequired":true,"valueName":"search_term_string"}}],"inLanguage":"en-GB"},{"@type":"Organization","@id":"https:\/\/edizionilalinea.it\/nuovosito\/#organization","name":"Edizioni La Linea","url":"https:\/\/edizionilalinea.it\/nuovosito\/","logo":{"@type":"ImageObject","inLanguage":"en-GB","@id":"https:\/\/edizionilalinea.it\/nuovosito\/#\/schema\/logo\/image\/","url":"https:\/\/edizionilalinea.it\/nuovosito\/wp-content\/uploads\/2018\/10\/La-Linea_loghino.jpg","contentUrl":"https:\/\/edizionilalinea.it\/nuovosito\/wp-content\/uploads\/2018\/10\/La-Linea_loghino.jpg","width":214,"height":210,"caption":"Edizioni La Linea"},"image":{"@id":"https:\/\/edizionilalinea.it\/nuovosito\/#\/schema\/logo\/image\/"},"sameAs":["https:\/\/www.facebook.com\/edizionilalinea","https:\/\/x.com\/EdizioniLaLinea","https:\/\/www.youtube.com\/user\/EdizioniLaLinea"]}]}},"_links":{"self":[{"href":"https:\/\/edizionilalinea.it\/nuovosito\/en\/wp-json\/wp\/v2\/product\/15045","targetHints":{"allow":["GET"]}}],"collection":[{"href":"https:\/\/edizionilalinea.it\/nuovosito\/en\/wp-json\/wp\/v2\/product"}],"about":[{"href":"https:\/\/edizionilalinea.it\/nuovosito\/en\/wp-json\/wp\/v2\/types\/product"}],"replies":[{"embeddable":true,"href":"https:\/\/edizionilalinea.it\/nuovosito\/en\/wp-json\/wp\/v2\/comments?post=15045"}],"wp:featuredmedia":[{"embeddable":true,"href":"https:\/\/edizionilalinea.it\/nuovosito\/en\/wp-json\/wp\/v2\/media\/15046"}],"wp:attachment":[{"href":"https:\/\/edizionilalinea.it\/nuovosito\/en\/wp-json\/wp\/v2\/media?parent=15045"}],"wp:term":[{"taxonomy":"product_brand","embeddable":true,"href":"https:\/\/edizionilalinea.it\/nuovosito\/en\/wp-json\/wp\/v2\/product_brand?post=15045"},{"taxonomy":"product_cat","embeddable":true,"href":"https:\/\/edizionilalinea.it\/nuovosito\/en\/wp-json\/wp\/v2\/product_cat?post=15045"},{"taxonomy":"product_tag","embeddable":true,"href":"https:\/\/edizionilalinea.it\/nuovosito\/en\/wp-json\/wp\/v2\/product_tag?post=15045"}],"curies":[{"name":"wp","href":"https:\/\/api.w.org\/{rel}","templated":true}]}}