{"id":2203,"date":"2019-07-04T12:18:49","date_gmt":"2019-07-04T10:18:49","guid":{"rendered":"https:\/\/edizionilalinea.it\/nuovosito\/?post_type=product&#038;p=2203"},"modified":"2022-11-03T11:28:52","modified_gmt":"2022-11-03T10:28:52","slug":"litaliano-smart","status":"publish","type":"product","link":"https:\/\/edizionilalinea.it\/nuovosito\/en\/product\/litaliano-smart\/","title":{"rendered":"Italiano Smart A1"},"content":{"rendered":"<ul>\n<li>20 brevi unit\u00e0 per esercitare le principali abilit\u00e0 comunicative con tanti esercizi da fare direttamente sul libro e in chat<\/li>\n<li>Tutti gli essenziali argomenti linguistici e tematici del livello A1 della lingua italiana<\/li>\n<li>Tutte le consegne delle attivit\u00e0 sono anche in inglese<\/li>\n<li>Soluzioni nel libro<\/li>\n<li>Materiali online ad accesso libero e a portata di click<\/li>\n<\/ul>\n<p><strong>Crea la tua chat di classe per imparare o ripassare l&#8217;italiano in maniera divertente, tra una lezione e l&#8217;altra!<\/strong><\/p>\n<p><a style=\"color: #000080;\" href=\"https:\/\/edizionilalinea.it\/nuovosito\/wp-content\/uploads\/2019\/07\/SPECIMEN.pdf\"><strong>click here and browse some pages<\/strong><\/a><\/p>\n<p><a style=\"color: #000000;\" href=\"https:\/\/www.adgblog.it\/2019\/09\/18\/litaliano-smart-di-edizioni-la-linea-la-recensione\/\">Recensione di L&#8217;italiano smart<\/a>\u00a0in <a style=\"color: #000000;\" href=\"https:\/\/www.adgblog.it\/\">Adgblog<\/a>, il blog ufficiale dell\u2019Accademia del Giglio, scuola di lingua, arte e cultura a Firenze.<\/p>\n<h2>Le autrici<\/h2>\n<p><strong>Valentina Mussi<\/strong> \u00e8 un&#8217;insegnante di italiano L2 a diversi profili d&#8217;apprendenti: adulti, professionisti, ragazzi e bambini.<\/p>\n<p>\u00c8 laureata in Lettere Moderne all&#8217;Universit\u00e0 Statale di Milano ed ha conseguito in seguito un master in &#8220;Promozione e insegnamento della lingua e della cultura italiana a stranieri&#8221; (Promoitals) presso la stessa universit\u00e0. \u00c8 un&#8217;insegnante di italiano come Lingua Due ed \u00e8 specializzata su diversi profili d&#8217;apprendenti: adulti, professionisti, ragazzi e bambini.<br \/>\nValentina Mussi \u00e8 anche autrice di manuali di italiano per stranieri: i lavori pi\u00f9 recenti di cui \u00e8 co-autrice sono <em>Al Centro<\/em> (Loescher \u2013 La Linea) e <em>Italiano \u00e8 Lavoro<\/em> (Officina della Narrazione).<br \/>\nFra le altre attivit\u00e0 insegna italiano L2 e LS on line ed \u00e8 esperta di tecnologie applicate alla didattica.<br \/>\nHa lavorato nelle scuole primarie e secondarie di primo grado di Milano come docente nei laboratori L2, facilitatrice linguistica per neo-arrivati in Italia ed insegnante dei laboratori di fotografia in L2.<br \/>\nAttualmente lavora per la Fondazione Franco Verga, per la quale \u00e8 tra l&#8217;altro responsabile del corso di &#8220;Italiano per il lavoro&#8221; e per Croce Rossa Italiana dove insegna lingua italiana a richiedenti asilo nei Centri d&#8217;Accoglienza Straordinaria.<\/p>\n<p><strong>Alessia Benenti<\/strong> \u00e8 una formatrice e un\u2019insegnante di italiano per stranieri con esperienza in diversi profili di apprendenti: giovani adulti, studenti e lavoratori stranieri, studenti Erasmus, cantanti lirici, studenti delle scuole medie, migranti e richiedenti protezione internazionale.<\/p>\n<p>Laureata in Scienze della Comunicazione, ha conseguito la certificazione DITALS di secondo livello rilasciata dall\u2019Universit\u00e0 per stranieri di Siena e il master in &#8220;Promozione e insegnamento della lingua e della cultura italiana&#8221; (Promoitals) presso l\u2019Universit\u00e0 Statale di Milano.\u00a0Ha tenuto corsi di italiano per richiedenti asilo presso due Centri di Accoglienza Straordinaria a Milano, esperienza da cui \u00e8 nato il manuale <em>Al Centro<\/em> (Loescher &#8211; La Linea), di cui \u00e8 co-autrice, insieme a Valentina Mussi e Martina Mambelli.\u00a0Ha insegnato e insegna a studenti universitari presso il Politecnico di Milano e l\u2019Universit\u00e0 Bocconi. Ha esperienza come facilitatore linguistico nelle scuole secondarie di primo grado per alunni neo-arrivati e sempre nelle scuole medie ha tenuto corsi di formazione docenti.\u00a0Ha tenuto corsi di lingua professionalizzante per operatori sociosanitari stranieri.\u00a0Attualmente insegna italiano L2 presso l\u2019Accademia del Teatro alla Scala, tiene corsi aziendali e collabora con la Fondazione Franco Verga \u2013 associazione che si occupa di attivit\u00e0 di formazione, sostegno e orientamento per i migranti.<\/p>","protected":false},"excerpt":{"rendered":"<p><strong><span style=\"font-family: 'trebuchet ms', geneva, sans-serif; font-size: 18pt;\">Attivit\u00e0 ed esercizi dalla carta alla chat<\/span><\/strong><\/p>\n<p><span style=\"font-family: 'trebuchet ms', geneva, sans-serif; font-size: 14pt;\">by <strong>Alessia Benenti<\/strong> and <strong>Valentina Mussi<\/strong><\/span><\/p>\n<p>&nbsp;<\/p>\n<p><span style=\"font-family: 'trebuchet ms', geneva, sans-serif; font-size: 10pt;\">pp. 48<\/span><br \/>\n<span style=\"font-family: 'trebuchet ms', geneva, sans-serif; font-size: 10pt;\">Confezione: brossura<\/span><br \/>\n<span style=\"font-family: 'trebuchet ms', geneva, sans-serif; font-size: 10pt;\">Pubblicazione: giugno 2019<\/span><br \/>\n<span style=\"font-family: 'trebuchet ms', geneva, sans-serif; font-size: 10pt;\">ISBN: 978-88-97462-69-9<\/span><\/p>\n<p>&nbsp;<\/p>","protected":false},"featured_media":2204,"comment_status":"open","ping_status":"closed","template":"","meta":[],"product_brand":[],"product_cat":[48],"product_tag":[],"class_list":{"0":"post-2203","1":"product","2":"type-product","3":"status-publish","4":"has-post-thumbnail","6":"product_cat-la-linea-edu","8":"first","9":"instock","10":"shipping-taxable","11":"purchasable","12":"product-type-simple"},"yoast_head":"<!-- This site is optimized with the Yoast SEO plugin v27.4 - https:\/\/yoast.com\/product\/yoast-seo-wordpress\/ -->\n<title>L&#039;italiano Smart A1 (Italiano LS\/L2) - Edizioni La Linea<\/title>\n<meta name=\"description\" content=\"Un libro per le classi di italiano LS e L2: obbiettivi comunicativi, grammaticali e lessicali attraverso esercizi sulla carta o in chat.\" \/>\n<meta name=\"robots\" content=\"index, follow, max-snippet:-1, max-image-preview:large, max-video-preview:-1\" \/>\n<link rel=\"canonical\" href=\"https:\/\/edizionilalinea.it\/nuovosito\/en\/product\/litaliano-smart\/\" \/>\n<meta property=\"og:locale\" content=\"en_GB\" \/>\n<meta property=\"og:type\" content=\"article\" \/>\n<meta property=\"og:title\" content=\"L&#039;italiano Smart A1 (Italiano LS\/L2) - Edizioni La Linea\" \/>\n<meta property=\"og:description\" content=\"Un libro per le classi di italiano LS e L2: obbiettivi comunicativi, grammaticali e lessicali attraverso esercizi sulla carta o in chat.\" \/>\n<meta property=\"og:url\" content=\"https:\/\/edizionilalinea.it\/nuovosito\/en\/product\/litaliano-smart\/\" \/>\n<meta property=\"og:site_name\" content=\"Edizioni La Linea\" \/>\n<meta property=\"article:publisher\" content=\"https:\/\/www.facebook.com\/edizionilalinea\" \/>\n<meta property=\"article:modified_time\" content=\"2022-11-03T10:28:52+00:00\" \/>\n<meta property=\"og:image\" content=\"https:\/\/edizionilalinea.it\/nuovosito\/wp-content\/uploads\/2019\/07\/IMG-PRODOTTO.jpg\" \/>\n\t<meta property=\"og:image:width\" content=\"652\" \/>\n\t<meta property=\"og:image:height\" content=\"652\" \/>\n\t<meta property=\"og:image:type\" content=\"image\/jpeg\" \/>\n<meta name=\"twitter:card\" content=\"summary_large_image\" \/>\n<meta name=\"twitter:site\" content=\"@EdizioniLaLinea\" \/>\n<meta name=\"twitter:label1\" content=\"Estimated reading time\" \/>\n\t<meta name=\"twitter:data1\" content=\"3 minutes\" \/>\n<script type=\"application\/ld+json\" class=\"yoast-schema-graph\">{\"@context\":\"https:\\\/\\\/schema.org\",\"@graph\":[{\"@type\":\"WebPage\",\"@id\":\"https:\\\/\\\/edizionilalinea.it\\\/nuovosito\\\/prodotto\\\/litaliano-smart\\\/\",\"url\":\"https:\\\/\\\/edizionilalinea.it\\\/nuovosito\\\/prodotto\\\/litaliano-smart\\\/\",\"name\":\"L'italiano Smart A1 (Italiano LS\\\/L2) - Edizioni La Linea\",\"isPartOf\":{\"@id\":\"https:\\\/\\\/edizionilalinea.it\\\/nuovosito\\\/#website\"},\"primaryImageOfPage\":{\"@id\":\"https:\\\/\\\/edizionilalinea.it\\\/nuovosito\\\/prodotto\\\/litaliano-smart\\\/#primaryimage\"},\"image\":{\"@id\":\"https:\\\/\\\/edizionilalinea.it\\\/nuovosito\\\/prodotto\\\/litaliano-smart\\\/#primaryimage\"},\"thumbnailUrl\":\"https:\\\/\\\/edizionilalinea.it\\\/nuovosito\\\/wp-content\\\/uploads\\\/2019\\\/07\\\/IMG-PRODOTTO.jpg\",\"datePublished\":\"2019-07-04T10:18:49+00:00\",\"dateModified\":\"2022-11-03T10:28:52+00:00\",\"description\":\"Un libro per le classi di italiano LS e L2: obbiettivi comunicativi, grammaticali e lessicali attraverso esercizi sulla carta o in chat.\",\"breadcrumb\":{\"@id\":\"https:\\\/\\\/edizionilalinea.it\\\/nuovosito\\\/prodotto\\\/litaliano-smart\\\/#breadcrumb\"},\"inLanguage\":\"en-GB\",\"potentialAction\":[{\"@type\":\"ReadAction\",\"target\":[\"https:\\\/\\\/edizionilalinea.it\\\/nuovosito\\\/prodotto\\\/litaliano-smart\\\/\"]}]},{\"@type\":\"ImageObject\",\"inLanguage\":\"en-GB\",\"@id\":\"https:\\\/\\\/edizionilalinea.it\\\/nuovosito\\\/prodotto\\\/litaliano-smart\\\/#primaryimage\",\"url\":\"https:\\\/\\\/edizionilalinea.it\\\/nuovosito\\\/wp-content\\\/uploads\\\/2019\\\/07\\\/IMG-PRODOTTO.jpg\",\"contentUrl\":\"https:\\\/\\\/edizionilalinea.it\\\/nuovosito\\\/wp-content\\\/uploads\\\/2019\\\/07\\\/IMG-PRODOTTO.jpg\",\"width\":652,\"height\":652,\"caption\":\"L'italiano smart\"},{\"@type\":\"BreadcrumbList\",\"@id\":\"https:\\\/\\\/edizionilalinea.it\\\/nuovosito\\\/prodotto\\\/litaliano-smart\\\/#breadcrumb\",\"itemListElement\":[{\"@type\":\"ListItem\",\"position\":1,\"name\":\"Home\",\"item\":\"https:\\\/\\\/edizionilalinea.it\\\/nuovosito\\\/\"},{\"@type\":\"ListItem\",\"position\":2,\"name\":\"Shop\",\"item\":\"https:\\\/\\\/edizionilalinea.it\\\/nuovosito\\\/negozio\\\/\"},{\"@type\":\"ListItem\",\"position\":3,\"name\":\"L&#8217;Italiano Smart A1\"}]},{\"@type\":\"WebSite\",\"@id\":\"https:\\\/\\\/edizionilalinea.it\\\/nuovosito\\\/#website\",\"url\":\"https:\\\/\\\/edizionilalinea.it\\\/nuovosito\\\/\",\"name\":\"Edizioni La Linea\",\"description\":\"\",\"publisher\":{\"@id\":\"https:\\\/\\\/edizionilalinea.it\\\/nuovosito\\\/#organization\"},\"potentialAction\":[{\"@type\":\"SearchAction\",\"target\":{\"@type\":\"EntryPoint\",\"urlTemplate\":\"https:\\\/\\\/edizionilalinea.it\\\/nuovosito\\\/?s={search_term_string}\"},\"query-input\":{\"@type\":\"PropertyValueSpecification\",\"valueRequired\":true,\"valueName\":\"search_term_string\"}}],\"inLanguage\":\"en-GB\"},{\"@type\":\"Organization\",\"@id\":\"https:\\\/\\\/edizionilalinea.it\\\/nuovosito\\\/#organization\",\"name\":\"Edizioni La Linea\",\"url\":\"https:\\\/\\\/edizionilalinea.it\\\/nuovosito\\\/\",\"logo\":{\"@type\":\"ImageObject\",\"inLanguage\":\"en-GB\",\"@id\":\"https:\\\/\\\/edizionilalinea.it\\\/nuovosito\\\/#\\\/schema\\\/logo\\\/image\\\/\",\"url\":\"https:\\\/\\\/edizionilalinea.it\\\/nuovosito\\\/wp-content\\\/uploads\\\/2018\\\/10\\\/La-Linea_loghino.jpg\",\"contentUrl\":\"https:\\\/\\\/edizionilalinea.it\\\/nuovosito\\\/wp-content\\\/uploads\\\/2018\\\/10\\\/La-Linea_loghino.jpg\",\"width\":214,\"height\":210,\"caption\":\"Edizioni La Linea\"},\"image\":{\"@id\":\"https:\\\/\\\/edizionilalinea.it\\\/nuovosito\\\/#\\\/schema\\\/logo\\\/image\\\/\"},\"sameAs\":[\"https:\\\/\\\/www.facebook.com\\\/edizionilalinea\",\"https:\\\/\\\/x.com\\\/EdizioniLaLinea\",\"https:\\\/\\\/www.youtube.com\\\/user\\\/EdizioniLaLinea\"]}]}<\/script>\n<!-- \/ Yoast SEO plugin. -->","yoast_head_json":{"title":"L'italiano Smart A1 (Italiano LS\/L2) - Edizioni La Linea","description":"Un libro per le classi di italiano LS e L2: obbiettivi comunicativi, grammaticali e lessicali attraverso esercizi sulla carta o in chat.","robots":{"index":"index","follow":"follow","max-snippet":"max-snippet:-1","max-image-preview":"max-image-preview:large","max-video-preview":"max-video-preview:-1"},"canonical":"https:\/\/edizionilalinea.it\/nuovosito\/en\/product\/litaliano-smart\/","og_locale":"en_GB","og_type":"article","og_title":"L'italiano Smart A1 (Italiano LS\/L2) - Edizioni La Linea","og_description":"Un libro per le classi di italiano LS e L2: obbiettivi comunicativi, grammaticali e lessicali attraverso esercizi sulla carta o in chat.","og_url":"https:\/\/edizionilalinea.it\/nuovosito\/en\/product\/litaliano-smart\/","og_site_name":"Edizioni La Linea","article_publisher":"https:\/\/www.facebook.com\/edizionilalinea","article_modified_time":"2022-11-03T10:28:52+00:00","og_image":[{"width":652,"height":652,"url":"https:\/\/edizionilalinea.it\/nuovosito\/wp-content\/uploads\/2019\/07\/IMG-PRODOTTO.jpg","type":"image\/jpeg"}],"twitter_card":"summary_large_image","twitter_site":"@EdizioniLaLinea","twitter_misc":{"Estimated reading time":"3 minutes"},"schema":{"@context":"https:\/\/schema.org","@graph":[{"@type":"WebPage","@id":"https:\/\/edizionilalinea.it\/nuovosito\/prodotto\/litaliano-smart\/","url":"https:\/\/edizionilalinea.it\/nuovosito\/prodotto\/litaliano-smart\/","name":"L'italiano Smart A1 (Italiano LS\/L2) - Edizioni La Linea","isPartOf":{"@id":"https:\/\/edizionilalinea.it\/nuovosito\/#website"},"primaryImageOfPage":{"@id":"https:\/\/edizionilalinea.it\/nuovosito\/prodotto\/litaliano-smart\/#primaryimage"},"image":{"@id":"https:\/\/edizionilalinea.it\/nuovosito\/prodotto\/litaliano-smart\/#primaryimage"},"thumbnailUrl":"https:\/\/edizionilalinea.it\/nuovosito\/wp-content\/uploads\/2019\/07\/IMG-PRODOTTO.jpg","datePublished":"2019-07-04T10:18:49+00:00","dateModified":"2022-11-03T10:28:52+00:00","description":"Un libro per le classi di italiano LS e L2: obbiettivi comunicativi, grammaticali e lessicali attraverso esercizi sulla carta o in chat.","breadcrumb":{"@id":"https:\/\/edizionilalinea.it\/nuovosito\/prodotto\/litaliano-smart\/#breadcrumb"},"inLanguage":"en-GB","potentialAction":[{"@type":"ReadAction","target":["https:\/\/edizionilalinea.it\/nuovosito\/prodotto\/litaliano-smart\/"]}]},{"@type":"ImageObject","inLanguage":"en-GB","@id":"https:\/\/edizionilalinea.it\/nuovosito\/prodotto\/litaliano-smart\/#primaryimage","url":"https:\/\/edizionilalinea.it\/nuovosito\/wp-content\/uploads\/2019\/07\/IMG-PRODOTTO.jpg","contentUrl":"https:\/\/edizionilalinea.it\/nuovosito\/wp-content\/uploads\/2019\/07\/IMG-PRODOTTO.jpg","width":652,"height":652,"caption":"L'italiano smart"},{"@type":"BreadcrumbList","@id":"https:\/\/edizionilalinea.it\/nuovosito\/prodotto\/litaliano-smart\/#breadcrumb","itemListElement":[{"@type":"ListItem","position":1,"name":"Home","item":"https:\/\/edizionilalinea.it\/nuovosito\/"},{"@type":"ListItem","position":2,"name":"Shop","item":"https:\/\/edizionilalinea.it\/nuovosito\/negozio\/"},{"@type":"ListItem","position":3,"name":"L&#8217;Italiano Smart A1"}]},{"@type":"WebSite","@id":"https:\/\/edizionilalinea.it\/nuovosito\/#website","url":"https:\/\/edizionilalinea.it\/nuovosito\/","name":"Edizioni La Linea","description":"","publisher":{"@id":"https:\/\/edizionilalinea.it\/nuovosito\/#organization"},"potentialAction":[{"@type":"SearchAction","target":{"@type":"EntryPoint","urlTemplate":"https:\/\/edizionilalinea.it\/nuovosito\/?s={search_term_string}"},"query-input":{"@type":"PropertyValueSpecification","valueRequired":true,"valueName":"search_term_string"}}],"inLanguage":"en-GB"},{"@type":"Organization","@id":"https:\/\/edizionilalinea.it\/nuovosito\/#organization","name":"Edizioni La Linea","url":"https:\/\/edizionilalinea.it\/nuovosito\/","logo":{"@type":"ImageObject","inLanguage":"en-GB","@id":"https:\/\/edizionilalinea.it\/nuovosito\/#\/schema\/logo\/image\/","url":"https:\/\/edizionilalinea.it\/nuovosito\/wp-content\/uploads\/2018\/10\/La-Linea_loghino.jpg","contentUrl":"https:\/\/edizionilalinea.it\/nuovosito\/wp-content\/uploads\/2018\/10\/La-Linea_loghino.jpg","width":214,"height":210,"caption":"Edizioni La Linea"},"image":{"@id":"https:\/\/edizionilalinea.it\/nuovosito\/#\/schema\/logo\/image\/"},"sameAs":["https:\/\/www.facebook.com\/edizionilalinea","https:\/\/x.com\/EdizioniLaLinea","https:\/\/www.youtube.com\/user\/EdizioniLaLinea"]}]}},"_links":{"self":[{"href":"https:\/\/edizionilalinea.it\/nuovosito\/en\/wp-json\/wp\/v2\/product\/2203","targetHints":{"allow":["GET"]}}],"collection":[{"href":"https:\/\/edizionilalinea.it\/nuovosito\/en\/wp-json\/wp\/v2\/product"}],"about":[{"href":"https:\/\/edizionilalinea.it\/nuovosito\/en\/wp-json\/wp\/v2\/types\/product"}],"replies":[{"embeddable":true,"href":"https:\/\/edizionilalinea.it\/nuovosito\/en\/wp-json\/wp\/v2\/comments?post=2203"}],"wp:featuredmedia":[{"embeddable":true,"href":"https:\/\/edizionilalinea.it\/nuovosito\/en\/wp-json\/wp\/v2\/media\/2204"}],"wp:attachment":[{"href":"https:\/\/edizionilalinea.it\/nuovosito\/en\/wp-json\/wp\/v2\/media?parent=2203"}],"wp:term":[{"taxonomy":"product_brand","embeddable":true,"href":"https:\/\/edizionilalinea.it\/nuovosito\/en\/wp-json\/wp\/v2\/product_brand?post=2203"},{"taxonomy":"product_cat","embeddable":true,"href":"https:\/\/edizionilalinea.it\/nuovosito\/en\/wp-json\/wp\/v2\/product_cat?post=2203"},{"taxonomy":"product_tag","embeddable":true,"href":"https:\/\/edizionilalinea.it\/nuovosito\/en\/wp-json\/wp\/v2\/product_tag?post=2203"}],"curies":[{"name":"wp","href":"https:\/\/api.w.org\/{rel}","templated":true}]}}