{"id":4604,"date":"2021-09-22T15:37:00","date_gmt":"2021-09-22T13:37:00","guid":{"rendered":"https:\/\/edizionilalinea.it\/nuovosito\/?post_type=product&#038;p=4604"},"modified":"2024-01-22T17:01:14","modified_gmt":"2024-01-22T16:01:14","slug":"unu-dy-san","status":"publish","type":"product","link":"https:\/\/edizionilalinea.it\/nuovosito\/en\/product\/unu-dy-san\/","title":{"rendered":"Unu, dy, s\u0101n"},"content":{"rendered":"<p><span style=\"font-family: comic sans ms, sans-serif; font-size: 14pt;\"><em>Una risorsa indispensabile per i docenti della scuola di oggi. <\/em><em>Per centrare l\u2019obiettivo posto dalla nuova competenza-chiave europea a proposito di multilinguismo.<\/em><\/span><\/p>\n<p><span style=\"font-family: comic sans ms, sans-serif; font-size: 14pt;\">The volume collects some of the most significant <strong>multilingual educational activities<\/strong> che, a partire dal 2016, alcune scuole del Primo ciclo (elementari e medie), aderenti al progetto l<em>\u2019AltRoparlante <\/em>dell\u2019<em>of the University for Foreigners of Siena,<\/em>have conceived and carried out to enhance <strong>multilingualism <\/strong>and use it as important resource for teaching Italian to school pupils.<\/span><\/p>\n<p><span style=\"font-family: comic sans ms, sans-serif; font-size: 14pt;\">\u25b6\ufe0e Il volume \u00e8 un vero e proprio itinerario attraverso un insieme di attivit\u00e0 di insegnamento-apprendimento, e offre agli insegnanti <strong>tante attivit\u00e0 ben descritte e illustrate che si possono impiegare\/adattare facilmente alle lezioni quotidiane<\/strong>.<\/span><\/p>\n<p><span style=\"font-family: comic sans ms, sans-serif; font-size: 14pt;\">\u25b6\ufe0e Il progetto prevede <strong>l\u2019integrazione graduale<\/strong> di attivit\u00e0 orientate alla <strong>didattica plurilin\u00adgue<\/strong> nelle lezioni curricolari, incorporando nel percorso educativo tutte le lingue presenti in classe (quelle degli studenti con background mi\u00adgratorio o bilingui emergenti, i dialetti, le lingue di studio ecc.).<\/span><\/p>\n<p><span style=\"font-family: comic sans ms, sans-serif; font-size: 14pt;\">\u25b6\ufe0e L\u2019italiano \u00e8 valorizzato accanto alle altre lingue in <strong>un\u2019ottica di non-esclusione<\/strong>, offrendo a docenti, mediatori, facilitatori validi spunti di riflessione e azione all\u2019interno di <strong>gruppi classe eterogenei<\/strong>.<\/span><\/p>\n<p><span style=\"font-family: comic sans ms, sans-serif; font-size: 14pt;\">SFOGLIA ALCUNE PAGINE A QUESTO <a href=\"https:\/\/edizionilalinea.it\/nuovosito\/wp-content\/uploads\/2021\/10\/Estratto_Unu.Dy_.San_.pdf\">LINK<\/a><\/span><\/p>","protected":false},"excerpt":{"rendered":"<p><strong><span style=\"font-family: 'trebuchet ms', geneva, sans-serif; font-size: 18pt;\">Proposte operative per la didattica plurilingue nella scuola del primo ciclo\u00a0<\/span><\/strong><\/p>\n<p><span style=\"font-family: 'trebuchet ms', geneva, sans-serif; font-size: 14pt;\">a cura di Valentina Carbonara e Andrea Scibetta\u00a0<\/span><\/p>\n<p>&nbsp;<\/p>\n<p><span style=\"font-family: 'trebuchet ms', geneva, sans-serif; font-size: 10pt;\">pp. 160<\/span><br \/>\n<span style=\"font-family: 'trebuchet ms', geneva, sans-serif; font-size: 10pt;\">Confezione: brossura<\/span><br \/>\n<span style=\"font-family: 'trebuchet ms', geneva, sans-serif; font-size: 10pt;\">Pubblicazione: settembre 2021<\/span><br \/>\n<span style=\"font-family: 'trebuchet ms', geneva, sans-serif; font-size: 10pt;\">ISBN: 978-88-97462-84-2<\/span><\/p>","protected":false},"featured_media":4700,"comment_status":"open","ping_status":"closed","template":"","meta":[],"product_brand":[],"product_cat":[48],"product_tag":[],"class_list":{"0":"post-4604","1":"product","2":"type-product","3":"status-publish","4":"has-post-thumbnail","6":"product_cat-la-linea-edu","8":"first","9":"instock","10":"shipping-taxable","11":"purchasable","12":"product-type-simple"},"yoast_head":"<!-- This site is optimized with the Yoast SEO plugin v27.3 - https:\/\/yoast.com\/product\/yoast-seo-wordpress\/ -->\n<title>Unu, dy, s\u0101n &#8211; Edizioni La Linea<\/title>\n<meta name=\"robots\" content=\"index, follow, max-snippet:-1, max-image-preview:large, max-video-preview:-1\" \/>\n<link rel=\"canonical\" href=\"https:\/\/edizionilalinea.it\/nuovosito\/en\/product\/unu-dy-san\/\" \/>\n<meta property=\"og:locale\" content=\"en_GB\" \/>\n<meta property=\"og:type\" content=\"article\" \/>\n<meta property=\"og:title\" content=\"Unu, dy, s\u0101n &#8211; Edizioni La Linea\" \/>\n<meta property=\"og:description\" content=\"Proposte operative per la didattica plurilingue nella scuola del primo ciclo\u00a0  a cura di Valentina Carbonara e Andrea Scibetta\u00a0  &nbsp;  pp. 160 Confezione: brossura Pubblicazione: settembre 2021 ISBN: 978-88-97462-84-2\" \/>\n<meta property=\"og:url\" content=\"https:\/\/edizionilalinea.it\/nuovosito\/en\/product\/unu-dy-san\/\" \/>\n<meta property=\"og:site_name\" content=\"Edizioni La Linea\" \/>\n<meta property=\"article:publisher\" content=\"https:\/\/www.facebook.com\/edizionilalinea\" \/>\n<meta property=\"article:modified_time\" content=\"2024-01-22T16:01:14+00:00\" \/>\n<meta property=\"og:image\" content=\"https:\/\/edizionilalinea.it\/nuovosito\/wp-content\/uploads\/2021\/09\/unu_cover_ombra_3.jpg\" \/>\n\t<meta property=\"og:image:width\" content=\"652\" \/>\n\t<meta property=\"og:image:height\" content=\"652\" \/>\n\t<meta property=\"og:image:type\" content=\"image\/jpeg\" \/>\n<meta name=\"twitter:card\" content=\"summary_large_image\" \/>\n<meta name=\"twitter:site\" content=\"@EdizioniLaLinea\" \/>\n<meta name=\"twitter:label1\" content=\"Estimated reading time\" \/>\n\t<meta name=\"twitter:data1\" content=\"1 minute\" \/>\n<script type=\"application\/ld+json\" class=\"yoast-schema-graph\">{\"@context\":\"https:\\\/\\\/schema.org\",\"@graph\":[{\"@type\":\"WebPage\",\"@id\":\"https:\\\/\\\/edizionilalinea.it\\\/nuovosito\\\/prodotto\\\/unu-dy-san\\\/\",\"url\":\"https:\\\/\\\/edizionilalinea.it\\\/nuovosito\\\/prodotto\\\/unu-dy-san\\\/\",\"name\":\"Unu, dy, s\u0101n &#8211; Edizioni La Linea\",\"isPartOf\":{\"@id\":\"https:\\\/\\\/edizionilalinea.it\\\/nuovosito\\\/#website\"},\"primaryImageOfPage\":{\"@id\":\"https:\\\/\\\/edizionilalinea.it\\\/nuovosito\\\/prodotto\\\/unu-dy-san\\\/#primaryimage\"},\"image\":{\"@id\":\"https:\\\/\\\/edizionilalinea.it\\\/nuovosito\\\/prodotto\\\/unu-dy-san\\\/#primaryimage\"},\"thumbnailUrl\":\"https:\\\/\\\/edizionilalinea.it\\\/nuovosito\\\/wp-content\\\/uploads\\\/2021\\\/09\\\/unu_cover_ombra_3.jpg\",\"datePublished\":\"2021-09-22T13:37:00+00:00\",\"dateModified\":\"2024-01-22T16:01:14+00:00\",\"breadcrumb\":{\"@id\":\"https:\\\/\\\/edizionilalinea.it\\\/nuovosito\\\/prodotto\\\/unu-dy-san\\\/#breadcrumb\"},\"inLanguage\":\"en-GB\",\"potentialAction\":[{\"@type\":\"ReadAction\",\"target\":[\"https:\\\/\\\/edizionilalinea.it\\\/nuovosito\\\/prodotto\\\/unu-dy-san\\\/\"]}]},{\"@type\":\"ImageObject\",\"inLanguage\":\"en-GB\",\"@id\":\"https:\\\/\\\/edizionilalinea.it\\\/nuovosito\\\/prodotto\\\/unu-dy-san\\\/#primaryimage\",\"url\":\"https:\\\/\\\/edizionilalinea.it\\\/nuovosito\\\/wp-content\\\/uploads\\\/2021\\\/09\\\/unu_cover_ombra_3.jpg\",\"contentUrl\":\"https:\\\/\\\/edizionilalinea.it\\\/nuovosito\\\/wp-content\\\/uploads\\\/2021\\\/09\\\/unu_cover_ombra_3.jpg\",\"width\":652,\"height\":652},{\"@type\":\"BreadcrumbList\",\"@id\":\"https:\\\/\\\/edizionilalinea.it\\\/nuovosito\\\/prodotto\\\/unu-dy-san\\\/#breadcrumb\",\"itemListElement\":[{\"@type\":\"ListItem\",\"position\":1,\"name\":\"Home\",\"item\":\"https:\\\/\\\/edizionilalinea.it\\\/nuovosito\\\/\"},{\"@type\":\"ListItem\",\"position\":2,\"name\":\"Shop\",\"item\":\"https:\\\/\\\/edizionilalinea.it\\\/nuovosito\\\/negozio\\\/\"},{\"@type\":\"ListItem\",\"position\":3,\"name\":\"Unu, dy, s\u0101n\"}]},{\"@type\":\"WebSite\",\"@id\":\"https:\\\/\\\/edizionilalinea.it\\\/nuovosito\\\/#website\",\"url\":\"https:\\\/\\\/edizionilalinea.it\\\/nuovosito\\\/\",\"name\":\"Edizioni La Linea\",\"description\":\"\",\"publisher\":{\"@id\":\"https:\\\/\\\/edizionilalinea.it\\\/nuovosito\\\/#organization\"},\"potentialAction\":[{\"@type\":\"SearchAction\",\"target\":{\"@type\":\"EntryPoint\",\"urlTemplate\":\"https:\\\/\\\/edizionilalinea.it\\\/nuovosito\\\/?s={search_term_string}\"},\"query-input\":{\"@type\":\"PropertyValueSpecification\",\"valueRequired\":true,\"valueName\":\"search_term_string\"}}],\"inLanguage\":\"en-GB\"},{\"@type\":\"Organization\",\"@id\":\"https:\\\/\\\/edizionilalinea.it\\\/nuovosito\\\/#organization\",\"name\":\"Edizioni La Linea\",\"url\":\"https:\\\/\\\/edizionilalinea.it\\\/nuovosito\\\/\",\"logo\":{\"@type\":\"ImageObject\",\"inLanguage\":\"en-GB\",\"@id\":\"https:\\\/\\\/edizionilalinea.it\\\/nuovosito\\\/#\\\/schema\\\/logo\\\/image\\\/\",\"url\":\"https:\\\/\\\/edizionilalinea.it\\\/nuovosito\\\/wp-content\\\/uploads\\\/2018\\\/10\\\/La-Linea_loghino.jpg\",\"contentUrl\":\"https:\\\/\\\/edizionilalinea.it\\\/nuovosito\\\/wp-content\\\/uploads\\\/2018\\\/10\\\/La-Linea_loghino.jpg\",\"width\":214,\"height\":210,\"caption\":\"Edizioni La Linea\"},\"image\":{\"@id\":\"https:\\\/\\\/edizionilalinea.it\\\/nuovosito\\\/#\\\/schema\\\/logo\\\/image\\\/\"},\"sameAs\":[\"https:\\\/\\\/www.facebook.com\\\/edizionilalinea\",\"https:\\\/\\\/x.com\\\/EdizioniLaLinea\",\"https:\\\/\\\/www.youtube.com\\\/user\\\/EdizioniLaLinea\"]}]}<\/script>\n<!-- \/ Yoast SEO plugin. -->","yoast_head_json":{"title":"Unu, dy, s\u0101n &#8211; Edizioni La Linea","robots":{"index":"index","follow":"follow","max-snippet":"max-snippet:-1","max-image-preview":"max-image-preview:large","max-video-preview":"max-video-preview:-1"},"canonical":"https:\/\/edizionilalinea.it\/nuovosito\/en\/product\/unu-dy-san\/","og_locale":"en_GB","og_type":"article","og_title":"Unu, dy, s\u0101n &#8211; Edizioni La Linea","og_description":"Proposte operative per la didattica plurilingue nella scuola del primo ciclo\u00a0  a cura di Valentina Carbonara e Andrea Scibetta\u00a0  &nbsp;  pp. 160 Confezione: brossura Pubblicazione: settembre 2021 ISBN: 978-88-97462-84-2","og_url":"https:\/\/edizionilalinea.it\/nuovosito\/en\/product\/unu-dy-san\/","og_site_name":"Edizioni La Linea","article_publisher":"https:\/\/www.facebook.com\/edizionilalinea","article_modified_time":"2024-01-22T16:01:14+00:00","og_image":[{"width":652,"height":652,"url":"https:\/\/edizionilalinea.it\/nuovosito\/wp-content\/uploads\/2021\/09\/unu_cover_ombra_3.jpg","type":"image\/jpeg"}],"twitter_card":"summary_large_image","twitter_site":"@EdizioniLaLinea","twitter_misc":{"Estimated reading time":"1 minute"},"schema":{"@context":"https:\/\/schema.org","@graph":[{"@type":"WebPage","@id":"https:\/\/edizionilalinea.it\/nuovosito\/prodotto\/unu-dy-san\/","url":"https:\/\/edizionilalinea.it\/nuovosito\/prodotto\/unu-dy-san\/","name":"Unu, dy, s\u0101n &#8211; Edizioni La Linea","isPartOf":{"@id":"https:\/\/edizionilalinea.it\/nuovosito\/#website"},"primaryImageOfPage":{"@id":"https:\/\/edizionilalinea.it\/nuovosito\/prodotto\/unu-dy-san\/#primaryimage"},"image":{"@id":"https:\/\/edizionilalinea.it\/nuovosito\/prodotto\/unu-dy-san\/#primaryimage"},"thumbnailUrl":"https:\/\/edizionilalinea.it\/nuovosito\/wp-content\/uploads\/2021\/09\/unu_cover_ombra_3.jpg","datePublished":"2021-09-22T13:37:00+00:00","dateModified":"2024-01-22T16:01:14+00:00","breadcrumb":{"@id":"https:\/\/edizionilalinea.it\/nuovosito\/prodotto\/unu-dy-san\/#breadcrumb"},"inLanguage":"en-GB","potentialAction":[{"@type":"ReadAction","target":["https:\/\/edizionilalinea.it\/nuovosito\/prodotto\/unu-dy-san\/"]}]},{"@type":"ImageObject","inLanguage":"en-GB","@id":"https:\/\/edizionilalinea.it\/nuovosito\/prodotto\/unu-dy-san\/#primaryimage","url":"https:\/\/edizionilalinea.it\/nuovosito\/wp-content\/uploads\/2021\/09\/unu_cover_ombra_3.jpg","contentUrl":"https:\/\/edizionilalinea.it\/nuovosito\/wp-content\/uploads\/2021\/09\/unu_cover_ombra_3.jpg","width":652,"height":652},{"@type":"BreadcrumbList","@id":"https:\/\/edizionilalinea.it\/nuovosito\/prodotto\/unu-dy-san\/#breadcrumb","itemListElement":[{"@type":"ListItem","position":1,"name":"Home","item":"https:\/\/edizionilalinea.it\/nuovosito\/"},{"@type":"ListItem","position":2,"name":"Shop","item":"https:\/\/edizionilalinea.it\/nuovosito\/negozio\/"},{"@type":"ListItem","position":3,"name":"Unu, dy, s\u0101n"}]},{"@type":"WebSite","@id":"https:\/\/edizionilalinea.it\/nuovosito\/#website","url":"https:\/\/edizionilalinea.it\/nuovosito\/","name":"Edizioni La Linea","description":"","publisher":{"@id":"https:\/\/edizionilalinea.it\/nuovosito\/#organization"},"potentialAction":[{"@type":"SearchAction","target":{"@type":"EntryPoint","urlTemplate":"https:\/\/edizionilalinea.it\/nuovosito\/?s={search_term_string}"},"query-input":{"@type":"PropertyValueSpecification","valueRequired":true,"valueName":"search_term_string"}}],"inLanguage":"en-GB"},{"@type":"Organization","@id":"https:\/\/edizionilalinea.it\/nuovosito\/#organization","name":"Edizioni La Linea","url":"https:\/\/edizionilalinea.it\/nuovosito\/","logo":{"@type":"ImageObject","inLanguage":"en-GB","@id":"https:\/\/edizionilalinea.it\/nuovosito\/#\/schema\/logo\/image\/","url":"https:\/\/edizionilalinea.it\/nuovosito\/wp-content\/uploads\/2018\/10\/La-Linea_loghino.jpg","contentUrl":"https:\/\/edizionilalinea.it\/nuovosito\/wp-content\/uploads\/2018\/10\/La-Linea_loghino.jpg","width":214,"height":210,"caption":"Edizioni La Linea"},"image":{"@id":"https:\/\/edizionilalinea.it\/nuovosito\/#\/schema\/logo\/image\/"},"sameAs":["https:\/\/www.facebook.com\/edizionilalinea","https:\/\/x.com\/EdizioniLaLinea","https:\/\/www.youtube.com\/user\/EdizioniLaLinea"]}]}},"_links":{"self":[{"href":"https:\/\/edizionilalinea.it\/nuovosito\/en\/wp-json\/wp\/v2\/product\/4604","targetHints":{"allow":["GET"]}}],"collection":[{"href":"https:\/\/edizionilalinea.it\/nuovosito\/en\/wp-json\/wp\/v2\/product"}],"about":[{"href":"https:\/\/edizionilalinea.it\/nuovosito\/en\/wp-json\/wp\/v2\/types\/product"}],"replies":[{"embeddable":true,"href":"https:\/\/edizionilalinea.it\/nuovosito\/en\/wp-json\/wp\/v2\/comments?post=4604"}],"wp:featuredmedia":[{"embeddable":true,"href":"https:\/\/edizionilalinea.it\/nuovosito\/en\/wp-json\/wp\/v2\/media\/4700"}],"wp:attachment":[{"href":"https:\/\/edizionilalinea.it\/nuovosito\/en\/wp-json\/wp\/v2\/media?parent=4604"}],"wp:term":[{"taxonomy":"product_brand","embeddable":true,"href":"https:\/\/edizionilalinea.it\/nuovosito\/en\/wp-json\/wp\/v2\/product_brand?post=4604"},{"taxonomy":"product_cat","embeddable":true,"href":"https:\/\/edizionilalinea.it\/nuovosito\/en\/wp-json\/wp\/v2\/product_cat?post=4604"},{"taxonomy":"product_tag","embeddable":true,"href":"https:\/\/edizionilalinea.it\/nuovosito\/en\/wp-json\/wp\/v2\/product_tag?post=4604"}],"curies":[{"name":"wp","href":"https:\/\/api.w.org\/{rel}","templated":true}]}}