{"id":494,"date":"2018-10-26T14:40:05","date_gmt":"2018-10-26T12:40:05","guid":{"rendered":"http:\/\/edizionilalinea.it\/nuovosito\/?post_type=product&#038;p=494"},"modified":"2021-08-25T14:40:36","modified_gmt":"2021-08-25T12:40:36","slug":"belfondo","status":"publish","type":"product","link":"https:\/\/edizionilalinea.it\/nuovosito\/en\/product\/belfondo\/","title":{"rendered":"Belfondo"},"content":{"rendered":"<p><span style=\"font-family: 'trebuchet ms', geneva, sans-serif; font-size: 12pt;\"><strong>An amazing narrative mechanism, a lyrical and hallucinated metaphor about a society closed in on itself.<\/strong><\/span><\/p>\n<p><span style=\"font-family: 'trebuchet ms', geneva, sans-serif; font-size: 12pt;\">Belfondo is an imaginary village in rural Spain where time seems to stand still. People of Belfondo, a small sleepy community that lives by the rhythm imposed by the factory, is a voluntary prisoner of the owner, a man to whom everything belongs and who rules everything within the narrow confines of a space that no one is allowed to cross. But Belfondo is also the crossroads of the singular stories of the inhabitants of the town: the master who is obliged to teach everyone to read and write, except for his wife, the undertaker who takes the time to produce epitaphs so as to have them ready when his fellow villagers will be buried, the priest, blind, who believes that God is a woman in flesh and blood, and many others. A story that first isolates voices and then adds them in a choral melody that composes a disturbing and almost dreamlike reality. In what is considered the best literary debut in Spain, D\u00edaz shows an lyrical and engaging prose capable of leaving a deep emotion in the reader.<\/span><\/p>\n<p>&nbsp;<\/p>\n<p><span style=\"font-family: 'trebuchet ms', geneva, sans-serif; font-size: 12pt;\"><em>\"Belfondo is a miracle. Thare are no other words to describe it\".<br \/>\n<\/em>Revista de Lettras<\/span><\/p>\n<p>&nbsp;<\/p>\n<p><span style=\"font-family: 'trebuchet ms', geneva, sans-serif; font-size: 12pt;\"><a href=\"https:\/\/edizionilalinea.it\/nuovosito\/en\/preview\/Belfondo_primepagine.pdf\/\"><span style=\"text-decoration: underline; color: #000080;\"><strong>READ FIRST PAGES OF THE BOOK<\/strong><\/span><\/a><\/span><\/p>\n<p>&nbsp;<\/p>","protected":false},"excerpt":{"rendered":"<p><span style=\"font-size: 14pt; font-family: 'trebuchet ms', geneva, sans-serif;\">by <strong>Jenn D\u00edaz<\/strong><\/span><\/p>\n<p>&nbsp;<\/p>\n<p><span style=\"font-size: 10pt; font-family: 'trebuchet ms', geneva, sans-serif;\">Translated by Alessandro Drenaggi<\/span><br \/>\n<span style=\"font-size: 10pt; font-family: 'trebuchet ms', geneva, sans-serif;\">Pag. 168 \u2013 Formato: 15 \u00d7 21<\/span><br \/>\n<span style=\"font-size: 10pt; font-family: 'trebuchet ms', geneva, sans-serif;\">Confezione: brossura<\/span><br \/>\n<span style=\"font-size: 10pt; font-family: 'trebuchet ms', geneva, sans-serif;\">Pubblicazione: maggio 2012<\/span><br \/>\n<span style=\"font-size: 10pt; font-family: 'trebuchet ms', geneva, sans-serif;\">ISBN: 978-88-97462-16-3<\/span><\/p>\n<p>&nbsp;<\/p>","protected":false},"featured_media":495,"comment_status":"open","ping_status":"closed","template":"","meta":[],"product_brand":[],"product_cat":[46],"product_tag":[],"class_list":{"0":"post-494","1":"product","2":"type-product","3":"status-publish","4":"has-post-thumbnail","6":"product_cat-tam-tam","8":"first","9":"instock","10":"shipping-taxable","11":"purchasable","12":"product-type-simple"},"yoast_head":"<!-- This site is optimized with the Yoast SEO plugin v27.4 - https:\/\/yoast.com\/product\/yoast-seo-wordpress\/ -->\n<title>Belfondo - Jenn D\u00edaz - Libro<\/title>\n<meta name=\"description\" content=\"Belfondo \u00e8 un romanzo di Jenn D\u00edaz pubblicato da Edizioni La Linea nella collana Tam Tam: acquistalo qui a 13.00\u20ac!\" \/>\n<meta name=\"robots\" content=\"index, follow, max-snippet:-1, max-image-preview:large, max-video-preview:-1\" \/>\n<link rel=\"canonical\" href=\"https:\/\/edizionilalinea.it\/nuovosito\/en\/product\/belfondo\/\" \/>\n<meta property=\"og:locale\" content=\"en_GB\" \/>\n<meta property=\"og:type\" content=\"article\" \/>\n<meta property=\"og:title\" content=\"Belfondo - Jenn D\u00edaz - Libro\" \/>\n<meta property=\"og:description\" content=\"Belfondo \u00e8 un romanzo di Jenn D\u00edaz pubblicato da Edizioni La Linea nella collana Tam Tam: acquistalo qui a 13.00\u20ac!\" \/>\n<meta property=\"og:url\" content=\"https:\/\/edizionilalinea.it\/nuovosito\/en\/product\/belfondo\/\" \/>\n<meta property=\"og:site_name\" content=\"Edizioni La Linea\" \/>\n<meta property=\"article:publisher\" content=\"https:\/\/www.facebook.com\/edizionilalinea\" \/>\n<meta property=\"article:modified_time\" content=\"2021-08-25T12:40:36+00:00\" \/>\n<meta property=\"og:image\" content=\"https:\/\/edizionilalinea.it\/nuovosito\/wp-content\/uploads\/2018\/10\/Belfondo_cover-sito.jpg\" \/>\n\t<meta property=\"og:image:width\" content=\"652\" \/>\n\t<meta property=\"og:image:height\" content=\"652\" \/>\n\t<meta property=\"og:image:type\" content=\"image\/jpeg\" \/>\n<meta name=\"twitter:card\" content=\"summary_large_image\" \/>\n<meta name=\"twitter:site\" content=\"@EdizioniLaLinea\" \/>\n<meta name=\"twitter:label1\" content=\"Estimated reading time\" \/>\n\t<meta name=\"twitter:data1\" content=\"1 minute\" \/>\n<script type=\"application\/ld+json\" class=\"yoast-schema-graph\">{\"@context\":\"https:\\\/\\\/schema.org\",\"@graph\":[{\"@type\":\"WebPage\",\"@id\":\"https:\\\/\\\/edizionilalinea.it\\\/nuovosito\\\/it_it\\\/prodotto\\\/belfondo\\\/\",\"url\":\"https:\\\/\\\/edizionilalinea.it\\\/nuovosito\\\/it_it\\\/prodotto\\\/belfondo\\\/\",\"name\":\"Belfondo - Jenn D\u00edaz - Libro\",\"isPartOf\":{\"@id\":\"https:\\\/\\\/edizionilalinea.it\\\/nuovosito\\\/#website\"},\"primaryImageOfPage\":{\"@id\":\"https:\\\/\\\/edizionilalinea.it\\\/nuovosito\\\/it_it\\\/prodotto\\\/belfondo\\\/#primaryimage\"},\"image\":{\"@id\":\"https:\\\/\\\/edizionilalinea.it\\\/nuovosito\\\/it_it\\\/prodotto\\\/belfondo\\\/#primaryimage\"},\"thumbnailUrl\":\"https:\\\/\\\/edizionilalinea.it\\\/nuovosito\\\/wp-content\\\/uploads\\\/2018\\\/10\\\/Belfondo_cover-sito.jpg\",\"datePublished\":\"2018-10-26T12:40:05+00:00\",\"dateModified\":\"2021-08-25T12:40:36+00:00\",\"description\":\"Belfondo \u00e8 un romanzo di Jenn D\u00edaz pubblicato da Edizioni La Linea nella collana Tam Tam: acquistalo qui a 13.00\u20ac!\",\"breadcrumb\":{\"@id\":\"https:\\\/\\\/edizionilalinea.it\\\/nuovosito\\\/it_it\\\/prodotto\\\/belfondo\\\/#breadcrumb\"},\"inLanguage\":\"en-GB\",\"potentialAction\":[{\"@type\":\"ReadAction\",\"target\":[\"https:\\\/\\\/edizionilalinea.it\\\/nuovosito\\\/it_it\\\/prodotto\\\/belfondo\\\/\"]}]},{\"@type\":\"ImageObject\",\"inLanguage\":\"en-GB\",\"@id\":\"https:\\\/\\\/edizionilalinea.it\\\/nuovosito\\\/it_it\\\/prodotto\\\/belfondo\\\/#primaryimage\",\"url\":\"https:\\\/\\\/edizionilalinea.it\\\/nuovosito\\\/wp-content\\\/uploads\\\/2018\\\/10\\\/Belfondo_cover-sito.jpg\",\"contentUrl\":\"https:\\\/\\\/edizionilalinea.it\\\/nuovosito\\\/wp-content\\\/uploads\\\/2018\\\/10\\\/Belfondo_cover-sito.jpg\",\"width\":652,\"height\":652,\"caption\":\"Belfondo - Jenn D\u00edaz\"},{\"@type\":\"BreadcrumbList\",\"@id\":\"https:\\\/\\\/edizionilalinea.it\\\/nuovosito\\\/it_it\\\/prodotto\\\/belfondo\\\/#breadcrumb\",\"itemListElement\":[{\"@type\":\"ListItem\",\"position\":1,\"name\":\"Home\",\"item\":\"https:\\\/\\\/edizionilalinea.it\\\/nuovosito\\\/\"},{\"@type\":\"ListItem\",\"position\":2,\"name\":\"Shop\",\"item\":\"https:\\\/\\\/edizionilalinea.it\\\/nuovosito\\\/negozio\\\/\"},{\"@type\":\"ListItem\",\"position\":3,\"name\":\"Belfondo\"}]},{\"@type\":\"WebSite\",\"@id\":\"https:\\\/\\\/edizionilalinea.it\\\/nuovosito\\\/#website\",\"url\":\"https:\\\/\\\/edizionilalinea.it\\\/nuovosito\\\/\",\"name\":\"Edizioni La Linea\",\"description\":\"\",\"publisher\":{\"@id\":\"https:\\\/\\\/edizionilalinea.it\\\/nuovosito\\\/#organization\"},\"potentialAction\":[{\"@type\":\"SearchAction\",\"target\":{\"@type\":\"EntryPoint\",\"urlTemplate\":\"https:\\\/\\\/edizionilalinea.it\\\/nuovosito\\\/?s={search_term_string}\"},\"query-input\":{\"@type\":\"PropertyValueSpecification\",\"valueRequired\":true,\"valueName\":\"search_term_string\"}}],\"inLanguage\":\"en-GB\"},{\"@type\":\"Organization\",\"@id\":\"https:\\\/\\\/edizionilalinea.it\\\/nuovosito\\\/#organization\",\"name\":\"Edizioni La Linea\",\"url\":\"https:\\\/\\\/edizionilalinea.it\\\/nuovosito\\\/\",\"logo\":{\"@type\":\"ImageObject\",\"inLanguage\":\"en-GB\",\"@id\":\"https:\\\/\\\/edizionilalinea.it\\\/nuovosito\\\/#\\\/schema\\\/logo\\\/image\\\/\",\"url\":\"https:\\\/\\\/edizionilalinea.it\\\/nuovosito\\\/wp-content\\\/uploads\\\/2018\\\/10\\\/La-Linea_loghino.jpg\",\"contentUrl\":\"https:\\\/\\\/edizionilalinea.it\\\/nuovosito\\\/wp-content\\\/uploads\\\/2018\\\/10\\\/La-Linea_loghino.jpg\",\"width\":214,\"height\":210,\"caption\":\"Edizioni La Linea\"},\"image\":{\"@id\":\"https:\\\/\\\/edizionilalinea.it\\\/nuovosito\\\/#\\\/schema\\\/logo\\\/image\\\/\"},\"sameAs\":[\"https:\\\/\\\/www.facebook.com\\\/edizionilalinea\",\"https:\\\/\\\/x.com\\\/EdizioniLaLinea\",\"https:\\\/\\\/www.youtube.com\\\/user\\\/EdizioniLaLinea\"]}]}<\/script>\n<!-- \/ Yoast SEO plugin. -->","yoast_head_json":{"title":"Belfondo - Jenn D\u00edaz - Libro","description":"Belfondo \u00e8 un romanzo di Jenn D\u00edaz pubblicato da Edizioni La Linea nella collana Tam Tam: acquistalo qui a 13.00\u20ac!","robots":{"index":"index","follow":"follow","max-snippet":"max-snippet:-1","max-image-preview":"max-image-preview:large","max-video-preview":"max-video-preview:-1"},"canonical":"https:\/\/edizionilalinea.it\/nuovosito\/en\/product\/belfondo\/","og_locale":"en_GB","og_type":"article","og_title":"Belfondo - Jenn D\u00edaz - Libro","og_description":"Belfondo \u00e8 un romanzo di Jenn D\u00edaz pubblicato da Edizioni La Linea nella collana Tam Tam: acquistalo qui a 13.00\u20ac!","og_url":"https:\/\/edizionilalinea.it\/nuovosito\/en\/product\/belfondo\/","og_site_name":"Edizioni La Linea","article_publisher":"https:\/\/www.facebook.com\/edizionilalinea","article_modified_time":"2021-08-25T12:40:36+00:00","og_image":[{"width":652,"height":652,"url":"https:\/\/edizionilalinea.it\/nuovosito\/wp-content\/uploads\/2018\/10\/Belfondo_cover-sito.jpg","type":"image\/jpeg"}],"twitter_card":"summary_large_image","twitter_site":"@EdizioniLaLinea","twitter_misc":{"Estimated reading time":"1 minute"},"schema":{"@context":"https:\/\/schema.org","@graph":[{"@type":"WebPage","@id":"https:\/\/edizionilalinea.it\/nuovosito\/it_it\/prodotto\/belfondo\/","url":"https:\/\/edizionilalinea.it\/nuovosito\/it_it\/prodotto\/belfondo\/","name":"Belfondo - Jenn D\u00edaz - Libro","isPartOf":{"@id":"https:\/\/edizionilalinea.it\/nuovosito\/#website"},"primaryImageOfPage":{"@id":"https:\/\/edizionilalinea.it\/nuovosito\/it_it\/prodotto\/belfondo\/#primaryimage"},"image":{"@id":"https:\/\/edizionilalinea.it\/nuovosito\/it_it\/prodotto\/belfondo\/#primaryimage"},"thumbnailUrl":"https:\/\/edizionilalinea.it\/nuovosito\/wp-content\/uploads\/2018\/10\/Belfondo_cover-sito.jpg","datePublished":"2018-10-26T12:40:05+00:00","dateModified":"2021-08-25T12:40:36+00:00","description":"Belfondo \u00e8 un romanzo di Jenn D\u00edaz pubblicato da Edizioni La Linea nella collana Tam Tam: acquistalo qui a 13.00\u20ac!","breadcrumb":{"@id":"https:\/\/edizionilalinea.it\/nuovosito\/it_it\/prodotto\/belfondo\/#breadcrumb"},"inLanguage":"en-GB","potentialAction":[{"@type":"ReadAction","target":["https:\/\/edizionilalinea.it\/nuovosito\/it_it\/prodotto\/belfondo\/"]}]},{"@type":"ImageObject","inLanguage":"en-GB","@id":"https:\/\/edizionilalinea.it\/nuovosito\/it_it\/prodotto\/belfondo\/#primaryimage","url":"https:\/\/edizionilalinea.it\/nuovosito\/wp-content\/uploads\/2018\/10\/Belfondo_cover-sito.jpg","contentUrl":"https:\/\/edizionilalinea.it\/nuovosito\/wp-content\/uploads\/2018\/10\/Belfondo_cover-sito.jpg","width":652,"height":652,"caption":"Belfondo - Jenn D\u00edaz"},{"@type":"BreadcrumbList","@id":"https:\/\/edizionilalinea.it\/nuovosito\/it_it\/prodotto\/belfondo\/#breadcrumb","itemListElement":[{"@type":"ListItem","position":1,"name":"Home","item":"https:\/\/edizionilalinea.it\/nuovosito\/"},{"@type":"ListItem","position":2,"name":"Shop","item":"https:\/\/edizionilalinea.it\/nuovosito\/negozio\/"},{"@type":"ListItem","position":3,"name":"Belfondo"}]},{"@type":"WebSite","@id":"https:\/\/edizionilalinea.it\/nuovosito\/#website","url":"https:\/\/edizionilalinea.it\/nuovosito\/","name":"Edizioni La Linea","description":"","publisher":{"@id":"https:\/\/edizionilalinea.it\/nuovosito\/#organization"},"potentialAction":[{"@type":"SearchAction","target":{"@type":"EntryPoint","urlTemplate":"https:\/\/edizionilalinea.it\/nuovosito\/?s={search_term_string}"},"query-input":{"@type":"PropertyValueSpecification","valueRequired":true,"valueName":"search_term_string"}}],"inLanguage":"en-GB"},{"@type":"Organization","@id":"https:\/\/edizionilalinea.it\/nuovosito\/#organization","name":"Edizioni La Linea","url":"https:\/\/edizionilalinea.it\/nuovosito\/","logo":{"@type":"ImageObject","inLanguage":"en-GB","@id":"https:\/\/edizionilalinea.it\/nuovosito\/#\/schema\/logo\/image\/","url":"https:\/\/edizionilalinea.it\/nuovosito\/wp-content\/uploads\/2018\/10\/La-Linea_loghino.jpg","contentUrl":"https:\/\/edizionilalinea.it\/nuovosito\/wp-content\/uploads\/2018\/10\/La-Linea_loghino.jpg","width":214,"height":210,"caption":"Edizioni La Linea"},"image":{"@id":"https:\/\/edizionilalinea.it\/nuovosito\/#\/schema\/logo\/image\/"},"sameAs":["https:\/\/www.facebook.com\/edizionilalinea","https:\/\/x.com\/EdizioniLaLinea","https:\/\/www.youtube.com\/user\/EdizioniLaLinea"]}]}},"_links":{"self":[{"href":"https:\/\/edizionilalinea.it\/nuovosito\/en\/wp-json\/wp\/v2\/product\/494","targetHints":{"allow":["GET"]}}],"collection":[{"href":"https:\/\/edizionilalinea.it\/nuovosito\/en\/wp-json\/wp\/v2\/product"}],"about":[{"href":"https:\/\/edizionilalinea.it\/nuovosito\/en\/wp-json\/wp\/v2\/types\/product"}],"replies":[{"embeddable":true,"href":"https:\/\/edizionilalinea.it\/nuovosito\/en\/wp-json\/wp\/v2\/comments?post=494"}],"wp:featuredmedia":[{"embeddable":true,"href":"https:\/\/edizionilalinea.it\/nuovosito\/en\/wp-json\/wp\/v2\/media\/495"}],"wp:attachment":[{"href":"https:\/\/edizionilalinea.it\/nuovosito\/en\/wp-json\/wp\/v2\/media?parent=494"}],"wp:term":[{"taxonomy":"product_brand","embeddable":true,"href":"https:\/\/edizionilalinea.it\/nuovosito\/en\/wp-json\/wp\/v2\/product_brand?post=494"},{"taxonomy":"product_cat","embeddable":true,"href":"https:\/\/edizionilalinea.it\/nuovosito\/en\/wp-json\/wp\/v2\/product_cat?post=494"},{"taxonomy":"product_tag","embeddable":true,"href":"https:\/\/edizionilalinea.it\/nuovosito\/en\/wp-json\/wp\/v2\/product_tag?post=494"}],"curies":[{"name":"wp","href":"https:\/\/api.w.org\/{rel}","templated":true}]}}