{"id":1195,"date":"2019-01-17T14:56:55","date_gmt":"2019-01-17T13:56:55","guid":{"rendered":"https:\/\/edizionilalinea.it\/nuovosito\/?page_id=1195"},"modified":"2025-09-19T11:41:53","modified_gmt":"2025-09-19T09:41:53","slug":"piacere","status":"publish","type":"page","link":"https:\/\/edizionilalinea.it\/nuovosito\/it_it\/piacere\/","title":{"rendered":"Piacere!"},"content":{"rendered":"<p><img loading=\"lazy\" decoding=\"async\" width=\"700\" height=\"181\" src=\"https:\/\/edizionilalinea.it\/nuovosito\/wp-content\/uploads\/2019\/04\/tre-piacere-1024x265.jpg\" alt=\"Il sistema Piacere!\" srcset=\"https:\/\/edizionilalinea.it\/nuovosito\/wp-content\/uploads\/2019\/04\/tre-piacere-1024x265.jpg 1024w, https:\/\/edizionilalinea.it\/nuovosito\/wp-content\/uploads\/2019\/04\/tre-piacere-scaled-578x149.jpg 578w, https:\/\/edizionilalinea.it\/nuovosito\/wp-content\/uploads\/2019\/04\/tre-piacere-300x78.jpg 300w, https:\/\/edizionilalinea.it\/nuovosito\/wp-content\/uploads\/2019\/04\/tre-piacere-768x199.jpg 768w\" sizes=\"auto, (max-width: 700px) 100vw, 700px\" \/><br \/>\n\t\t\t\t\t<a href=\"https:\/\/edizionilalinea.it\/nuovosito\/it_it\/prodotto\/piacere-manuale-studente-attivita-per-linsegnante-flashcards\/\"><br \/>\n\t\t\t\t\t\t\t\t\tAcquista i tre volumi a prezzo scontato!<br \/>\n\t\t\t\t\t<\/a><\/p>\n<h2>Tre libri che si parlano. I volumi Piacere! sono tre utili strumenti per i corsi di italiano di adulti stranieri analfabeti o debolmente alfabetizzati (livelli Pre Alfa A1 \u2013 Alfa A1). Possono essere utilizzati in maniera integrata oppure singolarmente.<\/h2>\n<figure><img loading=\"lazy\" decoding=\"async\" width=\"1874\" height=\"2560\" src=\"https:\/\/edizionilalinea.it\/nuovosito\/wp-content\/uploads\/2024\/01\/PiacereBlu-scaled.jpg\" alt=\"\" \/><\/figure>\n<h2>PIACERE! Manuale per la prima alfabetizzazione &gt; NUOVA EDIZIONE AMPLIATA<\/h2>\n<p>Un percorso di alfabetizzazione per stranieri adulti e giovani adulti che permette di curare tanto la competenza strumentale quanto quella funzionale-comunicativa. Brevi unit\u00e0, legate a situazioni e campi semantici della vita quotidiana, invitano con gradualit\u00e0 all\u2019ascolto, alla lettura e alla scrittura di sillabe, parole e frasi. Un libro ragionato, semplice e ben gestibile da parte del docente.<br \/>\n&gt; Approccio fonetico-sillabico<br \/>\n&gt; Sezione finale dedicata a tavole di lessico e a schede di scrittura<br \/>\n&gt; Nuova sezione In pratica con attivit\u00e0 di gioco, ascolto e scrittura in situazione<br \/>\n&gt; Web app con tracce audio, guida per l\u2019insegnante e risorse integrative.<\/p>\n<p>\t\t\t\t\t<a href=\"https:\/\/edizionilalinea.it\/nuovosito\/it_it\/prodotto\/piacere-manuale-per-la-prima-alfabetizzazione-2\/\"><br \/>\n\t\t\t\t\t\t\t\t\tAcquista qui la tua copia!<br \/>\n\t\t\t\t\t<\/a><br \/>\n\t\t\t\t\t<a href=\"https:\/\/edizionilalinea.it\/nuovosito\/wp-content\/uploads\/2021\/10\/Estratto.PIACERE_Manuale.pdf\"><br \/>\n\t\t\t\t\t\t\t\t\tSfoglia alcune pagine del manuale<br \/>\n\t\t\t\t\t<\/a><\/p>\n<figure><img loading=\"lazy\" decoding=\"async\" width=\"662\" height=\"1000\" src=\"https:\/\/edizionilalinea.it\/nuovosito\/wp-content\/uploads\/2024\/01\/PiacereGiallo_OK_ultima.jpg\" alt=\"\" \/><\/figure>\n<h2>PIACERE! Attivit\u00e0 di classe per l\u2019alfabetizzazione emergente<\/h2>\n<p>Un quaderno di attivit\u00e0 rivolto all\u2019insegnante. Il volume contiene proposte didattiche diversificate per la classe, mirate allo sviluppo dell\u2019oralit\u00e0, della letto-scrittura, della numeracy e al primo approccio con i pre-requisiti disciplinari della storia e della geografia.<br \/>\n<br \/>Tutte le attivit\u00e0 presentate utilizzano un approccio didattico orientato all\u2019azione attraverso il coinvolgimento del corpo. Ogni attivit\u00e0 del quaderno \u00e8 dettagliatamente descritta in fasi, e i materiali che accompagnano le singole attivit\u00e0 sono facilmente reperibili nella sezione online del libro.<br \/>\n<br \/>Integrando a questo libro il volume Piacere! Manuale per analfabeti si potranno trovare le indicazioni per coniugare il percorso del manuale con queste attivit\u00e0 di classe.<br \/>\n<br \/><i>Piacere! Attivit\u00e0 di classe per l\u2019alfabetizzazione emergente<\/i> \u00e8 scritto da Katia Raspollini, docente CPIA specializzata nella didattica ad adulti analfabeti.<\/p>\n<p>\t\t\t\t\t<a href=\"https:\/\/edizionilalinea.it\/nuovosito\/it_it\/prodotto\/piacere-attivita-di-classe-per-lalfabetizzazione-emergente\/\"><br \/>\n\t\t\t\t\t\t\t\t\tAcquista qui la tua copia!<br \/>\n\t\t\t\t\t<\/a><br \/>\n\t\t\t\t\t<a href=\"https:\/\/edizionilalinea.it\/nuovosito\/piacere-attivita-di-classe-per-lalfabetizzazione-emergente\/\"><br \/>\n\t\t\t\t\t\t\t\t\tApprofondimenti e materiali scaricabili gratuitamente!<br \/>\n\t\t\t\t\t<\/a><\/p>\n<figure><a href=\"http:\/\/edizionilalinea.it\/nuovosito\/prodotto\/piacere-flashcards-e-alfabeto-mobile-libro\/\" tabindex=\"-1\"><img loading=\"lazy\" decoding=\"async\" width=\"1874\" height=\"2560\" src=\"https:\/\/edizionilalinea.it\/nuovosito\/wp-content\/uploads\/2024\/01\/PiacereRosso-1-scaled.jpg\" alt=\"\" \/><\/a><\/figure>\n<h2><a href=\"http:\/\/edizionilalinea.it\/nuovosito\/prodotto\/piacere-flashcards-e-alfabeto-mobile-libro\/\">PIACERE! Flashcards e alfabeto mobile<\/a><\/h2>\n<p>162 flashcards con immagini e parole di uso quotidiano da impiegare nei percorsi di prima alfabetizzazione. Il volume, ritagliabile e dotato di una pratica scatolina, contiene anche l\u2019alfabeto e il sillabario mobili per comporre tutte le parole della lingua italiana.\n<\/p>\n<p>\t\t\t\t\t<a href=\"http:\/\/edizionilalinea.it\/nuovosito\/prodotto\/piacere-flashcards-e-alfabeto-mobile-libro\/\"><br \/>\n\t\t\t\t\t\t\t\t\tAcquista qui la tua copia!<br \/>\n\t\t\t\t\t<\/a><\/p>\n","protected":false},"excerpt":{"rendered":"<p>Acquista i tre volumi a prezzo scontato! Tre libri che si parlano. I volumi Piacere! sono tre utili strumenti per i corsi di italiano di adulti stranieri analfabeti o debolmente alfabetizzati (livelli Pre Alfa A1 \u2013 Alfa A1). Possono essere utilizzati in maniera integrata oppure singolarmente. PIACERE! Manuale per la prima alfabetizzazione &gt; NUOVA EDIZIONE&#8230;<\/p>\n<p class=\"more-link\"><a href=\"https:\/\/edizionilalinea.it\/nuovosito\/it_it\/piacere\/\"><span>Read More<\/span><i>&#43;<\/i><\/a><\/p>\n","protected":false},"author":3,"featured_media":0,"parent":0,"menu_order":0,"comment_status":"closed","ping_status":"closed","template":"","meta":{"footnotes":""},"class_list":["post-1195","page","type-page","status-publish","hentry"],"yoast_head":"<!-- This site is optimized with the Yoast SEO plugin v27.4 - https:\/\/yoast.com\/product\/yoast-seo-wordpress\/ -->\n<title>Piacere! - Strumenti corsi di italiano - Edizioni La Linea<\/title>\n<meta name=\"description\" content=\"Tre libri che si parlano, tre utili strumenti per i corsi di italiano di adulti stranieri analfabeti o debolmente alfabetizzati.\" \/>\n<meta name=\"robots\" content=\"index, follow, max-snippet:-1, max-image-preview:large, max-video-preview:-1\" \/>\n<link rel=\"canonical\" href=\"https:\/\/edizionilalinea.it\/nuovosito\/it_it\/piacere\/\" \/>\n<meta property=\"og:locale\" content=\"it_IT\" \/>\n<meta property=\"og:type\" content=\"article\" \/>\n<meta property=\"og:title\" content=\"Piacere! - Strumenti corsi di italiano - Edizioni La Linea\" \/>\n<meta property=\"og:description\" content=\"Tre libri che si parlano, tre utili strumenti per i corsi di italiano di adulti stranieri analfabeti o debolmente alfabetizzati.\" \/>\n<meta property=\"og:url\" content=\"https:\/\/edizionilalinea.it\/nuovosito\/it_it\/piacere\/\" \/>\n<meta property=\"og:site_name\" content=\"Edizioni La Linea\" \/>\n<meta property=\"article:publisher\" content=\"https:\/\/www.facebook.com\/edizionilalinea\" \/>\n<meta property=\"article:modified_time\" content=\"2025-09-19T09:41:53+00:00\" \/>\n<meta property=\"og:image\" content=\"https:\/\/edizionilalinea.it\/nuovosito\/wp-content\/uploads\/2019\/04\/tre-piacere-scaled.jpg\" \/>\n\t<meta property=\"og:image:width\" content=\"2560\" \/>\n\t<meta property=\"og:image:height\" content=\"662\" \/>\n\t<meta property=\"og:image:type\" content=\"image\/jpeg\" \/>\n<meta name=\"twitter:card\" content=\"summary_large_image\" \/>\n<meta name=\"twitter:site\" content=\"@EdizioniLaLinea\" \/>\n<meta name=\"twitter:label1\" content=\"Tempo di lettura stimato\" \/>\n\t<meta name=\"twitter:data1\" content=\"3 minuti\" \/>\n<script type=\"application\/ld+json\" class=\"yoast-schema-graph\">{\"@context\":\"https:\\\/\\\/schema.org\",\"@graph\":[{\"@type\":\"WebPage\",\"@id\":\"https:\\\/\\\/edizionilalinea.it\\\/nuovosito\\\/piacere\\\/\",\"url\":\"https:\\\/\\\/edizionilalinea.it\\\/nuovosito\\\/piacere\\\/\",\"name\":\"Piacere! - Strumenti corsi di italiano - Edizioni La Linea\",\"isPartOf\":{\"@id\":\"https:\\\/\\\/edizionilalinea.it\\\/nuovosito\\\/#website\"},\"primaryImageOfPage\":{\"@id\":\"https:\\\/\\\/edizionilalinea.it\\\/nuovosito\\\/piacere\\\/#primaryimage\"},\"image\":{\"@id\":\"https:\\\/\\\/edizionilalinea.it\\\/nuovosito\\\/piacere\\\/#primaryimage\"},\"thumbnailUrl\":\"https:\\\/\\\/edizionilalinea.it\\\/nuovosito\\\/wp-content\\\/uploads\\\/2019\\\/04\\\/tre-piacere-1024x265.jpg\",\"datePublished\":\"2019-01-17T13:56:55+00:00\",\"dateModified\":\"2025-09-19T09:41:53+00:00\",\"description\":\"Tre libri che si parlano, tre utili strumenti per i corsi di italiano di adulti stranieri analfabeti o debolmente alfabetizzati.\",\"breadcrumb\":{\"@id\":\"https:\\\/\\\/edizionilalinea.it\\\/nuovosito\\\/piacere\\\/#breadcrumb\"},\"inLanguage\":\"it-IT\",\"potentialAction\":[{\"@type\":\"ReadAction\",\"target\":[\"https:\\\/\\\/edizionilalinea.it\\\/nuovosito\\\/piacere\\\/\"]}]},{\"@type\":\"ImageObject\",\"inLanguage\":\"it-IT\",\"@id\":\"https:\\\/\\\/edizionilalinea.it\\\/nuovosito\\\/piacere\\\/#primaryimage\",\"url\":\"https:\\\/\\\/edizionilalinea.it\\\/nuovosito\\\/wp-content\\\/uploads\\\/2019\\\/04\\\/tre-piacere-1024x265.jpg\",\"contentUrl\":\"https:\\\/\\\/edizionilalinea.it\\\/nuovosito\\\/wp-content\\\/uploads\\\/2019\\\/04\\\/tre-piacere-1024x265.jpg\"},{\"@type\":\"BreadcrumbList\",\"@id\":\"https:\\\/\\\/edizionilalinea.it\\\/nuovosito\\\/piacere\\\/#breadcrumb\",\"itemListElement\":[{\"@type\":\"ListItem\",\"position\":1,\"name\":\"Home\",\"item\":\"https:\\\/\\\/edizionilalinea.it\\\/nuovosito\\\/\"},{\"@type\":\"ListItem\",\"position\":2,\"name\":\"Piacere!\"}]},{\"@type\":\"WebSite\",\"@id\":\"https:\\\/\\\/edizionilalinea.it\\\/nuovosito\\\/#website\",\"url\":\"https:\\\/\\\/edizionilalinea.it\\\/nuovosito\\\/\",\"name\":\"Edizioni La Linea\",\"description\":\"\",\"publisher\":{\"@id\":\"https:\\\/\\\/edizionilalinea.it\\\/nuovosito\\\/#organization\"},\"potentialAction\":[{\"@type\":\"SearchAction\",\"target\":{\"@type\":\"EntryPoint\",\"urlTemplate\":\"https:\\\/\\\/edizionilalinea.it\\\/nuovosito\\\/?s={search_term_string}\"},\"query-input\":{\"@type\":\"PropertyValueSpecification\",\"valueRequired\":true,\"valueName\":\"search_term_string\"}}],\"inLanguage\":\"it-IT\"},{\"@type\":\"Organization\",\"@id\":\"https:\\\/\\\/edizionilalinea.it\\\/nuovosito\\\/#organization\",\"name\":\"Edizioni La Linea\",\"url\":\"https:\\\/\\\/edizionilalinea.it\\\/nuovosito\\\/\",\"logo\":{\"@type\":\"ImageObject\",\"inLanguage\":\"it-IT\",\"@id\":\"https:\\\/\\\/edizionilalinea.it\\\/nuovosito\\\/#\\\/schema\\\/logo\\\/image\\\/\",\"url\":\"https:\\\/\\\/edizionilalinea.it\\\/nuovosito\\\/wp-content\\\/uploads\\\/2018\\\/10\\\/La-Linea_loghino.jpg\",\"contentUrl\":\"https:\\\/\\\/edizionilalinea.it\\\/nuovosito\\\/wp-content\\\/uploads\\\/2018\\\/10\\\/La-Linea_loghino.jpg\",\"width\":214,\"height\":210,\"caption\":\"Edizioni La Linea\"},\"image\":{\"@id\":\"https:\\\/\\\/edizionilalinea.it\\\/nuovosito\\\/#\\\/schema\\\/logo\\\/image\\\/\"},\"sameAs\":[\"https:\\\/\\\/www.facebook.com\\\/edizionilalinea\",\"https:\\\/\\\/x.com\\\/EdizioniLaLinea\",\"https:\\\/\\\/www.youtube.com\\\/user\\\/EdizioniLaLinea\"]}]}<\/script>\n<!-- \/ Yoast SEO plugin. -->","yoast_head_json":{"title":"Piacere! - Strumenti corsi di italiano - Edizioni La Linea","description":"Tre libri che si parlano, tre utili strumenti per i corsi di italiano di adulti stranieri analfabeti o debolmente alfabetizzati.","robots":{"index":"index","follow":"follow","max-snippet":"max-snippet:-1","max-image-preview":"max-image-preview:large","max-video-preview":"max-video-preview:-1"},"canonical":"https:\/\/edizionilalinea.it\/nuovosito\/it_it\/piacere\/","og_locale":"it_IT","og_type":"article","og_title":"Piacere! - Strumenti corsi di italiano - Edizioni La Linea","og_description":"Tre libri che si parlano, tre utili strumenti per i corsi di italiano di adulti stranieri analfabeti o debolmente alfabetizzati.","og_url":"https:\/\/edizionilalinea.it\/nuovosito\/it_it\/piacere\/","og_site_name":"Edizioni La Linea","article_publisher":"https:\/\/www.facebook.com\/edizionilalinea","article_modified_time":"2025-09-19T09:41:53+00:00","og_image":[{"width":2560,"height":662,"url":"https:\/\/edizionilalinea.it\/nuovosito\/wp-content\/uploads\/2019\/04\/tre-piacere-scaled.jpg","type":"image\/jpeg"}],"twitter_card":"summary_large_image","twitter_site":"@EdizioniLaLinea","twitter_misc":{"Tempo di lettura stimato":"3 minuti"},"schema":{"@context":"https:\/\/schema.org","@graph":[{"@type":"WebPage","@id":"https:\/\/edizionilalinea.it\/nuovosito\/piacere\/","url":"https:\/\/edizionilalinea.it\/nuovosito\/piacere\/","name":"Piacere! - Strumenti corsi di italiano - Edizioni La Linea","isPartOf":{"@id":"https:\/\/edizionilalinea.it\/nuovosito\/#website"},"primaryImageOfPage":{"@id":"https:\/\/edizionilalinea.it\/nuovosito\/piacere\/#primaryimage"},"image":{"@id":"https:\/\/edizionilalinea.it\/nuovosito\/piacere\/#primaryimage"},"thumbnailUrl":"https:\/\/edizionilalinea.it\/nuovosito\/wp-content\/uploads\/2019\/04\/tre-piacere-1024x265.jpg","datePublished":"2019-01-17T13:56:55+00:00","dateModified":"2025-09-19T09:41:53+00:00","description":"Tre libri che si parlano, tre utili strumenti per i corsi di italiano di adulti stranieri analfabeti o debolmente alfabetizzati.","breadcrumb":{"@id":"https:\/\/edizionilalinea.it\/nuovosito\/piacere\/#breadcrumb"},"inLanguage":"it-IT","potentialAction":[{"@type":"ReadAction","target":["https:\/\/edizionilalinea.it\/nuovosito\/piacere\/"]}]},{"@type":"ImageObject","inLanguage":"it-IT","@id":"https:\/\/edizionilalinea.it\/nuovosito\/piacere\/#primaryimage","url":"https:\/\/edizionilalinea.it\/nuovosito\/wp-content\/uploads\/2019\/04\/tre-piacere-1024x265.jpg","contentUrl":"https:\/\/edizionilalinea.it\/nuovosito\/wp-content\/uploads\/2019\/04\/tre-piacere-1024x265.jpg"},{"@type":"BreadcrumbList","@id":"https:\/\/edizionilalinea.it\/nuovosito\/piacere\/#breadcrumb","itemListElement":[{"@type":"ListItem","position":1,"name":"Home","item":"https:\/\/edizionilalinea.it\/nuovosito\/"},{"@type":"ListItem","position":2,"name":"Piacere!"}]},{"@type":"WebSite","@id":"https:\/\/edizionilalinea.it\/nuovosito\/#website","url":"https:\/\/edizionilalinea.it\/nuovosito\/","name":"Edizioni La Linea","description":"","publisher":{"@id":"https:\/\/edizionilalinea.it\/nuovosito\/#organization"},"potentialAction":[{"@type":"SearchAction","target":{"@type":"EntryPoint","urlTemplate":"https:\/\/edizionilalinea.it\/nuovosito\/?s={search_term_string}"},"query-input":{"@type":"PropertyValueSpecification","valueRequired":true,"valueName":"search_term_string"}}],"inLanguage":"it-IT"},{"@type":"Organization","@id":"https:\/\/edizionilalinea.it\/nuovosito\/#organization","name":"Edizioni La Linea","url":"https:\/\/edizionilalinea.it\/nuovosito\/","logo":{"@type":"ImageObject","inLanguage":"it-IT","@id":"https:\/\/edizionilalinea.it\/nuovosito\/#\/schema\/logo\/image\/","url":"https:\/\/edizionilalinea.it\/nuovosito\/wp-content\/uploads\/2018\/10\/La-Linea_loghino.jpg","contentUrl":"https:\/\/edizionilalinea.it\/nuovosito\/wp-content\/uploads\/2018\/10\/La-Linea_loghino.jpg","width":214,"height":210,"caption":"Edizioni La Linea"},"image":{"@id":"https:\/\/edizionilalinea.it\/nuovosito\/#\/schema\/logo\/image\/"},"sameAs":["https:\/\/www.facebook.com\/edizionilalinea","https:\/\/x.com\/EdizioniLaLinea","https:\/\/www.youtube.com\/user\/EdizioniLaLinea"]}]}},"_links":{"self":[{"href":"https:\/\/edizionilalinea.it\/nuovosito\/it_it\/wp-json\/wp\/v2\/pages\/1195","targetHints":{"allow":["GET"]}}],"collection":[{"href":"https:\/\/edizionilalinea.it\/nuovosito\/it_it\/wp-json\/wp\/v2\/pages"}],"about":[{"href":"https:\/\/edizionilalinea.it\/nuovosito\/it_it\/wp-json\/wp\/v2\/types\/page"}],"author":[{"embeddable":true,"href":"https:\/\/edizionilalinea.it\/nuovosito\/it_it\/wp-json\/wp\/v2\/users\/3"}],"replies":[{"embeddable":true,"href":"https:\/\/edizionilalinea.it\/nuovosito\/it_it\/wp-json\/wp\/v2\/comments?post=1195"}],"version-history":[{"count":86,"href":"https:\/\/edizionilalinea.it\/nuovosito\/it_it\/wp-json\/wp\/v2\/pages\/1195\/revisions"}],"predecessor-version":[{"id":14616,"href":"https:\/\/edizionilalinea.it\/nuovosito\/it_it\/wp-json\/wp\/v2\/pages\/1195\/revisions\/14616"}],"wp:attachment":[{"href":"https:\/\/edizionilalinea.it\/nuovosito\/it_it\/wp-json\/wp\/v2\/media?parent=1195"}],"curies":[{"name":"wp","href":"https:\/\/api.w.org\/{rel}","templated":true}]}}