{"id":12602,"date":"2024-01-15T15:46:50","date_gmt":"2024-01-15T14:46:50","guid":{"rendered":"https:\/\/edizionilalinea.it\/nuovosito\/?page_id=12602"},"modified":"2025-11-24T11:47:48","modified_gmt":"2025-11-24T10:47:48","slug":"italiano-in-corso","status":"publish","type":"page","link":"https:\/\/edizionilalinea.it\/nuovosito\/it_it\/italiano-in-corso\/","title":{"rendered":"italiano in corso"},"content":{"rendered":"<figure>\n\t\t\t\t\t\t\t\t\t\t\t<a href=\"https:\/\/edizionilalinea.it\/nuovosito\/it_it\/prodotto\/italiano-in-corso\/\"><br \/>\n\t\t\t\t\t\t\t<img decoding=\"async\" src=\"https:\/\/edizionilalinea.it\/nuovosito\/wp-content\/uploads\/elementor\/thumbs\/cover-italiano-in-corso-1-rb34t15a2iusxyfdayx60robbgjmno13cxearz1zq0.jpg\" title=\"cover italiano in corso\" alt=\"cover italiano in corso\" loading=\"lazy\" \/>\t\t\t\t\t\t\t\t<\/a><figcaption><\/figcaption><\/figure>\n<figure>\n\t\t\t\t\t\t\t\t\t\t\t<a href=\"https:\/\/edizionilalinea.it\/nuovosito\/it_it\/prodotto\/italiano-in-corso-a1-attivita-comunicative-ludiche-e-task-based-per-la-classe\/\"><br \/>\n\t\t\t\t\t\t\t<img decoding=\"async\" src=\"https:\/\/edizionilalinea.it\/nuovosito\/wp-content\/uploads\/elementor\/thumbs\/COVERITALIANOINCORSO2-rb34v3ej2fogf5fi9d0ozqxq8wdmjr7vz4xnotzw2g.jpg\" title=\"COVERITALIANOINCORSO2\" alt=\"COVERITALIANOINCORSO2\" loading=\"lazy\" \/>\t\t\t\t\t\t\t\t<\/a><figcaption><\/figcaption><\/figure>\n<p>\t\t\t\t\t\t\t\t\t\t\t\t\t\t\t\t<a href=\"https:\/\/edizionilalinea.it\/nuovosito\/it_it\/prodotto\/italiano-in-corso-a2\/\"><br \/>\n\t\t\t\t\t\t\t<img decoding=\"async\" src=\"https:\/\/edizionilalinea.it\/nuovosito\/wp-content\/uploads\/elementor\/thumbs\/italiano-in-corso-a2-cover-3-rbvwoiah522plgh69wyvnw7fsllssfltglizl8m0wo.jpg\" title=\"italiano in corso a2 cover\" alt=\"italiano in corso a2 cover\" loading=\"lazy\" \/>\t\t\t\t\t\t\t\t<\/a><br \/>\n\t\t\t\t\t\t\t\t\t\t\t\t\t\t\t\t<a href=\"https:\/\/edizionilalinea.it\/nuovosito\/it_it\/prodotto\/italiano-in-corso-a2-attivita-comunicative-ludiche-e-task-based-per-la-classe\/\"><br \/>\n\t\t\t\t\t\t\t<img decoding=\"async\" src=\"https:\/\/edizionilalinea.it\/nuovosito\/wp-content\/uploads\/elementor\/thumbs\/cover-ita-in-corso-a2-manualetto-rbzbdfs80oipwgn0i5p3capqkn48xwihedg1rvl2c8.jpg\" title=\"cover ita in corso a2 manualetto\" alt=\"cover ita in corso a2 manualetto\" loading=\"lazy\" \/>\t\t\t\t\t\t\t\t<\/a><\/p>\n<p><em>Italiano<\/em><em> in corso<\/em> \u00e8 un <strong>corso di lingua italiana L2<\/strong> per studenti adulti e\/o giovani adulti che copre i livelli <strong>A1 e A2<\/strong> del Quadro Comune Europeo di Riferimento per le lingue.<\/p>\n<p>Italiano in corso A1 \u00e8 composto da due volumi:<\/p>\n<p>&gt; un manuale didattico (<em>Manuale di italiano L2<\/em>) suddiviso in 9 unit\u00e0, per sviluppare le quattro abilit\u00e0 di base, affrontando tematiche legate alla quotidianit\u00e0 e al soddisfacimento dei bisogni comunicativi primari degli apprendenti.<\/p>\n<p>&gt; un manualetto accessorio, e non obbligatorio, (<em>Attivit\u00e0 comunicative, ludiche e task based per la classe<\/em>) interamente composto da attivit\u00e0 ludiche aggiuntive, di produzione orale e per compiti comunicativi (<em>task<\/em>) collegate alle diverse unit\u00e0 del manuale di riferimento.<\/p>\n<p>Ogni unit\u00e0 didattica \u00e8 composta da attivit\u00e0 volte al potenziamento di:<\/p>\n<p>&#8211; Lessico<\/p>\n<p>&#8211; Comprensione scritta e orale<\/p>\n<p>&#8211; Produzione e interazione scritta e orale<\/p>\n<p>&#8211; Grammatica<\/p>\n<p>&#8211; Testualit\u00e0<\/p>\n<p>&#8211; Riflessione autonoma sugli apprendimenti<\/p>\n<p>&#8211; Fonetica (solo volume A1)<\/p>\n<p>Ogni 3 unit\u00e0 una doppia pagina \u00e8 dedicata ad attivit\u00e0 sui video collegati agli argomenti trattati.<\/p>\n<p>Dopo le 9 unit\u00e0 trova spazio un\u2019ampia sezione dedicata all\u2018Educazione Civica con l\u2019obiettivo di promuovere la partecipazione piena e consapevole degli studenti alla vita civica, sociale e culturale nella societ\u00e0 italiana.<\/p>\n<p>A corredo dell\u2019opera una webapp totalmente open con tutti i materiali accessori all\u2019opera e video.<\/p>\n<p><em>\u00a0<\/em><\/p>\n<p><em>Italiano in Corso<\/em> \u00e8 particolarmente indicato per gli studenti dei corsi di lingua italiana dei CPIA<\/p>\n<p>Sfoglia qui sotto lo specimen di Italiano in corso A1<\/p>\n<div class=\"_df_book df-lite\" id=\"df_13317\"  _slug=\"specimen-italiano-in-corso-a1\" data-title=\"specimen-italiano-in-corso-a1\" wpoptions=\"true\" thumbtype=\"\" ><\/div><script class=\"df-shortcode-script\" nowprocket type=\"application\/javascript\">window.option_df_13317 = {\"outline\":[],\"autoEnableOutline\":\"false\",\"autoEnableThumbnail\":\"false\",\"overwritePDFOutline\":\"false\",\"direction\":\"1\",\"pageSize\":\"0\",\"source\":\"https:\\\/\\\/edizionilalinea.it\\\/nuovosito\\\/wp-content\\\/uploads\\\/2024\\\/02\\\/ITA_IN_CORSO_A1_SPECIMEN_WEB.pdf\",\"wpOptions\":\"true\"}; if(window.DFLIP && window.DFLIP.parseBooks){window.DFLIP.parseBooks();}<\/script>\n<p><a href=\"https:\/\/edizionilalinea.it\/nuovosito\/it_it\/italiano-in-corso-a2-estratto\/\" target=\"_blank\" rel=\"noopener\">Clicca qui per visionare l&#8217;estratto di Italiano in corso A2<\/a><\/p>\n","protected":false},"excerpt":{"rendered":"<p>Italiano in corso \u00e8 un corso di lingua italiana L2 per studenti adulti e\/o giovani adulti che copre i livelli A1 e A2 del Quadro Comune Europeo di Riferimento per le lingue. Italiano in corso A1 \u00e8 composto da due volumi: &gt; un manuale didattico (Manuale di italiano L2) suddiviso in 9 unit\u00e0, per sviluppare&#8230;<\/p>\n<p class=\"more-link\"><a href=\"https:\/\/edizionilalinea.it\/nuovosito\/it_it\/italiano-in-corso\/\"><span>Read More<\/span><i>&#43;<\/i><\/a><\/p>\n","protected":false},"author":3,"featured_media":0,"parent":0,"menu_order":0,"comment_status":"closed","ping_status":"closed","template":"","meta":{"footnotes":""},"class_list":["post-12602","page","type-page","status-publish","hentry"],"yoast_head":"<!-- This site is optimized with the Yoast SEO plugin v27.3 - https:\/\/yoast.com\/product\/yoast-seo-wordpress\/ -->\n<title>italiano in corso &#8211; Edizioni La Linea<\/title>\n<meta name=\"robots\" content=\"index, follow, max-snippet:-1, max-image-preview:large, max-video-preview:-1\" \/>\n<link rel=\"canonical\" href=\"https:\/\/edizionilalinea.it\/nuovosito\/it_it\/italiano-in-corso\/\" \/>\n<meta property=\"og:locale\" content=\"it_IT\" \/>\n<meta property=\"og:type\" content=\"article\" \/>\n<meta property=\"og:title\" content=\"italiano in corso &#8211; Edizioni La Linea\" \/>\n<meta property=\"og:description\" content=\"Italiano in corso \u00e8 un corso di lingua italiana L2 per studenti adulti e\/o giovani adulti che copre i livelli A1 e A2 del Quadro Comune Europeo di Riferimento per le lingue. Italiano in corso A1 \u00e8 composto da due volumi: &gt; un manuale didattico (Manuale di italiano L2) suddiviso in 9 unit\u00e0, per sviluppare&#8230;Read More&#043;\" \/>\n<meta property=\"og:url\" content=\"https:\/\/edizionilalinea.it\/nuovosito\/it_it\/italiano-in-corso\/\" \/>\n<meta property=\"og:site_name\" content=\"Edizioni La Linea\" \/>\n<meta property=\"article:publisher\" content=\"https:\/\/www.facebook.com\/edizionilalinea\" \/>\n<meta property=\"article:modified_time\" content=\"2025-11-24T10:47:48+00:00\" \/>\n<meta property=\"og:image\" content=\"https:\/\/edizionilalinea.it\/nuovosito\/wp-content\/uploads\/elementor\/thumbs\/cover-italiano-in-corso-1-rb34t15a2iusxyfdayx60robbgjmno13cxearz1zq0.jpg\" \/>\n<meta name=\"twitter:card\" content=\"summary_large_image\" \/>\n<meta name=\"twitter:site\" content=\"@EdizioniLaLinea\" \/>\n<meta name=\"twitter:label1\" content=\"Tempo di lettura stimato\" \/>\n\t<meta name=\"twitter:data1\" content=\"3 minuti\" \/>\n<script type=\"application\/ld+json\" class=\"yoast-schema-graph\">{\"@context\":\"https:\\\/\\\/schema.org\",\"@graph\":[{\"@type\":\"WebPage\",\"@id\":\"https:\\\/\\\/edizionilalinea.it\\\/nuovosito\\\/italiano-in-corso\\\/\",\"url\":\"https:\\\/\\\/edizionilalinea.it\\\/nuovosito\\\/italiano-in-corso\\\/\",\"name\":\"italiano in corso &#8211; Edizioni La Linea\",\"isPartOf\":{\"@id\":\"https:\\\/\\\/edizionilalinea.it\\\/nuovosito\\\/#website\"},\"primaryImageOfPage\":{\"@id\":\"https:\\\/\\\/edizionilalinea.it\\\/nuovosito\\\/italiano-in-corso\\\/#primaryimage\"},\"image\":{\"@id\":\"https:\\\/\\\/edizionilalinea.it\\\/nuovosito\\\/italiano-in-corso\\\/#primaryimage\"},\"thumbnailUrl\":\"https:\\\/\\\/edizionilalinea.it\\\/nuovosito\\\/wp-content\\\/uploads\\\/elementor\\\/thumbs\\\/cover-italiano-in-corso-1-rb34t15a2iusxyfdayx60robbgjmno13cxearz1zq0.jpg\",\"datePublished\":\"2024-01-15T14:46:50+00:00\",\"dateModified\":\"2025-11-24T10:47:48+00:00\",\"breadcrumb\":{\"@id\":\"https:\\\/\\\/edizionilalinea.it\\\/nuovosito\\\/italiano-in-corso\\\/#breadcrumb\"},\"inLanguage\":\"it-IT\",\"potentialAction\":[{\"@type\":\"ReadAction\",\"target\":[\"https:\\\/\\\/edizionilalinea.it\\\/nuovosito\\\/italiano-in-corso\\\/\"]}]},{\"@type\":\"ImageObject\",\"inLanguage\":\"it-IT\",\"@id\":\"https:\\\/\\\/edizionilalinea.it\\\/nuovosito\\\/italiano-in-corso\\\/#primaryimage\",\"url\":\"https:\\\/\\\/edizionilalinea.it\\\/nuovosito\\\/wp-content\\\/uploads\\\/elementor\\\/thumbs\\\/cover-italiano-in-corso-1-rb34t15a2iusxyfdayx60robbgjmno13cxearz1zq0.jpg\",\"contentUrl\":\"https:\\\/\\\/edizionilalinea.it\\\/nuovosito\\\/wp-content\\\/uploads\\\/elementor\\\/thumbs\\\/cover-italiano-in-corso-1-rb34t15a2iusxyfdayx60robbgjmno13cxearz1zq0.jpg\"},{\"@type\":\"BreadcrumbList\",\"@id\":\"https:\\\/\\\/edizionilalinea.it\\\/nuovosito\\\/italiano-in-corso\\\/#breadcrumb\",\"itemListElement\":[{\"@type\":\"ListItem\",\"position\":1,\"name\":\"Home\",\"item\":\"https:\\\/\\\/edizionilalinea.it\\\/nuovosito\\\/\"},{\"@type\":\"ListItem\",\"position\":2,\"name\":\"italiano in corso\"}]},{\"@type\":\"WebSite\",\"@id\":\"https:\\\/\\\/edizionilalinea.it\\\/nuovosito\\\/#website\",\"url\":\"https:\\\/\\\/edizionilalinea.it\\\/nuovosito\\\/\",\"name\":\"Edizioni La Linea\",\"description\":\"\",\"publisher\":{\"@id\":\"https:\\\/\\\/edizionilalinea.it\\\/nuovosito\\\/#organization\"},\"potentialAction\":[{\"@type\":\"SearchAction\",\"target\":{\"@type\":\"EntryPoint\",\"urlTemplate\":\"https:\\\/\\\/edizionilalinea.it\\\/nuovosito\\\/?s={search_term_string}\"},\"query-input\":{\"@type\":\"PropertyValueSpecification\",\"valueRequired\":true,\"valueName\":\"search_term_string\"}}],\"inLanguage\":\"it-IT\"},{\"@type\":\"Organization\",\"@id\":\"https:\\\/\\\/edizionilalinea.it\\\/nuovosito\\\/#organization\",\"name\":\"Edizioni La Linea\",\"url\":\"https:\\\/\\\/edizionilalinea.it\\\/nuovosito\\\/\",\"logo\":{\"@type\":\"ImageObject\",\"inLanguage\":\"it-IT\",\"@id\":\"https:\\\/\\\/edizionilalinea.it\\\/nuovosito\\\/#\\\/schema\\\/logo\\\/image\\\/\",\"url\":\"https:\\\/\\\/edizionilalinea.it\\\/nuovosito\\\/wp-content\\\/uploads\\\/2018\\\/10\\\/La-Linea_loghino.jpg\",\"contentUrl\":\"https:\\\/\\\/edizionilalinea.it\\\/nuovosito\\\/wp-content\\\/uploads\\\/2018\\\/10\\\/La-Linea_loghino.jpg\",\"width\":214,\"height\":210,\"caption\":\"Edizioni La Linea\"},\"image\":{\"@id\":\"https:\\\/\\\/edizionilalinea.it\\\/nuovosito\\\/#\\\/schema\\\/logo\\\/image\\\/\"},\"sameAs\":[\"https:\\\/\\\/www.facebook.com\\\/edizionilalinea\",\"https:\\\/\\\/x.com\\\/EdizioniLaLinea\",\"https:\\\/\\\/www.youtube.com\\\/user\\\/EdizioniLaLinea\"]}]}<\/script>\n<!-- \/ Yoast SEO plugin. -->","yoast_head_json":{"title":"italiano in corso &#8211; Edizioni La Linea","robots":{"index":"index","follow":"follow","max-snippet":"max-snippet:-1","max-image-preview":"max-image-preview:large","max-video-preview":"max-video-preview:-1"},"canonical":"https:\/\/edizionilalinea.it\/nuovosito\/it_it\/italiano-in-corso\/","og_locale":"it_IT","og_type":"article","og_title":"italiano in corso &#8211; Edizioni La Linea","og_description":"Italiano in corso \u00e8 un corso di lingua italiana L2 per studenti adulti e\/o giovani adulti che copre i livelli A1 e A2 del Quadro Comune Europeo di Riferimento per le lingue. Italiano in corso A1 \u00e8 composto da due volumi: &gt; un manuale didattico (Manuale di italiano L2) suddiviso in 9 unit\u00e0, per sviluppare&#8230;Read More&#43;","og_url":"https:\/\/edizionilalinea.it\/nuovosito\/it_it\/italiano-in-corso\/","og_site_name":"Edizioni La Linea","article_publisher":"https:\/\/www.facebook.com\/edizionilalinea","article_modified_time":"2025-11-24T10:47:48+00:00","og_image":[{"url":"https:\/\/edizionilalinea.it\/nuovosito\/wp-content\/uploads\/elementor\/thumbs\/cover-italiano-in-corso-1-rb34t15a2iusxyfdayx60robbgjmno13cxearz1zq0.jpg","type":"","width":"","height":""}],"twitter_card":"summary_large_image","twitter_site":"@EdizioniLaLinea","twitter_misc":{"Tempo di lettura stimato":"3 minuti"},"schema":{"@context":"https:\/\/schema.org","@graph":[{"@type":"WebPage","@id":"https:\/\/edizionilalinea.it\/nuovosito\/italiano-in-corso\/","url":"https:\/\/edizionilalinea.it\/nuovosito\/italiano-in-corso\/","name":"italiano in corso &#8211; Edizioni La Linea","isPartOf":{"@id":"https:\/\/edizionilalinea.it\/nuovosito\/#website"},"primaryImageOfPage":{"@id":"https:\/\/edizionilalinea.it\/nuovosito\/italiano-in-corso\/#primaryimage"},"image":{"@id":"https:\/\/edizionilalinea.it\/nuovosito\/italiano-in-corso\/#primaryimage"},"thumbnailUrl":"https:\/\/edizionilalinea.it\/nuovosito\/wp-content\/uploads\/elementor\/thumbs\/cover-italiano-in-corso-1-rb34t15a2iusxyfdayx60robbgjmno13cxearz1zq0.jpg","datePublished":"2024-01-15T14:46:50+00:00","dateModified":"2025-11-24T10:47:48+00:00","breadcrumb":{"@id":"https:\/\/edizionilalinea.it\/nuovosito\/italiano-in-corso\/#breadcrumb"},"inLanguage":"it-IT","potentialAction":[{"@type":"ReadAction","target":["https:\/\/edizionilalinea.it\/nuovosito\/italiano-in-corso\/"]}]},{"@type":"ImageObject","inLanguage":"it-IT","@id":"https:\/\/edizionilalinea.it\/nuovosito\/italiano-in-corso\/#primaryimage","url":"https:\/\/edizionilalinea.it\/nuovosito\/wp-content\/uploads\/elementor\/thumbs\/cover-italiano-in-corso-1-rb34t15a2iusxyfdayx60robbgjmno13cxearz1zq0.jpg","contentUrl":"https:\/\/edizionilalinea.it\/nuovosito\/wp-content\/uploads\/elementor\/thumbs\/cover-italiano-in-corso-1-rb34t15a2iusxyfdayx60robbgjmno13cxearz1zq0.jpg"},{"@type":"BreadcrumbList","@id":"https:\/\/edizionilalinea.it\/nuovosito\/italiano-in-corso\/#breadcrumb","itemListElement":[{"@type":"ListItem","position":1,"name":"Home","item":"https:\/\/edizionilalinea.it\/nuovosito\/"},{"@type":"ListItem","position":2,"name":"italiano in corso"}]},{"@type":"WebSite","@id":"https:\/\/edizionilalinea.it\/nuovosito\/#website","url":"https:\/\/edizionilalinea.it\/nuovosito\/","name":"Edizioni La Linea","description":"","publisher":{"@id":"https:\/\/edizionilalinea.it\/nuovosito\/#organization"},"potentialAction":[{"@type":"SearchAction","target":{"@type":"EntryPoint","urlTemplate":"https:\/\/edizionilalinea.it\/nuovosito\/?s={search_term_string}"},"query-input":{"@type":"PropertyValueSpecification","valueRequired":true,"valueName":"search_term_string"}}],"inLanguage":"it-IT"},{"@type":"Organization","@id":"https:\/\/edizionilalinea.it\/nuovosito\/#organization","name":"Edizioni La Linea","url":"https:\/\/edizionilalinea.it\/nuovosito\/","logo":{"@type":"ImageObject","inLanguage":"it-IT","@id":"https:\/\/edizionilalinea.it\/nuovosito\/#\/schema\/logo\/image\/","url":"https:\/\/edizionilalinea.it\/nuovosito\/wp-content\/uploads\/2018\/10\/La-Linea_loghino.jpg","contentUrl":"https:\/\/edizionilalinea.it\/nuovosito\/wp-content\/uploads\/2018\/10\/La-Linea_loghino.jpg","width":214,"height":210,"caption":"Edizioni La Linea"},"image":{"@id":"https:\/\/edizionilalinea.it\/nuovosito\/#\/schema\/logo\/image\/"},"sameAs":["https:\/\/www.facebook.com\/edizionilalinea","https:\/\/x.com\/EdizioniLaLinea","https:\/\/www.youtube.com\/user\/EdizioniLaLinea"]}]}},"_links":{"self":[{"href":"https:\/\/edizionilalinea.it\/nuovosito\/it_it\/wp-json\/wp\/v2\/pages\/12602","targetHints":{"allow":["GET"]}}],"collection":[{"href":"https:\/\/edizionilalinea.it\/nuovosito\/it_it\/wp-json\/wp\/v2\/pages"}],"about":[{"href":"https:\/\/edizionilalinea.it\/nuovosito\/it_it\/wp-json\/wp\/v2\/types\/page"}],"author":[{"embeddable":true,"href":"https:\/\/edizionilalinea.it\/nuovosito\/it_it\/wp-json\/wp\/v2\/users\/3"}],"replies":[{"embeddable":true,"href":"https:\/\/edizionilalinea.it\/nuovosito\/it_it\/wp-json\/wp\/v2\/comments?post=12602"}],"version-history":[{"count":62,"href":"https:\/\/edizionilalinea.it\/nuovosito\/it_it\/wp-json\/wp\/v2\/pages\/12602\/revisions"}],"predecessor-version":[{"id":15055,"href":"https:\/\/edizionilalinea.it\/nuovosito\/it_it\/wp-json\/wp\/v2\/pages\/12602\/revisions\/15055"}],"wp:attachment":[{"href":"https:\/\/edizionilalinea.it\/nuovosito\/it_it\/wp-json\/wp\/v2\/media?parent=12602"}],"curies":[{"name":"wp","href":"https:\/\/api.w.org\/{rel}","templated":true}]}}