{"id":1584,"date":"2019-03-04T11:05:07","date_gmt":"2019-03-04T10:05:07","guid":{"rendered":"https:\/\/edizionilalinea.it\/nuovosito\/?page_id=1584"},"modified":"2025-09-19T11:57:16","modified_gmt":"2025-09-19T09:57:16","slug":"analfabetismo-strumenti-europei-intervista-fernanda-minuz","status":"publish","type":"page","link":"https:\/\/edizionilalinea.it\/nuovosito\/it_it\/analfabetismo-strumenti-europei-intervista-fernanda-minuz\/","title":{"rendered":"Analfabetismo e strumenti europei"},"content":{"rendered":"<p style=\"text-align: center;\">In questa intervista la <strong>prof.ssa<\/strong> <strong>Fernanda Minuz<\/strong> ci racconta alcune novit\u00e0 sull&#8217;insegnamento dell&#8217;italiano a stranieri analfabeti e fornisce qualche riflessione sui recenti cambiamenti nel sistema di accoglienza a migranti in Italia.<\/p>\n<figure>\n\t\t\t\t\t\t\t\t\t\t<img loading=\"lazy\" decoding=\"async\" width=\"263\" height=\"300\" src=\"https:\/\/edizionilalinea.it\/nuovosito\/wp-content\/uploads\/2019\/03\/Minuz_photo-e1551713929446-263x300.jpeg\" alt=\"Fernanda Minuz\" srcset=\"https:\/\/edizionilalinea.it\/nuovosito\/wp-content\/uploads\/2019\/03\/Minuz_photo-e1551713929446-263x300.jpeg 263w, https:\/\/edizionilalinea.it\/nuovosito\/wp-content\/uploads\/2019\/03\/Minuz_photo-e1551713929446-scaled-578x659.jpeg 578w, https:\/\/edizionilalinea.it\/nuovosito\/wp-content\/uploads\/2019\/03\/Minuz_photo-e1551713929446-768x875.jpeg 768w, https:\/\/edizionilalinea.it\/nuovosito\/wp-content\/uploads\/2019\/03\/Minuz_photo-e1551713929446-898x1024.jpeg 898w\" sizes=\"auto, (max-width: 263px) 100vw, 263px\" \/><figcaption>Fernanda Minuz \u00e8 stata insegnante di lingua italiana presso la Johns Hopkins University \u2013 SAIS Europe, \u00e8 autrice di manuali di lingua italiana e di pubblicazioni in didattica dell\u2019italiano L2\/LS. Ha partecipato a numerosi progetti nazionali e internazionali, l&#8217;ultimo per il Consiglio d&#8217;Europa sull&#8217;apprendimento delle lingue seconde e l&#8217;alfabetizzazione.<\/figcaption><\/figure>\n<h2>Prof.ssa Minuz, Lei sta attualmente lavorando, insieme ad altri suoi colleghi europei, alla definizione di nuovi strumenti per l\u2019insegnamento delle lingue a studenti analfabeti. Ci pu\u00f2 riferire pi\u00f9 nello specifico di che cosa si tratta?<\/h2>\n<p>Si tratta di un progetto ambizioso, che il Consiglio d&#8217;Europa ha accolto e sorretto sin dall&#8217;inizio: definire un &#8220;Quadro europeo di riferimento per l&#8217;apprendimento delle lingue seconde e l&#8217;alfabetizzazione&#8221; come complemento del &#8220;Quadro Comune Europeo&#8221; per rispondere alle esigenze formative degli adulti immigrati con scolarit\u00e0 nulla o debole. I limiti del &#8220;Quadro&#8221; in relazione all&#8217;insegnamento in contesti migratori sono stati messi in rilevo da tempo: il &#8220;Quadro&#8221; e il recente &#8220;Companion Volume&#8221;, che lo completa e aggiorna, sono orientati verso l&#8217;insegnamento delle lingue straniere pi\u00f9 che delle lingue seconde, e sin dai primissimi livelli si rivolgono a profili di apprendenti di scolarit\u00e0 medio-alta e parlanti lingue europee. La presenza crescente in Europa di immigrati adulti di lingue (e di culture) non europee, tra i quali anche adulti analfabeti o debolmente scolarizzati, ha imposto la necessit\u00e0 di mettere a punto descrittori capaci di rendere conto della progressione nell&#8217;acquisizione primaria della lettura e della scrittura (alfabetizzazione) in una lingua seconda e di descriverla per i contesti d&#8217;uso pi\u00f9 frequenti nell&#8217;esperienza di donne e uomini adulti che vivono, lavorano, hanno famiglia e reti sociali, esperienze di partecipazione civica nei paesi europei.<\/p>\n<p>Sillabi e descrittori per l&#8217;alfabetizzazione in L2 sono gi\u00e0 stati messi a punto per alcune lingue europee; per l&#8217;italiano abbiamo<em> <a style=\"color: #ff0000;\" href=\"http:\/\/www.edizionilalinea.it\/ida\/dida.html\">Italiano L2 in contesti migratori. Sillabo e descrittori dall&#8217;alfabetizzazione all&#8217;A1<\/a>\u00a0<\/em>che Borri, Rocca, Sola e io abbiamo pubblicato per Loescher nel 2014 e che ha ricevuto il riconoscimento del Consiglio d&#8217;Europa. Era arrivato il momento di uno strumento europeo. Il gruppo di lavoro che si \u00e8 formato rappresenta alcune tra le pi\u00f9 significative esperienze in Europa. Lo compongono Alexis Garc\u00eda Feldmeier, Jeanne Kurvers, Rola Naeb, Karen Schramm, Taina Tammelin-Laine, Lorenzo Rocca in rappresentanza del LIAM (Language Integration of Adult Migrants) del Consiglio d&#8217;Europa e io come coordinatrice. La nostra ambizione \u00e8 di contribuire a potenziare in maniera sostanziale le opportunit\u00e0 di un apprendimento linguistico di qualit\u00e0 da parte degli apprendenti poco o nulla scolarizzati.<\/p>\n<h2>A quanto pare, una quota consistente delle persone immigrate pi\u00f9 recentemente in Italia sono analfabete. Si tratta in molti casi di persone che presentano profili nuovi rispetto agli analfabeti \u201cstorici\u201d. In che cosa differiscono? Ritiene che tali differenze abbiano un\u2019incidenza nel loro percorso di apprendimento della lingua italiana e di integrazione nella nostra societ\u00e0? In che modo?<\/h2>\n<p>La presenza di adulti analfabeti o di debolissima alfabetizzazione nella popolazione immigrata non \u00e8 un fatto nuovo e non \u00e8 nuova neppure una risposta educativa. In Italia risalgono alla fine degli anni Novanta i primi manuali per l&#8217;alfabetizzazione in italiano degli stranieri, cio\u00e8 per l&#8217;insegnamento primario della lettura e della scrittura. Una valutazione impressionistica, diffusa anche se non sorretta da estesi dati statistici, porta a dire che il numero degli analfabeti nei corsi di lingua \u00e8 aumentato con i recenti flussi di profughi e richiedenti asilo. Certo \u00e8 cambiato il profilo degli analfabeti presenti nei contesti formativi, siano pubblici o del terzo settore: mentre il profilo prevalente era, fino a tempi recenti, quello di donne dell&#8217;Africa settentrionale o dell&#8217;Asia centrale, ora si tratta in maggioranza di giovani, prevalentemente uomini, con nulli o scarsi contatti con la lingua scritta, provenienti da aree rurali. La loro presenza porta alla nostra attenzione la persistenza di alti tassi di analfabetismo in alcune regioni dell&#8217;Africa subsahariana e dell&#8217;Asia centrale e meridionale che l&#8217;UNESCO ha denunciato in suo recente rapporto e che getta un&#8217;ombra sulla generale tendenza alla crescita dei livelli di alfabetizzazione nel mondo. In numeri assoluti, nel 2017, 102 milioni di giovani e adulti erano analfabeti, concentrati prevalentemente nei paesi dell\u2019Africa sub-sahariana, dove l\u2019accesso alla scolarizzazione resta difficile, l\u2019abbandono scolastico alto e probabilmente la qualit\u00e0 dell\u2019istruzione inadeguata. L&#8217;importanza della qualit\u00e0 dell&#8217;istruzione nelle aree povere del mondo \u00e8 un tema che emerge con sempre maggiore insistenza nei documenti internazionali.<\/p>\n<p>Questi nuovi profili di apprendente analfabeta si distinguono, tuttavia, anche per delle caratteristiche che rappresentano risorse importanti su cui agire nell&#8217;insegnamento linguistico. Ne cito solo due: il plurilinguismo e le competenze digitali. In molti casi sono persone che hanno appreso spontaneamente anche pi\u00f9 di tre lingue, sviluppando strategie di apprendimento che ancora non conosciamo a sufficienza. Sono persone inoltre che, attraverso l&#8217;uso costante delle tecnologie dell&#8217;informazione e della comunicazione, sono in grado di accedere a flussi comunicativi pi\u00f9 ampi di quelli tradizionalmente disponibili agli analfabeti.<\/p>\n<h2>La composizione degli ultimi flussi migratori verso il nostro Paese, ma anche l\u2019organizzazione del sistema di accoglienza e la riforma di quello di istruzione degli adulti hanno dato, in pochi anni appena, un deciso impulso all\u2019innovazione dell\u2019insegnamento della L2. Che idea si \u00e8 fatta a riguardo?<\/h2>\n<p>Aggiungerei tra i fattori alla base di questo impulso anche la ricca offerta di master e corsi magistrali per l&#8217;insegnamento dell&#8217;italiano come L2 e LS, che hanno formato giovani insegnanti molto qualificati, e l&#8217;intensa attivit\u00e0 formativa rivolta sia agli insegnanti in servizio sia, con modalit\u00e0 diverse, ai volontari impegnati nell&#8217;insegnamento. Ci sono esperienze molto interessanti in molti luoghi, come testimoniato dalla produzione editoriale di manuali di lingua rivolti ai migranti, che sempre pi\u00f9 differenziano pubblici specifici per livelli linguistici, livelli di scolarit\u00e0, requisiti giuridici (un esempio sono i manuali di livello A2 che integrano elementi di educazione civica), situazioni di insegnamento, siano i CPIA o i centri di accoglienza per richiedenti asilo, interessi e motivazioni (come la lingua per il lavoro). Questa attenzione ai bisogni specifici e diversi dei migranti, non pi\u00f9 visti come un&#8217;utenza indifferenziata, mi sembra un segno della maturit\u00e0 raggiunta dall&#8217;insegnamento della lingua seconda nel nostro paese.<\/p>\n<h2>Il patrimonio professionale che, soprattutto in questi ultimi anni, \u00e8 stato accumulato dai docenti di italiano come potr\u00e0 essere speso nel prossimo futuro? <\/h2>\n<p>Le attuali politiche nazionali nei confronti dell&#8217;accoglienza ai rifugiati e in genere all&#8217;immigrazione, con lo smantellamento del sistema di accoglienza e dell&#8217;insegnamento della lingua ai richiedenti asilo e rifugiati non inducono certo ad una risposta ottimista. Vedo ora una dispersione di una parte del patrimonio di conoscenze accumulato, che va insieme con l&#8217;allontanamento dall&#8217;insegnamento di molti giovani insegnanti che quel patrimonio hanno accumulato. Tuttavia credo che la situazione che si \u00e8 creata non sia socialmente sostenibile. La lingua \u00e8 un elemento importante per l&#8217;integrazione. L&#8217;attenzione mediatica e l&#8217;enfasi ideologica sull&#8217;emergenza creata dagli sbarchi hanno messo in secondo piano il fatto che in questo paese vivono oltre 5 milioni di stranieri, ai cui eventuali bisogni educativi e formativi va data risposta. <\/p>\n<p style=\"text-align: right;\">02\/03\/2019<\/p>\n","protected":false},"excerpt":{"rendered":"<p>In questa intervista la prof.ssa Fernanda Minuz ci racconta alcune novit\u00e0 sull&#8217;insegnamento dell&#8217;italiano a stranieri analfabeti e fornisce qualche riflessione sui recenti cambiamenti nel sistema di accoglienza a migranti in Italia. Fernanda Minuz \u00e8 stata insegnante di lingua italiana presso la Johns Hopkins University \u2013 SAIS Europe, \u00e8 autrice di manuali di lingua italiana e&#8230;<\/p>\n<p class=\"more-link\"><a href=\"https:\/\/edizionilalinea.it\/nuovosito\/it_it\/analfabetismo-strumenti-europei-intervista-fernanda-minuz\/\"><span>Read More<\/span><i>&#43;<\/i><\/a><\/p>\n","protected":false},"author":3,"featured_media":0,"parent":0,"menu_order":0,"comment_status":"closed","ping_status":"closed","template":"","meta":{"footnotes":""},"class_list":["post-1584","page","type-page","status-publish","hentry"],"yoast_head":"<!-- This site is optimized with the Yoast SEO plugin v27.4 - https:\/\/yoast.com\/product\/yoast-seo-wordpress\/ -->\n<title>Analfabetismo e strumenti europei: intervista a Fernanda Minuz<\/title>\n<meta name=\"description\" content=\"Le novit\u00e0 sull\u2019apprendimento dell\u2019italiano a stranieri analfabeti e i recenti cambiamenti nel sistema di accoglienza a migranti in Italia.\" \/>\n<meta name=\"robots\" content=\"index, follow, max-snippet:-1, max-image-preview:large, max-video-preview:-1\" \/>\n<link rel=\"canonical\" href=\"https:\/\/edizionilalinea.it\/nuovosito\/it_it\/analfabetismo-strumenti-europei-intervista-fernanda-minuz\/\" \/>\n<meta property=\"og:locale\" content=\"it_IT\" \/>\n<meta property=\"og:type\" content=\"article\" \/>\n<meta property=\"og:title\" content=\"Analfabetismo e strumenti europei: intervista a Fernanda Minuz\" \/>\n<meta property=\"og:description\" content=\"Le novit\u00e0 sull\u2019apprendimento dell\u2019italiano a stranieri analfabeti e i recenti cambiamenti nel sistema di accoglienza a migranti in Italia.\" \/>\n<meta property=\"og:url\" content=\"https:\/\/edizionilalinea.it\/nuovosito\/it_it\/analfabetismo-strumenti-europei-intervista-fernanda-minuz\/\" \/>\n<meta property=\"og:site_name\" content=\"Edizioni La Linea\" \/>\n<meta property=\"article:publisher\" content=\"https:\/\/www.facebook.com\/edizionilalinea\" \/>\n<meta property=\"article:modified_time\" content=\"2025-09-19T09:57:16+00:00\" \/>\n<meta property=\"og:image\" content=\"https:\/\/edizionilalinea.it\/nuovosito\/wp-content\/uploads\/2019\/03\/Minuz_photo-e1551713929446-scaled.jpeg\" \/>\n\t<meta property=\"og:image:width\" content=\"2246\" \/>\n\t<meta property=\"og:image:height\" content=\"2560\" \/>\n\t<meta property=\"og:image:type\" content=\"image\/jpeg\" \/>\n<meta name=\"twitter:card\" content=\"summary_large_image\" \/>\n<meta name=\"twitter:site\" content=\"@EdizioniLaLinea\" \/>\n<meta name=\"twitter:label1\" content=\"Tempo di lettura stimato\" \/>\n\t<meta name=\"twitter:data1\" content=\"7 minuti\" \/>\n<script type=\"application\/ld+json\" class=\"yoast-schema-graph\">{\"@context\":\"https:\\\/\\\/schema.org\",\"@graph\":[{\"@type\":\"WebPage\",\"@id\":\"https:\\\/\\\/edizionilalinea.it\\\/nuovosito\\\/it_it\\\/analfabetismo-strumenti-europei-intervista-fernanda-minuz\\\/\",\"url\":\"https:\\\/\\\/edizionilalinea.it\\\/nuovosito\\\/it_it\\\/analfabetismo-strumenti-europei-intervista-fernanda-minuz\\\/\",\"name\":\"Analfabetismo e strumenti europei: intervista a Fernanda Minuz\",\"isPartOf\":{\"@id\":\"https:\\\/\\\/edizionilalinea.it\\\/nuovosito\\\/#website\"},\"primaryImageOfPage\":{\"@id\":\"https:\\\/\\\/edizionilalinea.it\\\/nuovosito\\\/it_it\\\/analfabetismo-strumenti-europei-intervista-fernanda-minuz\\\/#primaryimage\"},\"image\":{\"@id\":\"https:\\\/\\\/edizionilalinea.it\\\/nuovosito\\\/it_it\\\/analfabetismo-strumenti-europei-intervista-fernanda-minuz\\\/#primaryimage\"},\"thumbnailUrl\":\"https:\\\/\\\/edizionilalinea.it\\\/nuovosito\\\/wp-content\\\/uploads\\\/2019\\\/03\\\/Minuz_photo-e1551713929446-263x300.jpeg\",\"datePublished\":\"2019-03-04T10:05:07+00:00\",\"dateModified\":\"2025-09-19T09:57:16+00:00\",\"description\":\"Le novit\u00e0 sull\u2019apprendimento dell\u2019italiano a stranieri analfabeti e i recenti cambiamenti nel sistema di accoglienza a migranti in Italia.\",\"breadcrumb\":{\"@id\":\"https:\\\/\\\/edizionilalinea.it\\\/nuovosito\\\/it_it\\\/analfabetismo-strumenti-europei-intervista-fernanda-minuz\\\/#breadcrumb\"},\"inLanguage\":\"it-IT\",\"potentialAction\":[{\"@type\":\"ReadAction\",\"target\":[\"https:\\\/\\\/edizionilalinea.it\\\/nuovosito\\\/it_it\\\/analfabetismo-strumenti-europei-intervista-fernanda-minuz\\\/\"]}]},{\"@type\":\"ImageObject\",\"inLanguage\":\"it-IT\",\"@id\":\"https:\\\/\\\/edizionilalinea.it\\\/nuovosito\\\/it_it\\\/analfabetismo-strumenti-europei-intervista-fernanda-minuz\\\/#primaryimage\",\"url\":\"https:\\\/\\\/edizionilalinea.it\\\/nuovosito\\\/wp-content\\\/uploads\\\/2019\\\/03\\\/Minuz_photo-e1551713929446-263x300.jpeg\",\"contentUrl\":\"https:\\\/\\\/edizionilalinea.it\\\/nuovosito\\\/wp-content\\\/uploads\\\/2019\\\/03\\\/Minuz_photo-e1551713929446-263x300.jpeg\"},{\"@type\":\"BreadcrumbList\",\"@id\":\"https:\\\/\\\/edizionilalinea.it\\\/nuovosito\\\/it_it\\\/analfabetismo-strumenti-europei-intervista-fernanda-minuz\\\/#breadcrumb\",\"itemListElement\":[{\"@type\":\"ListItem\",\"position\":1,\"name\":\"Home\",\"item\":\"https:\\\/\\\/edizionilalinea.it\\\/nuovosito\\\/\"},{\"@type\":\"ListItem\",\"position\":2,\"name\":\"Analfabetismo e strumenti europei\"}]},{\"@type\":\"WebSite\",\"@id\":\"https:\\\/\\\/edizionilalinea.it\\\/nuovosito\\\/#website\",\"url\":\"https:\\\/\\\/edizionilalinea.it\\\/nuovosito\\\/\",\"name\":\"Edizioni La Linea\",\"description\":\"\",\"publisher\":{\"@id\":\"https:\\\/\\\/edizionilalinea.it\\\/nuovosito\\\/#organization\"},\"potentialAction\":[{\"@type\":\"SearchAction\",\"target\":{\"@type\":\"EntryPoint\",\"urlTemplate\":\"https:\\\/\\\/edizionilalinea.it\\\/nuovosito\\\/?s={search_term_string}\"},\"query-input\":{\"@type\":\"PropertyValueSpecification\",\"valueRequired\":true,\"valueName\":\"search_term_string\"}}],\"inLanguage\":\"it-IT\"},{\"@type\":\"Organization\",\"@id\":\"https:\\\/\\\/edizionilalinea.it\\\/nuovosito\\\/#organization\",\"name\":\"Edizioni La Linea\",\"url\":\"https:\\\/\\\/edizionilalinea.it\\\/nuovosito\\\/\",\"logo\":{\"@type\":\"ImageObject\",\"inLanguage\":\"it-IT\",\"@id\":\"https:\\\/\\\/edizionilalinea.it\\\/nuovosito\\\/#\\\/schema\\\/logo\\\/image\\\/\",\"url\":\"https:\\\/\\\/edizionilalinea.it\\\/nuovosito\\\/wp-content\\\/uploads\\\/2018\\\/10\\\/La-Linea_loghino.jpg\",\"contentUrl\":\"https:\\\/\\\/edizionilalinea.it\\\/nuovosito\\\/wp-content\\\/uploads\\\/2018\\\/10\\\/La-Linea_loghino.jpg\",\"width\":214,\"height\":210,\"caption\":\"Edizioni La Linea\"},\"image\":{\"@id\":\"https:\\\/\\\/edizionilalinea.it\\\/nuovosito\\\/#\\\/schema\\\/logo\\\/image\\\/\"},\"sameAs\":[\"https:\\\/\\\/www.facebook.com\\\/edizionilalinea\",\"https:\\\/\\\/x.com\\\/EdizioniLaLinea\",\"https:\\\/\\\/www.youtube.com\\\/user\\\/EdizioniLaLinea\"]}]}<\/script>\n<!-- \/ Yoast SEO plugin. -->","yoast_head_json":{"title":"Analfabetismo e strumenti europei: intervista a Fernanda Minuz","description":"Le novit\u00e0 sull\u2019apprendimento dell\u2019italiano a stranieri analfabeti e i recenti cambiamenti nel sistema di accoglienza a migranti in Italia.","robots":{"index":"index","follow":"follow","max-snippet":"max-snippet:-1","max-image-preview":"max-image-preview:large","max-video-preview":"max-video-preview:-1"},"canonical":"https:\/\/edizionilalinea.it\/nuovosito\/it_it\/analfabetismo-strumenti-europei-intervista-fernanda-minuz\/","og_locale":"it_IT","og_type":"article","og_title":"Analfabetismo e strumenti europei: intervista a Fernanda Minuz","og_description":"Le novit\u00e0 sull\u2019apprendimento dell\u2019italiano a stranieri analfabeti e i recenti cambiamenti nel sistema di accoglienza a migranti in Italia.","og_url":"https:\/\/edizionilalinea.it\/nuovosito\/it_it\/analfabetismo-strumenti-europei-intervista-fernanda-minuz\/","og_site_name":"Edizioni La Linea","article_publisher":"https:\/\/www.facebook.com\/edizionilalinea","article_modified_time":"2025-09-19T09:57:16+00:00","og_image":[{"width":2246,"height":2560,"url":"https:\/\/edizionilalinea.it\/nuovosito\/wp-content\/uploads\/2019\/03\/Minuz_photo-e1551713929446-scaled.jpeg","type":"image\/jpeg"}],"twitter_card":"summary_large_image","twitter_site":"@EdizioniLaLinea","twitter_misc":{"Tempo di lettura stimato":"7 minuti"},"schema":{"@context":"https:\/\/schema.org","@graph":[{"@type":"WebPage","@id":"https:\/\/edizionilalinea.it\/nuovosito\/it_it\/analfabetismo-strumenti-europei-intervista-fernanda-minuz\/","url":"https:\/\/edizionilalinea.it\/nuovosito\/it_it\/analfabetismo-strumenti-europei-intervista-fernanda-minuz\/","name":"Analfabetismo e strumenti europei: intervista a Fernanda Minuz","isPartOf":{"@id":"https:\/\/edizionilalinea.it\/nuovosito\/#website"},"primaryImageOfPage":{"@id":"https:\/\/edizionilalinea.it\/nuovosito\/it_it\/analfabetismo-strumenti-europei-intervista-fernanda-minuz\/#primaryimage"},"image":{"@id":"https:\/\/edizionilalinea.it\/nuovosito\/it_it\/analfabetismo-strumenti-europei-intervista-fernanda-minuz\/#primaryimage"},"thumbnailUrl":"https:\/\/edizionilalinea.it\/nuovosito\/wp-content\/uploads\/2019\/03\/Minuz_photo-e1551713929446-263x300.jpeg","datePublished":"2019-03-04T10:05:07+00:00","dateModified":"2025-09-19T09:57:16+00:00","description":"Le novit\u00e0 sull\u2019apprendimento dell\u2019italiano a stranieri analfabeti e i recenti cambiamenti nel sistema di accoglienza a migranti in Italia.","breadcrumb":{"@id":"https:\/\/edizionilalinea.it\/nuovosito\/it_it\/analfabetismo-strumenti-europei-intervista-fernanda-minuz\/#breadcrumb"},"inLanguage":"it-IT","potentialAction":[{"@type":"ReadAction","target":["https:\/\/edizionilalinea.it\/nuovosito\/it_it\/analfabetismo-strumenti-europei-intervista-fernanda-minuz\/"]}]},{"@type":"ImageObject","inLanguage":"it-IT","@id":"https:\/\/edizionilalinea.it\/nuovosito\/it_it\/analfabetismo-strumenti-europei-intervista-fernanda-minuz\/#primaryimage","url":"https:\/\/edizionilalinea.it\/nuovosito\/wp-content\/uploads\/2019\/03\/Minuz_photo-e1551713929446-263x300.jpeg","contentUrl":"https:\/\/edizionilalinea.it\/nuovosito\/wp-content\/uploads\/2019\/03\/Minuz_photo-e1551713929446-263x300.jpeg"},{"@type":"BreadcrumbList","@id":"https:\/\/edizionilalinea.it\/nuovosito\/it_it\/analfabetismo-strumenti-europei-intervista-fernanda-minuz\/#breadcrumb","itemListElement":[{"@type":"ListItem","position":1,"name":"Home","item":"https:\/\/edizionilalinea.it\/nuovosito\/"},{"@type":"ListItem","position":2,"name":"Analfabetismo e strumenti europei"}]},{"@type":"WebSite","@id":"https:\/\/edizionilalinea.it\/nuovosito\/#website","url":"https:\/\/edizionilalinea.it\/nuovosito\/","name":"Edizioni La Linea","description":"","publisher":{"@id":"https:\/\/edizionilalinea.it\/nuovosito\/#organization"},"potentialAction":[{"@type":"SearchAction","target":{"@type":"EntryPoint","urlTemplate":"https:\/\/edizionilalinea.it\/nuovosito\/?s={search_term_string}"},"query-input":{"@type":"PropertyValueSpecification","valueRequired":true,"valueName":"search_term_string"}}],"inLanguage":"it-IT"},{"@type":"Organization","@id":"https:\/\/edizionilalinea.it\/nuovosito\/#organization","name":"Edizioni La Linea","url":"https:\/\/edizionilalinea.it\/nuovosito\/","logo":{"@type":"ImageObject","inLanguage":"it-IT","@id":"https:\/\/edizionilalinea.it\/nuovosito\/#\/schema\/logo\/image\/","url":"https:\/\/edizionilalinea.it\/nuovosito\/wp-content\/uploads\/2018\/10\/La-Linea_loghino.jpg","contentUrl":"https:\/\/edizionilalinea.it\/nuovosito\/wp-content\/uploads\/2018\/10\/La-Linea_loghino.jpg","width":214,"height":210,"caption":"Edizioni La Linea"},"image":{"@id":"https:\/\/edizionilalinea.it\/nuovosito\/#\/schema\/logo\/image\/"},"sameAs":["https:\/\/www.facebook.com\/edizionilalinea","https:\/\/x.com\/EdizioniLaLinea","https:\/\/www.youtube.com\/user\/EdizioniLaLinea"]}]}},"_links":{"self":[{"href":"https:\/\/edizionilalinea.it\/nuovosito\/it_it\/wp-json\/wp\/v2\/pages\/1584","targetHints":{"allow":["GET"]}}],"collection":[{"href":"https:\/\/edizionilalinea.it\/nuovosito\/it_it\/wp-json\/wp\/v2\/pages"}],"about":[{"href":"https:\/\/edizionilalinea.it\/nuovosito\/it_it\/wp-json\/wp\/v2\/types\/page"}],"author":[{"embeddable":true,"href":"https:\/\/edizionilalinea.it\/nuovosito\/it_it\/wp-json\/wp\/v2\/users\/3"}],"replies":[{"embeddable":true,"href":"https:\/\/edizionilalinea.it\/nuovosito\/it_it\/wp-json\/wp\/v2\/comments?post=1584"}],"version-history":[{"count":35,"href":"https:\/\/edizionilalinea.it\/nuovosito\/it_it\/wp-json\/wp\/v2\/pages\/1584\/revisions"}],"predecessor-version":[{"id":14652,"href":"https:\/\/edizionilalinea.it\/nuovosito\/it_it\/wp-json\/wp\/v2\/pages\/1584\/revisions\/14652"}],"wp:attachment":[{"href":"https:\/\/edizionilalinea.it\/nuovosito\/it_it\/wp-json\/wp\/v2\/media?parent=1584"}],"curies":[{"name":"wp","href":"https:\/\/api.w.org\/{rel}","templated":true}]}}