{"id":14281,"date":"2025-07-25T12:01:16","date_gmt":"2025-07-25T10:01:16","guid":{"rendered":"https:\/\/edizionilalinea.it\/nuovosito\/?post_type=product&#038;p=14281"},"modified":"2025-09-23T09:50:50","modified_gmt":"2025-09-23T07:50:50","slug":"due-piccoli-cavalieri","status":"publish","type":"product","link":"https:\/\/edizionilalinea.it\/nuovosito\/it_it\/prodotto\/due-piccoli-cavalieri\/","title":{"rendered":"Due piccoli cavalieri"},"content":{"rendered":"<p><span style=\"font-size: 14pt; font-family: comic sans ms, sans-serif;\"><em><strong>La Linea Immaginaria<\/strong> \u00e8 la nuova collana di <strong>albi illustrati <\/strong>di<strong> Edizioni La Linea<\/strong>.<\/em><\/span><\/p>\n<p><strong>I prodi Roseto e Bang devono salvare la Principessa, rapita dal Drago. Un inizio ben consueto per una storia che si trasforma presto in un\u2019impresa assai bizzarra. Due cavalieri timorosi, una principessa amante del rock, boschi spaventosi, locali notturni, orchi buttafuori, draghi con code mozzate sono gli ingredienti di questa storia.<\/strong><\/p>\n<p>&nbsp;<\/p>\n<p><span style=\"font-size: 14pt; font-family: comic sans ms, sans-serif;\"><strong>Temi<\/strong>: diversit\u00e0, humour, cavalieri, principesse<\/span><\/p>\n<p><span style=\"font-size: 14pt; font-family: comic sans ms, sans-serif;\"><strong>Italiano | Illustrato &#8211; et\u00e0 5+<\/strong><\/span><\/p>\n<p>&nbsp;<\/p>\n<p><strong>Bj\u00f8rn F. R\u00f8rvik (autore)<\/strong> \u00e8 uno scrittore norvegese. Ha scritto il suo primo libro nel 1996 e da allora \u00e8 diventato uno degli autori di libri per bambini di maggior successo e fama in Norvegia.<\/p>\n<p><strong>Alice Bjerknes Lima de Fari (illustratrice)<\/strong> \u00e8 una scenografa e illustratrice norvegese-svedese. Si \u00e8 diplomata alla School of Design and Crafts di G\u00f6teborg e alla RoyalDanish Academy of Fine Arts. Ha inoltre conseguito un Master in Scenografia.<\/p>\n<p>&nbsp;<\/p>\n<p>&nbsp;<\/p>\n<p>&nbsp;<\/p>\n","protected":false},"excerpt":{"rendered":"<p><span style=\"font-family: 'trebuchet ms', geneva, sans-serif; font-size: 14pt;\">di Bj\u00f8rn F. R\u00f8rvik\u00a0<\/span><\/p>\n<p><span style=\"font-family: 'trebuchet ms', geneva, sans-serif; font-size: 10pt;\">Confezione: cartonato<\/span><\/p>\n<p><span style=\"font-family: 'trebuchet ms', geneva, sans-serif; font-size: 10pt;\">Pubblicazione: aprile 2025<\/span><br \/>\n<span style=\"font-family: 'trebuchet ms', geneva, sans-serif; font-size: 10pt;\">ISBN: 979-12-81640-08-5\u00a0<\/span><\/p>\n","protected":false},"featured_media":14282,"comment_status":"open","ping_status":"closed","template":"","meta":[],"product_brand":[],"product_cat":[75],"product_tag":[],"class_list":{"0":"post-14281","1":"product","2":"type-product","3":"status-publish","4":"has-post-thumbnail","6":"product_cat-la-linea-immaginaria","8":"first","9":"instock","10":"shipping-taxable","11":"purchasable","12":"product-type-simple"},"yoast_head":"<!-- This site is optimized with the Yoast SEO plugin v27.3 - https:\/\/yoast.com\/product\/yoast-seo-wordpress\/ -->\n<title>Due piccoli cavalieri &#8211; Edizioni La Linea<\/title>\n<meta name=\"robots\" content=\"index, follow, max-snippet:-1, max-image-preview:large, max-video-preview:-1\" \/>\n<link rel=\"canonical\" href=\"https:\/\/edizionilalinea.it\/nuovosito\/it_it\/prodotto\/due-piccoli-cavalieri\/\" \/>\n<meta property=\"og:locale\" content=\"it_IT\" \/>\n<meta property=\"og:type\" content=\"article\" \/>\n<meta property=\"og:title\" content=\"Due piccoli cavalieri &#8211; Edizioni La Linea\" \/>\n<meta property=\"og:description\" content=\"di Bj\u00f8rn F. R\u00f8rvik\u00a0  Confezione: cartonato  Pubblicazione: aprile 2025 ISBN: 979-12-81640-08-5\u00a0\" \/>\n<meta property=\"og:url\" content=\"https:\/\/edizionilalinea.it\/nuovosito\/it_it\/prodotto\/due-piccoli-cavalieri\/\" \/>\n<meta property=\"og:site_name\" content=\"Edizioni La Linea\" \/>\n<meta property=\"article:publisher\" content=\"https:\/\/www.facebook.com\/edizionilalinea\" \/>\n<meta property=\"article:modified_time\" content=\"2025-09-23T07:50:50+00:00\" \/>\n<meta property=\"og:image\" content=\"https:\/\/edizionilalinea.it\/nuovosito\/wp-content\/uploads\/2025\/07\/due-piccoli-cover.jpg\" \/>\n\t<meta property=\"og:image:width\" content=\"631\" \/>\n\t<meta property=\"og:image:height\" content=\"860\" \/>\n\t<meta property=\"og:image:type\" content=\"image\/jpeg\" \/>\n<meta name=\"twitter:card\" content=\"summary_large_image\" \/>\n<meta name=\"twitter:site\" content=\"@EdizioniLaLinea\" \/>\n<meta name=\"twitter:label1\" content=\"Tempo di lettura stimato\" \/>\n\t<meta name=\"twitter:data1\" content=\"1 minuto\" \/>\n<script type=\"application\/ld+json\" class=\"yoast-schema-graph\">{\"@context\":\"https:\\\/\\\/schema.org\",\"@graph\":[{\"@type\":\"WebPage\",\"@id\":\"https:\\\/\\\/edizionilalinea.it\\\/nuovosito\\\/prodotto\\\/due-piccoli-cavalieri\\\/\",\"url\":\"https:\\\/\\\/edizionilalinea.it\\\/nuovosito\\\/prodotto\\\/due-piccoli-cavalieri\\\/\",\"name\":\"Due piccoli cavalieri &#8211; Edizioni La Linea\",\"isPartOf\":{\"@id\":\"https:\\\/\\\/edizionilalinea.it\\\/nuovosito\\\/#website\"},\"primaryImageOfPage\":{\"@id\":\"https:\\\/\\\/edizionilalinea.it\\\/nuovosito\\\/prodotto\\\/due-piccoli-cavalieri\\\/#primaryimage\"},\"image\":{\"@id\":\"https:\\\/\\\/edizionilalinea.it\\\/nuovosito\\\/prodotto\\\/due-piccoli-cavalieri\\\/#primaryimage\"},\"thumbnailUrl\":\"https:\\\/\\\/edizionilalinea.it\\\/nuovosito\\\/wp-content\\\/uploads\\\/2025\\\/07\\\/due-piccoli-cover.jpg\",\"datePublished\":\"2025-07-25T10:01:16+00:00\",\"dateModified\":\"2025-09-23T07:50:50+00:00\",\"breadcrumb\":{\"@id\":\"https:\\\/\\\/edizionilalinea.it\\\/nuovosito\\\/prodotto\\\/due-piccoli-cavalieri\\\/#breadcrumb\"},\"inLanguage\":\"it-IT\",\"potentialAction\":[{\"@type\":\"ReadAction\",\"target\":[\"https:\\\/\\\/edizionilalinea.it\\\/nuovosito\\\/prodotto\\\/due-piccoli-cavalieri\\\/\"]}]},{\"@type\":\"ImageObject\",\"inLanguage\":\"it-IT\",\"@id\":\"https:\\\/\\\/edizionilalinea.it\\\/nuovosito\\\/prodotto\\\/due-piccoli-cavalieri\\\/#primaryimage\",\"url\":\"https:\\\/\\\/edizionilalinea.it\\\/nuovosito\\\/wp-content\\\/uploads\\\/2025\\\/07\\\/due-piccoli-cover.jpg\",\"contentUrl\":\"https:\\\/\\\/edizionilalinea.it\\\/nuovosito\\\/wp-content\\\/uploads\\\/2025\\\/07\\\/due-piccoli-cover.jpg\",\"width\":631,\"height\":860},{\"@type\":\"BreadcrumbList\",\"@id\":\"https:\\\/\\\/edizionilalinea.it\\\/nuovosito\\\/prodotto\\\/due-piccoli-cavalieri\\\/#breadcrumb\",\"itemListElement\":[{\"@type\":\"ListItem\",\"position\":1,\"name\":\"Home\",\"item\":\"https:\\\/\\\/edizionilalinea.it\\\/nuovosito\\\/\"},{\"@type\":\"ListItem\",\"position\":2,\"name\":\"Shop\",\"item\":\"https:\\\/\\\/edizionilalinea.it\\\/nuovosito\\\/negozio\\\/\"},{\"@type\":\"ListItem\",\"position\":3,\"name\":\"Due piccoli cavalieri\"}]},{\"@type\":\"WebSite\",\"@id\":\"https:\\\/\\\/edizionilalinea.it\\\/nuovosito\\\/#website\",\"url\":\"https:\\\/\\\/edizionilalinea.it\\\/nuovosito\\\/\",\"name\":\"Edizioni La Linea\",\"description\":\"\",\"publisher\":{\"@id\":\"https:\\\/\\\/edizionilalinea.it\\\/nuovosito\\\/#organization\"},\"potentialAction\":[{\"@type\":\"SearchAction\",\"target\":{\"@type\":\"EntryPoint\",\"urlTemplate\":\"https:\\\/\\\/edizionilalinea.it\\\/nuovosito\\\/?s={search_term_string}\"},\"query-input\":{\"@type\":\"PropertyValueSpecification\",\"valueRequired\":true,\"valueName\":\"search_term_string\"}}],\"inLanguage\":\"it-IT\"},{\"@type\":\"Organization\",\"@id\":\"https:\\\/\\\/edizionilalinea.it\\\/nuovosito\\\/#organization\",\"name\":\"Edizioni La Linea\",\"url\":\"https:\\\/\\\/edizionilalinea.it\\\/nuovosito\\\/\",\"logo\":{\"@type\":\"ImageObject\",\"inLanguage\":\"it-IT\",\"@id\":\"https:\\\/\\\/edizionilalinea.it\\\/nuovosito\\\/#\\\/schema\\\/logo\\\/image\\\/\",\"url\":\"https:\\\/\\\/edizionilalinea.it\\\/nuovosito\\\/wp-content\\\/uploads\\\/2018\\\/10\\\/La-Linea_loghino.jpg\",\"contentUrl\":\"https:\\\/\\\/edizionilalinea.it\\\/nuovosito\\\/wp-content\\\/uploads\\\/2018\\\/10\\\/La-Linea_loghino.jpg\",\"width\":214,\"height\":210,\"caption\":\"Edizioni La Linea\"},\"image\":{\"@id\":\"https:\\\/\\\/edizionilalinea.it\\\/nuovosito\\\/#\\\/schema\\\/logo\\\/image\\\/\"},\"sameAs\":[\"https:\\\/\\\/www.facebook.com\\\/edizionilalinea\",\"https:\\\/\\\/x.com\\\/EdizioniLaLinea\",\"https:\\\/\\\/www.youtube.com\\\/user\\\/EdizioniLaLinea\"]}]}<\/script>\n<!-- \/ Yoast SEO plugin. -->","yoast_head_json":{"title":"Due piccoli cavalieri &#8211; Edizioni La Linea","robots":{"index":"index","follow":"follow","max-snippet":"max-snippet:-1","max-image-preview":"max-image-preview:large","max-video-preview":"max-video-preview:-1"},"canonical":"https:\/\/edizionilalinea.it\/nuovosito\/it_it\/prodotto\/due-piccoli-cavalieri\/","og_locale":"it_IT","og_type":"article","og_title":"Due piccoli cavalieri &#8211; Edizioni La Linea","og_description":"di Bj\u00f8rn F. R\u00f8rvik\u00a0  Confezione: cartonato  Pubblicazione: aprile 2025 ISBN: 979-12-81640-08-5\u00a0","og_url":"https:\/\/edizionilalinea.it\/nuovosito\/it_it\/prodotto\/due-piccoli-cavalieri\/","og_site_name":"Edizioni La Linea","article_publisher":"https:\/\/www.facebook.com\/edizionilalinea","article_modified_time":"2025-09-23T07:50:50+00:00","og_image":[{"width":631,"height":860,"url":"https:\/\/edizionilalinea.it\/nuovosito\/wp-content\/uploads\/2025\/07\/due-piccoli-cover.jpg","type":"image\/jpeg"}],"twitter_card":"summary_large_image","twitter_site":"@EdizioniLaLinea","twitter_misc":{"Tempo di lettura stimato":"1 minuto"},"schema":{"@context":"https:\/\/schema.org","@graph":[{"@type":"WebPage","@id":"https:\/\/edizionilalinea.it\/nuovosito\/prodotto\/due-piccoli-cavalieri\/","url":"https:\/\/edizionilalinea.it\/nuovosito\/prodotto\/due-piccoli-cavalieri\/","name":"Due piccoli cavalieri &#8211; Edizioni La Linea","isPartOf":{"@id":"https:\/\/edizionilalinea.it\/nuovosito\/#website"},"primaryImageOfPage":{"@id":"https:\/\/edizionilalinea.it\/nuovosito\/prodotto\/due-piccoli-cavalieri\/#primaryimage"},"image":{"@id":"https:\/\/edizionilalinea.it\/nuovosito\/prodotto\/due-piccoli-cavalieri\/#primaryimage"},"thumbnailUrl":"https:\/\/edizionilalinea.it\/nuovosito\/wp-content\/uploads\/2025\/07\/due-piccoli-cover.jpg","datePublished":"2025-07-25T10:01:16+00:00","dateModified":"2025-09-23T07:50:50+00:00","breadcrumb":{"@id":"https:\/\/edizionilalinea.it\/nuovosito\/prodotto\/due-piccoli-cavalieri\/#breadcrumb"},"inLanguage":"it-IT","potentialAction":[{"@type":"ReadAction","target":["https:\/\/edizionilalinea.it\/nuovosito\/prodotto\/due-piccoli-cavalieri\/"]}]},{"@type":"ImageObject","inLanguage":"it-IT","@id":"https:\/\/edizionilalinea.it\/nuovosito\/prodotto\/due-piccoli-cavalieri\/#primaryimage","url":"https:\/\/edizionilalinea.it\/nuovosito\/wp-content\/uploads\/2025\/07\/due-piccoli-cover.jpg","contentUrl":"https:\/\/edizionilalinea.it\/nuovosito\/wp-content\/uploads\/2025\/07\/due-piccoli-cover.jpg","width":631,"height":860},{"@type":"BreadcrumbList","@id":"https:\/\/edizionilalinea.it\/nuovosito\/prodotto\/due-piccoli-cavalieri\/#breadcrumb","itemListElement":[{"@type":"ListItem","position":1,"name":"Home","item":"https:\/\/edizionilalinea.it\/nuovosito\/"},{"@type":"ListItem","position":2,"name":"Shop","item":"https:\/\/edizionilalinea.it\/nuovosito\/negozio\/"},{"@type":"ListItem","position":3,"name":"Due piccoli cavalieri"}]},{"@type":"WebSite","@id":"https:\/\/edizionilalinea.it\/nuovosito\/#website","url":"https:\/\/edizionilalinea.it\/nuovosito\/","name":"Edizioni La Linea","description":"","publisher":{"@id":"https:\/\/edizionilalinea.it\/nuovosito\/#organization"},"potentialAction":[{"@type":"SearchAction","target":{"@type":"EntryPoint","urlTemplate":"https:\/\/edizionilalinea.it\/nuovosito\/?s={search_term_string}"},"query-input":{"@type":"PropertyValueSpecification","valueRequired":true,"valueName":"search_term_string"}}],"inLanguage":"it-IT"},{"@type":"Organization","@id":"https:\/\/edizionilalinea.it\/nuovosito\/#organization","name":"Edizioni La Linea","url":"https:\/\/edizionilalinea.it\/nuovosito\/","logo":{"@type":"ImageObject","inLanguage":"it-IT","@id":"https:\/\/edizionilalinea.it\/nuovosito\/#\/schema\/logo\/image\/","url":"https:\/\/edizionilalinea.it\/nuovosito\/wp-content\/uploads\/2018\/10\/La-Linea_loghino.jpg","contentUrl":"https:\/\/edizionilalinea.it\/nuovosito\/wp-content\/uploads\/2018\/10\/La-Linea_loghino.jpg","width":214,"height":210,"caption":"Edizioni La Linea"},"image":{"@id":"https:\/\/edizionilalinea.it\/nuovosito\/#\/schema\/logo\/image\/"},"sameAs":["https:\/\/www.facebook.com\/edizionilalinea","https:\/\/x.com\/EdizioniLaLinea","https:\/\/www.youtube.com\/user\/EdizioniLaLinea"]}]}},"_links":{"self":[{"href":"https:\/\/edizionilalinea.it\/nuovosito\/it_it\/wp-json\/wp\/v2\/product\/14281","targetHints":{"allow":["GET"]}}],"collection":[{"href":"https:\/\/edizionilalinea.it\/nuovosito\/it_it\/wp-json\/wp\/v2\/product"}],"about":[{"href":"https:\/\/edizionilalinea.it\/nuovosito\/it_it\/wp-json\/wp\/v2\/types\/product"}],"replies":[{"embeddable":true,"href":"https:\/\/edizionilalinea.it\/nuovosito\/it_it\/wp-json\/wp\/v2\/comments?post=14281"}],"wp:featuredmedia":[{"embeddable":true,"href":"https:\/\/edizionilalinea.it\/nuovosito\/it_it\/wp-json\/wp\/v2\/media\/14282"}],"wp:attachment":[{"href":"https:\/\/edizionilalinea.it\/nuovosito\/it_it\/wp-json\/wp\/v2\/media?parent=14281"}],"wp:term":[{"taxonomy":"product_brand","embeddable":true,"href":"https:\/\/edizionilalinea.it\/nuovosito\/it_it\/wp-json\/wp\/v2\/product_brand?post=14281"},{"taxonomy":"product_cat","embeddable":true,"href":"https:\/\/edizionilalinea.it\/nuovosito\/it_it\/wp-json\/wp\/v2\/product_cat?post=14281"},{"taxonomy":"product_tag","embeddable":true,"href":"https:\/\/edizionilalinea.it\/nuovosito\/it_it\/wp-json\/wp\/v2\/product_tag?post=14281"}],"curies":[{"name":"wp","href":"https:\/\/api.w.org\/{rel}","templated":true}]}}