{"id":2112,"date":"2019-06-04T12:24:56","date_gmt":"2019-06-04T10:24:56","guid":{"rendered":"https:\/\/edizionilalinea.it\/nuovosito\/?post_type=product&#038;p=2112"},"modified":"2024-02-01T15:41:12","modified_gmt":"2024-02-01T14:41:12","slug":"piacere-attivita-di-classe-per-lalfabetizzazione-emergente","status":"publish","type":"product","link":"https:\/\/edizionilalinea.it\/nuovosito\/it_it\/prodotto\/piacere-attivita-di-classe-per-lalfabetizzazione-emergente\/","title":{"rendered":"Piacere! Attivit\u00e0 di classe per l\u2019alfabetizzazione emergente"},"content":{"rendered":"<p><span style=\"font-family: comic sans ms, sans-serif; color: #000000; font-size: 14pt;\">Un ricco repertorio di attivit\u00e0 di classe per la prima alfabetizzazione ad adulti stranieri. Le attivit\u00e0 proposte nel volume hanno l&#8217;obiettivo di facilitare l&#8217;attivazione delle abilit\u00e0 di letto-scrittura, di <em>numeracy<\/em> e lo sviluppo dei prerequisiti disciplinari.<\/span><\/p>\n<p><span style=\"font-family: comic sans ms, sans-serif; color: #000000; font-size: 14pt;\">Un libro organizzato in maniera semplice e completa, corredato di tanti materiali d&#8217;aula, che offre al docente la possibilit\u00e0 di realizzare, integrare o personalizzare percorsi di alfabetizzazione sperimentati in classe nella maniera pi\u00f9 rispondente alle sue esigenze.<\/span><\/p>\n<p><span style=\"font-size: 18pt;\"><strong><span style=\"font-family: comic sans ms, sans-serif; color: #000000;\">26 attivit\u00e0<\/span><\/strong><\/span><\/p>\n<p><span style=\"font-family: comic sans ms, sans-serif; color: #000000; font-size: 14pt;\">Descrizione dettagliata delle attivit\u00e0: progettazione, preparazione e fasi di svolgimento<\/span><\/p>\n<p><span style=\"font-family: comic sans ms, sans-serif; color: #000000; font-size: 14pt;\">Materiali per la realizzazione delle attivit\u00e0 a portata di click (su computer o smartphone)<\/span><\/p>\n<p style=\"text-align: left;\"><span style=\"font-family: comic sans ms, sans-serif; font-size: 14pt;\"><a href=\"https:\/\/edizionilalinea.it\/nuovosito\/piacere-attivita-di-classe-per-lalfabetizzazione-emergente\/\"><span style=\"color: #ff0000;\">Visita la pagina<\/span><\/a> <span style=\"color: #000000;\">e scopri di pi\u00f9 sul volume <em>Piacere! Attivit\u00e0 di classe per l\u2019alfabetizzazione emergente.<\/em><\/span><\/span><\/p>\n<p style=\"text-align: left;\"><span style=\"font-family: comic sans ms, sans-serif; font-size: 14pt;\"><span style=\"color: #000000;\">Il libro fa parte della serie <em>Piacere!<\/em>, tre libri da usare singolarmente o in maniera integrata per l&#8217;insegnamento dell&#8217;italiano ad apprendenti analfabeti o debolmente alfabetizzati.<\/span> <\/span><\/p>\n<p style=\"text-align: left;\"><span style=\"font-family: comic sans ms, sans-serif; font-size: 14pt;\"><span style=\"text-decoration: underline; color: #ff0000;\"><a style=\"color: #ff0000; text-decoration: underline;\" href=\"https:\/\/edizionilalinea.it\/nuovosito\/piacere\/\">Clicca qui<\/a><\/span> <span style=\"color: #000000;\">per scoprire di pi\u00f9.<\/span><\/span><\/p>\n<p>&nbsp;<\/p>\n<p><span style=\"color: #ff6600; font-family: comic sans ms, sans-serif; font-size: 14pt;\"><strong>SFOGLIA QUI SOTTO UN ESTRATTO DEL LIBRO<\/strong><\/span><\/p>\n<div id=\"dflip_post_meta_box_shortcode\" class=\"postbox \">\n<div class=\"inside\">\n<div class=\"dflip-tabs normal-tabs\">\n<div id=\"dflip-tab-content-normal\" class=\"dflip-tab-content dflip-active\"><code><div class=\"_df_book df-lite\" id=\"df_8495\"  _slug=\"estratto-piacere-attivita-di-classe\" data-title=\"estratto-piacere-attivita-di-classe\" wpoptions=\"true\" thumb=\"https:\/\/edizionilalinea.it\/nuovosito\/wp-content\/uploads\/2022\/10\/Cattura-ESTRATTO-PAGINE-GIALLO.jpg\" thumbtype=\"\" ><\/div><script class=\"df-shortcode-script\" nowprocket type=\"application\/javascript\">window.option_df_8495 = {\"outline\":[],\"autoEnableOutline\":\"false\",\"autoEnableThumbnail\":\"false\",\"overwritePDFOutline\":\"false\",\"direction\":\"1\",\"pageSize\":\"0\",\"source\":\"https:\\\/\\\/edizionilalinea.it\\\/nuovosito\\\/wp-content\\\/uploads\\\/2022\\\/10\\\/estratto-definitivo-1.pdf\",\"wpOptions\":\"true\"}; if(window.DFLIP && window.DFLIP.parseBooks){window.DFLIP.parseBooks();}<\/script><\/code><\/div>\n<\/div>\n<\/div>\n<\/div>\n<div id=\"submitdiv\" class=\"postbox \">\n<div class=\"postbox-header\">\n<div class=\"handle-actions hide-if-no-js\"><\/div>\n<\/div>\n<\/div>\n<p><span style=\"font-family: comic sans ms, sans-serif; font-size: 14pt;\"><strong><span style=\"color: #ff6600;\">SCOPRI QUI LE ATTIVITA&#8217; ONLINE CORRELATE<\/span><\/strong><\/span><\/p>\n<div id=\"dflip_post_meta_box_shortcode\" class=\"postbox \">\n<div class=\"inside\">\n<div class=\"dflip-tabs normal-tabs\">\n<div id=\"dflip-tab-content-normal\" class=\"dflip-tab-content dflip-active\"><code><div class=\"_df_book df-lite\" id=\"df_8508\"  _slug=\"8508\" data-title=\"\" wpoptions=\"true\" thumb=\"https:\/\/edizionilalinea.it\/nuovosito\/wp-content\/uploads\/2022\/10\/Cattura-ONLINE-PIACERE-GIALLO.jpg\" thumbtype=\"\" ><\/div><script class=\"df-shortcode-script\" nowprocket type=\"application\/javascript\">window.option_df_8508 = {\"outline\":[],\"autoEnableOutline\":\"false\",\"autoEnableThumbnail\":\"false\",\"overwritePDFOutline\":\"false\",\"direction\":\"1\",\"pageSize\":\"0\",\"source\":\"https:\\\/\\\/edizionilalinea.it\\\/nuovosito\\\/wp-content\\\/uploads\\\/2022\\\/10\\\/Estratto-attivita-online-1.pdf\",\"wpOptions\":\"true\"}; if(window.DFLIP && window.DFLIP.parseBooks){window.DFLIP.parseBooks();}<\/script><\/code><\/div>\n<\/div>\n<\/div>\n<\/div>\n<div id=\"submitdiv\" class=\"postbox \">\n<div class=\"postbox-header\">\n<h2 class=\"hndle ui-sortable-handle\"><\/h2>\n<div class=\"handle-actions hide-if-no-js\"><\/div>\n<\/div>\n<\/div>\n","protected":false},"excerpt":{"rendered":"<p><span style=\"font-family: 'trebuchet ms', geneva, sans-serif; font-size: 14pt;\">di <b>Katia Raspollini<\/b><\/span><\/p>\n<p>&nbsp;<\/p>\n<p><span style=\"font-family: 'trebuchet ms', geneva, sans-serif; font-size: 10pt;\">Pag. 64<\/span><br \/>\n<span style=\"font-family: 'trebuchet ms', geneva, sans-serif; font-size: 10pt;\">Confezione: brossura<\/span><br \/>\n<span style=\"font-family: 'trebuchet ms', geneva, sans-serif; font-size: 10pt;\">Pubblicazione: giugno 2019<\/span><br \/>\n<span style=\"font-family: 'trebuchet ms', geneva, sans-serif; font-size: 10pt;\">ISBN: 978-88-97462-68-2<\/span><\/p>\n<p>&nbsp;<\/p>\n<p>&nbsp;<\/p>\n","protected":false},"featured_media":2142,"comment_status":"open","ping_status":"closed","template":"","meta":[],"product_brand":[],"product_cat":[48],"product_tag":[],"class_list":{"0":"post-2112","1":"product","2":"type-product","3":"status-publish","4":"has-post-thumbnail","6":"product_cat-la-linea-edu","8":"first","9":"instock","10":"shipping-taxable","11":"purchasable","12":"product-type-simple"},"yoast_head":"<!-- This site is optimized with the Yoast SEO plugin v27.4 - https:\/\/yoast.com\/product\/yoast-seo-wordpress\/ -->\n<title>Piacere! Attivit\u00e0 di classe per l&#039;alfabetizzazione emergente - Pre A1<\/title>\n<meta name=\"description\" content=\"Strumento pratico per la gestione della didattica in classe nei corsi di italiano ad adulti stranieri analfabeti o debolmente alfabetizzati.\" \/>\n<meta name=\"robots\" content=\"index, follow, max-snippet:-1, max-image-preview:large, max-video-preview:-1\" \/>\n<link rel=\"canonical\" href=\"https:\/\/edizionilalinea.it\/nuovosito\/it_it\/prodotto\/piacere-attivita-di-classe-per-lalfabetizzazione-emergente\/\" \/>\n<meta property=\"og:locale\" content=\"it_IT\" \/>\n<meta property=\"og:type\" content=\"article\" \/>\n<meta property=\"og:title\" content=\"Piacere! Attivit\u00e0 di classe per l&#039;alfabetizzazione emergente - Pre A1\" \/>\n<meta property=\"og:description\" content=\"Strumento pratico per la gestione della didattica in classe nei corsi di italiano ad adulti stranieri analfabeti o debolmente alfabetizzati.\" \/>\n<meta property=\"og:url\" content=\"https:\/\/edizionilalinea.it\/nuovosito\/it_it\/prodotto\/piacere-attivita-di-classe-per-lalfabetizzazione-emergente\/\" \/>\n<meta property=\"og:site_name\" content=\"Edizioni La Linea\" \/>\n<meta property=\"article:publisher\" content=\"https:\/\/www.facebook.com\/edizionilalinea\" \/>\n<meta property=\"article:modified_time\" content=\"2024-02-01T14:41:12+00:00\" \/>\n<meta property=\"og:image\" content=\"https:\/\/edizionilalinea.it\/nuovosito\/wp-content\/uploads\/2019\/06\/Img-per-prodotto.jpg\" \/>\n\t<meta property=\"og:image:width\" content=\"553\" \/>\n\t<meta property=\"og:image:height\" content=\"553\" \/>\n\t<meta property=\"og:image:type\" content=\"image\/jpeg\" \/>\n<meta name=\"twitter:card\" content=\"summary_large_image\" \/>\n<meta name=\"twitter:site\" content=\"@EdizioniLaLinea\" \/>\n<meta name=\"twitter:label1\" content=\"Tempo di lettura stimato\" \/>\n\t<meta name=\"twitter:data1\" content=\"1 minuto\" \/>\n<script type=\"application\/ld+json\" class=\"yoast-schema-graph\">{\"@context\":\"https:\\\/\\\/schema.org\",\"@graph\":[{\"@type\":\"WebPage\",\"@id\":\"https:\\\/\\\/edizionilalinea.it\\\/nuovosito\\\/prodotto\\\/piacere-attivita-di-classe-per-lalfabetizzazione-emergente\\\/\",\"url\":\"https:\\\/\\\/edizionilalinea.it\\\/nuovosito\\\/prodotto\\\/piacere-attivita-di-classe-per-lalfabetizzazione-emergente\\\/\",\"name\":\"Piacere! Attivit\u00e0 di classe per l'alfabetizzazione emergente - Pre A1\",\"isPartOf\":{\"@id\":\"https:\\\/\\\/edizionilalinea.it\\\/nuovosito\\\/#website\"},\"primaryImageOfPage\":{\"@id\":\"https:\\\/\\\/edizionilalinea.it\\\/nuovosito\\\/prodotto\\\/piacere-attivita-di-classe-per-lalfabetizzazione-emergente\\\/#primaryimage\"},\"image\":{\"@id\":\"https:\\\/\\\/edizionilalinea.it\\\/nuovosito\\\/prodotto\\\/piacere-attivita-di-classe-per-lalfabetizzazione-emergente\\\/#primaryimage\"},\"thumbnailUrl\":\"https:\\\/\\\/edizionilalinea.it\\\/nuovosito\\\/wp-content\\\/uploads\\\/2019\\\/06\\\/Img-per-prodotto.jpg\",\"datePublished\":\"2019-06-04T10:24:56+00:00\",\"dateModified\":\"2024-02-01T14:41:12+00:00\",\"description\":\"Strumento pratico per la gestione della didattica in classe nei corsi di italiano ad adulti stranieri analfabeti o debolmente alfabetizzati.\",\"breadcrumb\":{\"@id\":\"https:\\\/\\\/edizionilalinea.it\\\/nuovosito\\\/prodotto\\\/piacere-attivita-di-classe-per-lalfabetizzazione-emergente\\\/#breadcrumb\"},\"inLanguage\":\"it-IT\",\"potentialAction\":[{\"@type\":\"ReadAction\",\"target\":[\"https:\\\/\\\/edizionilalinea.it\\\/nuovosito\\\/prodotto\\\/piacere-attivita-di-classe-per-lalfabetizzazione-emergente\\\/\"]}]},{\"@type\":\"ImageObject\",\"inLanguage\":\"it-IT\",\"@id\":\"https:\\\/\\\/edizionilalinea.it\\\/nuovosito\\\/prodotto\\\/piacere-attivita-di-classe-per-lalfabetizzazione-emergente\\\/#primaryimage\",\"url\":\"https:\\\/\\\/edizionilalinea.it\\\/nuovosito\\\/wp-content\\\/uploads\\\/2019\\\/06\\\/Img-per-prodotto.jpg\",\"contentUrl\":\"https:\\\/\\\/edizionilalinea.it\\\/nuovosito\\\/wp-content\\\/uploads\\\/2019\\\/06\\\/Img-per-prodotto.jpg\",\"width\":553,\"height\":553,\"caption\":\"Piacere! Attivit\u00e0 di classe per l\u2019alfabetizzazione emergente\"},{\"@type\":\"BreadcrumbList\",\"@id\":\"https:\\\/\\\/edizionilalinea.it\\\/nuovosito\\\/prodotto\\\/piacere-attivita-di-classe-per-lalfabetizzazione-emergente\\\/#breadcrumb\",\"itemListElement\":[{\"@type\":\"ListItem\",\"position\":1,\"name\":\"Home\",\"item\":\"https:\\\/\\\/edizionilalinea.it\\\/nuovosito\\\/\"},{\"@type\":\"ListItem\",\"position\":2,\"name\":\"Shop\",\"item\":\"https:\\\/\\\/edizionilalinea.it\\\/nuovosito\\\/negozio\\\/\"},{\"@type\":\"ListItem\",\"position\":3,\"name\":\"Piacere! Attivit\u00e0 di classe per l\u2019alfabetizzazione emergente\"}]},{\"@type\":\"WebSite\",\"@id\":\"https:\\\/\\\/edizionilalinea.it\\\/nuovosito\\\/#website\",\"url\":\"https:\\\/\\\/edizionilalinea.it\\\/nuovosito\\\/\",\"name\":\"Edizioni La Linea\",\"description\":\"\",\"publisher\":{\"@id\":\"https:\\\/\\\/edizionilalinea.it\\\/nuovosito\\\/#organization\"},\"potentialAction\":[{\"@type\":\"SearchAction\",\"target\":{\"@type\":\"EntryPoint\",\"urlTemplate\":\"https:\\\/\\\/edizionilalinea.it\\\/nuovosito\\\/?s={search_term_string}\"},\"query-input\":{\"@type\":\"PropertyValueSpecification\",\"valueRequired\":true,\"valueName\":\"search_term_string\"}}],\"inLanguage\":\"it-IT\"},{\"@type\":\"Organization\",\"@id\":\"https:\\\/\\\/edizionilalinea.it\\\/nuovosito\\\/#organization\",\"name\":\"Edizioni La Linea\",\"url\":\"https:\\\/\\\/edizionilalinea.it\\\/nuovosito\\\/\",\"logo\":{\"@type\":\"ImageObject\",\"inLanguage\":\"it-IT\",\"@id\":\"https:\\\/\\\/edizionilalinea.it\\\/nuovosito\\\/#\\\/schema\\\/logo\\\/image\\\/\",\"url\":\"https:\\\/\\\/edizionilalinea.it\\\/nuovosito\\\/wp-content\\\/uploads\\\/2018\\\/10\\\/La-Linea_loghino.jpg\",\"contentUrl\":\"https:\\\/\\\/edizionilalinea.it\\\/nuovosito\\\/wp-content\\\/uploads\\\/2018\\\/10\\\/La-Linea_loghino.jpg\",\"width\":214,\"height\":210,\"caption\":\"Edizioni La Linea\"},\"image\":{\"@id\":\"https:\\\/\\\/edizionilalinea.it\\\/nuovosito\\\/#\\\/schema\\\/logo\\\/image\\\/\"},\"sameAs\":[\"https:\\\/\\\/www.facebook.com\\\/edizionilalinea\",\"https:\\\/\\\/x.com\\\/EdizioniLaLinea\",\"https:\\\/\\\/www.youtube.com\\\/user\\\/EdizioniLaLinea\"]}]}<\/script>\n<!-- \/ Yoast SEO plugin. -->","yoast_head_json":{"title":"Piacere! Attivit\u00e0 di classe per l'alfabetizzazione emergente - Pre A1","description":"Strumento pratico per la gestione della didattica in classe nei corsi di italiano ad adulti stranieri analfabeti o debolmente alfabetizzati.","robots":{"index":"index","follow":"follow","max-snippet":"max-snippet:-1","max-image-preview":"max-image-preview:large","max-video-preview":"max-video-preview:-1"},"canonical":"https:\/\/edizionilalinea.it\/nuovosito\/it_it\/prodotto\/piacere-attivita-di-classe-per-lalfabetizzazione-emergente\/","og_locale":"it_IT","og_type":"article","og_title":"Piacere! Attivit\u00e0 di classe per l'alfabetizzazione emergente - Pre A1","og_description":"Strumento pratico per la gestione della didattica in classe nei corsi di italiano ad adulti stranieri analfabeti o debolmente alfabetizzati.","og_url":"https:\/\/edizionilalinea.it\/nuovosito\/it_it\/prodotto\/piacere-attivita-di-classe-per-lalfabetizzazione-emergente\/","og_site_name":"Edizioni La Linea","article_publisher":"https:\/\/www.facebook.com\/edizionilalinea","article_modified_time":"2024-02-01T14:41:12+00:00","og_image":[{"width":553,"height":553,"url":"https:\/\/edizionilalinea.it\/nuovosito\/wp-content\/uploads\/2019\/06\/Img-per-prodotto.jpg","type":"image\/jpeg"}],"twitter_card":"summary_large_image","twitter_site":"@EdizioniLaLinea","twitter_misc":{"Tempo di lettura stimato":"1 minuto"},"schema":{"@context":"https:\/\/schema.org","@graph":[{"@type":"WebPage","@id":"https:\/\/edizionilalinea.it\/nuovosito\/prodotto\/piacere-attivita-di-classe-per-lalfabetizzazione-emergente\/","url":"https:\/\/edizionilalinea.it\/nuovosito\/prodotto\/piacere-attivita-di-classe-per-lalfabetizzazione-emergente\/","name":"Piacere! Attivit\u00e0 di classe per l'alfabetizzazione emergente - Pre A1","isPartOf":{"@id":"https:\/\/edizionilalinea.it\/nuovosito\/#website"},"primaryImageOfPage":{"@id":"https:\/\/edizionilalinea.it\/nuovosito\/prodotto\/piacere-attivita-di-classe-per-lalfabetizzazione-emergente\/#primaryimage"},"image":{"@id":"https:\/\/edizionilalinea.it\/nuovosito\/prodotto\/piacere-attivita-di-classe-per-lalfabetizzazione-emergente\/#primaryimage"},"thumbnailUrl":"https:\/\/edizionilalinea.it\/nuovosito\/wp-content\/uploads\/2019\/06\/Img-per-prodotto.jpg","datePublished":"2019-06-04T10:24:56+00:00","dateModified":"2024-02-01T14:41:12+00:00","description":"Strumento pratico per la gestione della didattica in classe nei corsi di italiano ad adulti stranieri analfabeti o debolmente alfabetizzati.","breadcrumb":{"@id":"https:\/\/edizionilalinea.it\/nuovosito\/prodotto\/piacere-attivita-di-classe-per-lalfabetizzazione-emergente\/#breadcrumb"},"inLanguage":"it-IT","potentialAction":[{"@type":"ReadAction","target":["https:\/\/edizionilalinea.it\/nuovosito\/prodotto\/piacere-attivita-di-classe-per-lalfabetizzazione-emergente\/"]}]},{"@type":"ImageObject","inLanguage":"it-IT","@id":"https:\/\/edizionilalinea.it\/nuovosito\/prodotto\/piacere-attivita-di-classe-per-lalfabetizzazione-emergente\/#primaryimage","url":"https:\/\/edizionilalinea.it\/nuovosito\/wp-content\/uploads\/2019\/06\/Img-per-prodotto.jpg","contentUrl":"https:\/\/edizionilalinea.it\/nuovosito\/wp-content\/uploads\/2019\/06\/Img-per-prodotto.jpg","width":553,"height":553,"caption":"Piacere! Attivit\u00e0 di classe per l\u2019alfabetizzazione emergente"},{"@type":"BreadcrumbList","@id":"https:\/\/edizionilalinea.it\/nuovosito\/prodotto\/piacere-attivita-di-classe-per-lalfabetizzazione-emergente\/#breadcrumb","itemListElement":[{"@type":"ListItem","position":1,"name":"Home","item":"https:\/\/edizionilalinea.it\/nuovosito\/"},{"@type":"ListItem","position":2,"name":"Shop","item":"https:\/\/edizionilalinea.it\/nuovosito\/negozio\/"},{"@type":"ListItem","position":3,"name":"Piacere! Attivit\u00e0 di classe per l\u2019alfabetizzazione emergente"}]},{"@type":"WebSite","@id":"https:\/\/edizionilalinea.it\/nuovosito\/#website","url":"https:\/\/edizionilalinea.it\/nuovosito\/","name":"Edizioni La Linea","description":"","publisher":{"@id":"https:\/\/edizionilalinea.it\/nuovosito\/#organization"},"potentialAction":[{"@type":"SearchAction","target":{"@type":"EntryPoint","urlTemplate":"https:\/\/edizionilalinea.it\/nuovosito\/?s={search_term_string}"},"query-input":{"@type":"PropertyValueSpecification","valueRequired":true,"valueName":"search_term_string"}}],"inLanguage":"it-IT"},{"@type":"Organization","@id":"https:\/\/edizionilalinea.it\/nuovosito\/#organization","name":"Edizioni La Linea","url":"https:\/\/edizionilalinea.it\/nuovosito\/","logo":{"@type":"ImageObject","inLanguage":"it-IT","@id":"https:\/\/edizionilalinea.it\/nuovosito\/#\/schema\/logo\/image\/","url":"https:\/\/edizionilalinea.it\/nuovosito\/wp-content\/uploads\/2018\/10\/La-Linea_loghino.jpg","contentUrl":"https:\/\/edizionilalinea.it\/nuovosito\/wp-content\/uploads\/2018\/10\/La-Linea_loghino.jpg","width":214,"height":210,"caption":"Edizioni La Linea"},"image":{"@id":"https:\/\/edizionilalinea.it\/nuovosito\/#\/schema\/logo\/image\/"},"sameAs":["https:\/\/www.facebook.com\/edizionilalinea","https:\/\/x.com\/EdizioniLaLinea","https:\/\/www.youtube.com\/user\/EdizioniLaLinea"]}]}},"_links":{"self":[{"href":"https:\/\/edizionilalinea.it\/nuovosito\/it_it\/wp-json\/wp\/v2\/product\/2112","targetHints":{"allow":["GET"]}}],"collection":[{"href":"https:\/\/edizionilalinea.it\/nuovosito\/it_it\/wp-json\/wp\/v2\/product"}],"about":[{"href":"https:\/\/edizionilalinea.it\/nuovosito\/it_it\/wp-json\/wp\/v2\/types\/product"}],"replies":[{"embeddable":true,"href":"https:\/\/edizionilalinea.it\/nuovosito\/it_it\/wp-json\/wp\/v2\/comments?post=2112"}],"wp:featuredmedia":[{"embeddable":true,"href":"https:\/\/edizionilalinea.it\/nuovosito\/it_it\/wp-json\/wp\/v2\/media\/2142"}],"wp:attachment":[{"href":"https:\/\/edizionilalinea.it\/nuovosito\/it_it\/wp-json\/wp\/v2\/media?parent=2112"}],"wp:term":[{"taxonomy":"product_brand","embeddable":true,"href":"https:\/\/edizionilalinea.it\/nuovosito\/it_it\/wp-json\/wp\/v2\/product_brand?post=2112"},{"taxonomy":"product_cat","embeddable":true,"href":"https:\/\/edizionilalinea.it\/nuovosito\/it_it\/wp-json\/wp\/v2\/product_cat?post=2112"},{"taxonomy":"product_tag","embeddable":true,"href":"https:\/\/edizionilalinea.it\/nuovosito\/it_it\/wp-json\/wp\/v2\/product_tag?post=2112"}],"curies":[{"name":"wp","href":"https:\/\/api.w.org\/{rel}","templated":true}]}}