{"id":3576,"date":"2021-05-03T10:58:34","date_gmt":"2021-05-03T08:58:34","guid":{"rendered":"https:\/\/edizionilalinea.it\/nuovosito\/?post_type=product&#038;p=3576"},"modified":"2023-01-01T23:05:28","modified_gmt":"2023-01-01T22:05:28","slug":"la-casa-piena-di-cose","status":"publish","type":"product","link":"https:\/\/edizionilalinea.it\/nuovosito\/it_it\/prodotto\/la-casa-piena-di-cose\/","title":{"rendered":"La casa piena di cose"},"content":{"rendered":"<p><span style=\"font-size: 12pt; font-family: georgia, palatino, serif;\"><em><strong>Upupa\u00a0<\/strong>\u00e8 la nuova collana di <strong>albi illustrati bilingue<\/strong> di<strong> Edizioni La Linea<\/strong>, nata per valorizzare il plurilinguismo ed educare al multiculturalismo fin da piccoli.<\/em><\/span><\/p>\n<p><span style=\"font-size: 12pt; font-family: georgia, palatino, serif;\"><strong>Il signor McDuff<\/strong> ama raccogliere gli oggetti che la gente butta perch\u00e9 crede che un giorno potrebbero tornare utili. Mo, un bambino del quartiere che si ferma sempre ad ascoltare le sue storie, un giorno rompe la propria bicicletta. La rabbia per l\u2019incidente viene sostituita dalla meraviglia quando scopre che il signor McDuff l\u2019ha riparata, facendola diventare pi\u00f9 bella di prima. Questo piccolo gesto di generosit\u00e0 spinge tutti ad a dargli i propri oggetti rotti.<\/span><\/p>\n<p><span style=\"font-size: 12pt; font-family: georgia, palatino, serif;\"><strong>Temi: curiosit\u00e0, generosit\u00e0, creativit\u00e0<\/strong><\/span><br \/>\n<span style=\"font-size: 12pt; font-family: georgia, palatino, serif;\"><strong>Inglese &#8211; Italiano | Illustrato &#8211; et\u00e0 5+<\/strong><\/span><\/p>\n<p><span style=\"font-size: 12pt; font-family: georgia, palatino, serif;\">Nella<strong> webapp<\/strong> dedicata:<\/span><\/p>\n<ul>\n<li><span style=\"font-size: 12pt; font-family: georgia, palatino, serif;\">audiolettura italiano e inglese<\/span><\/li>\n<li><span style=\"font-size: 12pt; font-family: georgia, palatino, serif;\">proposte di attivit\u00e0 ludodidattiche<\/span><\/li>\n<\/ul>\n<p><span style=\"font-size: 12pt; font-family: georgia, palatino, serif;\"><strong>Emily Rand<\/strong><\/span><br \/>\n<span style=\"font-size: 12pt; font-family: georgia, palatino, serif;\">Illustratrice e scrittrice britannica, nel 2014 ha pubblicato il suo primo libro, <em>A Dog Day<\/em>, con Tate Publishing. Un altro suo recente titolo tradotto in italiano \u00e8 <em>Nel buio della notte<\/em>.<\/span><\/p>\n<p><span style=\"font-size: 12pt; font-family: georgia, palatino, serif;\">\u25b6\ufe0e Dai un&#8217;occhiata all&#8217;<strong>estratto<\/strong> a questo <a href=\"https:\/\/edizionilalinea.it\/nuovosito\/wp-content\/uploads\/2021\/05\/Cover_Estratto.CASA_.pdf\">LINK<\/a><\/span><\/p>\n<div style=\"width: 1080px;\" class=\"wp-video\"><video class=\"wp-video-shortcode\" id=\"video-3576-1\" width=\"1080\" height=\"1080\" preload=\"metadata\" controls=\"controls\"><source type=\"video\/mp4\" src=\"https:\/\/edizionilalinea.it\/nuovosito\/wp-content\/uploads\/2021\/05\/Stuff_cycle.mp4?_=1\" \/><a href=\"https:\/\/edizionilalinea.it\/nuovosito\/wp-content\/uploads\/2021\/05\/Stuff_cycle.mp4\">https:\/\/edizionilalinea.it\/nuovosito\/wp-content\/uploads\/2021\/05\/Stuff_cycle.mp4<\/a><\/video><\/div>\n","protected":false},"excerpt":{"rendered":"<p><span style=\"font-family: 'trebuchet ms', geneva, sans-serif; font-size: 14pt;\">di Emily Rand\u00a0<\/span><\/p>\n<p><span style=\"font-family: 'trebuchet ms', geneva, sans-serif; font-size: 10pt;\">pp. 32<\/span><br \/>\n<span style=\"font-family: 'trebuchet ms', geneva, sans-serif; font-size: 10pt;\">Confezione: cartonato<\/span><br \/>\n<span style=\"font-family: 'trebuchet ms', geneva, sans-serif; font-size: 10pt;\">Pubblicazione: maggio 2021\u00a0<\/span><br \/>\n<span style=\"font-family: 'trebuchet ms', geneva, sans-serif; font-size: 10pt;\">ISBN: 978-88-97462-82-8<\/span><\/p>\n","protected":false},"featured_media":3581,"comment_status":"open","ping_status":"closed","template":"","meta":[],"product_brand":[],"product_cat":[64],"product_tag":[],"class_list":{"0":"post-3576","1":"product","2":"type-product","3":"status-publish","4":"has-post-thumbnail","6":"product_cat-upupa","8":"first","9":"instock","10":"shipping-taxable","11":"purchasable","12":"product-type-simple"},"yoast_head":"<!-- This site is optimized with the Yoast SEO plugin v27.3 - https:\/\/yoast.com\/product\/yoast-seo-wordpress\/ -->\n<title>La casa piena di cose &#8211; Edizioni La Linea<\/title>\n<meta name=\"robots\" content=\"index, follow, max-snippet:-1, max-image-preview:large, max-video-preview:-1\" \/>\n<link rel=\"canonical\" href=\"https:\/\/edizionilalinea.it\/nuovosito\/it_it\/prodotto\/la-casa-piena-di-cose\/\" \/>\n<meta property=\"og:locale\" content=\"it_IT\" \/>\n<meta property=\"og:type\" content=\"article\" \/>\n<meta property=\"og:title\" content=\"La casa piena di cose &#8211; Edizioni La Linea\" \/>\n<meta property=\"og:description\" content=\"di Emily Rand\u00a0  pp. 32 Confezione: cartonato Pubblicazione: maggio 2021\u00a0 ISBN: 978-88-97462-82-8\" \/>\n<meta property=\"og:url\" content=\"https:\/\/edizionilalinea.it\/nuovosito\/it_it\/prodotto\/la-casa-piena-di-cose\/\" \/>\n<meta property=\"og:site_name\" content=\"Edizioni La Linea\" \/>\n<meta property=\"article:publisher\" content=\"https:\/\/www.facebook.com\/edizionilalinea\" \/>\n<meta property=\"article:modified_time\" content=\"2023-01-01T22:05:28+00:00\" \/>\n<meta property=\"og:image\" content=\"https:\/\/edizionilalinea.it\/nuovosito\/wp-content\/uploads\/2021\/04\/Cover_CASA-652x652-1.jpg\" \/>\n\t<meta property=\"og:image:width\" content=\"652\" \/>\n\t<meta property=\"og:image:height\" content=\"652\" \/>\n\t<meta property=\"og:image:type\" content=\"image\/jpeg\" \/>\n<meta name=\"twitter:card\" content=\"summary_large_image\" \/>\n<meta name=\"twitter:site\" content=\"@EdizioniLaLinea\" \/>\n<meta name=\"twitter:label1\" content=\"Tempo di lettura stimato\" \/>\n\t<meta name=\"twitter:data1\" content=\"1 minuto\" \/>\n<script type=\"application\/ld+json\" class=\"yoast-schema-graph\">{\"@context\":\"https:\\\/\\\/schema.org\",\"@graph\":[{\"@type\":\"WebPage\",\"@id\":\"https:\\\/\\\/edizionilalinea.it\\\/nuovosito\\\/prodotto\\\/la-casa-piena-di-cose\\\/\",\"url\":\"https:\\\/\\\/edizionilalinea.it\\\/nuovosito\\\/prodotto\\\/la-casa-piena-di-cose\\\/\",\"name\":\"La casa piena di cose &#8211; Edizioni La Linea\",\"isPartOf\":{\"@id\":\"https:\\\/\\\/edizionilalinea.it\\\/nuovosito\\\/#website\"},\"primaryImageOfPage\":{\"@id\":\"https:\\\/\\\/edizionilalinea.it\\\/nuovosito\\\/prodotto\\\/la-casa-piena-di-cose\\\/#primaryimage\"},\"image\":{\"@id\":\"https:\\\/\\\/edizionilalinea.it\\\/nuovosito\\\/prodotto\\\/la-casa-piena-di-cose\\\/#primaryimage\"},\"thumbnailUrl\":\"https:\\\/\\\/edizionilalinea.it\\\/nuovosito\\\/wp-content\\\/uploads\\\/2021\\\/04\\\/Cover_CASA-652x652-1.jpg\",\"datePublished\":\"2021-05-03T08:58:34+00:00\",\"dateModified\":\"2023-01-01T22:05:28+00:00\",\"breadcrumb\":{\"@id\":\"https:\\\/\\\/edizionilalinea.it\\\/nuovosito\\\/prodotto\\\/la-casa-piena-di-cose\\\/#breadcrumb\"},\"inLanguage\":\"it-IT\",\"potentialAction\":[{\"@type\":\"ReadAction\",\"target\":[\"https:\\\/\\\/edizionilalinea.it\\\/nuovosito\\\/prodotto\\\/la-casa-piena-di-cose\\\/\"]}]},{\"@type\":\"ImageObject\",\"inLanguage\":\"it-IT\",\"@id\":\"https:\\\/\\\/edizionilalinea.it\\\/nuovosito\\\/prodotto\\\/la-casa-piena-di-cose\\\/#primaryimage\",\"url\":\"https:\\\/\\\/edizionilalinea.it\\\/nuovosito\\\/wp-content\\\/uploads\\\/2021\\\/04\\\/Cover_CASA-652x652-1.jpg\",\"contentUrl\":\"https:\\\/\\\/edizionilalinea.it\\\/nuovosito\\\/wp-content\\\/uploads\\\/2021\\\/04\\\/Cover_CASA-652x652-1.jpg\",\"width\":652,\"height\":652},{\"@type\":\"BreadcrumbList\",\"@id\":\"https:\\\/\\\/edizionilalinea.it\\\/nuovosito\\\/prodotto\\\/la-casa-piena-di-cose\\\/#breadcrumb\",\"itemListElement\":[{\"@type\":\"ListItem\",\"position\":1,\"name\":\"Home\",\"item\":\"https:\\\/\\\/edizionilalinea.it\\\/nuovosito\\\/\"},{\"@type\":\"ListItem\",\"position\":2,\"name\":\"Shop\",\"item\":\"https:\\\/\\\/edizionilalinea.it\\\/nuovosito\\\/negozio\\\/\"},{\"@type\":\"ListItem\",\"position\":3,\"name\":\"La casa piena di cose\"}]},{\"@type\":\"WebSite\",\"@id\":\"https:\\\/\\\/edizionilalinea.it\\\/nuovosito\\\/#website\",\"url\":\"https:\\\/\\\/edizionilalinea.it\\\/nuovosito\\\/\",\"name\":\"Edizioni La Linea\",\"description\":\"\",\"publisher\":{\"@id\":\"https:\\\/\\\/edizionilalinea.it\\\/nuovosito\\\/#organization\"},\"potentialAction\":[{\"@type\":\"SearchAction\",\"target\":{\"@type\":\"EntryPoint\",\"urlTemplate\":\"https:\\\/\\\/edizionilalinea.it\\\/nuovosito\\\/?s={search_term_string}\"},\"query-input\":{\"@type\":\"PropertyValueSpecification\",\"valueRequired\":true,\"valueName\":\"search_term_string\"}}],\"inLanguage\":\"it-IT\"},{\"@type\":\"Organization\",\"@id\":\"https:\\\/\\\/edizionilalinea.it\\\/nuovosito\\\/#organization\",\"name\":\"Edizioni La Linea\",\"url\":\"https:\\\/\\\/edizionilalinea.it\\\/nuovosito\\\/\",\"logo\":{\"@type\":\"ImageObject\",\"inLanguage\":\"it-IT\",\"@id\":\"https:\\\/\\\/edizionilalinea.it\\\/nuovosito\\\/#\\\/schema\\\/logo\\\/image\\\/\",\"url\":\"https:\\\/\\\/edizionilalinea.it\\\/nuovosito\\\/wp-content\\\/uploads\\\/2018\\\/10\\\/La-Linea_loghino.jpg\",\"contentUrl\":\"https:\\\/\\\/edizionilalinea.it\\\/nuovosito\\\/wp-content\\\/uploads\\\/2018\\\/10\\\/La-Linea_loghino.jpg\",\"width\":214,\"height\":210,\"caption\":\"Edizioni La Linea\"},\"image\":{\"@id\":\"https:\\\/\\\/edizionilalinea.it\\\/nuovosito\\\/#\\\/schema\\\/logo\\\/image\\\/\"},\"sameAs\":[\"https:\\\/\\\/www.facebook.com\\\/edizionilalinea\",\"https:\\\/\\\/x.com\\\/EdizioniLaLinea\",\"https:\\\/\\\/www.youtube.com\\\/user\\\/EdizioniLaLinea\"]}]}<\/script>\n<!-- \/ Yoast SEO plugin. -->","yoast_head_json":{"title":"La casa piena di cose &#8211; Edizioni La Linea","robots":{"index":"index","follow":"follow","max-snippet":"max-snippet:-1","max-image-preview":"max-image-preview:large","max-video-preview":"max-video-preview:-1"},"canonical":"https:\/\/edizionilalinea.it\/nuovosito\/it_it\/prodotto\/la-casa-piena-di-cose\/","og_locale":"it_IT","og_type":"article","og_title":"La casa piena di cose &#8211; Edizioni La Linea","og_description":"di Emily Rand\u00a0  pp. 32 Confezione: cartonato Pubblicazione: maggio 2021\u00a0 ISBN: 978-88-97462-82-8","og_url":"https:\/\/edizionilalinea.it\/nuovosito\/it_it\/prodotto\/la-casa-piena-di-cose\/","og_site_name":"Edizioni La Linea","article_publisher":"https:\/\/www.facebook.com\/edizionilalinea","article_modified_time":"2023-01-01T22:05:28+00:00","og_image":[{"width":652,"height":652,"url":"https:\/\/edizionilalinea.it\/nuovosito\/wp-content\/uploads\/2021\/04\/Cover_CASA-652x652-1.jpg","type":"image\/jpeg"}],"twitter_card":"summary_large_image","twitter_site":"@EdizioniLaLinea","twitter_misc":{"Tempo di lettura stimato":"1 minuto"},"schema":{"@context":"https:\/\/schema.org","@graph":[{"@type":"WebPage","@id":"https:\/\/edizionilalinea.it\/nuovosito\/prodotto\/la-casa-piena-di-cose\/","url":"https:\/\/edizionilalinea.it\/nuovosito\/prodotto\/la-casa-piena-di-cose\/","name":"La casa piena di cose &#8211; Edizioni La Linea","isPartOf":{"@id":"https:\/\/edizionilalinea.it\/nuovosito\/#website"},"primaryImageOfPage":{"@id":"https:\/\/edizionilalinea.it\/nuovosito\/prodotto\/la-casa-piena-di-cose\/#primaryimage"},"image":{"@id":"https:\/\/edizionilalinea.it\/nuovosito\/prodotto\/la-casa-piena-di-cose\/#primaryimage"},"thumbnailUrl":"https:\/\/edizionilalinea.it\/nuovosito\/wp-content\/uploads\/2021\/04\/Cover_CASA-652x652-1.jpg","datePublished":"2021-05-03T08:58:34+00:00","dateModified":"2023-01-01T22:05:28+00:00","breadcrumb":{"@id":"https:\/\/edizionilalinea.it\/nuovosito\/prodotto\/la-casa-piena-di-cose\/#breadcrumb"},"inLanguage":"it-IT","potentialAction":[{"@type":"ReadAction","target":["https:\/\/edizionilalinea.it\/nuovosito\/prodotto\/la-casa-piena-di-cose\/"]}]},{"@type":"ImageObject","inLanguage":"it-IT","@id":"https:\/\/edizionilalinea.it\/nuovosito\/prodotto\/la-casa-piena-di-cose\/#primaryimage","url":"https:\/\/edizionilalinea.it\/nuovosito\/wp-content\/uploads\/2021\/04\/Cover_CASA-652x652-1.jpg","contentUrl":"https:\/\/edizionilalinea.it\/nuovosito\/wp-content\/uploads\/2021\/04\/Cover_CASA-652x652-1.jpg","width":652,"height":652},{"@type":"BreadcrumbList","@id":"https:\/\/edizionilalinea.it\/nuovosito\/prodotto\/la-casa-piena-di-cose\/#breadcrumb","itemListElement":[{"@type":"ListItem","position":1,"name":"Home","item":"https:\/\/edizionilalinea.it\/nuovosito\/"},{"@type":"ListItem","position":2,"name":"Shop","item":"https:\/\/edizionilalinea.it\/nuovosito\/negozio\/"},{"@type":"ListItem","position":3,"name":"La casa piena di cose"}]},{"@type":"WebSite","@id":"https:\/\/edizionilalinea.it\/nuovosito\/#website","url":"https:\/\/edizionilalinea.it\/nuovosito\/","name":"Edizioni La Linea","description":"","publisher":{"@id":"https:\/\/edizionilalinea.it\/nuovosito\/#organization"},"potentialAction":[{"@type":"SearchAction","target":{"@type":"EntryPoint","urlTemplate":"https:\/\/edizionilalinea.it\/nuovosito\/?s={search_term_string}"},"query-input":{"@type":"PropertyValueSpecification","valueRequired":true,"valueName":"search_term_string"}}],"inLanguage":"it-IT"},{"@type":"Organization","@id":"https:\/\/edizionilalinea.it\/nuovosito\/#organization","name":"Edizioni La Linea","url":"https:\/\/edizionilalinea.it\/nuovosito\/","logo":{"@type":"ImageObject","inLanguage":"it-IT","@id":"https:\/\/edizionilalinea.it\/nuovosito\/#\/schema\/logo\/image\/","url":"https:\/\/edizionilalinea.it\/nuovosito\/wp-content\/uploads\/2018\/10\/La-Linea_loghino.jpg","contentUrl":"https:\/\/edizionilalinea.it\/nuovosito\/wp-content\/uploads\/2018\/10\/La-Linea_loghino.jpg","width":214,"height":210,"caption":"Edizioni La Linea"},"image":{"@id":"https:\/\/edizionilalinea.it\/nuovosito\/#\/schema\/logo\/image\/"},"sameAs":["https:\/\/www.facebook.com\/edizionilalinea","https:\/\/x.com\/EdizioniLaLinea","https:\/\/www.youtube.com\/user\/EdizioniLaLinea"]}]}},"_links":{"self":[{"href":"https:\/\/edizionilalinea.it\/nuovosito\/it_it\/wp-json\/wp\/v2\/product\/3576","targetHints":{"allow":["GET"]}}],"collection":[{"href":"https:\/\/edizionilalinea.it\/nuovosito\/it_it\/wp-json\/wp\/v2\/product"}],"about":[{"href":"https:\/\/edizionilalinea.it\/nuovosito\/it_it\/wp-json\/wp\/v2\/types\/product"}],"replies":[{"embeddable":true,"href":"https:\/\/edizionilalinea.it\/nuovosito\/it_it\/wp-json\/wp\/v2\/comments?post=3576"}],"wp:featuredmedia":[{"embeddable":true,"href":"https:\/\/edizionilalinea.it\/nuovosito\/it_it\/wp-json\/wp\/v2\/media\/3581"}],"wp:attachment":[{"href":"https:\/\/edizionilalinea.it\/nuovosito\/it_it\/wp-json\/wp\/v2\/media?parent=3576"}],"wp:term":[{"taxonomy":"product_brand","embeddable":true,"href":"https:\/\/edizionilalinea.it\/nuovosito\/it_it\/wp-json\/wp\/v2\/product_brand?post=3576"},{"taxonomy":"product_cat","embeddable":true,"href":"https:\/\/edizionilalinea.it\/nuovosito\/it_it\/wp-json\/wp\/v2\/product_cat?post=3576"},{"taxonomy":"product_tag","embeddable":true,"href":"https:\/\/edizionilalinea.it\/nuovosito\/it_it\/wp-json\/wp\/v2\/product_tag?post=3576"}],"curies":[{"name":"wp","href":"https:\/\/api.w.org\/{rel}","templated":true}]}}