{"id":3777,"date":"2021-07-12T11:59:06","date_gmt":"2021-07-12T09:59:06","guid":{"rendered":"https:\/\/edizionilalinea.it\/nuovosito\/?post_type=product&#038;p=3777"},"modified":"2024-01-22T16:58:46","modified_gmt":"2024-01-22T15:58:46","slug":"litaliano-smart-a2","status":"publish","type":"product","link":"https:\/\/edizionilalinea.it\/nuovosito\/it_it\/prodotto\/litaliano-smart-a2\/","title":{"rendered":"L&#8217;Italiano Smart A2"},"content":{"rendered":"<ul>\n<li><span style=\"font-family: comic sans ms, sans-serif; font-size: 14pt;\">20 brevi unit\u00e0 per esercitare le principali abilit\u00e0 comunicative con tanti esercizi da fare direttamente sul libro e in chat<\/span><\/li>\n<li><span style=\"font-family: comic sans ms, sans-serif; font-size: 14pt;\">Tutti gli essenziali argomenti linguistici e tematici del livello A1 della lingua italiana<\/span><\/li>\n<li><span style=\"font-family: comic sans ms, sans-serif; font-size: 14pt;\">Tutte le consegne delle attivit\u00e0 sono anche in inglese<\/span><\/li>\n<li><span style=\"font-family: comic sans ms, sans-serif; font-size: 14pt;\">Soluzioni nel libro<\/span><\/li>\n<li><span style=\"font-family: comic sans ms, sans-serif; font-size: 14pt;\">Materiali online ad accesso libero e a portata di click<\/span><\/li>\n<\/ul>\n<p><span style=\"font-family: comic sans ms, sans-serif; font-size: 14pt;\"><strong>Crea la tua chat di classe per imparare o ripassare l&#8217;italiano in maniera divertente, tra una lezione e l&#8217;altra!<\/strong><\/span><\/p>\n<p><span style=\"font-family: comic sans ms, sans-serif; font-size: 14pt;\"><a href=\"https:\/\/edizionilalinea.it\/nuovosito\/wp-content\/uploads\/2021\/06\/Estratto.IT_Smart.A2.pdf\" target=\"_blank\" rel=\"noopener\">CLICCA QUI E SFOGLIA ALCUNE PAGINE<\/a><\/span><\/p>\n<h2><span style=\"font-family: comic sans ms, sans-serif; font-size: 14pt;\">Le autrici<\/span><\/h2>\n<p><span style=\"font-family: comic sans ms, sans-serif; font-size: 14pt;\"><strong>Valentina Mussi<\/strong> \u00e8 un&#8217;insegnante di italiano L2 a diversi profili d&#8217;apprendenti: adulti, professionisti, ragazzi e bambini.<\/span><\/p>\n<p><span style=\"font-family: comic sans ms, sans-serif; font-size: 14pt;\">\u00c8 laureata in Lettere Moderne all&#8217;Universit\u00e0 Statale di Milano ed ha conseguito in seguito un master in &#8220;Promozione e insegnamento della lingua e della cultura italiana a stranieri&#8221; (Promoitals) presso la stessa universit\u00e0. \u00c8 un&#8217;insegnante di italiano come Lingua Due ed \u00e8 specializzata su diversi profili d&#8217;apprendenti: adulti, professionisti, ragazzi e bambini.<\/span><br \/>\n<span style=\"font-family: comic sans ms, sans-serif; font-size: 14pt;\">Valentina Mussi \u00e8 anche autrice di manuali di italiano per stranieri: i lavori pi\u00f9 recenti di cui \u00e8 co-autrice sono <em>Al Centro<\/em> (Loescher \u2013 La Linea) e <em>Italiano \u00e8 Lavoro<\/em> (Officina della Narrazione).<\/span><br \/>\n<span style=\"font-family: comic sans ms, sans-serif; font-size: 14pt;\">Fra le altre attivit\u00e0 insegna italiano L2 e LS on line ed \u00e8 esperta di tecnologie applicate alla didattica.<\/span><br \/>\n<span style=\"font-family: comic sans ms, sans-serif; font-size: 14pt;\">Ha lavorato nelle scuole primarie e secondarie di primo grado di Milano come docente nei laboratori L2, facilitatrice linguistica per neo-arrivati in Italia ed insegnante dei laboratori di fotografia in L2.<\/span><br \/>\n<span style=\"font-family: comic sans ms, sans-serif; font-size: 14pt;\">Attualmente lavora per la Fondazione Franco Verga, per la quale \u00e8 tra l&#8217;altro responsabile del corso di &#8220;Italiano per il lavoro&#8221; e per Croce Rossa Italiana dove insegna lingua italiana a richiedenti asilo nei Centri d&#8217;Accoglienza Straordinaria.<\/span><\/p>\n<p><span style=\"font-family: comic sans ms, sans-serif; font-size: 14pt;\"><strong>Alessia Benenti<\/strong> \u00e8 una formatrice e un\u2019insegnante di italiano per stranieri con esperienza in diversi profili di apprendenti: giovani adulti, studenti e lavoratori stranieri, studenti Erasmus, cantanti lirici, studenti delle scuole medie, migranti e richiedenti protezione internazionale.<\/span><\/p>\n<p><span style=\"font-family: comic sans ms, sans-serif; font-size: 14pt;\">Laureata in Scienze della Comunicazione, ha conseguito la certificazione DITALS di secondo livello rilasciata dall\u2019Universit\u00e0 per stranieri di Siena e il master in &#8220;Promozione e insegnamento della lingua e della cultura italiana&#8221; (Promoitals) presso l\u2019Universit\u00e0 Statale di Milano.\u00a0Ha tenuto corsi di italiano per richiedenti asilo presso due Centri di Accoglienza Straordinaria a Milano, esperienza da cui \u00e8 nato il manuale <em>Al Centro<\/em> (Loescher &#8211; La Linea), di cui \u00e8 co-autrice, insieme a Valentina Mussi e Martina Mambelli.\u00a0Ha insegnato e insegna a studenti universitari presso il Politecnico di Milano e l\u2019Universit\u00e0 Bocconi. Ha esperienza come facilitatore linguistico nelle scuole secondarie di primo grado per alunni neo-arrivati e sempre nelle scuole medie ha tenuto corsi di formazione docenti.\u00a0Ha tenuto corsi di lingua professionalizzante per operatori sociosanitari stranieri.\u00a0Attualmente insegna italiano L2 presso l\u2019Accademia del Teatro alla Scala, tiene corsi aziendali e collabora con la Fondazione Franco Verga \u2013 associazione che si occupa di attivit\u00e0 di formazione, sostegno e orientamento per i migranti.<\/span><\/p>\n","protected":false},"excerpt":{"rendered":"<p><strong><span style=\"font-family: 'trebuchet ms', geneva, sans-serif; font-size: 18pt;\">Attivit\u00e0 ed esercizi dalla carta alla chat<\/span><\/strong><\/p>\n<p><span style=\"font-family: 'trebuchet ms', geneva, sans-serif; font-size: 14pt;\">di <strong>Alessia Benenti<\/strong> e <strong>Valentina Mussi<\/strong><\/span><\/p>\n<p>&nbsp;<\/p>\n<p><span style=\"font-family: 'trebuchet ms', geneva, sans-serif; font-size: 10pt;\">pp. 48\u00a0<\/span><br \/>\n<span style=\"font-family: 'trebuchet ms', geneva, sans-serif; font-size: 10pt;\">Confezione: brossura<\/span><br \/>\n<span style=\"font-family: 'trebuchet ms', geneva, sans-serif; font-size: 10pt;\">Pubblicazione: giugno 2021<\/span><br \/>\n<span style=\"font-family: 'trebuchet ms', geneva, sans-serif; font-size: 10pt;\">ISBN: 978-88-97462-79-8<\/span><\/p>\n<p>&nbsp;<\/p>\n","protected":false},"featured_media":3788,"comment_status":"open","ping_status":"closed","template":"","meta":[],"product_brand":[],"product_cat":[48],"product_tag":[],"class_list":{"0":"post-3777","1":"product","2":"type-product","3":"status-publish","4":"has-post-thumbnail","6":"product_cat-la-linea-edu","8":"first","9":"instock","10":"shipping-taxable","11":"purchasable","12":"product-type-simple"},"yoast_head":"<!-- This site is optimized with the Yoast SEO plugin v27.4 - https:\/\/yoast.com\/product\/yoast-seo-wordpress\/ -->\n<title>L&#039;Italiano Smart A2 &#8211; Edizioni La Linea<\/title>\n<meta name=\"robots\" content=\"index, follow, max-snippet:-1, max-image-preview:large, max-video-preview:-1\" \/>\n<link rel=\"canonical\" href=\"https:\/\/edizionilalinea.it\/nuovosito\/it_it\/prodotto\/litaliano-smart-a2\/\" \/>\n<meta property=\"og:locale\" content=\"it_IT\" \/>\n<meta property=\"og:type\" content=\"article\" \/>\n<meta property=\"og:title\" content=\"L&#039;Italiano Smart A2 &#8211; Edizioni La Linea\" \/>\n<meta property=\"og:description\" content=\"Attivit\u00e0 ed esercizi dalla carta alla chat  di Alessia Benenti e Valentina Mussi  &nbsp;  pp. 48\u00a0 Confezione: brossura Pubblicazione: giugno 2021 ISBN: 978-88-97462-79-8  &nbsp;\" \/>\n<meta property=\"og:url\" content=\"https:\/\/edizionilalinea.it\/nuovosito\/it_it\/prodotto\/litaliano-smart-a2\/\" \/>\n<meta property=\"og:site_name\" content=\"Edizioni La Linea\" \/>\n<meta property=\"article:publisher\" content=\"https:\/\/www.facebook.com\/edizionilalinea\" \/>\n<meta property=\"article:modified_time\" content=\"2024-01-22T15:58:46+00:00\" \/>\n<meta property=\"og:image\" content=\"https:\/\/edizionilalinea.it\/nuovosito\/wp-content\/uploads\/2021\/06\/Cover_Smart.A2-652x652-1.jpg\" \/>\n\t<meta property=\"og:image:width\" content=\"652\" \/>\n\t<meta property=\"og:image:height\" content=\"652\" \/>\n\t<meta property=\"og:image:type\" content=\"image\/jpeg\" \/>\n<meta name=\"twitter:card\" content=\"summary_large_image\" \/>\n<meta name=\"twitter:site\" content=\"@EdizioniLaLinea\" \/>\n<meta name=\"twitter:label1\" content=\"Tempo di lettura stimato\" \/>\n\t<meta name=\"twitter:data1\" content=\"3 minuti\" \/>\n<script type=\"application\/ld+json\" class=\"yoast-schema-graph\">{\"@context\":\"https:\\\/\\\/schema.org\",\"@graph\":[{\"@type\":\"WebPage\",\"@id\":\"https:\\\/\\\/edizionilalinea.it\\\/nuovosito\\\/prodotto\\\/litaliano-smart-a2\\\/\",\"url\":\"https:\\\/\\\/edizionilalinea.it\\\/nuovosito\\\/prodotto\\\/litaliano-smart-a2\\\/\",\"name\":\"L'Italiano Smart A2 &#8211; Edizioni La Linea\",\"isPartOf\":{\"@id\":\"https:\\\/\\\/edizionilalinea.it\\\/nuovosito\\\/#website\"},\"primaryImageOfPage\":{\"@id\":\"https:\\\/\\\/edizionilalinea.it\\\/nuovosito\\\/prodotto\\\/litaliano-smart-a2\\\/#primaryimage\"},\"image\":{\"@id\":\"https:\\\/\\\/edizionilalinea.it\\\/nuovosito\\\/prodotto\\\/litaliano-smart-a2\\\/#primaryimage\"},\"thumbnailUrl\":\"https:\\\/\\\/edizionilalinea.it\\\/nuovosito\\\/wp-content\\\/uploads\\\/2021\\\/06\\\/Cover_Smart.A2-652x652-1.jpg\",\"datePublished\":\"2021-07-12T09:59:06+00:00\",\"dateModified\":\"2024-01-22T15:58:46+00:00\",\"breadcrumb\":{\"@id\":\"https:\\\/\\\/edizionilalinea.it\\\/nuovosito\\\/prodotto\\\/litaliano-smart-a2\\\/#breadcrumb\"},\"inLanguage\":\"it-IT\",\"potentialAction\":[{\"@type\":\"ReadAction\",\"target\":[\"https:\\\/\\\/edizionilalinea.it\\\/nuovosito\\\/prodotto\\\/litaliano-smart-a2\\\/\"]}]},{\"@type\":\"ImageObject\",\"inLanguage\":\"it-IT\",\"@id\":\"https:\\\/\\\/edizionilalinea.it\\\/nuovosito\\\/prodotto\\\/litaliano-smart-a2\\\/#primaryimage\",\"url\":\"https:\\\/\\\/edizionilalinea.it\\\/nuovosito\\\/wp-content\\\/uploads\\\/2021\\\/06\\\/Cover_Smart.A2-652x652-1.jpg\",\"contentUrl\":\"https:\\\/\\\/edizionilalinea.it\\\/nuovosito\\\/wp-content\\\/uploads\\\/2021\\\/06\\\/Cover_Smart.A2-652x652-1.jpg\",\"width\":652,\"height\":652},{\"@type\":\"BreadcrumbList\",\"@id\":\"https:\\\/\\\/edizionilalinea.it\\\/nuovosito\\\/prodotto\\\/litaliano-smart-a2\\\/#breadcrumb\",\"itemListElement\":[{\"@type\":\"ListItem\",\"position\":1,\"name\":\"Home\",\"item\":\"https:\\\/\\\/edizionilalinea.it\\\/nuovosito\\\/\"},{\"@type\":\"ListItem\",\"position\":2,\"name\":\"Shop\",\"item\":\"https:\\\/\\\/edizionilalinea.it\\\/nuovosito\\\/negozio\\\/\"},{\"@type\":\"ListItem\",\"position\":3,\"name\":\"L&#8217;Italiano Smart A2\"}]},{\"@type\":\"WebSite\",\"@id\":\"https:\\\/\\\/edizionilalinea.it\\\/nuovosito\\\/#website\",\"url\":\"https:\\\/\\\/edizionilalinea.it\\\/nuovosito\\\/\",\"name\":\"Edizioni La Linea\",\"description\":\"\",\"publisher\":{\"@id\":\"https:\\\/\\\/edizionilalinea.it\\\/nuovosito\\\/#organization\"},\"potentialAction\":[{\"@type\":\"SearchAction\",\"target\":{\"@type\":\"EntryPoint\",\"urlTemplate\":\"https:\\\/\\\/edizionilalinea.it\\\/nuovosito\\\/?s={search_term_string}\"},\"query-input\":{\"@type\":\"PropertyValueSpecification\",\"valueRequired\":true,\"valueName\":\"search_term_string\"}}],\"inLanguage\":\"it-IT\"},{\"@type\":\"Organization\",\"@id\":\"https:\\\/\\\/edizionilalinea.it\\\/nuovosito\\\/#organization\",\"name\":\"Edizioni La Linea\",\"url\":\"https:\\\/\\\/edizionilalinea.it\\\/nuovosito\\\/\",\"logo\":{\"@type\":\"ImageObject\",\"inLanguage\":\"it-IT\",\"@id\":\"https:\\\/\\\/edizionilalinea.it\\\/nuovosito\\\/#\\\/schema\\\/logo\\\/image\\\/\",\"url\":\"https:\\\/\\\/edizionilalinea.it\\\/nuovosito\\\/wp-content\\\/uploads\\\/2018\\\/10\\\/La-Linea_loghino.jpg\",\"contentUrl\":\"https:\\\/\\\/edizionilalinea.it\\\/nuovosito\\\/wp-content\\\/uploads\\\/2018\\\/10\\\/La-Linea_loghino.jpg\",\"width\":214,\"height\":210,\"caption\":\"Edizioni La Linea\"},\"image\":{\"@id\":\"https:\\\/\\\/edizionilalinea.it\\\/nuovosito\\\/#\\\/schema\\\/logo\\\/image\\\/\"},\"sameAs\":[\"https:\\\/\\\/www.facebook.com\\\/edizionilalinea\",\"https:\\\/\\\/x.com\\\/EdizioniLaLinea\",\"https:\\\/\\\/www.youtube.com\\\/user\\\/EdizioniLaLinea\"]}]}<\/script>\n<!-- \/ Yoast SEO plugin. -->","yoast_head_json":{"title":"L'Italiano Smart A2 &#8211; Edizioni La Linea","robots":{"index":"index","follow":"follow","max-snippet":"max-snippet:-1","max-image-preview":"max-image-preview:large","max-video-preview":"max-video-preview:-1"},"canonical":"https:\/\/edizionilalinea.it\/nuovosito\/it_it\/prodotto\/litaliano-smart-a2\/","og_locale":"it_IT","og_type":"article","og_title":"L'Italiano Smart A2 &#8211; Edizioni La Linea","og_description":"Attivit\u00e0 ed esercizi dalla carta alla chat  di Alessia Benenti e Valentina Mussi  &nbsp;  pp. 48\u00a0 Confezione: brossura Pubblicazione: giugno 2021 ISBN: 978-88-97462-79-8  &nbsp;","og_url":"https:\/\/edizionilalinea.it\/nuovosito\/it_it\/prodotto\/litaliano-smart-a2\/","og_site_name":"Edizioni La Linea","article_publisher":"https:\/\/www.facebook.com\/edizionilalinea","article_modified_time":"2024-01-22T15:58:46+00:00","og_image":[{"width":652,"height":652,"url":"https:\/\/edizionilalinea.it\/nuovosito\/wp-content\/uploads\/2021\/06\/Cover_Smart.A2-652x652-1.jpg","type":"image\/jpeg"}],"twitter_card":"summary_large_image","twitter_site":"@EdizioniLaLinea","twitter_misc":{"Tempo di lettura stimato":"3 minuti"},"schema":{"@context":"https:\/\/schema.org","@graph":[{"@type":"WebPage","@id":"https:\/\/edizionilalinea.it\/nuovosito\/prodotto\/litaliano-smart-a2\/","url":"https:\/\/edizionilalinea.it\/nuovosito\/prodotto\/litaliano-smart-a2\/","name":"L'Italiano Smart A2 &#8211; Edizioni La Linea","isPartOf":{"@id":"https:\/\/edizionilalinea.it\/nuovosito\/#website"},"primaryImageOfPage":{"@id":"https:\/\/edizionilalinea.it\/nuovosito\/prodotto\/litaliano-smart-a2\/#primaryimage"},"image":{"@id":"https:\/\/edizionilalinea.it\/nuovosito\/prodotto\/litaliano-smart-a2\/#primaryimage"},"thumbnailUrl":"https:\/\/edizionilalinea.it\/nuovosito\/wp-content\/uploads\/2021\/06\/Cover_Smart.A2-652x652-1.jpg","datePublished":"2021-07-12T09:59:06+00:00","dateModified":"2024-01-22T15:58:46+00:00","breadcrumb":{"@id":"https:\/\/edizionilalinea.it\/nuovosito\/prodotto\/litaliano-smart-a2\/#breadcrumb"},"inLanguage":"it-IT","potentialAction":[{"@type":"ReadAction","target":["https:\/\/edizionilalinea.it\/nuovosito\/prodotto\/litaliano-smart-a2\/"]}]},{"@type":"ImageObject","inLanguage":"it-IT","@id":"https:\/\/edizionilalinea.it\/nuovosito\/prodotto\/litaliano-smart-a2\/#primaryimage","url":"https:\/\/edizionilalinea.it\/nuovosito\/wp-content\/uploads\/2021\/06\/Cover_Smart.A2-652x652-1.jpg","contentUrl":"https:\/\/edizionilalinea.it\/nuovosito\/wp-content\/uploads\/2021\/06\/Cover_Smart.A2-652x652-1.jpg","width":652,"height":652},{"@type":"BreadcrumbList","@id":"https:\/\/edizionilalinea.it\/nuovosito\/prodotto\/litaliano-smart-a2\/#breadcrumb","itemListElement":[{"@type":"ListItem","position":1,"name":"Home","item":"https:\/\/edizionilalinea.it\/nuovosito\/"},{"@type":"ListItem","position":2,"name":"Shop","item":"https:\/\/edizionilalinea.it\/nuovosito\/negozio\/"},{"@type":"ListItem","position":3,"name":"L&#8217;Italiano Smart A2"}]},{"@type":"WebSite","@id":"https:\/\/edizionilalinea.it\/nuovosito\/#website","url":"https:\/\/edizionilalinea.it\/nuovosito\/","name":"Edizioni La Linea","description":"","publisher":{"@id":"https:\/\/edizionilalinea.it\/nuovosito\/#organization"},"potentialAction":[{"@type":"SearchAction","target":{"@type":"EntryPoint","urlTemplate":"https:\/\/edizionilalinea.it\/nuovosito\/?s={search_term_string}"},"query-input":{"@type":"PropertyValueSpecification","valueRequired":true,"valueName":"search_term_string"}}],"inLanguage":"it-IT"},{"@type":"Organization","@id":"https:\/\/edizionilalinea.it\/nuovosito\/#organization","name":"Edizioni La Linea","url":"https:\/\/edizionilalinea.it\/nuovosito\/","logo":{"@type":"ImageObject","inLanguage":"it-IT","@id":"https:\/\/edizionilalinea.it\/nuovosito\/#\/schema\/logo\/image\/","url":"https:\/\/edizionilalinea.it\/nuovosito\/wp-content\/uploads\/2018\/10\/La-Linea_loghino.jpg","contentUrl":"https:\/\/edizionilalinea.it\/nuovosito\/wp-content\/uploads\/2018\/10\/La-Linea_loghino.jpg","width":214,"height":210,"caption":"Edizioni La Linea"},"image":{"@id":"https:\/\/edizionilalinea.it\/nuovosito\/#\/schema\/logo\/image\/"},"sameAs":["https:\/\/www.facebook.com\/edizionilalinea","https:\/\/x.com\/EdizioniLaLinea","https:\/\/www.youtube.com\/user\/EdizioniLaLinea"]}]}},"_links":{"self":[{"href":"https:\/\/edizionilalinea.it\/nuovosito\/it_it\/wp-json\/wp\/v2\/product\/3777","targetHints":{"allow":["GET"]}}],"collection":[{"href":"https:\/\/edizionilalinea.it\/nuovosito\/it_it\/wp-json\/wp\/v2\/product"}],"about":[{"href":"https:\/\/edizionilalinea.it\/nuovosito\/it_it\/wp-json\/wp\/v2\/types\/product"}],"replies":[{"embeddable":true,"href":"https:\/\/edizionilalinea.it\/nuovosito\/it_it\/wp-json\/wp\/v2\/comments?post=3777"}],"wp:featuredmedia":[{"embeddable":true,"href":"https:\/\/edizionilalinea.it\/nuovosito\/it_it\/wp-json\/wp\/v2\/media\/3788"}],"wp:attachment":[{"href":"https:\/\/edizionilalinea.it\/nuovosito\/it_it\/wp-json\/wp\/v2\/media?parent=3777"}],"wp:term":[{"taxonomy":"product_brand","embeddable":true,"href":"https:\/\/edizionilalinea.it\/nuovosito\/it_it\/wp-json\/wp\/v2\/product_brand?post=3777"},{"taxonomy":"product_cat","embeddable":true,"href":"https:\/\/edizionilalinea.it\/nuovosito\/it_it\/wp-json\/wp\/v2\/product_cat?post=3777"},{"taxonomy":"product_tag","embeddable":true,"href":"https:\/\/edizionilalinea.it\/nuovosito\/it_it\/wp-json\/wp\/v2\/product_tag?post=3777"}],"curies":[{"name":"wp","href":"https:\/\/api.w.org\/{rel}","templated":true}]}}