{"id":3793,"date":"2021-07-21T16:58:50","date_gmt":"2021-07-21T14:58:50","guid":{"rendered":"https:\/\/edizionilalinea.it\/nuovosito\/?post_type=product&#038;p=3793"},"modified":"2024-01-22T16:59:38","modified_gmt":"2024-01-22T15:59:38","slug":"la-vita-e-tutta-un-quiz","status":"publish","type":"product","link":"https:\/\/edizionilalinea.it\/nuovosito\/it_it\/prodotto\/la-vita-e-tutta-un-quiz\/","title":{"rendered":"La vita \u00e8 tutta un quiz"},"content":{"rendered":"<p><span style=\"font-family: comic sans ms, sans-serif; font-size: 14pt;\">\ud835\ude47\ud835\ude56 \ud835\ude6b\ud835\ude5e\ud835\ude69\ud835\ude56 \ud835\ude5a\u0300 \ud835\ude69\ud835\ude6a\ud835\ude69\ud835\ude69\ud835\ude56 \ud835\ude6a\ud835\ude63 \ud835\ude66\ud835\ude6a\ud835\ude5e\ud835\ude6f \u00e8 un testo sfizioso e accattivante per l&#8217;apprendimento dell&#8217;\ud835\udddc\ud835\udde7\ud835\uddd4\ud835\udddf\ud835\udddc\ud835\uddd4\ud835\udde1\ud835\udde2 \ud835\udddf\ud835\udfee\/\ud835\udddf\ud835\udde6, che attraversa il nostro Paese da Nord a Sud, proponendo un vero e proprio \ud835\ude03\ud835\uddf6\ud835\uddee\ud835\uddf4\ud835\uddf4\ud835\uddf6\ud835\uddfc \ud835\uddf1\ud835\uddf6\ud835\uddf1\ud835\uddee\ud835\ude01\ud835\ude01\ud835\uddf6\ud835\ude07\ud835\ude07\ud835\uddee\ud835\ude01\ud835\uddfc attraverso la formula del quiz, \ud835\uddfd\ud835\uddf2\ud835\uddff \ud835\uddf6 \ud835\uddf9\ud835\uddf6\ud835\ude03\ud835\uddf2\ud835\uddf9\ud835\uddf9\ud835\uddf6 \ud835\uddf1\ud835\uddee\ud835\uddf9\ud835\uddf9\u2019\ud835\uddd4\ud835\udfee \ud835\uddee\ud835\uddf9 \ud835\uddd6\ud835\udfee.<\/span><\/p>\n<p><span style=\"font-family: comic sans ms, sans-serif; font-size: 14pt;\">Il filo conduttore del volume \u00e8 rappresentato da <strong>dieci personaggi italiani<\/strong> (reali o di fantasia), impegnati in diversi ambiti creativi o lavorativi di rilievo. A ciascun di loro e <strong>alla sua regione<\/strong> \u00e8 dedicato <strong>un capitolo del libro: <\/strong>60 prove a quiz in grado di mettere alla prova chiunque sui tanti ambiti del \u201csapere italiano\u201d (lingua, ortografia, sport, pittura, cibi e vini, luoghi ecc.).<\/span><\/p>\n<p><span style=\"font-family: comic sans ms, sans-serif; font-size: 14pt;\">Come in un vero viaggio di piacere, non c\u2019\u00e8 un tragitto obbligato: si pu\u00f2 cominciare il libro da qualunque parte lo si voglia. \u00c8 sufficiente padroneggiare <strong>un livello di italiano base (A2)<\/strong> per poter affrontare i quiz, sfidare s\u00e9 stessi o i propri amici e imparare qualcosa di pi\u00f9 sulle meraviglie del Belpaese.<\/span><\/p>\n<p><span style=\"font-family: comic sans ms, sans-serif; font-size: 14pt;\">\u25b6\ufe0e L\u2019approccio<strong> ludico<\/strong> e <strong>coinvolgente <\/strong>del testo si sposa perfettamente con il sempre crescente interesse per l\u2019apprendimento della lingua italiana attraverso la scoperta della inesauribile <strong>cultura <\/strong>del nostro Paese e alle vicende che lo hanno coinvolto e lo continuano a investire.<\/span><\/p>\n<p><span style=\"font-family: comic sans ms, sans-serif; font-size: 14pt;\">\u25b6\ufe0e Ideale per attivit\u00e0 di riscaldamento (ma anche di riempimento e di raffreddamento), per presentare una regione italiana e le sue eccellenze, o ancora come pretesto per ripassare una struttura grammaticale.<\/span><\/p>\n<p><span style=\"font-family: comic sans ms, sans-serif; font-size: 14pt;\"><a href=\"https:\/\/edizionilalinea.it\/nuovosito\/wp-content\/uploads\/2021\/06\/Estratto_QUIZ.pdf\"><strong>CLICCA QUI E SFOGLIA ALCUNE PAGINE<\/strong><\/a><\/span><\/p>\n","protected":false},"excerpt":{"rendered":"<p><strong><span style=\"font-family: 'trebuchet ms', geneva, sans-serif; font-size: 18pt;\">600 quiz di lingua e cultura italiana dall&#8217;A2 al C2<\/span><\/strong><\/p>\n<p><span style=\"font-family: 'trebuchet ms', geneva, sans-serif; font-size: 14pt;\">di Federica Ferrieri e Laura Zambianchi<\/span><\/p>\n<p>&nbsp;<\/p>\n<p><span style=\"font-family: 'trebuchet ms', geneva, sans-serif; font-size: 10pt;\">pp. 160<\/span><br \/>\n<span style=\"font-family: 'trebuchet ms', geneva, sans-serif; font-size: 10pt;\">Confezione: brossura<\/span><br \/>\n<span style=\"font-family: 'trebuchet ms', geneva, sans-serif; font-size: 10pt;\">Pubblicazione: giugno 2021<\/span><br \/>\n<span style=\"font-family: 'trebuchet ms', geneva, sans-serif; font-size: 10pt;\">ISBN: 978-88-97462-77-4<\/span><\/p>\n<p>&nbsp;<\/p>\n","protected":false},"featured_media":3794,"comment_status":"open","ping_status":"closed","template":"","meta":[],"product_brand":[],"product_cat":[48],"product_tag":[],"class_list":{"0":"post-3793","1":"product","2":"type-product","3":"status-publish","4":"has-post-thumbnail","6":"product_cat-la-linea-edu","8":"first","9":"instock","10":"shipping-taxable","11":"purchasable","12":"product-type-simple"},"yoast_head":"<!-- This site is optimized with the Yoast SEO plugin v27.4 - https:\/\/yoast.com\/product\/yoast-seo-wordpress\/ -->\n<title>La vita \u00e8 tutta un quiz &#8211; Edizioni La Linea<\/title>\n<meta name=\"robots\" content=\"index, follow, max-snippet:-1, max-image-preview:large, max-video-preview:-1\" \/>\n<link rel=\"canonical\" href=\"https:\/\/edizionilalinea.it\/nuovosito\/it_it\/prodotto\/la-vita-e-tutta-un-quiz\/\" \/>\n<meta property=\"og:locale\" content=\"it_IT\" \/>\n<meta property=\"og:type\" content=\"article\" \/>\n<meta property=\"og:title\" content=\"La vita \u00e8 tutta un quiz &#8211; Edizioni La Linea\" \/>\n<meta property=\"og:description\" content=\"600 quiz di lingua e cultura italiana dall&#039;A2 al C2  di Federica Ferrieri e Laura Zambianchi  &nbsp;  pp. 160 Confezione: brossura Pubblicazione: giugno 2021 ISBN: 978-88-97462-77-4  &nbsp;\" \/>\n<meta property=\"og:url\" content=\"https:\/\/edizionilalinea.it\/nuovosito\/it_it\/prodotto\/la-vita-e-tutta-un-quiz\/\" \/>\n<meta property=\"og:site_name\" content=\"Edizioni La Linea\" \/>\n<meta property=\"article:publisher\" content=\"https:\/\/www.facebook.com\/edizionilalinea\" \/>\n<meta property=\"article:modified_time\" content=\"2024-01-22T15:59:38+00:00\" \/>\n<meta property=\"og:image\" content=\"https:\/\/edizionilalinea.it\/nuovosito\/wp-content\/uploads\/2021\/06\/Cover_Quiz-652x652-1.jpg\" \/>\n\t<meta property=\"og:image:width\" content=\"652\" \/>\n\t<meta property=\"og:image:height\" content=\"652\" \/>\n\t<meta property=\"og:image:type\" content=\"image\/jpeg\" \/>\n<meta name=\"twitter:card\" content=\"summary_large_image\" \/>\n<meta name=\"twitter:site\" content=\"@EdizioniLaLinea\" \/>\n<meta name=\"twitter:label1\" content=\"Tempo di lettura stimato\" \/>\n\t<meta name=\"twitter:data1\" content=\"2 minuti\" \/>\n<script type=\"application\/ld+json\" class=\"yoast-schema-graph\">{\"@context\":\"https:\\\/\\\/schema.org\",\"@graph\":[{\"@type\":\"WebPage\",\"@id\":\"https:\\\/\\\/edizionilalinea.it\\\/nuovosito\\\/prodotto\\\/la-vita-e-tutta-un-quiz\\\/\",\"url\":\"https:\\\/\\\/edizionilalinea.it\\\/nuovosito\\\/prodotto\\\/la-vita-e-tutta-un-quiz\\\/\",\"name\":\"La vita \u00e8 tutta un quiz &#8211; Edizioni La Linea\",\"isPartOf\":{\"@id\":\"https:\\\/\\\/edizionilalinea.it\\\/nuovosito\\\/#website\"},\"primaryImageOfPage\":{\"@id\":\"https:\\\/\\\/edizionilalinea.it\\\/nuovosito\\\/prodotto\\\/la-vita-e-tutta-un-quiz\\\/#primaryimage\"},\"image\":{\"@id\":\"https:\\\/\\\/edizionilalinea.it\\\/nuovosito\\\/prodotto\\\/la-vita-e-tutta-un-quiz\\\/#primaryimage\"},\"thumbnailUrl\":\"https:\\\/\\\/edizionilalinea.it\\\/nuovosito\\\/wp-content\\\/uploads\\\/2021\\\/06\\\/Cover_Quiz-652x652-1.jpg\",\"datePublished\":\"2021-07-21T14:58:50+00:00\",\"dateModified\":\"2024-01-22T15:59:38+00:00\",\"breadcrumb\":{\"@id\":\"https:\\\/\\\/edizionilalinea.it\\\/nuovosito\\\/prodotto\\\/la-vita-e-tutta-un-quiz\\\/#breadcrumb\"},\"inLanguage\":\"it-IT\",\"potentialAction\":[{\"@type\":\"ReadAction\",\"target\":[\"https:\\\/\\\/edizionilalinea.it\\\/nuovosito\\\/prodotto\\\/la-vita-e-tutta-un-quiz\\\/\"]}]},{\"@type\":\"ImageObject\",\"inLanguage\":\"it-IT\",\"@id\":\"https:\\\/\\\/edizionilalinea.it\\\/nuovosito\\\/prodotto\\\/la-vita-e-tutta-un-quiz\\\/#primaryimage\",\"url\":\"https:\\\/\\\/edizionilalinea.it\\\/nuovosito\\\/wp-content\\\/uploads\\\/2021\\\/06\\\/Cover_Quiz-652x652-1.jpg\",\"contentUrl\":\"https:\\\/\\\/edizionilalinea.it\\\/nuovosito\\\/wp-content\\\/uploads\\\/2021\\\/06\\\/Cover_Quiz-652x652-1.jpg\",\"width\":652,\"height\":652},{\"@type\":\"BreadcrumbList\",\"@id\":\"https:\\\/\\\/edizionilalinea.it\\\/nuovosito\\\/prodotto\\\/la-vita-e-tutta-un-quiz\\\/#breadcrumb\",\"itemListElement\":[{\"@type\":\"ListItem\",\"position\":1,\"name\":\"Home\",\"item\":\"https:\\\/\\\/edizionilalinea.it\\\/nuovosito\\\/\"},{\"@type\":\"ListItem\",\"position\":2,\"name\":\"Shop\",\"item\":\"https:\\\/\\\/edizionilalinea.it\\\/nuovosito\\\/negozio\\\/\"},{\"@type\":\"ListItem\",\"position\":3,\"name\":\"La vita \u00e8 tutta un quiz\"}]},{\"@type\":\"WebSite\",\"@id\":\"https:\\\/\\\/edizionilalinea.it\\\/nuovosito\\\/#website\",\"url\":\"https:\\\/\\\/edizionilalinea.it\\\/nuovosito\\\/\",\"name\":\"Edizioni La Linea\",\"description\":\"\",\"publisher\":{\"@id\":\"https:\\\/\\\/edizionilalinea.it\\\/nuovosito\\\/#organization\"},\"potentialAction\":[{\"@type\":\"SearchAction\",\"target\":{\"@type\":\"EntryPoint\",\"urlTemplate\":\"https:\\\/\\\/edizionilalinea.it\\\/nuovosito\\\/?s={search_term_string}\"},\"query-input\":{\"@type\":\"PropertyValueSpecification\",\"valueRequired\":true,\"valueName\":\"search_term_string\"}}],\"inLanguage\":\"it-IT\"},{\"@type\":\"Organization\",\"@id\":\"https:\\\/\\\/edizionilalinea.it\\\/nuovosito\\\/#organization\",\"name\":\"Edizioni La Linea\",\"url\":\"https:\\\/\\\/edizionilalinea.it\\\/nuovosito\\\/\",\"logo\":{\"@type\":\"ImageObject\",\"inLanguage\":\"it-IT\",\"@id\":\"https:\\\/\\\/edizionilalinea.it\\\/nuovosito\\\/#\\\/schema\\\/logo\\\/image\\\/\",\"url\":\"https:\\\/\\\/edizionilalinea.it\\\/nuovosito\\\/wp-content\\\/uploads\\\/2018\\\/10\\\/La-Linea_loghino.jpg\",\"contentUrl\":\"https:\\\/\\\/edizionilalinea.it\\\/nuovosito\\\/wp-content\\\/uploads\\\/2018\\\/10\\\/La-Linea_loghino.jpg\",\"width\":214,\"height\":210,\"caption\":\"Edizioni La Linea\"},\"image\":{\"@id\":\"https:\\\/\\\/edizionilalinea.it\\\/nuovosito\\\/#\\\/schema\\\/logo\\\/image\\\/\"},\"sameAs\":[\"https:\\\/\\\/www.facebook.com\\\/edizionilalinea\",\"https:\\\/\\\/x.com\\\/EdizioniLaLinea\",\"https:\\\/\\\/www.youtube.com\\\/user\\\/EdizioniLaLinea\"]}]}<\/script>\n<!-- \/ Yoast SEO plugin. -->","yoast_head_json":{"title":"La vita \u00e8 tutta un quiz &#8211; Edizioni La Linea","robots":{"index":"index","follow":"follow","max-snippet":"max-snippet:-1","max-image-preview":"max-image-preview:large","max-video-preview":"max-video-preview:-1"},"canonical":"https:\/\/edizionilalinea.it\/nuovosito\/it_it\/prodotto\/la-vita-e-tutta-un-quiz\/","og_locale":"it_IT","og_type":"article","og_title":"La vita \u00e8 tutta un quiz &#8211; Edizioni La Linea","og_description":"600 quiz di lingua e cultura italiana dall'A2 al C2  di Federica Ferrieri e Laura Zambianchi  &nbsp;  pp. 160 Confezione: brossura Pubblicazione: giugno 2021 ISBN: 978-88-97462-77-4  &nbsp;","og_url":"https:\/\/edizionilalinea.it\/nuovosito\/it_it\/prodotto\/la-vita-e-tutta-un-quiz\/","og_site_name":"Edizioni La Linea","article_publisher":"https:\/\/www.facebook.com\/edizionilalinea","article_modified_time":"2024-01-22T15:59:38+00:00","og_image":[{"width":652,"height":652,"url":"https:\/\/edizionilalinea.it\/nuovosito\/wp-content\/uploads\/2021\/06\/Cover_Quiz-652x652-1.jpg","type":"image\/jpeg"}],"twitter_card":"summary_large_image","twitter_site":"@EdizioniLaLinea","twitter_misc":{"Tempo di lettura stimato":"2 minuti"},"schema":{"@context":"https:\/\/schema.org","@graph":[{"@type":"WebPage","@id":"https:\/\/edizionilalinea.it\/nuovosito\/prodotto\/la-vita-e-tutta-un-quiz\/","url":"https:\/\/edizionilalinea.it\/nuovosito\/prodotto\/la-vita-e-tutta-un-quiz\/","name":"La vita \u00e8 tutta un quiz &#8211; Edizioni La Linea","isPartOf":{"@id":"https:\/\/edizionilalinea.it\/nuovosito\/#website"},"primaryImageOfPage":{"@id":"https:\/\/edizionilalinea.it\/nuovosito\/prodotto\/la-vita-e-tutta-un-quiz\/#primaryimage"},"image":{"@id":"https:\/\/edizionilalinea.it\/nuovosito\/prodotto\/la-vita-e-tutta-un-quiz\/#primaryimage"},"thumbnailUrl":"https:\/\/edizionilalinea.it\/nuovosito\/wp-content\/uploads\/2021\/06\/Cover_Quiz-652x652-1.jpg","datePublished":"2021-07-21T14:58:50+00:00","dateModified":"2024-01-22T15:59:38+00:00","breadcrumb":{"@id":"https:\/\/edizionilalinea.it\/nuovosito\/prodotto\/la-vita-e-tutta-un-quiz\/#breadcrumb"},"inLanguage":"it-IT","potentialAction":[{"@type":"ReadAction","target":["https:\/\/edizionilalinea.it\/nuovosito\/prodotto\/la-vita-e-tutta-un-quiz\/"]}]},{"@type":"ImageObject","inLanguage":"it-IT","@id":"https:\/\/edizionilalinea.it\/nuovosito\/prodotto\/la-vita-e-tutta-un-quiz\/#primaryimage","url":"https:\/\/edizionilalinea.it\/nuovosito\/wp-content\/uploads\/2021\/06\/Cover_Quiz-652x652-1.jpg","contentUrl":"https:\/\/edizionilalinea.it\/nuovosito\/wp-content\/uploads\/2021\/06\/Cover_Quiz-652x652-1.jpg","width":652,"height":652},{"@type":"BreadcrumbList","@id":"https:\/\/edizionilalinea.it\/nuovosito\/prodotto\/la-vita-e-tutta-un-quiz\/#breadcrumb","itemListElement":[{"@type":"ListItem","position":1,"name":"Home","item":"https:\/\/edizionilalinea.it\/nuovosito\/"},{"@type":"ListItem","position":2,"name":"Shop","item":"https:\/\/edizionilalinea.it\/nuovosito\/negozio\/"},{"@type":"ListItem","position":3,"name":"La vita \u00e8 tutta un quiz"}]},{"@type":"WebSite","@id":"https:\/\/edizionilalinea.it\/nuovosito\/#website","url":"https:\/\/edizionilalinea.it\/nuovosito\/","name":"Edizioni La Linea","description":"","publisher":{"@id":"https:\/\/edizionilalinea.it\/nuovosito\/#organization"},"potentialAction":[{"@type":"SearchAction","target":{"@type":"EntryPoint","urlTemplate":"https:\/\/edizionilalinea.it\/nuovosito\/?s={search_term_string}"},"query-input":{"@type":"PropertyValueSpecification","valueRequired":true,"valueName":"search_term_string"}}],"inLanguage":"it-IT"},{"@type":"Organization","@id":"https:\/\/edizionilalinea.it\/nuovosito\/#organization","name":"Edizioni La Linea","url":"https:\/\/edizionilalinea.it\/nuovosito\/","logo":{"@type":"ImageObject","inLanguage":"it-IT","@id":"https:\/\/edizionilalinea.it\/nuovosito\/#\/schema\/logo\/image\/","url":"https:\/\/edizionilalinea.it\/nuovosito\/wp-content\/uploads\/2018\/10\/La-Linea_loghino.jpg","contentUrl":"https:\/\/edizionilalinea.it\/nuovosito\/wp-content\/uploads\/2018\/10\/La-Linea_loghino.jpg","width":214,"height":210,"caption":"Edizioni La Linea"},"image":{"@id":"https:\/\/edizionilalinea.it\/nuovosito\/#\/schema\/logo\/image\/"},"sameAs":["https:\/\/www.facebook.com\/edizionilalinea","https:\/\/x.com\/EdizioniLaLinea","https:\/\/www.youtube.com\/user\/EdizioniLaLinea"]}]}},"_links":{"self":[{"href":"https:\/\/edizionilalinea.it\/nuovosito\/it_it\/wp-json\/wp\/v2\/product\/3793","targetHints":{"allow":["GET"]}}],"collection":[{"href":"https:\/\/edizionilalinea.it\/nuovosito\/it_it\/wp-json\/wp\/v2\/product"}],"about":[{"href":"https:\/\/edizionilalinea.it\/nuovosito\/it_it\/wp-json\/wp\/v2\/types\/product"}],"replies":[{"embeddable":true,"href":"https:\/\/edizionilalinea.it\/nuovosito\/it_it\/wp-json\/wp\/v2\/comments?post=3793"}],"wp:featuredmedia":[{"embeddable":true,"href":"https:\/\/edizionilalinea.it\/nuovosito\/it_it\/wp-json\/wp\/v2\/media\/3794"}],"wp:attachment":[{"href":"https:\/\/edizionilalinea.it\/nuovosito\/it_it\/wp-json\/wp\/v2\/media?parent=3793"}],"wp:term":[{"taxonomy":"product_brand","embeddable":true,"href":"https:\/\/edizionilalinea.it\/nuovosito\/it_it\/wp-json\/wp\/v2\/product_brand?post=3793"},{"taxonomy":"product_cat","embeddable":true,"href":"https:\/\/edizionilalinea.it\/nuovosito\/it_it\/wp-json\/wp\/v2\/product_cat?post=3793"},{"taxonomy":"product_tag","embeddable":true,"href":"https:\/\/edizionilalinea.it\/nuovosito\/it_it\/wp-json\/wp\/v2\/product_tag?post=3793"}],"curies":[{"name":"wp","href":"https:\/\/api.w.org\/{rel}","templated":true}]}}