{"id":479,"date":"2018-10-26T12:49:18","date_gmt":"2018-10-26T10:49:18","guid":{"rendered":"http:\/\/edizionilalinea.it\/nuovosito\/?post_type=product&#038;p=479"},"modified":"2021-08-25T14:37:23","modified_gmt":"2021-08-25T12:37:23","slug":"animali-domestici","status":"publish","type":"product","link":"https:\/\/edizionilalinea.it\/nuovosito\/it_it\/prodotto\/animali-domestici\/","title":{"rendered":"Animali domestici"},"content":{"rendered":"<p><span style=\"font-size: 12pt; font-family: 'trebuchet ms', geneva, sans-serif;\"><strong>Nella gelida Islanda, un uomo \u00e8 costretto dalle circostanze ad assumere una \u201cscomoda\u201d prospettiva sulla propria esistenza.<\/strong><\/span><\/p>\n<p><span style=\"font-size: 12pt; font-family: 'trebuchet ms', geneva, sans-serif;\">Dopo una vincita alla lotteria e un viaggio a Londra per spendere buona parte del denaro in musica, libri e film, Emil torna a Reykjav\u00edk, in Islanda, con un unico desiderio: ascoltare finalmente i suoi CD, rivedere gli amici e rilassarsi.<\/span><br \/>\n<span style=\"font-size: 12pt; font-family: 'trebuchet ms', geneva, sans-serif;\">\u00c8 risaputo, per\u00f2, che il destino ama farsi beffe dei modesti sogni di tranquilla e appartata quotidianit\u00e0 degli uomini, e con Emil si accanisce in modo particolare. Nelle poche ore spese fra il viaggio aereo e il rientro a casa, alcuni incontri fanno deragliare bruscamente il suo programma.<\/span><br \/>\n<span style=\"font-size: 12pt; font-family: 'trebuchet ms', geneva, sans-serif;\">Come in una commedia beckettiana, in breve tempo la casa si trasforma in teatro di una singolare festa. Il giovane islandese \u00e8 indotto, suo malgrado, a trasformarsi in invisibile ospite di una serie di bizzarri personaggi, tra cui uno squinternato linguista, un invadente ex compagno di viaggio e una bionda tutta pepe.<\/span><br \/>\n<span style=\"font-family: 'trebuchet ms', geneva, sans-serif; font-size: 12pt;\">Ognuno di loro si carica di un significato che Emil non \u00e8 in grado di far suo, ma che pure percepisce, e che sa provenire da un repertorio che tocca il suo passato personale, i suoi gusti letterari e musicali e i suoi timori profondi.\u00a0Da quest\u2019orda umana Emil \u00e8 messo all\u2019angolo e ricacciato nel posto pi\u00f9 impensabile. Per raccontare la sua inabilit\u00e0 alla vita gli resta solo la voce.<\/span><\/p>\n<p>&nbsp;<\/p>\n<p><span style=\"font-size: 12pt; font-family: 'trebuchet ms', geneva, sans-serif;\"><em>\u201cNon parla di rock, ma \u00e8 uno dei migliori romanzi mai scritti da un ex musicista rock\u201d.<\/em><\/span><br \/>\n<span style=\"font-size: 12pt; font-family: 'trebuchet ms', geneva, sans-serif;\">Los Angeles Times<\/span><\/p>\n<p>&nbsp;<\/p>\n<p><span style=\"font-size: 12pt; font-family: 'trebuchet ms', geneva, sans-serif;\"><a href=\"http:\/\/www.edizionilalinea.it\/preview\/AnimaliDomestici_primepagine.pdf\"><span style=\"text-decoration: underline; color: #000080;\"><strong>LEGGI LE PRIME PAGINE DEL LIBRO<\/strong><\/span><\/a><\/span><\/p>\n<p>&nbsp;<\/p>\n","protected":false},"excerpt":{"rendered":"<p><span style=\"font-family: 'trebuchet ms', geneva, sans-serif; font-size: 14pt;\">di <strong>Bragi\u00a0\u00d3lafsson<\/strong><\/span><\/p>\n<p>&nbsp;<\/p>\n<p><span style=\"font-family: 'trebuchet ms', geneva, sans-serif; font-size: 10pt;\">Traduzione di Silvia Cosimini<\/span><br \/>\n<span style=\"font-family: 'trebuchet ms', geneva, sans-serif; font-size: 10pt;\">Pag. 208 \u2013 Formato: 15 \u00d7 21<\/span><br \/>\n<span style=\"font-family: 'trebuchet ms', geneva, sans-serif; font-size: 10pt;\">Confezione: brossura<\/span><br \/>\n<span style=\"font-family: 'trebuchet ms', geneva, sans-serif; font-size: 10pt;\">Pubblicazione: giugno 2013<\/span><br \/>\n<span style=\"font-family: 'trebuchet ms', geneva, sans-serif; font-size: 10pt;\">ISBN: 978-88-97462-41-5<\/span><\/p>\n<p>&nbsp;<\/p>\n","protected":false},"featured_media":480,"comment_status":"open","ping_status":"closed","template":"","meta":[],"product_brand":[],"product_cat":[46],"product_tag":[],"class_list":{"0":"post-479","1":"product","2":"type-product","3":"status-publish","4":"has-post-thumbnail","6":"product_cat-tam-tam","8":"first","9":"instock","10":"shipping-taxable","11":"purchasable","12":"product-type-simple"},"yoast_head":"<!-- This site is optimized with the Yoast SEO plugin v27.4 - https:\/\/yoast.com\/product\/yoast-seo-wordpress\/ -->\n<title>Animali domestici - Bragi\u00a0\u00d3lafsson - Libro<\/title>\n<meta name=\"description\" content=\"Animali domestici \u00e8 un romanzo di Bragi\u00a0\u00d3lafsson pubblicato da Edizioni La Linea nella collana Tam Tam: acquistalo qui a 15.00\u20ac!\" \/>\n<meta name=\"robots\" content=\"index, follow, max-snippet:-1, max-image-preview:large, max-video-preview:-1\" \/>\n<link rel=\"canonical\" href=\"https:\/\/edizionilalinea.it\/nuovosito\/it_it\/prodotto\/animali-domestici\/\" \/>\n<meta property=\"og:locale\" content=\"it_IT\" \/>\n<meta property=\"og:type\" content=\"article\" \/>\n<meta property=\"og:title\" content=\"Animali domestici - Bragi\u00a0\u00d3lafsson - Libro\" \/>\n<meta property=\"og:description\" content=\"Animali domestici \u00e8 un romanzo di Bragi\u00a0\u00d3lafsson pubblicato da Edizioni La Linea nella collana Tam Tam: acquistalo qui a 15.00\u20ac!\" \/>\n<meta property=\"og:url\" content=\"https:\/\/edizionilalinea.it\/nuovosito\/it_it\/prodotto\/animali-domestici\/\" \/>\n<meta property=\"og:site_name\" content=\"Edizioni La Linea\" \/>\n<meta property=\"article:publisher\" content=\"https:\/\/www.facebook.com\/edizionilalinea\" \/>\n<meta property=\"article:modified_time\" content=\"2021-08-25T12:37:23+00:00\" \/>\n<meta property=\"og:image\" content=\"https:\/\/edizionilalinea.it\/nuovosito\/wp-content\/uploads\/2018\/10\/Animali-domestici_cover-sito.jpg\" \/>\n\t<meta property=\"og:image:width\" content=\"652\" \/>\n\t<meta property=\"og:image:height\" content=\"652\" \/>\n\t<meta property=\"og:image:type\" content=\"image\/jpeg\" \/>\n<meta name=\"twitter:card\" content=\"summary_large_image\" \/>\n<meta name=\"twitter:site\" content=\"@EdizioniLaLinea\" \/>\n<meta name=\"twitter:label1\" content=\"Tempo di lettura stimato\" \/>\n\t<meta name=\"twitter:data1\" content=\"1 minuto\" \/>\n<script type=\"application\/ld+json\" class=\"yoast-schema-graph\">{\"@context\":\"https:\\\/\\\/schema.org\",\"@graph\":[{\"@type\":\"WebPage\",\"@id\":\"https:\\\/\\\/edizionilalinea.it\\\/nuovosito\\\/it_it\\\/prodotto\\\/animali-domestici\\\/\",\"url\":\"https:\\\/\\\/edizionilalinea.it\\\/nuovosito\\\/it_it\\\/prodotto\\\/animali-domestici\\\/\",\"name\":\"Animali domestici - Bragi\u00a0\u00d3lafsson - Libro\",\"isPartOf\":{\"@id\":\"https:\\\/\\\/edizionilalinea.it\\\/nuovosito\\\/#website\"},\"primaryImageOfPage\":{\"@id\":\"https:\\\/\\\/edizionilalinea.it\\\/nuovosito\\\/it_it\\\/prodotto\\\/animali-domestici\\\/#primaryimage\"},\"image\":{\"@id\":\"https:\\\/\\\/edizionilalinea.it\\\/nuovosito\\\/it_it\\\/prodotto\\\/animali-domestici\\\/#primaryimage\"},\"thumbnailUrl\":\"https:\\\/\\\/edizionilalinea.it\\\/nuovosito\\\/wp-content\\\/uploads\\\/2018\\\/10\\\/Animali-domestici_cover-sito.jpg\",\"datePublished\":\"2018-10-26T10:49:18+00:00\",\"dateModified\":\"2021-08-25T12:37:23+00:00\",\"description\":\"Animali domestici \u00e8 un romanzo di Bragi\u00a0\u00d3lafsson pubblicato da Edizioni La Linea nella collana Tam Tam: acquistalo qui a 15.00\u20ac!\",\"breadcrumb\":{\"@id\":\"https:\\\/\\\/edizionilalinea.it\\\/nuovosito\\\/it_it\\\/prodotto\\\/animali-domestici\\\/#breadcrumb\"},\"inLanguage\":\"it-IT\",\"potentialAction\":[{\"@type\":\"ReadAction\",\"target\":[\"https:\\\/\\\/edizionilalinea.it\\\/nuovosito\\\/it_it\\\/prodotto\\\/animali-domestici\\\/\"]}]},{\"@type\":\"ImageObject\",\"inLanguage\":\"it-IT\",\"@id\":\"https:\\\/\\\/edizionilalinea.it\\\/nuovosito\\\/it_it\\\/prodotto\\\/animali-domestici\\\/#primaryimage\",\"url\":\"https:\\\/\\\/edizionilalinea.it\\\/nuovosito\\\/wp-content\\\/uploads\\\/2018\\\/10\\\/Animali-domestici_cover-sito.jpg\",\"contentUrl\":\"https:\\\/\\\/edizionilalinea.it\\\/nuovosito\\\/wp-content\\\/uploads\\\/2018\\\/10\\\/Animali-domestici_cover-sito.jpg\",\"width\":652,\"height\":652,\"caption\":\"Animali domestici - Bragi\u00a0\u00d3lafsson - Libro\"},{\"@type\":\"BreadcrumbList\",\"@id\":\"https:\\\/\\\/edizionilalinea.it\\\/nuovosito\\\/it_it\\\/prodotto\\\/animali-domestici\\\/#breadcrumb\",\"itemListElement\":[{\"@type\":\"ListItem\",\"position\":1,\"name\":\"Home\",\"item\":\"https:\\\/\\\/edizionilalinea.it\\\/nuovosito\\\/\"},{\"@type\":\"ListItem\",\"position\":2,\"name\":\"Shop\",\"item\":\"https:\\\/\\\/edizionilalinea.it\\\/nuovosito\\\/negozio\\\/\"},{\"@type\":\"ListItem\",\"position\":3,\"name\":\"Animali domestici\"}]},{\"@type\":\"WebSite\",\"@id\":\"https:\\\/\\\/edizionilalinea.it\\\/nuovosito\\\/#website\",\"url\":\"https:\\\/\\\/edizionilalinea.it\\\/nuovosito\\\/\",\"name\":\"Edizioni La Linea\",\"description\":\"\",\"publisher\":{\"@id\":\"https:\\\/\\\/edizionilalinea.it\\\/nuovosito\\\/#organization\"},\"potentialAction\":[{\"@type\":\"SearchAction\",\"target\":{\"@type\":\"EntryPoint\",\"urlTemplate\":\"https:\\\/\\\/edizionilalinea.it\\\/nuovosito\\\/?s={search_term_string}\"},\"query-input\":{\"@type\":\"PropertyValueSpecification\",\"valueRequired\":true,\"valueName\":\"search_term_string\"}}],\"inLanguage\":\"it-IT\"},{\"@type\":\"Organization\",\"@id\":\"https:\\\/\\\/edizionilalinea.it\\\/nuovosito\\\/#organization\",\"name\":\"Edizioni La Linea\",\"url\":\"https:\\\/\\\/edizionilalinea.it\\\/nuovosito\\\/\",\"logo\":{\"@type\":\"ImageObject\",\"inLanguage\":\"it-IT\",\"@id\":\"https:\\\/\\\/edizionilalinea.it\\\/nuovosito\\\/#\\\/schema\\\/logo\\\/image\\\/\",\"url\":\"https:\\\/\\\/edizionilalinea.it\\\/nuovosito\\\/wp-content\\\/uploads\\\/2018\\\/10\\\/La-Linea_loghino.jpg\",\"contentUrl\":\"https:\\\/\\\/edizionilalinea.it\\\/nuovosito\\\/wp-content\\\/uploads\\\/2018\\\/10\\\/La-Linea_loghino.jpg\",\"width\":214,\"height\":210,\"caption\":\"Edizioni La Linea\"},\"image\":{\"@id\":\"https:\\\/\\\/edizionilalinea.it\\\/nuovosito\\\/#\\\/schema\\\/logo\\\/image\\\/\"},\"sameAs\":[\"https:\\\/\\\/www.facebook.com\\\/edizionilalinea\",\"https:\\\/\\\/x.com\\\/EdizioniLaLinea\",\"https:\\\/\\\/www.youtube.com\\\/user\\\/EdizioniLaLinea\"]}]}<\/script>\n<!-- \/ Yoast SEO plugin. -->","yoast_head_json":{"title":"Animali domestici - Bragi\u00a0\u00d3lafsson - Libro","description":"Animali domestici \u00e8 un romanzo di Bragi\u00a0\u00d3lafsson pubblicato da Edizioni La Linea nella collana Tam Tam: acquistalo qui a 15.00\u20ac!","robots":{"index":"index","follow":"follow","max-snippet":"max-snippet:-1","max-image-preview":"max-image-preview:large","max-video-preview":"max-video-preview:-1"},"canonical":"https:\/\/edizionilalinea.it\/nuovosito\/it_it\/prodotto\/animali-domestici\/","og_locale":"it_IT","og_type":"article","og_title":"Animali domestici - Bragi\u00a0\u00d3lafsson - Libro","og_description":"Animali domestici \u00e8 un romanzo di Bragi\u00a0\u00d3lafsson pubblicato da Edizioni La Linea nella collana Tam Tam: acquistalo qui a 15.00\u20ac!","og_url":"https:\/\/edizionilalinea.it\/nuovosito\/it_it\/prodotto\/animali-domestici\/","og_site_name":"Edizioni La Linea","article_publisher":"https:\/\/www.facebook.com\/edizionilalinea","article_modified_time":"2021-08-25T12:37:23+00:00","og_image":[{"width":652,"height":652,"url":"https:\/\/edizionilalinea.it\/nuovosito\/wp-content\/uploads\/2018\/10\/Animali-domestici_cover-sito.jpg","type":"image\/jpeg"}],"twitter_card":"summary_large_image","twitter_site":"@EdizioniLaLinea","twitter_misc":{"Tempo di lettura stimato":"1 minuto"},"schema":{"@context":"https:\/\/schema.org","@graph":[{"@type":"WebPage","@id":"https:\/\/edizionilalinea.it\/nuovosito\/it_it\/prodotto\/animali-domestici\/","url":"https:\/\/edizionilalinea.it\/nuovosito\/it_it\/prodotto\/animali-domestici\/","name":"Animali domestici - Bragi\u00a0\u00d3lafsson - Libro","isPartOf":{"@id":"https:\/\/edizionilalinea.it\/nuovosito\/#website"},"primaryImageOfPage":{"@id":"https:\/\/edizionilalinea.it\/nuovosito\/it_it\/prodotto\/animali-domestici\/#primaryimage"},"image":{"@id":"https:\/\/edizionilalinea.it\/nuovosito\/it_it\/prodotto\/animali-domestici\/#primaryimage"},"thumbnailUrl":"https:\/\/edizionilalinea.it\/nuovosito\/wp-content\/uploads\/2018\/10\/Animali-domestici_cover-sito.jpg","datePublished":"2018-10-26T10:49:18+00:00","dateModified":"2021-08-25T12:37:23+00:00","description":"Animali domestici \u00e8 un romanzo di Bragi\u00a0\u00d3lafsson pubblicato da Edizioni La Linea nella collana Tam Tam: acquistalo qui a 15.00\u20ac!","breadcrumb":{"@id":"https:\/\/edizionilalinea.it\/nuovosito\/it_it\/prodotto\/animali-domestici\/#breadcrumb"},"inLanguage":"it-IT","potentialAction":[{"@type":"ReadAction","target":["https:\/\/edizionilalinea.it\/nuovosito\/it_it\/prodotto\/animali-domestici\/"]}]},{"@type":"ImageObject","inLanguage":"it-IT","@id":"https:\/\/edizionilalinea.it\/nuovosito\/it_it\/prodotto\/animali-domestici\/#primaryimage","url":"https:\/\/edizionilalinea.it\/nuovosito\/wp-content\/uploads\/2018\/10\/Animali-domestici_cover-sito.jpg","contentUrl":"https:\/\/edizionilalinea.it\/nuovosito\/wp-content\/uploads\/2018\/10\/Animali-domestici_cover-sito.jpg","width":652,"height":652,"caption":"Animali domestici - Bragi\u00a0\u00d3lafsson - Libro"},{"@type":"BreadcrumbList","@id":"https:\/\/edizionilalinea.it\/nuovosito\/it_it\/prodotto\/animali-domestici\/#breadcrumb","itemListElement":[{"@type":"ListItem","position":1,"name":"Home","item":"https:\/\/edizionilalinea.it\/nuovosito\/"},{"@type":"ListItem","position":2,"name":"Shop","item":"https:\/\/edizionilalinea.it\/nuovosito\/negozio\/"},{"@type":"ListItem","position":3,"name":"Animali domestici"}]},{"@type":"WebSite","@id":"https:\/\/edizionilalinea.it\/nuovosito\/#website","url":"https:\/\/edizionilalinea.it\/nuovosito\/","name":"Edizioni La Linea","description":"","publisher":{"@id":"https:\/\/edizionilalinea.it\/nuovosito\/#organization"},"potentialAction":[{"@type":"SearchAction","target":{"@type":"EntryPoint","urlTemplate":"https:\/\/edizionilalinea.it\/nuovosito\/?s={search_term_string}"},"query-input":{"@type":"PropertyValueSpecification","valueRequired":true,"valueName":"search_term_string"}}],"inLanguage":"it-IT"},{"@type":"Organization","@id":"https:\/\/edizionilalinea.it\/nuovosito\/#organization","name":"Edizioni La Linea","url":"https:\/\/edizionilalinea.it\/nuovosito\/","logo":{"@type":"ImageObject","inLanguage":"it-IT","@id":"https:\/\/edizionilalinea.it\/nuovosito\/#\/schema\/logo\/image\/","url":"https:\/\/edizionilalinea.it\/nuovosito\/wp-content\/uploads\/2018\/10\/La-Linea_loghino.jpg","contentUrl":"https:\/\/edizionilalinea.it\/nuovosito\/wp-content\/uploads\/2018\/10\/La-Linea_loghino.jpg","width":214,"height":210,"caption":"Edizioni La Linea"},"image":{"@id":"https:\/\/edizionilalinea.it\/nuovosito\/#\/schema\/logo\/image\/"},"sameAs":["https:\/\/www.facebook.com\/edizionilalinea","https:\/\/x.com\/EdizioniLaLinea","https:\/\/www.youtube.com\/user\/EdizioniLaLinea"]}]}},"_links":{"self":[{"href":"https:\/\/edizionilalinea.it\/nuovosito\/it_it\/wp-json\/wp\/v2\/product\/479","targetHints":{"allow":["GET"]}}],"collection":[{"href":"https:\/\/edizionilalinea.it\/nuovosito\/it_it\/wp-json\/wp\/v2\/product"}],"about":[{"href":"https:\/\/edizionilalinea.it\/nuovosito\/it_it\/wp-json\/wp\/v2\/types\/product"}],"replies":[{"embeddable":true,"href":"https:\/\/edizionilalinea.it\/nuovosito\/it_it\/wp-json\/wp\/v2\/comments?post=479"}],"wp:featuredmedia":[{"embeddable":true,"href":"https:\/\/edizionilalinea.it\/nuovosito\/it_it\/wp-json\/wp\/v2\/media\/480"}],"wp:attachment":[{"href":"https:\/\/edizionilalinea.it\/nuovosito\/it_it\/wp-json\/wp\/v2\/media?parent=479"}],"wp:term":[{"taxonomy":"product_brand","embeddable":true,"href":"https:\/\/edizionilalinea.it\/nuovosito\/it_it\/wp-json\/wp\/v2\/product_brand?post=479"},{"taxonomy":"product_cat","embeddable":true,"href":"https:\/\/edizionilalinea.it\/nuovosito\/it_it\/wp-json\/wp\/v2\/product_cat?post=479"},{"taxonomy":"product_tag","embeddable":true,"href":"https:\/\/edizionilalinea.it\/nuovosito\/it_it\/wp-json\/wp\/v2\/product_tag?post=479"}],"curies":[{"name":"wp","href":"https:\/\/api.w.org\/{rel}","templated":true}]}}