{"id":501,"date":"2018-10-26T15:03:24","date_gmt":"2018-10-26T13:03:24","guid":{"rendered":"http:\/\/edizionilalinea.it\/nuovosito\/?post_type=product&#038;p=501"},"modified":"2021-08-25T14:37:22","modified_gmt":"2021-08-25T12:37:22","slug":"donne-di-beirut","status":"publish","type":"product","link":"https:\/\/edizionilalinea.it\/nuovosito\/it_it\/prodotto\/donne-di-beirut\/","title":{"rendered":"Donne di Beirut"},"content":{"rendered":"<p style=\"text-align: justify;\"><span style=\"font-size: 12pt; font-family: 'trebuchet ms', geneva, sans-serif;\"><strong>Nel clima oppressivo di una guerra incessante, quattro donne sperimentano la difficile arte della sopravvivenza.<\/strong><\/span><\/p>\n<p style=\"text-align: justify;\"><span style=\"font-size: 12pt; font-family: 'trebuchet ms', geneva, sans-serif;\">Durante gli ultimi giorni della guerra civile che ha sconvolto il Libano tra il 1975 e il 1991, quattro donne condividono le loro esperienze di vita in un edificio di Beirut.<\/span><br \/>\n<span style=\"font-size: 12pt; font-family: 'trebuchet ms', geneva, sans-serif;\">Dall\u2019intreccio delle loro storie emerge la complessit\u00e0 di un conflitto che vede fronteggiarsi drusi, cristiani e musulmani, prima uniti da una storia comune e ora ferocemente nemici. Legami di amore e di amicizia, rapporti familiari e di buon vicinato vengono definitivamente spezzati quando la percezione dell\u2019altro \u00e8 deformata dalle barriere erette dalla guerra in Libano.<\/span><br \/>\n<span style=\"font-size: 12pt; font-family: 'trebuchet ms', geneva, sans-serif;\">Specchio dell\u2019assurdit\u00e0 del conflitto \u00e8 Beirut. La capitale \u00e8 divisa in due da posti di blocco e barricate che le protagoniste del romanzo si ostinano ad attraversare, con la volont\u00e0 di ribellarsi a ogni costo alla forza bruta, alla violenza che invade le strade, le case, le vite di ognuno.<\/span><br \/>\n<span style=\"font-size: 12pt; font-family: 'trebuchet ms', geneva, sans-serif;\">Con sguardo \u201cfemminile\u201d Iman Humaydan Younes riflette sulla responsabilit\u00e0 collettiva di un\u2019intera popolazione che ha lasciato che fosse l\u2019odio a prendere il sopravvento su ogni tentativo di mediazione.<\/span><\/p>\n<p>&nbsp;<\/p>\n<p style=\"text-align: justify;\"><span style=\"font-family: 'trebuchet ms', geneva, sans-serif; font-size: 12pt;\"><em>\u201cIl ritmo rapido, scattante e a volte telegrafico della prosa sembra riprodurre raffiche di proiettili e bombe, facendo rivivere la disperazione della guerra, ma anche l\u2019occasionale apparizione della bellezza\u201d.<\/em><\/span><br \/>\n<span style=\"font-size: 12pt; font-family: 'trebuchet ms', geneva, sans-serif;\">Multicultural Review<\/span><\/p>\n<p>&nbsp;<\/p>\n<p style=\"text-align: justify;\"><span style=\"font-family: 'trebuchet ms', geneva, sans-serif; font-size: 12pt;\"><a href=\"http:\/\/www.edizionilalinea.it\/preview\/Donne%20di%20Beirut_primepagine.pdf\"><span style=\"text-decoration: underline; color: #000080;\"><strong>LEGGI LE PRIME PAGINE DEL LIBRO<\/strong><\/span><\/a><\/span><\/p>\n<p>&nbsp;<\/p>\n","protected":false},"excerpt":{"rendered":"<p><span style=\"font-family: 'trebuchet ms', geneva, sans-serif; font-size: 14pt;\">di <strong>Iman Humaydan Younes<\/strong><\/span><\/p>\n<p>&nbsp;<\/p>\n<p><span style=\"font-family: 'trebuchet ms', geneva, sans-serif; font-size: 10pt;\">Traduzione di Monica Ruocco<\/span><br \/>\n<span style=\"font-family: 'trebuchet ms', geneva, sans-serif; font-size: 10pt;\">Pag. 196 \u2013 Formato: 15 \u00d7 21<\/span><br \/>\n<span style=\"font-family: 'trebuchet ms', geneva, sans-serif; font-size: 10pt;\">Confezione: brossura<\/span><br \/>\n<span style=\"font-family: 'trebuchet ms', geneva, sans-serif; font-size: 10pt;\">Pubblicazione: luglio 2011<\/span><br \/>\n<span style=\"font-family: 'trebuchet ms', geneva, sans-serif; font-size: 10pt;\">ISBN: 978-88-97462-00-2<\/span><\/p>\n<p>&nbsp;<\/p>\n","protected":false},"featured_media":502,"comment_status":"open","ping_status":"closed","template":"","meta":[],"product_brand":[],"product_cat":[46],"product_tag":[],"class_list":{"0":"post-501","1":"product","2":"type-product","3":"status-publish","4":"has-post-thumbnail","6":"product_cat-tam-tam","8":"first","9":"instock","10":"shipping-taxable","11":"purchasable","12":"product-type-simple"},"yoast_head":"<!-- This site is optimized with the Yoast SEO plugin v27.5 - https:\/\/yoast.com\/product\/yoast-seo-wordpress\/ -->\n<title>Donne di Beirut - Iman Humaydan Younes - Libro<\/title>\n<meta name=\"description\" content=\"Nel clima oppressivo di una guerra incessante, quattro donne sperimentano la difficile arte della sopravvivenza.Durante gli ultimi giorni della guerra civile che ha sconvolto il Libano tra il 1975 e il 1991, quattro donne condividono le loro esperienze di vita in un edificio di Beirut.Dall\u2019intreccio delle loro storie emerge la complessit\u00e0 di un conflitto che vede fronteggiarsi drusi, cristiani e musulmani, prima uniti da una storia comune e ora ferocemente nemici: legami di amore e di amicizia, rapporti familiari e di buon vicinato vengono definitivamente spezzati quando la percezione dell\u2019altro \u00e8 deformata dalle barriere erette dalla guerra in Libano.Specchio dell\u2019assurdit\u00e0 del conflitto \u00e8 Beirut, la capitale, divisa in due da posti di blocco e barricate che le protagoniste del romanzo si ostinano ad attraversare, con la volont\u00e0 di ribellarsi a ogni costo alla forza bruta, alla violenza che invade le strade, le case, le vite di ognuno.Con sguardo \u201cfemminile\u201d Iman Humaydan Younes riflette sulla responsabilit\u00e0 collettiva di un\u2019intera popolazione che ha lasciato che fosse l\u2019odio a prendere il sopravvento su ogni tentativo di mediazione.\" \/>\n<meta name=\"robots\" content=\"index, follow, max-snippet:-1, max-image-preview:large, max-video-preview:-1\" \/>\n<link rel=\"canonical\" href=\"https:\/\/edizionilalinea.it\/nuovosito\/it_it\/prodotto\/donne-di-beirut\/\" \/>\n<meta property=\"og:locale\" content=\"it_IT\" \/>\n<meta property=\"og:type\" content=\"article\" \/>\n<meta property=\"og:title\" content=\"Donne di Beirut - Iman Humaydan Younes - Libro\" \/>\n<meta property=\"og:description\" content=\"Nel clima oppressivo di una guerra incessante, quattro donne sperimentano la difficile arte della sopravvivenza.Durante gli ultimi giorni della guerra civile che ha sconvolto il Libano tra il 1975 e il 1991, quattro donne condividono le loro esperienze di vita in un edificio di Beirut.Dall\u2019intreccio delle loro storie emerge la complessit\u00e0 di un conflitto che vede fronteggiarsi drusi, cristiani e musulmani, prima uniti da una storia comune e ora ferocemente nemici: legami di amore e di amicizia, rapporti familiari e di buon vicinato vengono definitivamente spezzati quando la percezione dell\u2019altro \u00e8 deformata dalle barriere erette dalla guerra in Libano.Specchio dell\u2019assurdit\u00e0 del conflitto \u00e8 Beirut, la capitale, divisa in due da posti di blocco e barricate che le protagoniste del romanzo si ostinano ad attraversare, con la volont\u00e0 di ribellarsi a ogni costo alla forza bruta, alla violenza che invade le strade, le case, le vite di ognuno.Con sguardo \u201cfemminile\u201d Iman Humaydan Younes riflette sulla responsabilit\u00e0 collettiva di un\u2019intera popolazione che ha lasciato che fosse l\u2019odio a prendere il sopravvento su ogni tentativo di mediazione.\" \/>\n<meta property=\"og:url\" content=\"https:\/\/edizionilalinea.it\/nuovosito\/it_it\/prodotto\/donne-di-beirut\/\" \/>\n<meta property=\"og:site_name\" content=\"Edizioni La Linea\" \/>\n<meta property=\"article:publisher\" content=\"https:\/\/www.facebook.com\/edizionilalinea\" \/>\n<meta property=\"article:modified_time\" content=\"2021-08-25T12:37:22+00:00\" \/>\n<meta property=\"og:image\" content=\"https:\/\/edizionilalinea.it\/nuovosito\/wp-content\/uploads\/2018\/10\/Beirut_cover-sito.jpg\" \/>\n\t<meta property=\"og:image:width\" content=\"652\" \/>\n\t<meta property=\"og:image:height\" content=\"652\" \/>\n\t<meta property=\"og:image:type\" content=\"image\/jpeg\" \/>\n<meta name=\"twitter:card\" content=\"summary_large_image\" \/>\n<meta name=\"twitter:site\" content=\"@EdizioniLaLinea\" \/>\n<meta name=\"twitter:label1\" content=\"Tempo di lettura stimato\" \/>\n\t<meta name=\"twitter:data1\" content=\"1 minuto\" \/>\n<script type=\"application\/ld+json\" class=\"yoast-schema-graph\">{\"@context\":\"https:\\\/\\\/schema.org\",\"@graph\":[{\"@type\":\"WebPage\",\"@id\":\"https:\\\/\\\/edizionilalinea.it\\\/nuovosito\\\/it_it\\\/prodotto\\\/donne-di-beirut\\\/\",\"url\":\"https:\\\/\\\/edizionilalinea.it\\\/nuovosito\\\/it_it\\\/prodotto\\\/donne-di-beirut\\\/\",\"name\":\"Donne di Beirut - Iman Humaydan Younes - Libro\",\"isPartOf\":{\"@id\":\"https:\\\/\\\/edizionilalinea.it\\\/nuovosito\\\/#website\"},\"primaryImageOfPage\":{\"@id\":\"https:\\\/\\\/edizionilalinea.it\\\/nuovosito\\\/it_it\\\/prodotto\\\/donne-di-beirut\\\/#primaryimage\"},\"image\":{\"@id\":\"https:\\\/\\\/edizionilalinea.it\\\/nuovosito\\\/it_it\\\/prodotto\\\/donne-di-beirut\\\/#primaryimage\"},\"thumbnailUrl\":\"https:\\\/\\\/edizionilalinea.it\\\/nuovosito\\\/wp-content\\\/uploads\\\/2018\\\/10\\\/Beirut_cover-sito.jpg\",\"datePublished\":\"2018-10-26T13:03:24+00:00\",\"dateModified\":\"2021-08-25T12:37:22+00:00\",\"description\":\"Nel clima oppressivo di una guerra incessante, quattro donne sperimentano la difficile arte della sopravvivenza.Durante gli ultimi giorni della guerra civile che ha sconvolto il Libano tra il 1975 e il 1991, quattro donne condividono le loro esperienze di vita in un edificio di Beirut.Dall\u2019intreccio delle loro storie emerge la complessit\u00e0 di un conflitto che vede fronteggiarsi drusi, cristiani e musulmani, prima uniti da una storia comune e ora ferocemente nemici: legami di amore e di amicizia, rapporti familiari e di buon vicinato vengono definitivamente spezzati quando la percezione dell\u2019altro \u00e8 deformata dalle barriere erette dalla guerra in Libano.Specchio dell\u2019assurdit\u00e0 del conflitto \u00e8 Beirut, la capitale, divisa in due da posti di blocco e barricate che le protagoniste del romanzo si ostinano ad attraversare, con la volont\u00e0 di ribellarsi a ogni costo alla forza bruta, alla violenza che invade le strade, le case, le vite di ognuno.Con sguardo \u201cfemminile\u201d Iman Humaydan Younes riflette sulla responsabilit\u00e0 collettiva di un\u2019intera popolazione che ha lasciato che fosse l\u2019odio a prendere il sopravvento su ogni tentativo di mediazione.\",\"breadcrumb\":{\"@id\":\"https:\\\/\\\/edizionilalinea.it\\\/nuovosito\\\/it_it\\\/prodotto\\\/donne-di-beirut\\\/#breadcrumb\"},\"inLanguage\":\"it-IT\",\"potentialAction\":[{\"@type\":\"ReadAction\",\"target\":[\"https:\\\/\\\/edizionilalinea.it\\\/nuovosito\\\/it_it\\\/prodotto\\\/donne-di-beirut\\\/\"]}]},{\"@type\":\"ImageObject\",\"inLanguage\":\"it-IT\",\"@id\":\"https:\\\/\\\/edizionilalinea.it\\\/nuovosito\\\/it_it\\\/prodotto\\\/donne-di-beirut\\\/#primaryimage\",\"url\":\"https:\\\/\\\/edizionilalinea.it\\\/nuovosito\\\/wp-content\\\/uploads\\\/2018\\\/10\\\/Beirut_cover-sito.jpg\",\"contentUrl\":\"https:\\\/\\\/edizionilalinea.it\\\/nuovosito\\\/wp-content\\\/uploads\\\/2018\\\/10\\\/Beirut_cover-sito.jpg\",\"width\":652,\"height\":652,\"caption\":\"Donne di Beirut\"},{\"@type\":\"BreadcrumbList\",\"@id\":\"https:\\\/\\\/edizionilalinea.it\\\/nuovosito\\\/it_it\\\/prodotto\\\/donne-di-beirut\\\/#breadcrumb\",\"itemListElement\":[{\"@type\":\"ListItem\",\"position\":1,\"name\":\"Home\",\"item\":\"https:\\\/\\\/edizionilalinea.it\\\/nuovosito\\\/\"},{\"@type\":\"ListItem\",\"position\":2,\"name\":\"Shop\",\"item\":\"https:\\\/\\\/edizionilalinea.it\\\/nuovosito\\\/negozio\\\/\"},{\"@type\":\"ListItem\",\"position\":3,\"name\":\"Donne di Beirut\"}]},{\"@type\":\"WebSite\",\"@id\":\"https:\\\/\\\/edizionilalinea.it\\\/nuovosito\\\/#website\",\"url\":\"https:\\\/\\\/edizionilalinea.it\\\/nuovosito\\\/\",\"name\":\"Edizioni La Linea\",\"description\":\"\",\"publisher\":{\"@id\":\"https:\\\/\\\/edizionilalinea.it\\\/nuovosito\\\/#organization\"},\"potentialAction\":[{\"@type\":\"SearchAction\",\"target\":{\"@type\":\"EntryPoint\",\"urlTemplate\":\"https:\\\/\\\/edizionilalinea.it\\\/nuovosito\\\/?s={search_term_string}\"},\"query-input\":{\"@type\":\"PropertyValueSpecification\",\"valueRequired\":true,\"valueName\":\"search_term_string\"}}],\"inLanguage\":\"it-IT\"},{\"@type\":\"Organization\",\"@id\":\"https:\\\/\\\/edizionilalinea.it\\\/nuovosito\\\/#organization\",\"name\":\"Edizioni La Linea\",\"url\":\"https:\\\/\\\/edizionilalinea.it\\\/nuovosito\\\/\",\"logo\":{\"@type\":\"ImageObject\",\"inLanguage\":\"it-IT\",\"@id\":\"https:\\\/\\\/edizionilalinea.it\\\/nuovosito\\\/#\\\/schema\\\/logo\\\/image\\\/\",\"url\":\"https:\\\/\\\/edizionilalinea.it\\\/nuovosito\\\/wp-content\\\/uploads\\\/2018\\\/10\\\/La-Linea_loghino.jpg\",\"contentUrl\":\"https:\\\/\\\/edizionilalinea.it\\\/nuovosito\\\/wp-content\\\/uploads\\\/2018\\\/10\\\/La-Linea_loghino.jpg\",\"width\":214,\"height\":210,\"caption\":\"Edizioni La Linea\"},\"image\":{\"@id\":\"https:\\\/\\\/edizionilalinea.it\\\/nuovosito\\\/#\\\/schema\\\/logo\\\/image\\\/\"},\"sameAs\":[\"https:\\\/\\\/www.facebook.com\\\/edizionilalinea\",\"https:\\\/\\\/x.com\\\/EdizioniLaLinea\",\"https:\\\/\\\/www.youtube.com\\\/user\\\/EdizioniLaLinea\"]}]}<\/script>\n<!-- \/ Yoast SEO plugin. -->","yoast_head_json":{"title":"Donne di Beirut - Iman Humaydan Younes - Libro","description":"Nel clima oppressivo di una guerra incessante, quattro donne sperimentano la difficile arte della sopravvivenza.Durante gli ultimi giorni della guerra civile che ha sconvolto il Libano tra il 1975 e il 1991, quattro donne condividono le loro esperienze di vita in un edificio di Beirut.Dall\u2019intreccio delle loro storie emerge la complessit\u00e0 di un conflitto che vede fronteggiarsi drusi, cristiani e musulmani, prima uniti da una storia comune e ora ferocemente nemici: legami di amore e di amicizia, rapporti familiari e di buon vicinato vengono definitivamente spezzati quando la percezione dell\u2019altro \u00e8 deformata dalle barriere erette dalla guerra in Libano.Specchio dell\u2019assurdit\u00e0 del conflitto \u00e8 Beirut, la capitale, divisa in due da posti di blocco e barricate che le protagoniste del romanzo si ostinano ad attraversare, con la volont\u00e0 di ribellarsi a ogni costo alla forza bruta, alla violenza che invade le strade, le case, le vite di ognuno.Con sguardo \u201cfemminile\u201d Iman Humaydan Younes riflette sulla responsabilit\u00e0 collettiva di un\u2019intera popolazione che ha lasciato che fosse l\u2019odio a prendere il sopravvento su ogni tentativo di mediazione.","robots":{"index":"index","follow":"follow","max-snippet":"max-snippet:-1","max-image-preview":"max-image-preview:large","max-video-preview":"max-video-preview:-1"},"canonical":"https:\/\/edizionilalinea.it\/nuovosito\/it_it\/prodotto\/donne-di-beirut\/","og_locale":"it_IT","og_type":"article","og_title":"Donne di Beirut - Iman Humaydan Younes - Libro","og_description":"Nel clima oppressivo di una guerra incessante, quattro donne sperimentano la difficile arte della sopravvivenza.Durante gli ultimi giorni della guerra civile che ha sconvolto il Libano tra il 1975 e il 1991, quattro donne condividono le loro esperienze di vita in un edificio di Beirut.Dall\u2019intreccio delle loro storie emerge la complessit\u00e0 di un conflitto che vede fronteggiarsi drusi, cristiani e musulmani, prima uniti da una storia comune e ora ferocemente nemici: legami di amore e di amicizia, rapporti familiari e di buon vicinato vengono definitivamente spezzati quando la percezione dell\u2019altro \u00e8 deformata dalle barriere erette dalla guerra in Libano.Specchio dell\u2019assurdit\u00e0 del conflitto \u00e8 Beirut, la capitale, divisa in due da posti di blocco e barricate che le protagoniste del romanzo si ostinano ad attraversare, con la volont\u00e0 di ribellarsi a ogni costo alla forza bruta, alla violenza che invade le strade, le case, le vite di ognuno.Con sguardo \u201cfemminile\u201d Iman Humaydan Younes riflette sulla responsabilit\u00e0 collettiva di un\u2019intera popolazione che ha lasciato che fosse l\u2019odio a prendere il sopravvento su ogni tentativo di mediazione.","og_url":"https:\/\/edizionilalinea.it\/nuovosito\/it_it\/prodotto\/donne-di-beirut\/","og_site_name":"Edizioni La Linea","article_publisher":"https:\/\/www.facebook.com\/edizionilalinea","article_modified_time":"2021-08-25T12:37:22+00:00","og_image":[{"width":652,"height":652,"url":"https:\/\/edizionilalinea.it\/nuovosito\/wp-content\/uploads\/2018\/10\/Beirut_cover-sito.jpg","type":"image\/jpeg"}],"twitter_card":"summary_large_image","twitter_site":"@EdizioniLaLinea","twitter_misc":{"Tempo di lettura stimato":"1 minuto"},"schema":{"@context":"https:\/\/schema.org","@graph":[{"@type":"WebPage","@id":"https:\/\/edizionilalinea.it\/nuovosito\/it_it\/prodotto\/donne-di-beirut\/","url":"https:\/\/edizionilalinea.it\/nuovosito\/it_it\/prodotto\/donne-di-beirut\/","name":"Donne di Beirut - Iman Humaydan Younes - Libro","isPartOf":{"@id":"https:\/\/edizionilalinea.it\/nuovosito\/#website"},"primaryImageOfPage":{"@id":"https:\/\/edizionilalinea.it\/nuovosito\/it_it\/prodotto\/donne-di-beirut\/#primaryimage"},"image":{"@id":"https:\/\/edizionilalinea.it\/nuovosito\/it_it\/prodotto\/donne-di-beirut\/#primaryimage"},"thumbnailUrl":"https:\/\/edizionilalinea.it\/nuovosito\/wp-content\/uploads\/2018\/10\/Beirut_cover-sito.jpg","datePublished":"2018-10-26T13:03:24+00:00","dateModified":"2021-08-25T12:37:22+00:00","description":"Nel clima oppressivo di una guerra incessante, quattro donne sperimentano la difficile arte della sopravvivenza.Durante gli ultimi giorni della guerra civile che ha sconvolto il Libano tra il 1975 e il 1991, quattro donne condividono le loro esperienze di vita in un edificio di Beirut.Dall\u2019intreccio delle loro storie emerge la complessit\u00e0 di un conflitto che vede fronteggiarsi drusi, cristiani e musulmani, prima uniti da una storia comune e ora ferocemente nemici: legami di amore e di amicizia, rapporti familiari e di buon vicinato vengono definitivamente spezzati quando la percezione dell\u2019altro \u00e8 deformata dalle barriere erette dalla guerra in Libano.Specchio dell\u2019assurdit\u00e0 del conflitto \u00e8 Beirut, la capitale, divisa in due da posti di blocco e barricate che le protagoniste del romanzo si ostinano ad attraversare, con la volont\u00e0 di ribellarsi a ogni costo alla forza bruta, alla violenza che invade le strade, le case, le vite di ognuno.Con sguardo \u201cfemminile\u201d Iman Humaydan Younes riflette sulla responsabilit\u00e0 collettiva di un\u2019intera popolazione che ha lasciato che fosse l\u2019odio a prendere il sopravvento su ogni tentativo di mediazione.","breadcrumb":{"@id":"https:\/\/edizionilalinea.it\/nuovosito\/it_it\/prodotto\/donne-di-beirut\/#breadcrumb"},"inLanguage":"it-IT","potentialAction":[{"@type":"ReadAction","target":["https:\/\/edizionilalinea.it\/nuovosito\/it_it\/prodotto\/donne-di-beirut\/"]}]},{"@type":"ImageObject","inLanguage":"it-IT","@id":"https:\/\/edizionilalinea.it\/nuovosito\/it_it\/prodotto\/donne-di-beirut\/#primaryimage","url":"https:\/\/edizionilalinea.it\/nuovosito\/wp-content\/uploads\/2018\/10\/Beirut_cover-sito.jpg","contentUrl":"https:\/\/edizionilalinea.it\/nuovosito\/wp-content\/uploads\/2018\/10\/Beirut_cover-sito.jpg","width":652,"height":652,"caption":"Donne di Beirut"},{"@type":"BreadcrumbList","@id":"https:\/\/edizionilalinea.it\/nuovosito\/it_it\/prodotto\/donne-di-beirut\/#breadcrumb","itemListElement":[{"@type":"ListItem","position":1,"name":"Home","item":"https:\/\/edizionilalinea.it\/nuovosito\/"},{"@type":"ListItem","position":2,"name":"Shop","item":"https:\/\/edizionilalinea.it\/nuovosito\/negozio\/"},{"@type":"ListItem","position":3,"name":"Donne di Beirut"}]},{"@type":"WebSite","@id":"https:\/\/edizionilalinea.it\/nuovosito\/#website","url":"https:\/\/edizionilalinea.it\/nuovosito\/","name":"Edizioni La Linea","description":"","publisher":{"@id":"https:\/\/edizionilalinea.it\/nuovosito\/#organization"},"potentialAction":[{"@type":"SearchAction","target":{"@type":"EntryPoint","urlTemplate":"https:\/\/edizionilalinea.it\/nuovosito\/?s={search_term_string}"},"query-input":{"@type":"PropertyValueSpecification","valueRequired":true,"valueName":"search_term_string"}}],"inLanguage":"it-IT"},{"@type":"Organization","@id":"https:\/\/edizionilalinea.it\/nuovosito\/#organization","name":"Edizioni La Linea","url":"https:\/\/edizionilalinea.it\/nuovosito\/","logo":{"@type":"ImageObject","inLanguage":"it-IT","@id":"https:\/\/edizionilalinea.it\/nuovosito\/#\/schema\/logo\/image\/","url":"https:\/\/edizionilalinea.it\/nuovosito\/wp-content\/uploads\/2018\/10\/La-Linea_loghino.jpg","contentUrl":"https:\/\/edizionilalinea.it\/nuovosito\/wp-content\/uploads\/2018\/10\/La-Linea_loghino.jpg","width":214,"height":210,"caption":"Edizioni La Linea"},"image":{"@id":"https:\/\/edizionilalinea.it\/nuovosito\/#\/schema\/logo\/image\/"},"sameAs":["https:\/\/www.facebook.com\/edizionilalinea","https:\/\/x.com\/EdizioniLaLinea","https:\/\/www.youtube.com\/user\/EdizioniLaLinea"]}]}},"_links":{"self":[{"href":"https:\/\/edizionilalinea.it\/nuovosito\/it_it\/wp-json\/wp\/v2\/product\/501","targetHints":{"allow":["GET"]}}],"collection":[{"href":"https:\/\/edizionilalinea.it\/nuovosito\/it_it\/wp-json\/wp\/v2\/product"}],"about":[{"href":"https:\/\/edizionilalinea.it\/nuovosito\/it_it\/wp-json\/wp\/v2\/types\/product"}],"replies":[{"embeddable":true,"href":"https:\/\/edizionilalinea.it\/nuovosito\/it_it\/wp-json\/wp\/v2\/comments?post=501"}],"wp:featuredmedia":[{"embeddable":true,"href":"https:\/\/edizionilalinea.it\/nuovosito\/it_it\/wp-json\/wp\/v2\/media\/502"}],"wp:attachment":[{"href":"https:\/\/edizionilalinea.it\/nuovosito\/it_it\/wp-json\/wp\/v2\/media?parent=501"}],"wp:term":[{"taxonomy":"product_brand","embeddable":true,"href":"https:\/\/edizionilalinea.it\/nuovosito\/it_it\/wp-json\/wp\/v2\/product_brand?post=501"},{"taxonomy":"product_cat","embeddable":true,"href":"https:\/\/edizionilalinea.it\/nuovosito\/it_it\/wp-json\/wp\/v2\/product_cat?post=501"},{"taxonomy":"product_tag","embeddable":true,"href":"https:\/\/edizionilalinea.it\/nuovosito\/it_it\/wp-json\/wp\/v2\/product_tag?post=501"}],"curies":[{"name":"wp","href":"https:\/\/api.w.org\/{rel}","templated":true}]}}