{"id":7176,"date":"2022-05-04T15:52:51","date_gmt":"2022-05-04T13:52:51","guid":{"rendered":"https:\/\/edizionilalinea.it\/nuovosito\/?post_type=product&#038;p=7176"},"modified":"2024-01-22T16:57:40","modified_gmt":"2024-01-22T15:57:40","slug":"psicologia-del-totalitarismo","status":"publish","type":"product","link":"https:\/\/edizionilalinea.it\/nuovosito\/it_it\/prodotto\/psicologia-del-totalitarismo\/","title":{"rendered":"Psicologia del totalitarismo"},"content":{"rendered":"<p><strong><span style=\"font-family: comic sans ms, sans-serif; font-size: 14pt;\"><em>La nostra societ\u00e0 si stia avviando verso un nuovo totalitarismo?\u00a0<\/em><\/span><\/strong><\/p>\n<p><span style=\"font-family: comic sans ms, sans-serif; font-size: 14pt;\">Basta osservare ci\u00f2 che \u00e8 capitato negli ultimi anni per non prendere alla leggera tale domanda: la salute individuale diventa sempre pi\u00f9 una questione pubblica, il diritto alla privacy \u00e8 stato progressivamente eroso, gli episodi di censura sono in vertiginoso aumento.<\/span><\/p>\n<p><span style=\"font-family: comic sans ms, sans-serif; font-size: 14pt;\">La visione distopica del futuro evocata da Hannah Arendt, secondo cui un nuovo tipo di totalitarismo, guidato da ottusi burocrati e tecnocrati, sarebbe sorto dopo la caduta del nazismo e dello stalinismo, \u00e8 sorprendentemente attuale. Il totalitarismo non \u00e8, infatti, una coincidenza della Storia ma piuttosto la meccanica conseguenza del delirio di onnipotenza della mente umana, improvvido retaggio della tradizione illuministica. Per attuarsi, tuttavia, il totalitarismo ha necessit\u00e0 di conquistare la mente degli uomini, di &#8220;formare la massa&#8221;.<\/span><\/p>\n<p><span style=\"font-family: comic sans ms, sans-serif; font-size: 14pt;\">Desmet espone lucidamente questo processo attraverso un&#8217;acuta analisi dei fenomeni sociali contemporanei, dal movimento per il clima alla cultura della paura, che hanno raggiunto il loro acme durante la pandemia.<\/span><\/p>\n<p><span style=\"font-size: 14pt; font-family: comic sans ms, sans-serif;\"><strong>Vuoi saperne di pi\u00f9? <\/strong><\/span><\/p>\n<p><span style=\"font-family: comic sans ms, sans-serif; font-size: 14pt;\">Dai un&#8217;occhiata al <strong><a href=\"http:\/\/youtu.be\/QUggnP8X3PM\">Booktrailer<\/a><\/strong><\/span><\/p>\n<p><span style=\"font-family: comic sans ms, sans-serif; font-size: 14pt;\">\u25b6\ufe0e Desmet ci racconta il libro in <em><strong>PILLOLE SUL TOTALITARISMO<\/strong><\/em><\/span><\/p>\n<p><span style=\"font-family: comic sans ms, sans-serif; font-size: 14pt;\"><strong><a href=\"https:\/\/youtu.be\/LiB_PHllu4g\">Pillola #1<\/a><\/strong><\/span><\/p>\n<p><span style=\"font-family: comic sans ms, sans-serif; font-size: 14pt;\"><strong><a href=\"https:\/\/youtu.be\/MawjXrV0bys\">Pillola #2<\/a><\/strong><\/span><\/p>\n<p><span style=\"font-family: comic sans ms, sans-serif; font-size: 14pt;\"><strong><a href=\"https:\/\/youtu.be\/EBY8TJscWc8\">Pillola #3<\/a><\/strong><\/span><\/p>\n<p><span style=\"font-family: comic sans ms, sans-serif; font-size: 14pt;\"><strong><a href=\"https:\/\/youtu.be\/pw3fZZtD0gw\">Pillola #4<\/a><\/strong><\/span><\/p>\n<p><span style=\"font-family: comic sans ms, sans-serif; font-size: 14pt;\"><strong><a href=\"https:\/\/youtu.be\/OQtK9P02Uu4\">Pillola #5<\/a><\/strong><\/span><\/p>\n<p><span style=\"font-family: comic sans ms, sans-serif; font-size: 14pt;\"><a href=\"https:\/\/youtu.be\/t-T62OQm9i0\"><strong>Pillola #6<\/strong><\/a><\/span><\/p>\n<p><span style=\"font-family: comic sans ms, sans-serif; font-size: 14pt;\"><a href=\"https:\/\/youtu.be\/0tYRlc61c04\"><strong>Pillola #7<\/strong><\/a><\/span><\/p>\n<p><span style=\"font-family: comic sans ms, sans-serif; font-size: 14pt;\"><strong><a href=\"https:\/\/youtu.be\/8B_ge_tH0PM\">Pillola #8<\/a>\u00a0<\/strong><\/span><\/p>\n","protected":false},"excerpt":{"rendered":"<p><span style=\"font-family: 'trebuchet ms', geneva, sans-serif; font-size: 14pt;\">di <b>Mattias Desmet<\/b><\/span><\/p>\n<p><span style=\"font-family: 'trebuchet ms', geneva, sans-serif; font-size: 10pt;\">pp. 232<\/span><br \/>\n<span style=\"font-family: 'trebuchet ms', geneva, sans-serif; font-size: 10pt;\">Confezione: brossura<\/span><br \/>\n<span style=\"font-family: 'trebuchet ms', geneva, sans-serif; font-size: 10pt;\">Pubblicazione: giugno 2022\u00a0<\/span><br \/>\n<span style=\"font-family: 'trebuchet ms', geneva, sans-serif; font-size: 10pt;\">ISBN: 978-88-97462-93-4<\/span><\/p>\n","protected":false},"featured_media":7179,"comment_status":"open","ping_status":"closed","template":"","meta":[],"product_brand":[],"product_cat":[47],"product_tag":[],"class_list":{"0":"post-7176","1":"product","2":"type-product","3":"status-publish","4":"has-post-thumbnail","6":"product_cat-il-secondo-libro","8":"first","9":"instock","10":"shipping-taxable","11":"purchasable","12":"product-type-simple"},"yoast_head":"<!-- This site is optimized with the Yoast SEO plugin v27.4 - https:\/\/yoast.com\/product\/yoast-seo-wordpress\/ -->\n<title>Psicologia del totalitarismo &#8211; Edizioni La Linea<\/title>\n<meta name=\"description\" content=\"Per essere sempre aggiornato sui temi trattati dal prof. Desmet iscriviti al nostro canale telegram https:\/\/t.me\/pilloleditotalitarismo\" \/>\n<meta name=\"robots\" content=\"index, follow, max-snippet:-1, max-image-preview:large, max-video-preview:-1\" \/>\n<link rel=\"canonical\" href=\"https:\/\/edizionilalinea.it\/nuovosito\/it_it\/prodotto\/psicologia-del-totalitarismo\/\" \/>\n<meta property=\"og:locale\" content=\"it_IT\" \/>\n<meta property=\"og:type\" content=\"article\" \/>\n<meta property=\"og:title\" content=\"Psicologia del totalitarismo &#8211; Edizioni La Linea\" \/>\n<meta property=\"og:description\" content=\"Per essere sempre aggiornato sui temi trattati dal prof. Desmet iscriviti al nostro canale telegram https:\/\/t.me\/pilloleditotalitarismo\" \/>\n<meta property=\"og:url\" content=\"https:\/\/edizionilalinea.it\/nuovosito\/it_it\/prodotto\/psicologia-del-totalitarismo\/\" \/>\n<meta property=\"og:site_name\" content=\"Edizioni La Linea\" \/>\n<meta property=\"article:publisher\" content=\"https:\/\/www.facebook.com\/edizionilalinea\" \/>\n<meta property=\"article:modified_time\" content=\"2024-01-22T15:57:40+00:00\" \/>\n<meta property=\"og:image\" content=\"https:\/\/edizionilalinea.it\/nuovosito\/wp-content\/uploads\/2022\/04\/ombreggiatura_shop-Copia.jpg\" \/>\n\t<meta property=\"og:image:width\" content=\"652\" \/>\n\t<meta property=\"og:image:height\" content=\"652\" \/>\n\t<meta property=\"og:image:type\" content=\"image\/jpeg\" \/>\n<meta name=\"twitter:card\" content=\"summary_large_image\" \/>\n<meta name=\"twitter:site\" content=\"@EdizioniLaLinea\" \/>\n<meta name=\"twitter:label1\" content=\"Tempo di lettura stimato\" \/>\n\t<meta name=\"twitter:data1\" content=\"2 minuti\" \/>\n<script type=\"application\/ld+json\" class=\"yoast-schema-graph\">{\"@context\":\"https:\\\/\\\/schema.org\",\"@graph\":[{\"@type\":\"WebPage\",\"@id\":\"https:\\\/\\\/edizionilalinea.it\\\/nuovosito\\\/prodotto\\\/psicologia-del-totalitarismo\\\/\",\"url\":\"https:\\\/\\\/edizionilalinea.it\\\/nuovosito\\\/prodotto\\\/psicologia-del-totalitarismo\\\/\",\"name\":\"Psicologia del totalitarismo &#8211; Edizioni La Linea\",\"isPartOf\":{\"@id\":\"https:\\\/\\\/edizionilalinea.it\\\/nuovosito\\\/#website\"},\"primaryImageOfPage\":{\"@id\":\"https:\\\/\\\/edizionilalinea.it\\\/nuovosito\\\/prodotto\\\/psicologia-del-totalitarismo\\\/#primaryimage\"},\"image\":{\"@id\":\"https:\\\/\\\/edizionilalinea.it\\\/nuovosito\\\/prodotto\\\/psicologia-del-totalitarismo\\\/#primaryimage\"},\"thumbnailUrl\":\"https:\\\/\\\/edizionilalinea.it\\\/nuovosito\\\/wp-content\\\/uploads\\\/2022\\\/04\\\/ombreggiatura_shop-Copia.jpg\",\"datePublished\":\"2022-05-04T13:52:51+00:00\",\"dateModified\":\"2024-01-22T15:57:40+00:00\",\"description\":\"Per essere sempre aggiornato sui temi trattati dal prof. Desmet iscriviti al nostro canale telegram https:\\\/\\\/t.me\\\/pilloleditotalitarismo\",\"breadcrumb\":{\"@id\":\"https:\\\/\\\/edizionilalinea.it\\\/nuovosito\\\/prodotto\\\/psicologia-del-totalitarismo\\\/#breadcrumb\"},\"inLanguage\":\"it-IT\",\"potentialAction\":[{\"@type\":\"ReadAction\",\"target\":[\"https:\\\/\\\/edizionilalinea.it\\\/nuovosito\\\/prodotto\\\/psicologia-del-totalitarismo\\\/\"]}]},{\"@type\":\"ImageObject\",\"inLanguage\":\"it-IT\",\"@id\":\"https:\\\/\\\/edizionilalinea.it\\\/nuovosito\\\/prodotto\\\/psicologia-del-totalitarismo\\\/#primaryimage\",\"url\":\"https:\\\/\\\/edizionilalinea.it\\\/nuovosito\\\/wp-content\\\/uploads\\\/2022\\\/04\\\/ombreggiatura_shop-Copia.jpg\",\"contentUrl\":\"https:\\\/\\\/edizionilalinea.it\\\/nuovosito\\\/wp-content\\\/uploads\\\/2022\\\/04\\\/ombreggiatura_shop-Copia.jpg\",\"width\":652,\"height\":652},{\"@type\":\"BreadcrumbList\",\"@id\":\"https:\\\/\\\/edizionilalinea.it\\\/nuovosito\\\/prodotto\\\/psicologia-del-totalitarismo\\\/#breadcrumb\",\"itemListElement\":[{\"@type\":\"ListItem\",\"position\":1,\"name\":\"Home\",\"item\":\"https:\\\/\\\/edizionilalinea.it\\\/nuovosito\\\/\"},{\"@type\":\"ListItem\",\"position\":2,\"name\":\"Shop\",\"item\":\"https:\\\/\\\/edizionilalinea.it\\\/nuovosito\\\/negozio\\\/\"},{\"@type\":\"ListItem\",\"position\":3,\"name\":\"Psicologia del totalitarismo\"}]},{\"@type\":\"WebSite\",\"@id\":\"https:\\\/\\\/edizionilalinea.it\\\/nuovosito\\\/#website\",\"url\":\"https:\\\/\\\/edizionilalinea.it\\\/nuovosito\\\/\",\"name\":\"Edizioni La Linea\",\"description\":\"\",\"publisher\":{\"@id\":\"https:\\\/\\\/edizionilalinea.it\\\/nuovosito\\\/#organization\"},\"potentialAction\":[{\"@type\":\"SearchAction\",\"target\":{\"@type\":\"EntryPoint\",\"urlTemplate\":\"https:\\\/\\\/edizionilalinea.it\\\/nuovosito\\\/?s={search_term_string}\"},\"query-input\":{\"@type\":\"PropertyValueSpecification\",\"valueRequired\":true,\"valueName\":\"search_term_string\"}}],\"inLanguage\":\"it-IT\"},{\"@type\":\"Organization\",\"@id\":\"https:\\\/\\\/edizionilalinea.it\\\/nuovosito\\\/#organization\",\"name\":\"Edizioni La Linea\",\"url\":\"https:\\\/\\\/edizionilalinea.it\\\/nuovosito\\\/\",\"logo\":{\"@type\":\"ImageObject\",\"inLanguage\":\"it-IT\",\"@id\":\"https:\\\/\\\/edizionilalinea.it\\\/nuovosito\\\/#\\\/schema\\\/logo\\\/image\\\/\",\"url\":\"https:\\\/\\\/edizionilalinea.it\\\/nuovosito\\\/wp-content\\\/uploads\\\/2018\\\/10\\\/La-Linea_loghino.jpg\",\"contentUrl\":\"https:\\\/\\\/edizionilalinea.it\\\/nuovosito\\\/wp-content\\\/uploads\\\/2018\\\/10\\\/La-Linea_loghino.jpg\",\"width\":214,\"height\":210,\"caption\":\"Edizioni La Linea\"},\"image\":{\"@id\":\"https:\\\/\\\/edizionilalinea.it\\\/nuovosito\\\/#\\\/schema\\\/logo\\\/image\\\/\"},\"sameAs\":[\"https:\\\/\\\/www.facebook.com\\\/edizionilalinea\",\"https:\\\/\\\/x.com\\\/EdizioniLaLinea\",\"https:\\\/\\\/www.youtube.com\\\/user\\\/EdizioniLaLinea\"]}]}<\/script>\n<!-- \/ Yoast SEO plugin. -->","yoast_head_json":{"title":"Psicologia del totalitarismo &#8211; Edizioni La Linea","description":"Per essere sempre aggiornato sui temi trattati dal prof. Desmet iscriviti al nostro canale telegram https:\/\/t.me\/pilloleditotalitarismo","robots":{"index":"index","follow":"follow","max-snippet":"max-snippet:-1","max-image-preview":"max-image-preview:large","max-video-preview":"max-video-preview:-1"},"canonical":"https:\/\/edizionilalinea.it\/nuovosito\/it_it\/prodotto\/psicologia-del-totalitarismo\/","og_locale":"it_IT","og_type":"article","og_title":"Psicologia del totalitarismo &#8211; Edizioni La Linea","og_description":"Per essere sempre aggiornato sui temi trattati dal prof. Desmet iscriviti al nostro canale telegram https:\/\/t.me\/pilloleditotalitarismo","og_url":"https:\/\/edizionilalinea.it\/nuovosito\/it_it\/prodotto\/psicologia-del-totalitarismo\/","og_site_name":"Edizioni La Linea","article_publisher":"https:\/\/www.facebook.com\/edizionilalinea","article_modified_time":"2024-01-22T15:57:40+00:00","og_image":[{"width":652,"height":652,"url":"https:\/\/edizionilalinea.it\/nuovosito\/wp-content\/uploads\/2022\/04\/ombreggiatura_shop-Copia.jpg","type":"image\/jpeg"}],"twitter_card":"summary_large_image","twitter_site":"@EdizioniLaLinea","twitter_misc":{"Tempo di lettura stimato":"2 minuti"},"schema":{"@context":"https:\/\/schema.org","@graph":[{"@type":"WebPage","@id":"https:\/\/edizionilalinea.it\/nuovosito\/prodotto\/psicologia-del-totalitarismo\/","url":"https:\/\/edizionilalinea.it\/nuovosito\/prodotto\/psicologia-del-totalitarismo\/","name":"Psicologia del totalitarismo &#8211; Edizioni La Linea","isPartOf":{"@id":"https:\/\/edizionilalinea.it\/nuovosito\/#website"},"primaryImageOfPage":{"@id":"https:\/\/edizionilalinea.it\/nuovosito\/prodotto\/psicologia-del-totalitarismo\/#primaryimage"},"image":{"@id":"https:\/\/edizionilalinea.it\/nuovosito\/prodotto\/psicologia-del-totalitarismo\/#primaryimage"},"thumbnailUrl":"https:\/\/edizionilalinea.it\/nuovosito\/wp-content\/uploads\/2022\/04\/ombreggiatura_shop-Copia.jpg","datePublished":"2022-05-04T13:52:51+00:00","dateModified":"2024-01-22T15:57:40+00:00","description":"Per essere sempre aggiornato sui temi trattati dal prof. Desmet iscriviti al nostro canale telegram https:\/\/t.me\/pilloleditotalitarismo","breadcrumb":{"@id":"https:\/\/edizionilalinea.it\/nuovosito\/prodotto\/psicologia-del-totalitarismo\/#breadcrumb"},"inLanguage":"it-IT","potentialAction":[{"@type":"ReadAction","target":["https:\/\/edizionilalinea.it\/nuovosito\/prodotto\/psicologia-del-totalitarismo\/"]}]},{"@type":"ImageObject","inLanguage":"it-IT","@id":"https:\/\/edizionilalinea.it\/nuovosito\/prodotto\/psicologia-del-totalitarismo\/#primaryimage","url":"https:\/\/edizionilalinea.it\/nuovosito\/wp-content\/uploads\/2022\/04\/ombreggiatura_shop-Copia.jpg","contentUrl":"https:\/\/edizionilalinea.it\/nuovosito\/wp-content\/uploads\/2022\/04\/ombreggiatura_shop-Copia.jpg","width":652,"height":652},{"@type":"BreadcrumbList","@id":"https:\/\/edizionilalinea.it\/nuovosito\/prodotto\/psicologia-del-totalitarismo\/#breadcrumb","itemListElement":[{"@type":"ListItem","position":1,"name":"Home","item":"https:\/\/edizionilalinea.it\/nuovosito\/"},{"@type":"ListItem","position":2,"name":"Shop","item":"https:\/\/edizionilalinea.it\/nuovosito\/negozio\/"},{"@type":"ListItem","position":3,"name":"Psicologia del totalitarismo"}]},{"@type":"WebSite","@id":"https:\/\/edizionilalinea.it\/nuovosito\/#website","url":"https:\/\/edizionilalinea.it\/nuovosito\/","name":"Edizioni La Linea","description":"","publisher":{"@id":"https:\/\/edizionilalinea.it\/nuovosito\/#organization"},"potentialAction":[{"@type":"SearchAction","target":{"@type":"EntryPoint","urlTemplate":"https:\/\/edizionilalinea.it\/nuovosito\/?s={search_term_string}"},"query-input":{"@type":"PropertyValueSpecification","valueRequired":true,"valueName":"search_term_string"}}],"inLanguage":"it-IT"},{"@type":"Organization","@id":"https:\/\/edizionilalinea.it\/nuovosito\/#organization","name":"Edizioni La Linea","url":"https:\/\/edizionilalinea.it\/nuovosito\/","logo":{"@type":"ImageObject","inLanguage":"it-IT","@id":"https:\/\/edizionilalinea.it\/nuovosito\/#\/schema\/logo\/image\/","url":"https:\/\/edizionilalinea.it\/nuovosito\/wp-content\/uploads\/2018\/10\/La-Linea_loghino.jpg","contentUrl":"https:\/\/edizionilalinea.it\/nuovosito\/wp-content\/uploads\/2018\/10\/La-Linea_loghino.jpg","width":214,"height":210,"caption":"Edizioni La Linea"},"image":{"@id":"https:\/\/edizionilalinea.it\/nuovosito\/#\/schema\/logo\/image\/"},"sameAs":["https:\/\/www.facebook.com\/edizionilalinea","https:\/\/x.com\/EdizioniLaLinea","https:\/\/www.youtube.com\/user\/EdizioniLaLinea"]}]}},"_links":{"self":[{"href":"https:\/\/edizionilalinea.it\/nuovosito\/it_it\/wp-json\/wp\/v2\/product\/7176","targetHints":{"allow":["GET"]}}],"collection":[{"href":"https:\/\/edizionilalinea.it\/nuovosito\/it_it\/wp-json\/wp\/v2\/product"}],"about":[{"href":"https:\/\/edizionilalinea.it\/nuovosito\/it_it\/wp-json\/wp\/v2\/types\/product"}],"replies":[{"embeddable":true,"href":"https:\/\/edizionilalinea.it\/nuovosito\/it_it\/wp-json\/wp\/v2\/comments?post=7176"}],"wp:featuredmedia":[{"embeddable":true,"href":"https:\/\/edizionilalinea.it\/nuovosito\/it_it\/wp-json\/wp\/v2\/media\/7179"}],"wp:attachment":[{"href":"https:\/\/edizionilalinea.it\/nuovosito\/it_it\/wp-json\/wp\/v2\/media?parent=7176"}],"wp:term":[{"taxonomy":"product_brand","embeddable":true,"href":"https:\/\/edizionilalinea.it\/nuovosito\/it_it\/wp-json\/wp\/v2\/product_brand?post=7176"},{"taxonomy":"product_cat","embeddable":true,"href":"https:\/\/edizionilalinea.it\/nuovosito\/it_it\/wp-json\/wp\/v2\/product_cat?post=7176"},{"taxonomy":"product_tag","embeddable":true,"href":"https:\/\/edizionilalinea.it\/nuovosito\/it_it\/wp-json\/wp\/v2\/product_tag?post=7176"}],"curies":[{"name":"wp","href":"https:\/\/api.w.org\/{rel}","templated":true}]}}